{"id":1547,"date":"2023-11-27T09:50:59","date_gmt":"2023-11-27T15:50:59","guid":{"rendered":"https:\/\/agec.campeche.gob.mx\/?page_id=1547"},"modified":"2024-06-03T11:22:43","modified_gmt":"2024-06-03T17:22:43","slug":"legislacion-vigente","status":"publish","type":"page","link":"https:\/\/agec.campeche.gob.mx\/?page_id=1547","title":{"rendered":"Legislaci\u00f3n Vigente"},"content":{"rendered":"<p>[et_pb_section fb_built=&#8221;1&#8243; _builder_version=&#8221;4.22.1&#8243; _module_preset=&#8221;default&#8221; global_colors_info=&#8221;{}&#8221;][et_pb_row _builder_version=&#8221;4.22.1&#8243; _module_preset=&#8221;default&#8221; global_colors_info=&#8221;{}&#8221;][et_pb_column type=&#8221;4_4&#8243; _builder_version=&#8221;4.22.1&#8243; _module_preset=&#8221;default&#8221; global_colors_info=&#8221;{}&#8221;][et_pb_text _builder_version=&#8221;4.23.1&#8243; _module_preset=&#8221;default&#8221; header_font=&#8221;||||||||&#8221; header_text_align=&#8221;center&#8221; header_text_color=&#8221;#691C32&#8243; hover_enabled=&#8221;0&#8243; global_colors_info=&#8221;{}&#8221; sticky_enabled=&#8221;0&#8243;]<\/p>\n<h1 style=\"text-align: center;\">Legislaci\u00f3n Vigente<\/h1>\n<p>[\/et_pb_text][et_pb_text _builder_version=&#8221;4.23.1&#8243; _module_preset=&#8221;default&#8221; text_text_color=&#8221;#000000&#8243; text_font_size=&#8221;17px&#8221; background_color=&#8221;RGBA(255,255,255,0)&#8221; hover_enabled=&#8221;0&#8243; global_colors_info=&#8221;{}&#8221; sticky_enabled=&#8221;0&#8243;]&nbsp;<\/p>\n<table border=\"1\" style=\"height: 74px; width: 100%; border-collapse: collapse; border-style: solid; border-color: black;\">\n<tbody>\n<tr style=\"height: 24px;\">\n<td style=\"width: 50%; text-align: center; height: 24px; background-color: #691C32; color: white;\">Marco Normativo<\/td>\n<td style=\"width: 50%; text-align: center; height: 24px; background-color: #691C32; color: white;\">Fecha de Publicaci\u00f3n<\/td>\n<\/tr>\n<tr style=\"height: 10px;\">\n<td style=\"width: 50%; height: 10px; text-align: justify;\"><a href=\"https:\/\/agec.campeche.gob.mx\/wp-content\/uploads\/Ley-de-Archivos_POE-4500_1.pdf\" target=\"_blank\" rel=\"noopener\">Ley de Archivos del Estado de Campeche<\/a><\/td>\n<td style=\"width: 50%; height: 10px; text-align: center;\">06\/05\/2010<\/td>\n<\/tr>\n<tr style=\"height: 0px;\">\n<td style=\"width: 50%; height: 10px; text-align: justify;\"><a href=\"https:\/\/agec.campeche.gob.mx\/wp-content\/uploads\/REGLAMENTO_SEGOB_2018.pdf\" target=\"_blank\" rel=\"noopener\">Reglamento Interior de la Secretar\u00eda General de Gobierno de la Administraci\u00f3n P\u00fablica del Estado de Campeche<\/a><\/td>\n<td style=\"width: 50%; height: 10px; text-align: center;\">30\/11\/2017<\/td>\n<\/tr>\n<tr style=\"height: 0px;\">\n<td style=\"width: 50%; height: 10px; text-align: justify;\"><a href=\"https:\/\/agec.campeche.gob.mx\/wp-content\/uploads\/3_REGLAMENTO_INTERIOR_DEL_ARCHIVO_GENERAL_DEL_ESTADO_DE_CAMPECHE.pdf\" target=\"_blank\" rel=\"noopener\">Reglamento Interior del Archivo General del Estado de Campeche<\/a><\/td>\n<td style=\"width: 50%; height: 10px; text-align: center;\">26\/08\/2015<\/td>\n<\/tr>\n<tr style=\"height: 0px;\">\n<td style=\"width: 50%; height: 10px;\"><a href=\"https:\/\/agec.campeche.gob.mx\/wp-content\/uploads\/4_REGLAMENTO_INTERIOR_DEL_COMITE_TECNICO_DEL_SISTEMA_ESTATAL_DE_ARCHIVOS_DE_CAMPECHE.pdf\" target=\"_blank\" rel=\"noopener\">Reglamento Interior del Comit\u00e9 T\u00e9cnico del Sistema Estatal de Archivos de Campeche<\/a><\/td>\n<td style=\"width: 50%; height: 10px; text-align: center;\">08\/06\/2015<\/td>\n<\/tr>\n<tr style=\"height: 0px;\">\n<td style=\"width: 50%; height: 10px;\"><a href=\"https:\/\/agec.campeche.gob.mx\/wp-content\/uploads\/PO1459PS21062021_MOAGEC_2021_1.pdf\" target=\"_blank\" rel=\"noopener\">Manual de Organizaci\u00f3n del Archivo General del Estado de Campeche<\/a><\/td>\n<td style=\"width: 50%; height: 10px; text-align: center;\">21\/06\/2021<\/td>\n<\/tr>\n<\/tbody>\n<\/table>\n<p>&nbsp;[\/et_pb_text][\/et_pb_column][\/et_pb_row][\/et_pb_section]<\/p>\n","protected":false},"excerpt":{"rendered":"<p>Legislaci\u00f3n Vigente&nbsp; Marco Normativo Fecha de Publicaci\u00f3n Ley de Archivos del Estado de Campeche 06\/05\/2010 Reglamento Interior de la Secretar\u00eda General de Gobierno de la Administraci\u00f3n P\u00fablica del Estado de Campeche 30\/11\/2017 Reglamento Interior del Archivo General del Estado de Campeche 26\/08\/2015 Reglamento Interior del Comit\u00e9 T\u00e9cnico del Sistema Estatal de Archivos de Campeche 08\/06\/2015 [&hellip;]<\/p>\n","protected":false},"author":1,"featured_media":0,"parent":0,"menu_order":0,"comment_status":"closed","ping_status":"closed","template":"","meta":{"_acf_changed":false,"_et_pb_use_builder":"on","_et_pb_old_content":"","_et_gb_content_width":"","inline_featured_image":false,"footnotes":""},"class_list":["post-1547","page","type-page","status-publish","hentry"],"acf":[],"_links":{"self":[{"href":"https:\/\/agec.campeche.gob.mx\/index.php?rest_route=\/wp\/v2\/pages\/1547","targetHints":{"allow":["GET"]}}],"collection":[{"href":"https:\/\/agec.campeche.gob.mx\/index.php?rest_route=\/wp\/v2\/pages"}],"about":[{"href":"https:\/\/agec.campeche.gob.mx\/index.php?rest_route=\/wp\/v2\/types\/page"}],"author":[{"embeddable":true,"href":"https:\/\/agec.campeche.gob.mx\/index.php?rest_route=\/wp\/v2\/users\/1"}],"replies":[{"embeddable":true,"href":"https:\/\/agec.campeche.gob.mx\/index.php?rest_route=%2Fwp%2Fv2%2Fcomments&post=1547"}],"version-history":[{"count":5,"href":"https:\/\/agec.campeche.gob.mx\/index.php?rest_route=\/wp\/v2\/pages\/1547\/revisions"}],"predecessor-version":[{"id":2667,"href":"https:\/\/agec.campeche.gob.mx\/index.php?rest_route=\/wp\/v2\/pages\/1547\/revisions\/2667"}],"wp:attachment":[{"href":"https:\/\/agec.campeche.gob.mx\/index.php?rest_route=%2Fwp%2Fv2%2Fmedia&parent=1547"}],"curies":[{"name":"wp","href":"https:\/\/api.w.org\/{rel}","templated":true}]}}