{"id":1564,"date":"2023-11-27T11:19:54","date_gmt":"2023-11-27T17:19:54","guid":{"rendered":"https:\/\/agec.campeche.gob.mx\/?page_id=1564"},"modified":"2024-06-03T11:20:44","modified_gmt":"2024-06-03T17:20:44","slug":"acervos-documentales","status":"publish","type":"page","link":"https:\/\/agec.campeche.gob.mx\/?page_id=1564","title":{"rendered":"Acervos Documentales"},"content":{"rendered":"<p>[et_pb_section fb_built=&#8221;1&#8243; _builder_version=&#8221;4.22.1&#8243; _module_preset=&#8221;default&#8221; global_colors_info=&#8221;{}&#8221;][et_pb_row _builder_version=&#8221;4.22.1&#8243; _module_preset=&#8221;default&#8221; global_colors_info=&#8221;{}&#8221;][et_pb_column type=&#8221;4_4&#8243; _builder_version=&#8221;4.22.1&#8243; _module_preset=&#8221;default&#8221; global_colors_info=&#8221;{}&#8221;][et_pb_text _builder_version=&#8221;4.23.1&#8243; _module_preset=&#8221;default&#8221; header_font=&#8221;|700|||||||&#8221; header_text_align=&#8221;center&#8221; header_text_color=&#8221;#691C32&#8243; hover_enabled=&#8221;0&#8243; global_colors_info=&#8221;{}&#8221; sticky_enabled=&#8221;0&#8243;]<\/p>\n<h1>Acervos Documentales<\/h1>\n<p>[\/et_pb_text][et_pb_text _builder_version=&#8221;4.22.1&#8243; _module_preset=&#8221;default&#8221; text_text_color=&#8221;#000000&#8243; text_font_size=&#8221;17px&#8221; global_colors_info=&#8221;{}&#8221;]<\/p>\n<p style=\"text-align: justify;\"><span>El Archivo General del Estado de Campeche re\u00fane y custodia documentos textuales (manuscritos, mecanuscritos e impresos), iconogr\u00e1ficos (mapas, planos, ilustraciones y fotograf\u00edas) y digitales, producto de las funciones de gobierno\u00a0<\/span><span>desde 1736.<\/span><\/p>\n<p>[\/et_pb_text][et_pb_text _builder_version=&#8221;4.22.1&#8243; _module_preset=&#8221;default&#8221; text_text_color=&#8221;#000000&#8243; text_font_size=&#8221;17px&#8221; global_colors_info=&#8221;{}&#8221;]<\/p>\n<p style=\"text-align: justify;\"><span>Colecciones del Diario Oficial de la Federaci\u00f3n, Peri\u00f3dico Oficial del Estado de Campeche, peri\u00f3dicos y revistas de circulaci\u00f3n local y un acervo bibliogr\u00e1fico sobre historia local, regional y nacional.<\/span><\/p>\n<p>[\/et_pb_text][et_pb_text _builder_version=&#8221;4.23.1&#8243; _module_preset=&#8221;default&#8221; text_text_color=&#8221;#691C32&#8243; text_font_size=&#8221;17px&#8221; header_2_text_color=&#8221;#691C32&#8243; custom_margin=&#8221;||-22px|||&#8221; hover_enabled=&#8221;0&#8243; global_colors_info=&#8221;{}&#8221; sticky_enabled=&#8221;0&#8243;]<\/p>\n<h2><span><strong>Su acervo documental est\u00e1 organizado en los fondos:<\/strong><\/span><\/h2>\n<ul><\/ul>\n<p>[\/et_pb_text][et_pb_text _builder_version=&#8221;4.22.1&#8243; _module_preset=&#8221;default&#8221; text_text_color=&#8221;#000000&#8243; text_font_size=&#8221;17px&#8221; min_height=&#8221;442px&#8221; global_colors_info=&#8221;{}&#8221;]<\/p>\n<ul>\n<li><span>Gobierno<\/span><\/li>\n<li><span>Educaci\u00f3n<\/span><\/li>\n<li><span>Salud<\/span><\/li>\n<li><span>Fomento<\/span><\/li>\n<li><span>Obras P\u00fablicas<\/span><\/li>\n<li><span>Comunicaciones y Transportes<\/span><\/li>\n<li><span>Administraci\u00f3n y Finanzas<\/span><\/li>\n<li><span>Municipios<\/span><\/li>\n<li><span>Congreso del Estado<\/span><\/li>\n<li><span>Justicia<\/span><\/li>\n<li><span>Archivos Incorporados<\/span><\/li>\n<li><span>Reservado<\/span><\/li>\n<li><span>Hemerogr\u00e1fico<\/span><\/li>\n<li><span>Bibliogr\u00e1fico<\/span><\/li>\n<li><span>Fotogr\u00e1fico<\/span><\/li>\n<li><span>Mapoteca<\/span><\/li>\n<\/ul>\n<p>[\/et_pb_text][et_pb_text _builder_version=&#8221;4.23.1&#8243; _module_preset=&#8221;default&#8221; text_text_color=&#8221;#000000&#8243; text_font_size=&#8221;17px&#8221; header_2_text_color=&#8221;#691C32&#8243; custom_margin=&#8221;||-25px|||&#8221; hover_enabled=&#8221;0&#8243; global_colors_info=&#8221;{}&#8221; sticky_enabled=&#8221;0&#8243;]<\/p>\n<h2 style=\"text-align: justify;\"><strong><span>Entre las joyas documentales que resguarda el AGEC, y que el visitante puede admirar destacan:<\/span><\/strong><\/h2>\n<ul><\/ul>\n<ul><\/ul>\n<p>[\/et_pb_text][et_pb_text _builder_version=&#8221;4.22.1&#8243; _module_preset=&#8221;default&#8221; text_text_color=&#8221;#000000&#8243; text_font_size=&#8221;17px&#8221; global_colors_info=&#8221;{}&#8221;]<\/p>\n<ul>\n<li><span>El T\u00edtulo y Escudo de Armas de la Ciudad de San Francisco de Campeche.<\/span><\/li>\n<li><span>Impreso de la \u00e9poca del Acta de la Independencia de M\u00e9xico.<\/span><\/li>\n<li><span>El Himno Campechano.<\/span><\/li>\n<li><span>El Gran \u00c1lbum del Centenario de la Independencia Nacional.<\/span><\/li>\n<li><span>Postales del Campeche Antiguo.<\/span><\/li>\n<\/ul>\n<p>[\/et_pb_text][\/et_pb_column][\/et_pb_row][\/et_pb_section]<\/p>\n","protected":false},"excerpt":{"rendered":"<p>Acervos DocumentalesEl Archivo General del Estado de Campeche re\u00fane y custodia documentos textuales (manuscritos, mecanuscritos e impresos), iconogr\u00e1ficos (mapas, planos, ilustraciones y fotograf\u00edas) y digitales, producto de las funciones de gobierno\u00a0desde 1736.Colecciones del Diario Oficial de la Federaci\u00f3n, Peri\u00f3dico Oficial del Estado de Campeche, peri\u00f3dicos y revistas de circulaci\u00f3n local y un acervo bibliogr\u00e1fico sobre [&hellip;]<\/p>\n","protected":false},"author":1,"featured_media":0,"parent":0,"menu_order":0,"comment_status":"closed","ping_status":"closed","template":"","meta":{"_acf_changed":false,"_et_pb_use_builder":"on","_et_pb_old_content":"","_et_gb_content_width":"","inline_featured_image":false,"footnotes":""},"class_list":["post-1564","page","type-page","status-publish","hentry"],"acf":[],"_links":{"self":[{"href":"https:\/\/agec.campeche.gob.mx\/index.php?rest_route=\/wp\/v2\/pages\/1564","targetHints":{"allow":["GET"]}}],"collection":[{"href":"https:\/\/agec.campeche.gob.mx\/index.php?rest_route=\/wp\/v2\/pages"}],"about":[{"href":"https:\/\/agec.campeche.gob.mx\/index.php?rest_route=\/wp\/v2\/types\/page"}],"author":[{"embeddable":true,"href":"https:\/\/agec.campeche.gob.mx\/index.php?rest_route=\/wp\/v2\/users\/1"}],"replies":[{"embeddable":true,"href":"https:\/\/agec.campeche.gob.mx\/index.php?rest_route=%2Fwp%2Fv2%2Fcomments&post=1564"}],"version-history":[{"count":4,"href":"https:\/\/agec.campeche.gob.mx\/index.php?rest_route=\/wp\/v2\/pages\/1564\/revisions"}],"predecessor-version":[{"id":2664,"href":"https:\/\/agec.campeche.gob.mx\/index.php?rest_route=\/wp\/v2\/pages\/1564\/revisions\/2664"}],"wp:attachment":[{"href":"https:\/\/agec.campeche.gob.mx\/index.php?rest_route=%2Fwp%2Fv2%2Fmedia&parent=1564"}],"curies":[{"name":"wp","href":"https:\/\/api.w.org\/{rel}","templated":true}]}}