{"id":1576,"date":"2023-11-27T13:43:11","date_gmt":"2023-11-27T19:43:11","guid":{"rendered":"https:\/\/agec.campeche.gob.mx\/?page_id=1576"},"modified":"2024-06-03T11:31:06","modified_gmt":"2024-06-03T17:31:06","slug":"marco-normativo","status":"publish","type":"page","link":"https:\/\/agec.campeche.gob.mx\/?page_id=1576","title":{"rendered":"Marco Normativo"},"content":{"rendered":"<p>[et_pb_section fb_built=&#8221;1&#8243; _builder_version=&#8221;4.22.1&#8243; _module_preset=&#8221;default&#8221; global_colors_info=&#8221;{}&#8221;][et_pb_row _builder_version=&#8221;4.22.1&#8243; _module_preset=&#8221;default&#8221; global_colors_info=&#8221;{}&#8221;][et_pb_column type=&#8221;4_4&#8243; _builder_version=&#8221;4.22.1&#8243; _module_preset=&#8221;default&#8221; global_colors_info=&#8221;{}&#8221;][et_pb_text _builder_version=&#8221;4.23.1&#8243; _module_preset=&#8221;default&#8221; header_font=&#8221;|700|||||||&#8221; header_text_align=&#8221;center&#8221; header_text_color=&#8221;#691C32&#8243; hover_enabled=&#8221;0&#8243; global_colors_info=&#8221;{}&#8221; sticky_enabled=&#8221;0&#8243;]<\/p>\n<h1><em>Marco Normativo<\/em><\/h1>\n<p>[\/et_pb_text][et_pb_text _builder_version=&#8221;4.23.1&#8243; _module_preset=&#8221;default&#8221; text_text_color=&#8221;#000000&#8243; text_font_size=&#8221;17px&#8221; hover_enabled=&#8221;0&#8243; global_colors_info=&#8221;{}&#8221; sticky_enabled=&#8221;0&#8243;]<\/p>\n<p style=\"text-align: justify;\"><a href=\"https:\/\/agec.campeche.gob.mx\/wp-content\/uploads\/Acuerdo_Codigo_de_Etica.pdf\" target=\"_self\" class=\"jcepopup noicon\" data-mediabox=\"1\" rel=\"noopener\"><span>Acuerdo que tiene por objeto emitir el\u00a0 C\u00f3digo de \u00c9tica de los Servidores P\u00fablicos de las Dependencias y Entidades de la Administraci\u00f3n P\u00fablica del Estado de Campeche, las Reglas de Integridad para el Ejercicio de la Funci\u00f3n P\u00fablica y los\u00a0Lineamientos Generales para propiciar la integridad de los Servidores P\u00fablicos y para implementar acciones permanentes que favorezcan su comportamiento \u00e9tico, a trav\u00e9s de los Comit\u00e9s de \u00c9tica y de Prevenci\u00f3n de Conflictos de Inter\u00e9s.(Derogado).<\/span><\/a><\/p>\n<p>[\/et_pb_text][et_pb_text _builder_version=&#8221;4.23.1&#8243; _module_preset=&#8221;default&#8221; text_text_color=&#8221;#000000&#8243; text_font_size=&#8221;17px&#8221; global_colors_info=&#8221;{}&#8221;]<\/p>\n<p style=\"text-align: justify;\"><a href=\"https:\/\/agec.campeche.gob.mx\/wp-content\/uploads\/2.-Codigo_de_Etica.pdf\" target=\"_blank\" class=\"jcepopup noicon\" rel=\"noopener noreferrer\"><span>C\u00f3digo de \u00c9tica de los Servidores P\u00fablicos de las Dependencias y Entidades de la Administraci\u00f3n P\u00fablica del Estado de Campeche.\u00a0(Derogado).<\/span><\/a><\/p>\n<p>[\/et_pb_text][et_pb_text _builder_version=&#8221;4.23.1&#8243; _module_preset=&#8221;default&#8221; text_text_color=&#8221;#000000&#8243; text_font_size=&#8221;17px&#8221; global_colors_info=&#8221;{}&#8221;]<\/p>\n<p style=\"text-align: justify;\"><a href=\"https:\/\/agec.campeche.gob.mx\/wp-content\/uploads\/3.-Reglas_de_Integridad.pdf\" target=\"_blank\" class=\"jcepopup noicon\" rel=\"noopener noreferrer\"><span>Reglas de Integridad para el Ejercicio de la Funci\u00f3n P\u00fablica en el Estado de Campeche.(Derogado).<\/span><\/a><\/p>\n<p>[\/et_pb_text][et_pb_text _builder_version=&#8221;4.23.1&#8243; _module_preset=&#8221;default&#8221; text_text_color=&#8221;#000000&#8243; text_font_size=&#8221;17px&#8221; global_colors_info=&#8221;{}&#8221;]<\/p>\n<p style=\"text-align: justify;\"><a href=\"https:\/\/agec.campeche.gob.mx\/wp-content\/uploads\/4.-Lineamientos_Generales.pdf\" target=\"_blank\" class=\"jcepopup noicon\" rel=\"noopener noreferrer\"><span>Lineamientos Generales para propiciar la integridad de los Servidores P\u00fablicos y para implementar acciones permanentes que favorezcan su comportamiento \u00e9tico, a trav\u00e9s de los Comit\u00e9s de \u00c9tica y de Prevenci\u00f3n de Conflictos de Inter\u00e9s.\u00a0(Vigente).<\/span><\/a><\/p>\n<p>[\/et_pb_text][et_pb_text _builder_version=&#8221;4.23.1&#8243; _module_preset=&#8221;default&#8221; text_text_color=&#8221;#000000&#8243; text_font_size=&#8221;17px&#8221; global_colors_info=&#8221;{}&#8221;]<\/p>\n<p style=\"text-align: justify;\"><a href=\"https:\/\/agec.campeche.gob.mx\/wp-content\/uploads\/5.-Codigo-de-Conducta-SGG-POE.pdf\" target=\"_blank\" class=\"jcepopup noicon\" rel=\"noopener noreferrer\"><span>Codigo de Conducta de la SGG.\u00a0(Vigente).<\/span><\/a><\/p>\n<p>[\/et_pb_text][et_pb_text _builder_version=&#8221;4.23.1&#8243; _module_preset=&#8221;default&#8221; text_text_color=&#8221;#000000&#8243; text_font_size=&#8221;17px&#8221; global_colors_info=&#8221;{}&#8221;]<\/p>\n<p style=\"text-align: justify;\"><a href=\"https:\/\/agec.campeche.gob.mx\/wp-content\/uploads\/6.-Protocolo-Delacion-SGG-POE.pdf\" target=\"_blank\" class=\"jcepopup noicon\" rel=\"noopener noreferrer\"><span>Protocolo que establece el Procedimento de Delaci\u00f3n de la SGG.\u00a0(Vigente).<\/span><\/a><\/p>\n<p>[\/et_pb_text][et_pb_text _builder_version=&#8221;4.23.1&#8243; _module_preset=&#8221;default&#8221; text_text_color=&#8221;#000000&#8243; text_font_size=&#8221;17px&#8221; global_colors_info=&#8221;{}&#8221;]<\/p>\n<p style=\"text-align: justify;\"><a href=\"https:\/\/agec.campeche.gob.mx\/wp-content\/uploads\/7.-Guia-Evaluacion-Anual-CEPCI-_1_.pdf\" target=\"_blank\" class=\"jcepopup noicon\" rel=\"noopener noreferrer\"><span>Gu\u00eda para la Evaluaci\u00f3n de Cumplimiento y Desempe\u00f1o de los Comit\u00e9s de \u00c9tica y Prevenci\u00f3n de Conflicto de Inter\u00e9s de las Dependencias y Organismos del Poder Ejecutivo del Estado de Campeche.\u00a0(Vigente)<\/span><span>.<\/span><\/a><a href=\"http:\/\/agec.campeche.gob.mx\/images\/MARCO%20NORMATIVO\/Guia%20Evaluacion%20Anual%20CEPCI%20_1_.pdf\" target=\"_self\" class=\"jcepopup noicon\" data-mediabox=\"1\" rel=\"noopener\"><span><br \/>\n<\/span><\/a><\/p>\n<p>[\/et_pb_text][et_pb_text _builder_version=&#8221;4.23.1&#8243; _module_preset=&#8221;default&#8221; text_text_color=&#8221;#000000&#8243; text_font_size=&#8221;17px&#8221; global_colors_info=&#8221;{}&#8221;]<\/p>\n<p style=\"text-align: justify;\"><a href=\"https:\/\/agec.campeche.gob.mx\/wp-content\/uploads\/8.-DIRECTRICES_CEPCI.pdf\" target=\"_self\" class=\"jcepopup noicon\" data-mediabox=\"1\" rel=\"noopener\"><span><\/span><\/a><a href=\"https:\/\/agec.campeche.gob.mx\/wp-content\/uploads\/8.-DIRECTRICES_CEPCI.pdf\" target=\"_blank\" class=\"jcepopup noicon\" rel=\"noopener noreferrer\">ACUERDO por el que se emite las Directrices para la Prevenci\u00f3n de Conflicto de Inter\u00e9s del Poder Ejecutivo de la Administraci\u00f3n P\u00fablica del Estado de Campeche.(Vigente).<\/a><\/p>\n<p>[\/et_pb_text][et_pb_text _builder_version=&#8221;4.23.1&#8243; _module_preset=&#8221;default&#8221; text_text_color=&#8221;#000000&#8243; text_font_size=&#8221;17px&#8221; global_colors_info=&#8221;{}&#8221;]<a href=\"https:\/\/agec.campeche.gob.mx\/wp-content\/uploads\/9.-Codigo_de_Etica_reformado_Enero_2019.pdf\" target=\"_blank\" class=\"jcepopup noicon\" rel=\"noopener noreferrer\"><span>ACUERDO que tiene por objeto emitir el C\u00f3digo de \u00c9tica de los servidores p\u00fablicos de las Dependencias y Entidades de la Administraci\u00f3n P\u00fablica del Estado de Campeche. (Vigente).<\/span><\/a>[\/et_pb_text][et_pb_text _builder_version=&#8221;4.23.1&#8243; _module_preset=&#8221;default&#8221; text_text_color=&#8221;#000000&#8243; text_font_size=&#8221;17px&#8221; global_colors_info=&#8221;{}&#8221;]<a href=\"https:\/\/agec.campeche.gob.mx\/wp-content\/uploads\/10.-LGRA_120419.pdf\" target=\"_blank\" class=\"jcepopup noicon\" rel=\"noopener noreferrer\"><span>Ley General de Responsabilidades Administrativas.\u00a0(Vigente).<\/span><\/a>[\/et_pb_text][et_pb_text _builder_version=&#8221;4.23.1&#8243; _module_preset=&#8221;default&#8221; text_text_color=&#8221;#000000&#8243; text_font_size=&#8221;17px&#8221; global_colors_info=&#8221;{}&#8221;]<\/p>\n<p style=\"text-align: justify;\"><a href=\"https:\/\/agec.campeche.gob.mx\/wp-content\/uploads\/11.-DOF_-_Lineamientos_RT_16_LGRA.pdf\" target=\"_blank\" class=\"jcepopup noicon\" rel=\"noopener noreferrer\"><span>ACUERDO por el que se dan a conocer los Lineamientos para la emisi\u00f3n del C\u00f3digo de \u00c9tica a que se refiere el art\u00edculo 16 de la Ley General de Responsabilidades Administrativas.\u00a0(Vigente).<\/span><\/a><\/p>\n<p>[\/et_pb_text][\/et_pb_column][\/et_pb_row][\/et_pb_section]<\/p>\n","protected":false},"excerpt":{"rendered":"<p>Marco NormativoAcuerdo que tiene por objeto emitir el\u00a0 C\u00f3digo de \u00c9tica de los Servidores P\u00fablicos de las Dependencias y Entidades de la Administraci\u00f3n P\u00fablica del Estado de Campeche, las Reglas de Integridad para el Ejercicio de la Funci\u00f3n P\u00fablica y los\u00a0Lineamientos Generales para propiciar la integridad de los Servidores P\u00fablicos y para implementar acciones permanentes [&hellip;]<\/p>\n","protected":false},"author":1,"featured_media":0,"parent":0,"menu_order":0,"comment_status":"closed","ping_status":"closed","template":"","meta":{"_acf_changed":false,"_et_pb_use_builder":"on","_et_pb_old_content":"","_et_gb_content_width":"","inline_featured_image":false,"footnotes":""},"class_list":["post-1576","page","type-page","status-publish","hentry"],"acf":[],"_links":{"self":[{"href":"https:\/\/agec.campeche.gob.mx\/index.php?rest_route=\/wp\/v2\/pages\/1576","targetHints":{"allow":["GET"]}}],"collection":[{"href":"https:\/\/agec.campeche.gob.mx\/index.php?rest_route=\/wp\/v2\/pages"}],"about":[{"href":"https:\/\/agec.campeche.gob.mx\/index.php?rest_route=\/wp\/v2\/types\/page"}],"author":[{"embeddable":true,"href":"https:\/\/agec.campeche.gob.mx\/index.php?rest_route=\/wp\/v2\/users\/1"}],"replies":[{"embeddable":true,"href":"https:\/\/agec.campeche.gob.mx\/index.php?rest_route=%2Fwp%2Fv2%2Fcomments&post=1576"}],"version-history":[{"count":10,"href":"https:\/\/agec.campeche.gob.mx\/index.php?rest_route=\/wp\/v2\/pages\/1576\/revisions"}],"predecessor-version":[{"id":2676,"href":"https:\/\/agec.campeche.gob.mx\/index.php?rest_route=\/wp\/v2\/pages\/1576\/revisions\/2676"}],"wp:attachment":[{"href":"https:\/\/agec.campeche.gob.mx\/index.php?rest_route=%2Fwp%2Fv2%2Fmedia&parent=1576"}],"curies":[{"name":"wp","href":"https:\/\/api.w.org\/{rel}","templated":true}]}}