{"id":1595,"date":"2023-11-28T13:08:25","date_gmt":"2023-11-28T19:08:25","guid":{"rendered":"https:\/\/agec.campeche.gob.mx\/?page_id=1595"},"modified":"2024-06-03T11:25:04","modified_gmt":"2024-06-03T17:25:04","slug":"actas-del-comite-de-etica","status":"publish","type":"page","link":"https:\/\/agec.campeche.gob.mx\/?page_id=1595","title":{"rendered":"Actas del Comit\u00e9 de \u00c9tica"},"content":{"rendered":"<p>[et_pb_section fb_built=&#8221;1&#8243; _builder_version=&#8221;4.22.1&#8243; _module_preset=&#8221;default&#8221; global_colors_info=&#8221;{}&#8221;][et_pb_row _builder_version=&#8221;4.22.1&#8243; _module_preset=&#8221;default&#8221; global_colors_info=&#8221;{}&#8221;][et_pb_column type=&#8221;4_4&#8243; _builder_version=&#8221;4.22.1&#8243; _module_preset=&#8221;default&#8221; global_colors_info=&#8221;{}&#8221;][et_pb_text _builder_version=&#8221;4.23.1&#8243; _module_preset=&#8221;default&#8221; header_font=&#8221;||||||||&#8221; header_text_align=&#8221;center&#8221; header_text_color=&#8221;#691C32&#8243; hover_enabled=&#8221;0&#8243; global_colors_info=&#8221;{}&#8221; sticky_enabled=&#8221;0&#8243;]<\/p>\n<h1 style=\"text-align: center;\"><strong>ACTAS DEL COMIT\u00c9 DE LA SECRETAR\u00cdA DE GOBIERNO<\/strong><\/h1>\n<p>[\/et_pb_text][et_pb_text _builder_version=&#8221;4.22.1&#8243; _module_preset=&#8221;default&#8221; text_text_color=&#8221;#9f2241&#8243; text_font_size=&#8221;20px&#8221; header_text_color=&#8221;#000000&#8243; header_2_text_color=&#8221;#000000&#8243; global_colors_info=&#8221;{}&#8221;]<\/p>\n<h2><strong><span style=\"text-decoration: underline;\">Secciones Ordinarias de 2018:<\/span><\/strong><\/h2>\n<p>[\/et_pb_text][et_pb_text _builder_version=&#8221;4.22.1&#8243; _module_preset=&#8221;default&#8221; text_text_color=&#8221;#000000&#8243; global_colors_info=&#8221;{}&#8221;]<\/p>\n<ul>\n<li><strong><span><a href=\"https:\/\/agec.campeche.gob.mx\/wp-content\/uploads\/Acta_Instalacion_SEGOB.pdf\" target=\"_self\" class=\"jcepopup noicon\" data-mediabox=\"1\" rel=\"noopener\">Acta de Instalaci\u00f3n.<\/a><\/span><\/strong><\/li>\n<li><span><strong><a href=\"https:\/\/agec.campeche.gob.mx\/wp-content\/uploads\/Acta-Primera-Sesion-CE-2018.pdf\" class=\"jcepopup noicon\" data-mediabox=\"1\">Acta de la Primera Sesi\u00f3n Ordinaria<\/a>.<\/strong>\u00a0<\/span>\n<ul>\n<li><span><a href=\"https:\/\/agec.campeche.gob.mx\/wp-content\/uploads\/Acuerdo-Codigo-Conducta.pdf\" target=\"_self\" class=\"jcepopup noicon\" data-mediabox=\"1\" rel=\"noopener\">Codigo de Conducta<\/a><\/span><\/li>\n<li><span><a href=\"https:\/\/agec.campeche.gob.mx\/wp-content\/uploads\/PAT-Comite-Etica-SGG.pdf\" target=\"_self\" class=\"jcepopup noicon\" data-mediabox=\"1\" rel=\"noopener\">Programa Anual de Trabajo<\/a><\/span><\/li>\n<\/ul>\n<\/li>\n<li><span><strong><a href=\"https:\/\/agec.campeche.gob.mx\/wp-content\/uploads\/Acta-Segunda-Sesion-CE-2018.pdf\" target=\"_self\" class=\"jcepopup noicon\" data-mediabox=\"1\" rel=\"noopener\">Acta de la Segunda Sesi\u00f3n Ordinaria<\/a>.<\/strong>\u00a0<\/span>\n<ul>\n<li><span><a href=\"https:\/\/agec.campeche.gob.mx\/wp-content\/uploads\/Protocolo-Delacion-SGG.pdf\" target=\"_self\" class=\"jcepopup noicon\" data-mediabox=\"1\" rel=\"noopener\">Procedimiento de Delacion<\/a><\/span><\/li>\n<\/ul>\n<\/li>\n<li><span><strong><a href=\"https:\/\/agec.campeche.gob.mx\/wp-content\/uploads\/Acta.Tercera.ComiteEtica.pdf\" class=\"jcepopup noicon\" data-mediabox=\"1\">Acta de la Tercera Sesi\u00f3n Ordinaria<\/a>.<\/strong>\u00a0<\/span>\n<ul>\n<li><span><a href=\"https:\/\/agec.campeche.gob.mx\/wp-content\/uploads\/Evaluacion.CodigoEtica.pdf\" class=\"jcepopup noicon\" data-mediabox=\"1\">Evaluaci\u00f3n del C\u00f3digo de \u00c9tica<\/a><\/span><\/li>\n<\/ul>\n<\/li>\n<\/ul>\n<p>[\/et_pb_text][et_pb_text _builder_version=&#8221;4.22.1&#8243; _module_preset=&#8221;default&#8221; text_text_color=&#8221;#9f2241&#8243; text_font_size=&#8221;20px&#8221; header_text_color=&#8221;#000000&#8243; header_2_text_color=&#8221;#000000&#8243; global_colors_info=&#8221;{}&#8221;]<\/p>\n<h2><strong><span style=\"text-decoration: underline;\">Secciones Extraodinarias de 2018:<\/span><\/strong><\/h2>\n<p>[\/et_pb_text][et_pb_text _builder_version=&#8221;4.22.1&#8243; _module_preset=&#8221;default&#8221; text_text_color=&#8221;#000000&#8243; global_colors_info=&#8221;{}&#8221;]<\/p>\n<p><span>No se realizaron sesiones extraordinarias.<\/span><\/p>\n<p><span><\/span><\/p>\n<p>[\/et_pb_text][et_pb_text _builder_version=&#8221;4.22.1&#8243; _module_preset=&#8221;default&#8221; text_text_color=&#8221;#9f2241&#8243; text_font_size=&#8221;20px&#8221; header_text_color=&#8221;#000000&#8243; header_2_text_color=&#8221;#000000&#8243; global_colors_info=&#8221;{}&#8221;]<\/p>\n<h2><strong><span style=\"text-decoration: underline;\">Secciones Ordinarias de 2019:<\/span><\/strong><\/h2>\n<p>[\/et_pb_text][et_pb_text _builder_version=&#8221;4.22.1&#8243; _module_preset=&#8221;default&#8221; text_text_color=&#8221;#000000&#8243; global_colors_info=&#8221;{}&#8221;]&nbsp;<\/p>\n<ul>\n<li><span><strong><span><a href=\"https:\/\/agec.campeche.gob.mx\/wp-content\/uploads\/Acta.PrimeraSesion.Etica_.pdf\" class=\"jcepopup noicon\" data-mediabox=\"1\">Acta de la Primera Sesi\u00f3n Ordinaria<\/a><\/span>.<\/strong>\u00a0<\/span>\n<ul>\n<li><span><a href=\"https:\/\/agec.campeche.gob.mx\/wp-content\/uploads\/P.Anual_.Etica-2019.pdf\" class=\"jcepopup noicon\" data-mediabox=\"1\">Programa Anual de Trabajo 2019<\/a><\/span><span>.<\/span><\/li>\n<\/ul>\n<\/li>\n<li><strong><a href=\"https:\/\/agec.campeche.gob.mx\/wp-content\/uploads\/Acta-Segunda-Sesion-CE-2018.pdf\" target=\"_self\" class=\"jcepopup noicon\" data-mediabox=\"1\" rel=\"noopener\">Acta de la Segunda Sesi\u00f3n Ordinaria<\/a>.<\/strong><span><\/span>\n<ul>\n<li><a href=\"https:\/\/agec.campeche.gob.mx\/wp-content\/uploads\/ACTA-DE-LA-SEGUNDA-SESI\u0440N-ORDINARIA-Y-REINSTALACI\u0440N-DEL-COMIT\u0420-DE-\u0420TICA.pdf\" class=\"jcepopup noicon\" data-mediabox=\"1\"><span>Programa Anual de Trabajo 2019<\/span><\/a><\/li>\n<\/ul>\n<\/li>\n<li><span><span><a href=\"https:\/\/agec.campeche.gob.mx\/wp-content\/uploads\/Acta-Tercera-Ordinaria-2019-ETICA.pdf\" class=\"jcepopup noicon\" data-mediabox=\"1\"><strong>Acta de la Tercera Sesi\u00f3n Ordinaria<\/strong><\/a><\/span><span>.<\/span><\/span>\n<ul>\n<li><a href=\"\/\" class=\"jcepopup noicon\" data-mediabox=\"1\"><span>Informe de Delaciones del Primer Trimestre 2019<\/span><\/a><\/li>\n<li><a href=\"https:\/\/agec.campeche.gob.mx\/wp-content\/uploads\/Informe-de-Delaciones-del-Segundo-Trimestre-2019.pdf\" class=\"jcepopup noicon\" data-mediabox=\"1\"><span>Informe de Delaciones del Segundo Trimestre 2019<\/span><\/a><\/li>\n<li><a href=\"https:\/\/agec.campeche.gob.mx\/wp-content\/uploads\/Informe-de-Delaciones-del-Tercer-Trimestre-2019.pdf\" class=\"jcepopup noicon\" data-mediabox=\"1\"><span>Informe de Delaciones del Tercer Trimestre 2019<\/span><\/a><\/li>\n<li><a href=\"https:\/\/agec.campeche.gob.mx\/wp-content\/uploads\/Informe-de-Delaciones-del-Cuarto-Trimestre-2019.pdf\" class=\"jcepopup noicon\" data-mediabox=\"1\"><span>Informe de Delaciones del Cuarto Trimestre 2019<\/span><\/a><\/li>\n<li><a href=\"https:\/\/agec.campeche.gob.mx\/wp-content\/uploads\/Programa-Anual-de-Trabajo-Comit\u0412-\u0420tica-SGG-2020.pdf\" class=\"jcepopup noicon\" data-mediabox=\"1\"><span>Programa Anual de Trabajo Comit\u00e9 de \u00c9tica SGG 2020<\/span><\/a><span><\/span><\/li>\n<\/ul>\n<\/li>\n<\/ul>\n<p>[\/et_pb_text][et_pb_text _builder_version=&#8221;4.22.1&#8243; _module_preset=&#8221;default&#8221; text_text_color=&#8221;#9f2241&#8243; text_font_size=&#8221;20px&#8221; header_text_color=&#8221;#000000&#8243; header_2_text_color=&#8221;#000000&#8243; global_colors_info=&#8221;{}&#8221;]<\/p>\n<h2><strong><span style=\"text-decoration: underline;\">Secciones Ordinarias de 2020:<\/span><\/strong><\/h2>\n<p>[\/et_pb_text][et_pb_text _builder_version=&#8221;4.22.1&#8243; _module_preset=&#8221;default&#8221; text_text_color=&#8221;#000000&#8243; global_colors_info=&#8221;{}&#8221;]<\/p>\n<ul>\n<li><strong><span><a href=\"https:\/\/agec.campeche.gob.mx\/wp-content\/uploads\/Acta-Primera-Ordinaria-2020-ETICA.pdf\" class=\"jcepopup noicon\" data-mediabox=\"1\">Acta de la Primera Sesi\u00f3n Ordinaria 2020<\/a><\/span><\/strong>\n<ul>\n<li><span><a href=\"https:\/\/agec.campeche.gob.mx\/wp-content\/uploads\/Codigo-de-Conducta-2020-de-la-SGG.pdf\" class=\"jcepopup noicon\" data-mediabox=\"1\">Codigo de Conducta de la SGG<\/a>.<\/span><\/li>\n<li><span><a href=\"https:\/\/agec.campeche.gob.mx\/wp-content\/uploads\/BASE-DE-INTEGRACION-Y-REGLAS-DE-INTEGRIDAD-.pdf\" class=\"jcepopup noicon\" data-mediabox=\"1\">Base de Integraci\u00f3n y Reglas de Integridad<\/a>.<\/span><\/li>\n<\/ul>\n<\/li>\n<li><span><strong><a href=\"https:\/\/agec.campeche.gob.mx\/wp-content\/uploads\/ACTA-SEGUNDA-ORDINARIA-2021-ETICA.pdf\" class=\"jcepopup noicon\" data-mediabox=\"1\">Acta de la Segunda Sesi\u00f3n Ordinaria 2020<\/a><\/strong><\/span>\n<ul>\n<li><a href=\"https:\/\/agec.campeche.gob.mx\/wp-content\/uploads\/Informe-de-Delaciones-del-Primer-Trimestre-2020.pdf\" class=\"jcepopup noicon\" data-mediabox=\"1\"><span>Informe de Delaciones del Primer Trimestre 2020<\/span><\/a><\/li>\n<li><a href=\"https:\/\/agec.campeche.gob.mx\/wp-content\/uploads\/Informe-de-Delaciones-del-Segundo-Trimestre-2020.pdf\" class=\"jcepopup noicon\" data-mediabox=\"1\"><span>Informe de Delaciones del Segundo Trimestre 2020<\/span><\/a><\/li>\n<li><a href=\"https:\/\/agec.campeche.gob.mx\/wp-content\/uploads\/Informe-de-Delaciones-del-Tercer-Trimestre-2020.pdf\" class=\"jcepopup noicon\" data-mediabox=\"1\"><span>Informe de Delaciones del Tercer Trimestre 2020<\/span><\/a><\/li>\n<li><a href=\"https:\/\/agec.campeche.gob.mx\/wp-content\/uploads\/cuestionario-de-percepcion-etica-2020.pdf\" class=\"jcepopup noicon\" data-mediabox=\"1\"><span>Informe de Delaciones del Cuarto Trimestre 2020<\/span><\/a><\/li>\n<li><a href=\"https:\/\/agec.campeche.gob.mx\/wp-content\/uploads\/PAT-2021-ETICA-SEGOB.pdf\" class=\"jcepopup noicon\" data-mediabox=\"1\"><span>Programa Anual de Trabajo Comit\u00e9 de \u00c9tica SGG 2021<\/span><\/a><\/li>\n<\/ul>\n<\/li>\n<\/ul>\n<p>[\/et_pb_text][et_pb_text _builder_version=&#8221;4.22.1&#8243; _module_preset=&#8221;default&#8221; text_text_color=&#8221;#9f2241&#8243; text_font_size=&#8221;20px&#8221; header_text_color=&#8221;#000000&#8243; header_2_text_color=&#8221;#000000&#8243; global_colors_info=&#8221;{}&#8221;]<\/p>\n<h2><strong><span style=\"text-decoration: underline;\">Secciones Extraordinarias de 2020:<\/span><\/strong><\/h2>\n<p>[\/et_pb_text][et_pb_text _builder_version=&#8221;4.22.1&#8243; _module_preset=&#8221;default&#8221; text_text_color=&#8221;#000000&#8243; global_colors_info=&#8221;{}&#8221;]<\/p>\n<ul>\n<li><span><strong><a href=\"https:\/\/agec.campeche.gob.mx\/wp-content\/uploads\/Acta-Primera-Extraordinaria-2020-ETICA.pdf\" class=\"jcepopup noicon\" data-mediabox=\"1\">Acta de la Primera Sesi\u00f3n Extraordinaria 2020<\/a>.<\/strong><\/span><\/li>\n<\/ul>\n<p>[\/et_pb_text][et_pb_text _builder_version=&#8221;4.22.1&#8243; _module_preset=&#8221;default&#8221; text_text_color=&#8221;#9f2241&#8243; text_font_size=&#8221;20px&#8221; header_text_color=&#8221;#000000&#8243; header_2_text_color=&#8221;#000000&#8243; global_colors_info=&#8221;{}&#8221;]<\/p>\n<h2><strong><span style=\"text-decoration: underline;\">Secciones Ordinarias de 2021:<\/span><\/strong><\/h2>\n<p>[\/et_pb_text][et_pb_text _builder_version=&#8221;4.22.1&#8243; _module_preset=&#8221;default&#8221; text_text_color=&#8221;#000000&#8243; global_colors_info=&#8221;{}&#8221;]<\/p>\n<ul>\n<li><span><a href=\"https:\/\/agec.campeche.gob.mx\/wp-content\/uploads\/ACTA-PRIMERA-ORDINARIA-2021-ETICA.pdf\" class=\"jcepopup noicon\" data-mediabox=\"1\"><strong>Acta de la Primera Sesi\u00f3n Ordinaria 2021<\/strong><\/a>.<\/span><\/li>\n<li><span><a href=\"https:\/\/agec.campeche.gob.mx\/wp-content\/uploads\/ACTA-SEGUNDA-ORDINARIA-2021-ETICA-.pdf\" class=\"jcepopup noicon\" data-mediabox=\"1\"><strong>Acta de la Segunda Sesi\u00f3n Ordinaria 2021<\/strong><\/a>.<\/span>\n<ul>\n<li><span><a href=\"https:\/\/agec.campeche.gob.mx\/wp-content\/uploads\/Informe-de-Delacion-del-Primer-Trimestre-2021.pdf\" class=\"jcepopup noicon\" data-mediabox=\"1\">Informe de Delaci\u00f3n del Primer Trimestre 2021<\/a>.<\/span><\/li>\n<li><a href=\"https:\/\/agec.campeche.gob.mx\/wp-content\/uploads\/Informe-de-Delaciones-del-Segundo-Trimestre-2021.pdf\" class=\"jcepopup noicon\" data-mediabox=\"1\"><span>Informe de Delaci\u00f3n del Segundo Trimestre 2021.<\/span><\/a><\/li>\n<li><span>Informe de Delaci\u00f3n del Tercer Trimestre 2021.<\/span><\/li>\n<\/ul>\n<\/li>\n<\/ul>\n<p>[\/et_pb_text][et_pb_text _builder_version=&#8221;4.22.1&#8243; _module_preset=&#8221;default&#8221; text_text_color=&#8221;#9f2241&#8243; text_font_size=&#8221;20px&#8221; header_text_color=&#8221;#000000&#8243; header_2_text_color=&#8221;#000000&#8243; global_colors_info=&#8221;{}&#8221;]<\/p>\n<h2><strong><span style=\"text-decoration: underline;\">Secciones Extraordinarias de 2021:<\/span><\/strong><\/h2>\n<p>[\/et_pb_text][et_pb_text _builder_version=&#8221;4.22.1&#8243; _module_preset=&#8221;default&#8221; text_text_color=&#8221;#000000&#8243; global_colors_info=&#8221;{}&#8221;]<\/p>\n<ul>\n<li><span><strong><a href=\"https:\/\/agec.campeche.gob.mx\/wp-content\/uploads\/ACTA-PRIMERA-EXTRAORDINARIA-2021-ETICA.pdf\" class=\"jcepopup noicon\" data-mediabox=\"1\">Acta de la Primera Sesi\u00f3n Extraordinaria 2021<\/a>.<\/strong><\/span>\n<ul>\n<li><span><\/span><span><a href=\"https:\/\/agec.campeche.gob.mx\/wp-content\/uploads\/Inf.Delaciones.Com_.Etica_Tercer_Trimestre_2021.pdf\" class=\"jcepopup noicon\" data-mediabox=\"1\">Informe de Delaciones del Tercer Trimestre 2021<\/a>.<\/span><\/li>\n<li><span><\/span><span><a href=\"https:\/\/agec.campeche.gob.mx\/wp-content\/uploads\/Inf.Denunc.Comit_.Etica_Cuarto_Trimestre_2021.pdf\" class=\"jcepopup noicon\" data-mediabox=\"1\">Informe de Delaciones del Cuarto Trimestre 2021.<\/a><\/span><\/li>\n<\/ul>\n<\/li>\n<\/ul>\n<p>[\/et_pb_text][et_pb_text _builder_version=&#8221;4.22.1&#8243; _module_preset=&#8221;default&#8221; text_text_color=&#8221;#9f2241&#8243; text_font_size=&#8221;20px&#8221; header_text_color=&#8221;#000000&#8243; header_2_text_color=&#8221;#000000&#8243; global_colors_info=&#8221;{}&#8221;]<\/p>\n<h2><strong><span style=\"text-decoration: underline;\">Informes Anuales Comit\u00e9 \u00c9tica:<\/span><\/strong><\/h2>\n<p>[\/et_pb_text][et_pb_text _builder_version=&#8221;4.22.1&#8243; _module_preset=&#8221;default&#8221; text_text_color=&#8221;#000000&#8243; global_colors_info=&#8221;{}&#8221;]<\/p>\n<ul>\n<li><span><a href=\"https:\/\/agec.campeche.gob.mx\/wp-content\/uploads\/Informe_Anual_Comite_de_Etica_SEGOB_2018.pdf\" class=\"jcepopup noicon\" data-mediabox=\"1\">Informe Anual Comite de Etica SEGOB 2018<\/a><\/span><\/li>\n<li><span><a href=\"https:\/\/agec.campeche.gob.mx\/wp-content\/uploads\/Informe_Anual_Comite_de_Etica_SEGOB_2020.pdf\" class=\"jcepopup noicon\" data-mediabox=\"1\">Informe Anual Comite de Etica SEGOB 2020<\/a><\/span><\/li>\n<li><a href=\"https:\/\/agec.campeche.gob.mx\/wp-content\/uploads\/Informe-Anual-Comite-de-Etica-SEGOB-2021.pdff\" class=\"jcepopup noicon\" data-mediabox=\"1\"><span>Informe Anual Comite de Etica SEGOB 2021<\/span><\/a><\/li>\n<\/ul>\n<p>[\/et_pb_text][et_pb_text _builder_version=&#8221;4.22.1&#8243; _module_preset=&#8221;default&#8221; text_text_color=&#8221;#9f2241&#8243; text_font_size=&#8221;20px&#8221; header_text_color=&#8221;#000000&#8243; header_2_text_color=&#8221;#000000&#8243; global_colors_info=&#8221;{}&#8221;]<\/p>\n<h2><strong><span style=\"text-decoration: underline;\">Secciones Ordinarias de 2022:<\/span><\/strong><\/h2>\n<p>[\/et_pb_text][et_pb_text _builder_version=&#8221;4.22.1&#8243; _module_preset=&#8221;default&#8221; text_text_color=&#8221;#000000&#8243; global_colors_info=&#8221;{}&#8221;]<\/p>\n<ul>\n<li><span><strong><a href=\"https:\/\/agec.campeche.gob.mx\/wp-content\/uploads\/Acta-de-Integracion-Comite-Etica-SEGOB-2022.pdf\" class=\"jcepopup noicon\" data-mediabox=\"1\">Acta de Integraci\u00f3n Comite de \u00c9tica SEGOB 2022<\/a><\/strong><\/span><\/li>\n<\/ul>\n<p>[\/et_pb_text][\/et_pb_column][\/et_pb_row][\/et_pb_section]<\/p>\n","protected":false},"excerpt":{"rendered":"<p>ACTAS DEL COMIT\u00c9 DE LA SECRETAR\u00cdA DE GOBIERNOSecciones Ordinarias de 2018: Acta de Instalaci\u00f3n. Acta de la Primera Sesi\u00f3n Ordinaria.\u00a0 Codigo de Conducta Programa Anual de Trabajo Acta de la Segunda Sesi\u00f3n Ordinaria.\u00a0 Procedimiento de Delacion Acta de la Tercera Sesi\u00f3n Ordinaria.\u00a0 Evaluaci\u00f3n del C\u00f3digo de \u00c9tica Secciones Extraodinarias de 2018:No se realizaron sesiones extraordinarias. [&hellip;]<\/p>\n","protected":false},"author":1,"featured_media":0,"parent":0,"menu_order":0,"comment_status":"closed","ping_status":"closed","template":"","meta":{"_acf_changed":false,"_et_pb_use_builder":"on","_et_pb_old_content":"","_et_gb_content_width":"","inline_featured_image":false,"footnotes":""},"class_list":["post-1595","page","type-page","status-publish","hentry"],"acf":[],"_links":{"self":[{"href":"https:\/\/agec.campeche.gob.mx\/index.php?rest_route=\/wp\/v2\/pages\/1595","targetHints":{"allow":["GET"]}}],"collection":[{"href":"https:\/\/agec.campeche.gob.mx\/index.php?rest_route=\/wp\/v2\/pages"}],"about":[{"href":"https:\/\/agec.campeche.gob.mx\/index.php?rest_route=\/wp\/v2\/types\/page"}],"author":[{"embeddable":true,"href":"https:\/\/agec.campeche.gob.mx\/index.php?rest_route=\/wp\/v2\/users\/1"}],"replies":[{"embeddable":true,"href":"https:\/\/agec.campeche.gob.mx\/index.php?rest_route=%2Fwp%2Fv2%2Fcomments&post=1595"}],"version-history":[{"count":6,"href":"https:\/\/agec.campeche.gob.mx\/index.php?rest_route=\/wp\/v2\/pages\/1595\/revisions"}],"predecessor-version":[{"id":2670,"href":"https:\/\/agec.campeche.gob.mx\/index.php?rest_route=\/wp\/v2\/pages\/1595\/revisions\/2670"}],"wp:attachment":[{"href":"https:\/\/agec.campeche.gob.mx\/index.php?rest_route=%2Fwp%2Fv2%2Fmedia&parent=1595"}],"curies":[{"name":"wp","href":"https:\/\/api.w.org\/{rel}","templated":true}]}}