{"id":1651,"date":"2023-11-28T13:53:24","date_gmt":"2023-11-28T19:53:24","guid":{"rendered":"https:\/\/agec.campeche.gob.mx\/?page_id=1651"},"modified":"2024-06-03T11:28:49","modified_gmt":"2024-06-03T17:28:49","slug":"codigo-de-conducta","status":"publish","type":"page","link":"https:\/\/agec.campeche.gob.mx\/?page_id=1651","title":{"rendered":"C\u00f3digo de Conducta"},"content":{"rendered":"<p>[et_pb_section fb_built=&#8221;1&#8243; _builder_version=&#8221;4.22.1&#8243; _module_preset=&#8221;default&#8221; global_colors_info=&#8221;{}&#8221;][et_pb_row _builder_version=&#8221;4.22.1&#8243; _module_preset=&#8221;default&#8221; global_colors_info=&#8221;{}&#8221;][et_pb_column type=&#8221;4_4&#8243; _builder_version=&#8221;4.22.1&#8243; _module_preset=&#8221;default&#8221; global_colors_info=&#8221;{}&#8221;][et_pb_text _builder_version=&#8221;4.23.1&#8243; _module_preset=&#8221;default&#8221; header_font=&#8221;|700|||||||&#8221; header_text_color=&#8221;#691C32&#8243; custom_padding=&#8221;1px|||||&#8221; hover_enabled=&#8221;0&#8243; global_colors_info=&#8221;{}&#8221; sticky_enabled=&#8221;0&#8243;]<\/p>\n<h1 style=\"text-align: center;\">C\u00d3DIGO DE CONDUCTA<\/h1>\n<p>[\/et_pb_text][\/et_pb_column][\/et_pb_row][et_pb_row _builder_version=&#8221;4.22.1&#8243; _module_preset=&#8221;default&#8221; global_colors_info=&#8221;{}&#8221;][et_pb_column type=&#8221;4_4&#8243; _builder_version=&#8221;4.22.1&#8243; _module_preset=&#8221;default&#8221; global_colors_info=&#8221;{}&#8221;][et_pb_text _builder_version=&#8221;4.22.1&#8243; _module_preset=&#8221;default&#8221; text_text_color=&#8221;#000000&#8243; text_font_size=&#8221;18px&#8221; global_colors_info=&#8221;{}&#8221;]<\/p>\n<p style=\"text-align: justify;\"><span>El<\/span><span>\u00a0<\/span><span>C\u00f3<\/span><span>d<\/span><span>i<\/span><span>g<\/span><span>o<\/span><span>\u00a0<\/span><span>d<\/span><span>e<\/span><span>\u00a0<\/span><span>Co<\/span><span>ndu<\/span><span>c<\/span><span>t<\/span><span>a<\/span><span>\u00a0<\/span><span>d<\/span><span>e<\/span><span>\u00a0<\/span><span>la<\/span><span>\u00a0<\/span><span>Secretar\u00eda General de Gobierno y sus \u00d3rganos Administrativos Desconcentrados,<\/span><span>\u00a0<\/span><span>e<\/span><span>s<\/span><span>\u00a0<\/span><span>e<\/span><span>l<\/span><span>\u00a0<\/span><span>ins<\/span><span>t<\/span><span>ru<\/span><span>m<\/span><span>e<\/span><span>n<\/span><span>to<\/span><span>\u00a0<\/span><span>q<\/span><span>u<\/span><span>e<\/span><span>\u00a0<\/span><span>d<\/span><span>a<\/span><span>\u00a0<\/span><span>c<\/span><span>e<\/span><span>rte<\/span><span>z<\/span><span>a<\/span><span>\u00a0<\/span><span>p<\/span><span>le<\/span><span>n<\/span><span>a<\/span><span>\u00a0<\/span><span>a s<\/span><span>u<\/span><span>s<\/span><span>\u00a0<\/span><span>s<\/span><span>e<\/span><span>r<\/span><span>v<\/span><span>id<\/span><span>o<\/span><span>ras<\/span><span>\u00a0<\/span><span>y<\/span><span>\u00a0<\/span><span>s<\/span><span>er<\/span><span>v<\/span><span>i<\/span><span>do<\/span><span>res<\/span><span>\u00a0<\/span><span>p<\/span><span>\u00fa<\/span><span>b<\/span><span>l<\/span><span>i<\/span><span>c<\/span><span>o<\/span><span>s<\/span><span>\u00a0<\/span><span>s<\/span><span>ob<\/span><span>re\u00a0<\/span><span>e<\/span><span>l<\/span><span>\u00a0<\/span><span>c<\/span><span>om<\/span><span>p<\/span><span>o<\/span><span>rt<\/span><span>a<\/span><span>m<\/span><span>ie<\/span><span>n<\/span><span>to<\/span><span>\u00a0<\/span><span>\u00e9<\/span><span>t<\/span><span>i<\/span><span>co<\/span><span>\u00a0<\/span><span>a<\/span><span>l<\/span><span>\u00a0<\/span><span>q<\/span><span>u<\/span><span>e<\/span><span>\u00a0<\/span><span>d<\/span><span>ebe<\/span><span>n s<\/span><span>u<\/span><span>je<\/span><span>ta<\/span><span>rse\u00a0<\/span><span>e<\/span><span>n<\/span><span>\u00a0<\/span><span>s<\/span><span>u<\/span><span>\u00a0<\/span><span>q<\/span><span>ue<\/span><span>h<\/span><span>a<\/span><span>c<\/span><span>e<\/span><span>r<\/span><span>\u00a0<\/span><span>c<\/span><span>o<\/span><span>ti<\/span><span>d<\/span><span>i<\/span><span>an<\/span><span>o<\/span><span>,<\/span><span>\u00a0<\/span><span>\u00e9<\/span><span>s<\/span><span>t<\/span><span>e<\/span><span>\u00a0<\/span><span>d<\/span><span>eb<\/span><span>e<\/span><span>\u00a0<\/span><span>s<\/span><span>e<\/span><span>r<\/span><span>\u00a0a<\/span><span>d<\/span><span>op<\/span><span>t<\/span><span>ad<\/span><span>o<\/span><span>\u00a0<\/span><span>\u00ed<\/span><span>n<\/span><span>t<\/span><span>e<\/span><span>g<\/span><span>ra<\/span><span>m<\/span><span>e<\/span><span>n<\/span><span>te<\/span><span>\u00a0<\/span><span>p<\/span><span>a<\/span><span>r<\/span><span>a c<\/span><span>on<\/span><span>stit<\/span><span>u<\/span><span>i<\/span><span>r<\/span><span>se<\/span><span>\u00a0<\/span><span>e<\/span><span>n<\/span><span>\u00a0<\/span><span>un<\/span><span>a f<\/span><span>o<\/span><span>r<\/span><span>m<\/span><span>a<\/span><span>\u00a0<\/span><span>d<\/span><span>e<\/span><span>\u00a0<\/span><span>tra<\/span><span>ba<\/span><span>jo<\/span><span>\u00a0<\/span><span>y\u00a0<\/span><span>u<\/span><span>n<\/span><span>\u00a0<\/span><span>e<\/span><span>stilo<\/span><span>\u00a0<\/span><span>d<\/span><span>e<\/span><span>\u00a0<\/span><span>v<\/span><span>id<\/span><span>a<\/span><span>,<\/span><span>\u00a0<\/span><span>c<\/span><span>o<\/span><span>n<\/span><span>\u00a0<\/span><span>e<\/span><span>l<\/span><span>\u00a0<\/span><span>p<\/span><span>ro<\/span><span>p\u00f3<\/span><span>sito\u00a0<\/span><span>d<\/span><span>e c<\/span><span>on<\/span><span>ti<\/span><span>n<\/span><span>ua<\/span><span>r tra<\/span><span>b<\/span><span>a<\/span><span>ja<\/span><span>n<\/span><span>d<\/span><span>o<\/span><span>\u00a0e<\/span><span>n<\/span><span>\u00a0<\/span><span>f<\/span><span>a<\/span><span>v<\/span><span>o<\/span><span>r de<\/span><span>\u00a0<\/span><span>l<\/span><span>a<\/span><span>\u00a0<\/span><span>g<\/span><span>obe<\/span><span>r<\/span><span>n<\/span><span>ab<\/span><span>i<\/span><span>l<\/span><span>i<\/span><span>da<\/span><span>d<\/span><span>\u00a0<\/span><span>d<\/span><span>e<\/span><span>l\u00a0<\/span><span>Estado<\/span><span>\u00a0y<\/span><span>\u00a0<\/span><span>s<\/span><span>u<\/span><span>s i<\/span><span>n<\/span><span>s<\/span><span>tit<\/span><span>u<\/span><span>cio<\/span><span>n<\/span><span>e<\/span><span>s.<\/span><span><\/span><\/p>\n<p>[\/et_pb_text][et_pb_text _builder_version=&#8221;4.22.1&#8243; _module_preset=&#8221;default&#8221; text_text_color=&#8221;#000000&#8243; text_font_size=&#8221;18px&#8221; global_colors_info=&#8221;{}&#8221;]<\/p>\n<p style=\"text-align: justify;\"><em><b><span>Acuerdo por el que se emite el C\u00f3digo De Conducta al que deber\u00e1n sujetarse los Servidores P\u00fablicos de la Secretar\u00eda General de Gobierno de la Administraci\u00f3n P\u00fablica del Estado de Campeche y sus \u00d3rganos Administrativos Desconcentrados que la conforman: Archivo General del Estado de Campeche (AGEC) , Consejo Estatal de Seguridad P\u00fablica del Estado de Campeche (CESP), Consejo Estatal de Poblaci\u00f3n de Campeche (COESPO), Instituto Estatal del Transporte del Estado De Campeche (IET), Secretar\u00eda Ejecutiva del Sistema Estatal de Protecci\u00f3n Integral de los Derechos de Ni\u00f1as, Ni\u00f1os y Adolescentes (SIPINNA).<\/span><\/b><\/em><\/p>\n<p>[\/et_pb_text][et_pb_blurb title=&#8221;Codigo de Conducta de la SGG&#8221; url=&#8221;https:\/\/agec.campeche.gob.mx\/wp-content\/uploads\/Codigo-de-Conducta-2020-de-la-SGG.pdf&#8221; use_icon=&#8221;on&#8221; font_icon=&#8221;&#xe0f7;||divi||400&#8243; icon_color=&#8221;#691C32&#8243; icon_placement=&#8221;left&#8221; _builder_version=&#8221;4.23.1&#8243; _module_preset=&#8221;default&#8221; hover_enabled=&#8221;0&#8243; global_colors_info=&#8221;{}&#8221; sticky_enabled=&#8221;0&#8243;][\/et_pb_blurb][et_pb_text _builder_version=&#8221;4.23.1&#8243; _module_preset=&#8221;default&#8221; header_text_align=&#8221;center&#8221; header_2_text_align=&#8221;center&#8221; header_2_text_color=&#8221;#691C32&#8243; hover_enabled=&#8221;0&#8243; global_colors_info=&#8221;{}&#8221; header_text_color=&#8221;#691C32&#8243; text_text_color=&#8221;#691C32&#8243; sticky_enabled=&#8221;0&#8243;]<\/p>\n<h2>Procedimiento para le presentaci\u00f3n de Quejas y Denuncias por presunto incumplimiento al C\u00f3digo de Conducta.<\/h2>\n<p>[\/et_pb_text][et_pb_text _builder_version=&#8221;4.22.1&#8243; _module_preset=&#8221;default&#8221; text_text_color=&#8221;#000000&#8243; text_font_size=&#8221;18px&#8221; global_colors_info=&#8221;{}&#8221;]<\/p>\n<div id=\"rt-main\" class=\"mb12\">\n<div class=\"rt-flex-container\">\n<div class=\"rt-mainbody-wrapper rt-grid-12 \">\n<div class=\"rt-component-block rt-block\">\n<div id=\"rt-mainbody\">\n<div class=\"component-content\">\n<article class=\"item-page\" itemscope=\"\" itemtype=\"http:\/\/schema.org\/Article\">\n<div itemprop=\"articleBody\">\n<p style=\"text-align: justify;\"><span>En caso de incumplimiento al C\u00f3digo de \u00c9tica, a las Reglas de Integridad o el C\u00f3digo de Conducta presentar la delaci\u00f3n correspondiente al siguiente correo electr\u00f3nico<b>:\u00a0<em>\u00a0<\/em><\/b><b><em><span id=\"cloak23e22c09a973a47bda745e225abd382b\"><a href=\"mailto:comitedeetica_sgg@segobcampeche.gob.mx\">comitedeetica_sgg@segobcampeche.gob.mx<\/a><\/span>\u00a0<\/em>o<\/b><\/span><span>\u00a0presentar su denuncia ante la Secretar\u00eda Ejecutiva del Comit\u00e9 de \u00c9tica y de Prevenci\u00f3n de Conflictos de Inter\u00e9s de la Secretar\u00eda General de Gobierno en la oficina ubicada en la Subsecretar\u00eda de Asuntos Jur\u00eddicos y Derechos Humanos, sitio en Palacio de Gobierno, Segundo Piso, Calle 8 S\/N Centro Hist\u00f3rico C.P. 24000, Tel. (981) 81 1 92 00 Ext. 31252.\u00a0<\/span><\/p>\n<\/div>\n<\/article>\n<\/div>\n<\/div>\n<\/div>\n<\/div>\n<div class=\"clear\"><\/div>\n<\/div>\n<\/div>\n<div id=\"rt-extension\">\n<div class=\"rt-flex-container\">\n<div class=\"rt-grid-4 rt-alpha\">\n<div class=\"rt-block \">\n<div class=\"module-surround\">\n<div class=\"module-content\">\n<div class=\"custom\"><\/div>\n<\/div>\n<\/div>\n<\/div>\n<\/div>\n<\/div>\n<\/div>\n<p>[\/et_pb_text][et_pb_text _builder_version=&#8221;4.22.1&#8243; _module_preset=&#8221;default&#8221; text_text_color=&#8221;#000000&#8243; text_font_size=&#8221;18px&#8221; global_colors_info=&#8221;{}&#8221;]<\/p>\n<p style=\"text-align: justify;\"><span>Lo anterior con fundamento en lo que establece el apartado 7 DELACION de los\u00a0<\/span><span>Lineamientos Generales para Propiciar la Integridad de los Servidores Publicos y para Implementar Acciones Permanentes que favorezcan su Comportamiento \u00c9tico, a trav\u00e9s de los Comites de \u00c9tica y de Prevenci\u00f3n de Conflictos de Inter\u00e9s<\/span><span>.<\/span><\/p>\n<p>[\/et_pb_text][et_pb_text _builder_version=&#8221;4.22.1&#8243; _module_preset=&#8221;default&#8221; text_text_color=&#8221;#000000&#8243; text_font_size=&#8221;18px&#8221; global_colors_info=&#8221;{}&#8221;]<\/p>\n<p style=\"text-align: justify;\"><span>Lo anterior con fundamento en lo que establece el apartado 7 DELACION de los\u00a0<\/span><span>Lineamientos Generales para Propiciar la Integridad de los Servidores Publicos y para Implementar Acciones Permanentes que favorezcan su Comportamiento \u00c9tico, a trav\u00e9s de los Comites de \u00c9tica y de Prevenci\u00f3n de Conflictos de Inter\u00e9s<\/span><span>.<\/span><\/p>\n<p>[\/et_pb_text][et_pb_blurb title=&#8221;Protocolo que establece el Documento de Delacion de la SGG.&#8221; url=&#8221;https:\/\/democoespo.campeche.gob.mx\/wp-content\/uploads\/6.-Protocolo-Delacion-SGG-POE.pdf&#8221; use_icon=&#8221;on&#8221; font_icon=&#8221;&#xe0f7;||divi||400&#8243; icon_color=&#8221;#691C32&#8243; icon_placement=&#8221;left&#8221; _builder_version=&#8221;4.23.1&#8243; _module_preset=&#8221;default&#8221; hover_enabled=&#8221;0&#8243; global_colors_info=&#8221;{}&#8221; sticky_enabled=&#8221;0&#8243;][\/et_pb_blurb][\/et_pb_column][\/et_pb_row][\/et_pb_section]<\/p>\n","protected":false},"excerpt":{"rendered":"<p>C\u00d3DIGO DE CONDUCTAEl\u00a0C\u00f3digo\u00a0de\u00a0Conducta\u00a0de\u00a0la\u00a0Secretar\u00eda General de Gobierno y sus \u00d3rganos Administrativos Desconcentrados,\u00a0es\u00a0el\u00a0instrumento\u00a0que\u00a0da\u00a0certeza\u00a0plena\u00a0a sus\u00a0servidoras\u00a0y\u00a0servidores\u00a0p\u00fablicos\u00a0sobre\u00a0el\u00a0comportamiento\u00a0\u00e9tico\u00a0al\u00a0que\u00a0deben sujetarse\u00a0en\u00a0su\u00a0quehacer\u00a0cotidiano,\u00a0\u00e9ste\u00a0debe\u00a0ser\u00a0adoptado\u00a0\u00edntegramente\u00a0para constituirse\u00a0en\u00a0una forma\u00a0de\u00a0trabajo\u00a0y\u00a0un\u00a0estilo\u00a0de\u00a0vida,\u00a0con\u00a0el\u00a0prop\u00f3sito\u00a0de continuar trabajando\u00a0en\u00a0favor de\u00a0la\u00a0gobernabilidad\u00a0del\u00a0Estado\u00a0y\u00a0sus instituciones.Acuerdo por el que se emite el C\u00f3digo De Conducta al que deber\u00e1n sujetarse los Servidores P\u00fablicos de la Secretar\u00eda General de Gobierno de la Administraci\u00f3n P\u00fablica del Estado de Campeche y sus \u00d3rganos Administrativos Desconcentrados que [&hellip;]<\/p>\n","protected":false},"author":1,"featured_media":0,"parent":0,"menu_order":0,"comment_status":"closed","ping_status":"closed","template":"","meta":{"_acf_changed":false,"_et_pb_use_builder":"on","_et_pb_old_content":"","_et_gb_content_width":"","inline_featured_image":false,"footnotes":""},"class_list":["post-1651","page","type-page","status-publish","hentry"],"acf":[],"_links":{"self":[{"href":"https:\/\/agec.campeche.gob.mx\/index.php?rest_route=\/wp\/v2\/pages\/1651","targetHints":{"allow":["GET"]}}],"collection":[{"href":"https:\/\/agec.campeche.gob.mx\/index.php?rest_route=\/wp\/v2\/pages"}],"about":[{"href":"https:\/\/agec.campeche.gob.mx\/index.php?rest_route=\/wp\/v2\/types\/page"}],"author":[{"embeddable":true,"href":"https:\/\/agec.campeche.gob.mx\/index.php?rest_route=\/wp\/v2\/users\/1"}],"replies":[{"embeddable":true,"href":"https:\/\/agec.campeche.gob.mx\/index.php?rest_route=%2Fwp%2Fv2%2Fcomments&post=1651"}],"version-history":[{"count":8,"href":"https:\/\/agec.campeche.gob.mx\/index.php?rest_route=\/wp\/v2\/pages\/1651\/revisions"}],"predecessor-version":[{"id":2673,"href":"https:\/\/agec.campeche.gob.mx\/index.php?rest_route=\/wp\/v2\/pages\/1651\/revisions\/2673"}],"wp:attachment":[{"href":"https:\/\/agec.campeche.gob.mx\/index.php?rest_route=%2Fwp%2Fv2%2Fmedia&parent=1651"}],"curies":[{"name":"wp","href":"https:\/\/api.w.org\/{rel}","templated":true}]}}