{"id":1760,"date":"2023-12-04T13:32:18","date_gmt":"2023-12-04T19:32:18","guid":{"rendered":"https:\/\/agec.campeche.gob.mx\/?page_id=1760"},"modified":"2024-01-19T10:53:50","modified_gmt":"2024-01-19T16:53:50","slug":"fraccion-ii","status":"publish","type":"page","link":"https:\/\/agec.campeche.gob.mx\/?page_id=1760","title":{"rendered":"Fraccion II"},"content":{"rendered":"<p>[et_pb_section fb_built=&#8221;1&#8243; _builder_version=&#8221;4.22.1&#8243; _module_preset=&#8221;default&#8221; global_colors_info=&#8221;{}&#8221;][et_pb_row _builder_version=&#8221;4.22.1&#8243; _module_preset=&#8221;default&#8221; global_colors_info=&#8221;{}&#8221;][et_pb_column type=&#8221;4_4&#8243; _builder_version=&#8221;4.22.1&#8243; _module_preset=&#8221;default&#8221; global_colors_info=&#8221;{}&#8221;][et_pb_text _builder_version=&#8221;4.22.1&#8243; _module_preset=&#8221;default&#8221; global_colors_info=&#8221;{}&#8221;]<\/p>\n<h1><span>II. Estructura Org\u00e1nica Completa<\/span><\/h1>\n<p>[\/et_pb_text][et_pb_text _builder_version=&#8221;4.22.1&#8243; _module_preset=&#8221;default&#8221; text_text_color=&#8221;#000000&#8243; global_colors_info=&#8221;{}&#8221;]<\/p>\n<p style=\"text-align: justify;\"><span>El Sujeto Obligado incluir\u00e1 la estructura org\u00e1nica que da cuenta de la distribuci\u00f3n y orden de las funciones que se establecen para el cumplimiento de sus objetivos conforme a criterios de jerarqu\u00eda y especializaci\u00f3n, ordenados mediante los cat\u00e1logos de las \u00e1reas que integran el Sujeto Obligado; de tal forma que sea posible visualizar los niveles jer\u00e1rquicos y sus relaciones de dependencia de acuerdo con el estatuto org\u00e1nico u otro ordenamiento que le aplique.<\/span><\/p>\n<p>[\/et_pb_text][et_pb_tabs _builder_version=&#8221;4.23.1&#8243; _module_preset=&#8221;default&#8221; hover_enabled=&#8221;0&#8243; global_colors_info=&#8221;{}&#8221; sticky_enabled=&#8221;0&#8243;][et_pb_tab title=&#8221;2021&#8243; _builder_version=&#8221;4.23.1&#8243; _module_preset=&#8221;default&#8221; global_colors_info=&#8221;{}&#8221;]<\/p>\n<table class=\"table table-hover\" style=\"width: 100%; border: 1px solid #cecaca;\" align=\"center\">\n<thead>\n<tr style=\"border-color: #dd1313; border-width: 1px; background-color: #5e5e5f;\">\n<td style=\"text-align: center;\"><span style=\"color: #ffffff;\"><strong>Inciso<\/strong><\/span><\/td>\n<td style=\"text-align: center;\">\u00a0<span style=\"color: #ffffff;\"><strong>Aplicabilidad<\/strong><\/span><\/td>\n<td style=\"text-align: center;\">\u00a0<strong><span style=\"color: #ffffff;\">Periodicidad<\/span><\/strong><\/td>\n<\/tr>\n<\/thead>\n<tbody>\n<tr style=\"border-color: #cecaca; border-width: 1px;\" align=\"center\">\n<td style=\"border: 1px solid #cecaca;\"><a href=\"https:\/\/agec.campeche.gob.mx\/?page_id=1764\" target=\"_blank\" class=\"jcepopup noicon\" rel=\"noopener noreferrer\">a) Estructura Org\u00e1nica<\/a><\/td>\n<td style=\"border: 1px solid #cecaca;\"><img decoding=\"async\" src=\"wp-content\/uploads\/1485918237_Tick_Mark_Dark.png\" alt=\"1485918237 Tick Mark Dark\" style=\"display: block; margin-left: auto; margin-right: auto;\" \/><\/td>\n<td style=\"border: 1px solid #cecaca; text-align: center;\" align=\"center\" valign=\"middle\"><span style=\"color: #333333;\">Trimestral<\/span><\/td>\n<\/tr>\n<tr style=\"border-color: #cecaca; border-width: 1px;\" align=\"center\">\n<td style=\"border: 1px solid #cecaca;\"><a href=\"https:\/\/agec.campeche.gob.mx\/?page_id=1767\" target=\"_blank\" class=\"jcepopup noicon\" rel=\"noopener noreferrer\">b) Organigrama<\/a><\/td>\n<td style=\"border: 1px solid #cecaca;\"><img decoding=\"async\" src=\"wp-content\/uploads\/1485918237_Tick_Mark_Dark.png\" alt=\"1485918237 Tick Mark Dark\" style=\"display: block; margin-left: auto; margin-right: auto;\" \/><\/td>\n<td style=\"border: 1px solid #cecaca; text-align: center;\" align=\"center\" valign=\"middle\"><span style=\"color: #333333;\">Trimestral<\/span><\/td>\n<\/tr>\n<\/tbody>\n<\/table>\n<p>[\/et_pb_tab][et_pb_tab title=&#8221;2020&#8243; _builder_version=&#8221;4.23.1&#8243; _module_preset=&#8221;default&#8221; hover_enabled=&#8221;0&#8243; global_colors_info=&#8221;{}&#8221; sticky_enabled=&#8221;0&#8243;]<\/p>\n<table class=\"table table-hover\" style=\"width: 100%; border: 1px solid #cecaca;\" align=\"center\">\n<thead>\n<tr style=\"border-color: #dd1313; border-width: 1px; background-color: #5e5e5f;\">\n<td style=\"text-align: center;\"><span style=\"color: #ffffff;\"><strong>Inciso<\/strong><\/span><\/td>\n<td style=\"text-align: center;\">\u00a0<span style=\"color: #ffffff;\"><strong>Aplicabilidad<\/strong><\/span><\/td>\n<td style=\"text-align: center;\">\u00a0<strong><span style=\"color: #ffffff;\">Periodicidad<\/span><\/strong><\/td>\n<\/tr>\n<\/thead>\n<tbody>\n<tr style=\"border-color: #cecaca; border-width: 1px;\" align=\"center\">\n<td style=\"border: 1px solid #cecaca;\"><a href=\"https:\/\/agec.campeche.gob.mx\/?page_id=1771\" target=\"_blank\" class=\"jcepopup noicon\" rel=\"noopener noreferrer\">a) Estructura Org\u00e1nica<\/a><\/td>\n<td style=\"border: 1px solid #cecaca;\"><img decoding=\"async\" src=\"wp-content\/uploads\/1485918237_Tick_Mark_Dark.png\" alt=\"1485918237 Tick Mark Dark\" style=\"display: block; margin-left: auto; margin-right: auto;\" \/><\/td>\n<td style=\"border: 1px solid #cecaca; text-align: center;\" align=\"center\" valign=\"middle\"><span style=\"color: #333333;\">Trimestral<\/span><\/td>\n<\/tr>\n<tr style=\"border-color: #cecaca; border-width: 1px;\" align=\"center\">\n<td style=\"border: 1px solid #cecaca;\"><a href=\"https:\/\/agec.campeche.gob.mx\/?page_id=1775\" target=\"_blank\" class=\"jcepopup noicon\" rel=\"noopener noreferrer\">b) Organigrama<\/a><\/td>\n<td style=\"border: 1px solid #cecaca;\"><img decoding=\"async\" src=\"wp-content\/uploads\/1485918237_Tick_Mark_Dark.png\" alt=\"1485918237 Tick Mark Dark\" style=\"display: block; margin-left: auto; margin-right: auto;\" \/><\/td>\n<td style=\"border: 1px solid #cecaca; text-align: center;\" align=\"center\" valign=\"middle\"><span style=\"color: #333333;\">Trimestral<\/span><\/td>\n<\/tr>\n<\/tbody>\n<\/table>\n<p>[\/et_pb_tab][et_pb_tab title=&#8221;2019&#8243; _builder_version=&#8221;4.23.1&#8243; _module_preset=&#8221;default&#8221; global_colors_info=&#8221;{}&#8221;]<\/p>\n<table class=\"table table-hover\" style=\"width: 100%; border: 1px solid #cecaca;\" align=\"center\">\n<thead>\n<tr style=\"border-color: #dd1313; border-width: 1px; background-color: #5e5e5f;\">\n<td style=\"text-align: center;\"><span style=\"color: #ffffff;\"><strong>Inciso<\/strong><\/span><\/td>\n<td style=\"text-align: center;\">\u00a0<span style=\"color: #ffffff;\"><strong>Aplicabilidad<\/strong><\/span><\/td>\n<td style=\"text-align: center;\">\u00a0<strong><span style=\"color: #ffffff;\">Periodicidad<\/span><\/strong><\/td>\n<\/tr>\n<\/thead>\n<tbody>\n<tr style=\"border-color: #cecaca; border-width: 1px;\" align=\"center\">\n<td style=\"border: 1px solid #cecaca;\"><a href=\"https:\/\/agec.campeche.gob.mx\/?page_id=1781\" target=\"_blank\" rel=\"noopener noreferrer\" class=\"jcepopup noicon\">a) Estructura Org\u00e1nica<\/a><\/td>\n<td style=\"border: 1px solid #cecaca;\"><img decoding=\"async\" src=\"wp-content\/uploads\/1485918237_Tick_Mark_Dark.png\" alt=\"1485918237 Tick Mark Dark\" style=\"display: block; margin-left: auto; margin-right: auto;\" \/><\/td>\n<td style=\"border: 1px solid #cecaca; text-align: center;\" align=\"center\" valign=\"middle\"><span style=\"color: #333333;\">Trimestral<\/span><\/td>\n<\/tr>\n<tr style=\"border-color: #cecaca; border-width: 1px;\" align=\"center\">\n<td style=\"border: 1px solid #cecaca;\"><a href=\"https:\/\/agec.campeche.gob.mx\/?page_id=1784\" target=\"_blank\" rel=\"noopener noreferrer\" class=\"jcepopup noicon\">b) Organigrama<\/a><\/td>\n<td style=\"border: 1px solid #cecaca;\"><img decoding=\"async\" src=\"wp-content\/uploads\/1485918237_Tick_Mark_Dark.png\" alt=\"1485918237 Tick Mark Dark\" style=\"display: block; margin-left: auto; margin-right: auto;\" \/><\/td>\n<td style=\"border: 1px solid #cecaca; text-align: center;\" align=\"center\" valign=\"middle\"><span style=\"color: #333333;\">Trimestral<\/span><\/td>\n<\/tr>\n<\/tbody>\n<\/table>\n<p>[\/et_pb_tab][et_pb_tab title=&#8221;2018&#8243; _builder_version=&#8221;4.23.1&#8243; _module_preset=&#8221;default&#8221; global_colors_info=&#8221;{}&#8221;]<\/p>\n<table class=\"table table-hover\" style=\"width: 100%; border: 1px solid #cecaca;\" align=\"center\">\n<thead>\n<tr style=\"border-color: #dd1313; border-width: 1px; background-color: #5e5e5f;\">\n<td style=\"text-align: center;\"><span style=\"color: #ffffff;\"><strong>Inciso<\/strong><\/span><\/td>\n<td style=\"text-align: center;\">\u00a0<span style=\"color: #ffffff;\"><strong>Aplicabilidad<\/strong><\/span><\/td>\n<td style=\"text-align: center;\">\u00a0<strong><span style=\"color: #ffffff;\">Periodicidad<\/span><\/strong><\/td>\n<\/tr>\n<\/thead>\n<tbody>\n<tr style=\"border-color: #cecaca; border-width: 1px;\" align=\"center\">\n<td style=\"border: 1px solid #cecaca;\"><a href=\"https:\/\/agec.campeche.gob.mx\/?page_id=1789\" _blank=\"\" rel=\"noopener noreferrer\">a) Estructura Org\u00e1nica<\/a><\/td>\n<td style=\"border: 1px solid #cecaca;\"><img decoding=\"async\" src=\"wp-content\/uploads\/1485918237_Tick_Mark_Dark.png\" alt=\"1485918237 Tick Mark Dark\" style=\"display: block; margin-left: auto; margin-right: auto;\" \/><\/td>\n<td style=\"border: 1px solid #cecaca; text-align: center;\" align=\"center\" valign=\"middle\"><span style=\"color: #333333;\">Trimestral<\/span><\/td>\n<\/tr>\n<tr style=\"border-color: #cecaca; border-width: 1px;\" align=\"center\">\n<td style=\"border: 1px solid #cecaca;\"><a href=\"https:\/\/agec.campeche.gob.mx\/?page_id=1792\" target=\"_blank\" rel=\"noopener noreferrer\">b) Organigrama<\/a><\/td>\n<td style=\"border: 1px solid #cecaca;\"><img decoding=\"async\" src=\"wp-content\/uploads\/1485918237_Tick_Mark_Dark.png\" alt=\"1485918237 Tick Mark Dark\" style=\"display: block; margin-left: auto; margin-right: auto;\" \/><\/td>\n<td style=\"border: 1px solid #cecaca; text-align: center;\" align=\"center\" valign=\"middle\"><span style=\"color: #333333;\">Trimestral<\/span><\/td>\n<\/tr>\n<\/tbody>\n<\/table>\n<p>[\/et_pb_tab][et_pb_tab title=&#8221;2017&#8243; _builder_version=&#8221;4.22.1&#8243; _module_preset=&#8221;default&#8221; global_colors_info=&#8221;{}&#8221;]<\/p>\n<div class=\"tab-content\">\n<div id=\"17\" class=\"tab-pane active\">\n<p><span class=\"fa fa-refresh\" style=\"font-family: arial, helvetica, sans-serif; color: #333333;\">Periodo de Actualizaci\u00f3n: <span style=\"color: #000000;\"><strong>Trimestral<\/strong><\/span><\/span><br \/><span class=\"fa fa-calendar\" style=\"font-family: arial, helvetica, sans-serif; color: #333333;\"> Fecha de Actualizaci\u00f3n: <span style=\"color: #000000;\"><strong>12\/01\/2018<\/strong><\/span><\/span><br \/><span class=\"fa fa-calendar\" style=\"font-family: arial, helvetica, sans-serif; color: #333333;\"> Fecha de Validaci\u00f3n:<strong>\u00a0<span style=\"color: #000000;\">12\/01\/2018<\/span><\/strong><\/span><br \/><span class=\"fa fa-pencil-square-o\" style=\"font-family: arial, helvetica, sans-serif; color: #333333;\"> Unidad(es) Administrativa(s) que genera(n) o posee(n) la Informaci\u00f3n: <strong style=\"font-family: arial, helvetica, sans-serif;\">Archivo General del Estado de Campeche (AGEC)<\/strong><\/span><\/p>\n<hr \/>\n<p><a href=\"https:\/\/drive.google.com\/uc?export=download&amp;id=10jeq5FBvw4igsAqjz6oiyuqHjg4T_wjx\" target=\"_blank\" rel=\"noopener noreferrer\"><button type=\"button\" class=\"btn btn-large btn-success\"><em class=\"fa fa-file-excel-o\"> Descargar Excel<\/em><\/button> <\/a> <a href=\"https:\/\/drive.google.com\/open?id=10jeq5FBvw4igsAqjz6oiyuqHjg4T_wjx\" target=\"_blank\" rel=\"noopener noreferrer\"> <button type=\"button\" class=\"btn btn-large btn-danger\"><em class=\"fa fa-eye\"> Ver Online<\/em><\/button> <\/a> <span style=\"padding-left: 20px;\"> <span class=\"fa fa-hand-o-left\"><\/span> Descargue y\/o visualice aqu\u00ed<\/span><\/p>\n<hr \/>\n<\/div>\n<\/div>\n<p>[\/et_pb_tab][\/et_pb_tabs][\/et_pb_column][\/et_pb_row][\/et_pb_section]<\/p>\n","protected":false},"excerpt":{"rendered":"<p>II. Estructura Org\u00e1nica CompletaEl Sujeto Obligado incluir\u00e1 la estructura org\u00e1nica que da cuenta de la distribuci\u00f3n y orden de las funciones que se establecen para el cumplimiento de sus objetivos conforme a criterios de jerarqu\u00eda y especializaci\u00f3n, ordenados mediante los cat\u00e1logos de las \u00e1reas que integran el Sujeto Obligado; de tal forma que sea posible [&hellip;]<\/p>\n","protected":false},"author":1,"featured_media":0,"parent":0,"menu_order":0,"comment_status":"closed","ping_status":"closed","template":"","meta":{"_acf_changed":false,"_et_pb_use_builder":"on","_et_pb_old_content":"","_et_gb_content_width":"","inline_featured_image":false,"footnotes":""},"class_list":["post-1760","page","type-page","status-publish","hentry"],"acf":[],"_links":{"self":[{"href":"https:\/\/agec.campeche.gob.mx\/index.php?rest_route=\/wp\/v2\/pages\/1760","targetHints":{"allow":["GET"]}}],"collection":[{"href":"https:\/\/agec.campeche.gob.mx\/index.php?rest_route=\/wp\/v2\/pages"}],"about":[{"href":"https:\/\/agec.campeche.gob.mx\/index.php?rest_route=\/wp\/v2\/types\/page"}],"author":[{"embeddable":true,"href":"https:\/\/agec.campeche.gob.mx\/index.php?rest_route=\/wp\/v2\/users\/1"}],"replies":[{"embeddable":true,"href":"https:\/\/agec.campeche.gob.mx\/index.php?rest_route=%2Fwp%2Fv2%2Fcomments&post=1760"}],"version-history":[{"count":10,"href":"https:\/\/agec.campeche.gob.mx\/index.php?rest_route=\/wp\/v2\/pages\/1760\/revisions"}],"predecessor-version":[{"id":2620,"href":"https:\/\/agec.campeche.gob.mx\/index.php?rest_route=\/wp\/v2\/pages\/1760\/revisions\/2620"}],"wp:attachment":[{"href":"https:\/\/agec.campeche.gob.mx\/index.php?rest_route=%2Fwp%2Fv2%2Fmedia&parent=1760"}],"curies":[{"name":"wp","href":"https:\/\/api.w.org\/{rel}","templated":true}]}}