{"id":1781,"date":"2023-12-04T13:11:31","date_gmt":"2023-12-04T19:11:31","guid":{"rendered":"https:\/\/agec.campeche.gob.mx\/?page_id=1781"},"modified":"2023-12-04T13:11:31","modified_gmt":"2023-12-04T19:11:31","slug":"fraccion-ii-a_2019","status":"publish","type":"page","link":"https:\/\/agec.campeche.gob.mx\/?page_id=1781","title":{"rendered":"Fraccion II-A_2019"},"content":{"rendered":"<p>[et_pb_section fb_built=&#8221;1&#8243; theme_builder_area=&#8221;post_content&#8221; _builder_version=&#8221;4.22.1&#8243; _module_preset=&#8221;default&#8221;][et_pb_row _builder_version=&#8221;4.22.1&#8243; _module_preset=&#8221;default&#8221; theme_builder_area=&#8221;post_content&#8221;][et_pb_column _builder_version=&#8221;4.22.1&#8243; _module_preset=&#8221;default&#8221; type=&#8221;4_4&#8243; theme_builder_area=&#8221;post_content&#8221;][et_pb_text _builder_version=&#8221;4.22.1&#8243; _module_preset=&#8221;default&#8221; theme_builder_area=&#8221;post_content&#8221; hover_enabled=&#8221;0&#8243; sticky_enabled=&#8221;0&#8243;]<\/p>\n<div id=\"rt-mainbody\">\n<div class=\"component-content\">\n<article class=\"item-page\" itemscope=\"\" itemtype=\"http:\/\/schema.org\/Article\">\n<meta itemprop=\"inLanguage\" content=\"es-ES\"><\/p>\n<div itemprop=\"articleBody\">\n<h1><span style=\"font-family: arial, helvetica, sans-serif; color: #000000;\">II-A. Estructura Org\u00e1nica Completa<\/span><\/h1>\n<p style=\"text-align: justify;\"><span style=\"font-family: Arial, sans-serif; color: #000000;\">El Sujeto Obligado incluir\u00e1 la estructura org\u00e1nica que da cuenta de la distribuci\u00f3n y orden de las funciones que se establecen para el cumplimiento de sus objetivos conforme a criterios de jerarqu\u00eda y especializaci\u00f3n, ordenados mediante los cat\u00e1logos de las \u00e1reas que integran el Sujeto Obligado; de tal forma que sea posible visualizar los niveles jer\u00e1rquicos y sus relaciones de dependencia de acuerdo con el estatuto org\u00e1nico u otro ordenamiento que le aplique.&nbsp;<\/span><\/p>\n<p style=\"text-align: justify;\"><span class=\"fa fa-refresh\" style=\"font-family: arial, helvetica, sans-serif; color: #000000;\"> Periodo de actualizaci\u00f3n:<strong>&nbsp;Trimestral<\/strong><\/span><br \/><span class=\"fa fa-calendar\" style=\"font-family: arial, helvetica, sans-serif; color: #000000;\"> Fecha de actualizaci\u00f3n: <strong style=\"font-family: arial, helvetica, sans-serif;\">10\/01\/2020<\/strong><\/span><br \/><span class=\"fa fa-calendar\" style=\"font-family: arial, helvetica, sans-serif; color: #000000;\"> Fecha de validaci\u00f3n: <strong style=\"font-family: arial, helvetica, sans-serif;\">10\/01\/2020<\/strong><\/span><br \/><span class=\"fa fa-pencil-square-o\" style=\"font-family: arial, helvetica, sans-serif; color: #000000;\"> Unidad(es) Administrativa(s) que genera(n) o posee(n) la informaci\u00f3n:&nbsp;<\/span><span style=\"font-family: arial, helvetica, sans-serif; color: #000000;\"><strong>\u00c1reas y\/o Coordinaciones Administrativas de: SEGOB, COESPO, CESP, SIPINNA, AGEC, IET. <\/strong><\/span><\/p>\n<hr>\n<p>&nbsp;<a href=\"https:\/\/drive.google.com\/uc?export=download&amp;id=1mBSWTbsLKnIh0VjY3V_N_4XSxRllGx8c\" target=\"_blank\" rel=\"noopener\"><button type=\"button\" class=\"btn btn-large btn-success\"><em class=\"fa fa-file-excel-o\"> Descargar Excel<\/em><\/button> <\/a> <a href=\"https:\/\/drive.google.com\/open?id=1mBSWTbsLKnIh0VjY3V_N_4XSxRllGx8c\" target=\"_blank\" rel=\"noopener\"> <button type=\"button\" class=\"btn btn-large btn-danger\"><em class=\"fa fa-eye\"> Ver Online<\/em><\/button> <\/a> <span style=\"padding-left: 20px;\"> <span class=\"fa fa-hand-o-left\"><\/span> Descargue y\/o visualice aqu\u00ed<\/span><\/p>\n<hr>\n<p>&nbsp;<\/p>\n<\/div>\n<\/article><\/div>\n<\/p><\/div>\n<p>[\/et_pb_text][\/et_pb_column][\/et_pb_row][\/et_pb_section]<\/p>\n","protected":false},"excerpt":{"rendered":"<p>II-A. Estructura Org\u00e1nica Completa El Sujeto Obligado incluir\u00e1 la estructura org\u00e1nica que da cuenta de la distribuci\u00f3n y orden de las funciones que se establecen para el cumplimiento de sus objetivos conforme a criterios de jerarqu\u00eda y especializaci\u00f3n, ordenados mediante los cat\u00e1logos de las \u00e1reas que integran el Sujeto Obligado; de tal forma que sea [&hellip;]<\/p>\n","protected":false},"author":1,"featured_media":0,"parent":0,"menu_order":0,"comment_status":"closed","ping_status":"closed","template":"","meta":{"_acf_changed":false,"_et_pb_use_builder":"on","_et_pb_old_content":"","_et_gb_content_width":"","inline_featured_image":false,"footnotes":""},"class_list":["post-1781","page","type-page","status-publish","hentry"],"acf":[],"_links":{"self":[{"href":"https:\/\/agec.campeche.gob.mx\/index.php?rest_route=\/wp\/v2\/pages\/1781","targetHints":{"allow":["GET"]}}],"collection":[{"href":"https:\/\/agec.campeche.gob.mx\/index.php?rest_route=\/wp\/v2\/pages"}],"about":[{"href":"https:\/\/agec.campeche.gob.mx\/index.php?rest_route=\/wp\/v2\/types\/page"}],"author":[{"embeddable":true,"href":"https:\/\/agec.campeche.gob.mx\/index.php?rest_route=\/wp\/v2\/users\/1"}],"replies":[{"embeddable":true,"href":"https:\/\/agec.campeche.gob.mx\/index.php?rest_route=%2Fwp%2Fv2%2Fcomments&post=1781"}],"version-history":[{"count":2,"href":"https:\/\/agec.campeche.gob.mx\/index.php?rest_route=\/wp\/v2\/pages\/1781\/revisions"}],"predecessor-version":[{"id":1783,"href":"https:\/\/agec.campeche.gob.mx\/index.php?rest_route=\/wp\/v2\/pages\/1781\/revisions\/1783"}],"wp:attachment":[{"href":"https:\/\/agec.campeche.gob.mx\/index.php?rest_route=%2Fwp%2Fv2%2Fmedia&parent=1781"}],"curies":[{"name":"wp","href":"https:\/\/api.w.org\/{rel}","templated":true}]}}