{"id":1808,"date":"2023-12-04T14:17:40","date_gmt":"2023-12-04T20:17:40","guid":{"rendered":"https:\/\/agec.campeche.gob.mx\/?page_id=1808"},"modified":"2024-03-01T13:23:08","modified_gmt":"2024-03-01T19:23:08","slug":"fraccion-iv","status":"publish","type":"page","link":"https:\/\/agec.campeche.gob.mx\/?page_id=1808","title":{"rendered":"Fraccion IV"},"content":{"rendered":"<p>[et_pb_section fb_built=&#8221;1&#8243; _builder_version=&#8221;4.22.1&#8243; _module_preset=&#8221;default&#8221; custom_padding=&#8221;||0px|||&#8221; global_colors_info=&#8221;{}&#8221;][et_pb_row _builder_version=&#8221;4.22.1&#8243; _module_preset=&#8221;default&#8221; global_colors_info=&#8221;{}&#8221;][et_pb_column type=&#8221;4_4&#8243; _builder_version=&#8221;4.22.1&#8243; _module_preset=&#8221;default&#8221; global_colors_info=&#8221;{}&#8221;][et_pb_text _builder_version=&#8221;4.22.1&#8243; _module_preset=&#8221;default&#8221; global_colors_info=&#8221;{}&#8221;]<\/p>\n<h1><span>IV. Las Metas y Objetivos de las \u00c1reas de conformidad con sus Programas Operativos<\/span><\/h1>\n<div><\/div>\n<p>[\/et_pb_text][et_pb_text _builder_version=&#8221;4.22.1&#8243; _module_preset=&#8221;default&#8221; text_text_color=&#8221;#000000&#8243; global_colors_info=&#8221;{}&#8221;]<\/p>\n<p style=\"text-align: justify;\"><span>Para el cumplimiento de esta fracci\u00f3n se deber\u00e1 entender como meta la cuantificaci\u00f3n y\/o expresi\u00f3n num\u00e9rica del o los objetivos y\/o indicadores que planea o busca alcanzar el Sujeto Obligado a trav\u00e9s de cada una de las \u00c1reas o Unidades responsables ejecutoras del gasto o concentradoras que consoliden las actividades, seg\u00fan corresponda, en el tiempo especificado y con los recursos necesarios en los t\u00e9rminos de la normatividad que le sea aplicable.<\/span><\/p>\n<p>[\/et_pb_text][et_pb_tabs _builder_version=&#8221;4.22.1&#8243; _module_preset=&#8221;default&#8221; global_colors_info=&#8221;{}&#8221;][et_pb_tab title=&#8221;2021&#8243; _builder_version=&#8221;4.22.1&#8243; _module_preset=&#8221;default&#8221; global_colors_info=&#8221;{}&#8221;]<\/p>\n<div id=\"21\" class=\"tab-pane active\">\n<p style=\"text-align: justify;\"><span class=\"fa fa-refresh\" style=\"font-family: arial, helvetica, sans-serif; color: #000000;\"> Periodo de Actualizaci\u00f3n:<strong>\u00a0Anual<\/strong><\/span><br \/><span class=\"fa fa-calendar\" style=\"font-family: arial, helvetica, sans-serif; color: #000000;\"> Fecha de Actualizaci\u00f3n: <strong>07\/04\/2021<\/strong><\/span><br \/><span class=\"fa fa-calendar\" style=\"font-family: arial, helvetica, sans-serif; color: #000000;\"> Fecha de Validaci\u00f3n: <strong>07\/04\/2021<\/strong><\/span><br \/><span class=\"fa fa-pencil-square-o\" style=\"font-family: arial, helvetica, sans-serif; color: #000000;\"> Unidad(es) Administrativa(s) que genera(n) o posee(n) la Informaci\u00f3n:\u00a0<\/span><span style=\"font-family: arial, helvetica, sans-serif; color: #000000;\"><strong>\u00c1reas y\/o Coordinaciones Administrativas de: SEGOB, CESP, COESPO, IET, AGEC, SIPINNA, COMBUSPERCAM.<\/strong><\/span><\/p>\n<hr \/>\n<p><a href=\"https:\/\/drive.google.com\/uc?export=download&amp;id=15DAmnC1HiGt7wTPNRVqxM7NSWZZoJbzQ\" target=\"_blank\" rel=\"noopener noreferrer\"><button type=\"button\" class=\"btn btn-large btn-success\"><em class=\"fa fa-file-excel-o\"> Descargar Excel<\/em><\/button> <\/a> <a href=\"https:\/\/drive.google.com\/open?id=15DAmnC1HiGt7wTPNRVqxM7NSWZZoJbzQ\" target=\"_blank\" rel=\"noopener noreferrer\"> <button type=\"button\" class=\"btn btn-large btn-danger\"><em class=\"fa fa-eye\"> Ver Online<\/em><\/button> <\/a> <span style=\"padding-left: 20px;\"> <span class=\"fa fa-hand-o-left\"><\/span> Descargue y\/o visualice aqu\u00ed<\/span><\/p>\n<hr \/>\n<\/div>\n<p>[\/et_pb_tab][et_pb_tab title=&#8221;2020&#8243; _builder_version=&#8221;4.22.1&#8243; _module_preset=&#8221;default&#8221; global_colors_info=&#8221;{}&#8221;]<\/p>\n<div id=\"20\" class=\"tab-pane active\">\n<p style=\"text-align: justify;\"><span class=\"fa fa-refresh\" style=\"font-family: arial, helvetica, sans-serif; color: #000000;\"> Periodo de Actualizaci\u00f3n:<strong>\u00a0Anual<\/strong><\/span><br \/><span class=\"fa fa-calendar\" style=\"font-family: arial, helvetica, sans-serif; color: #000000;\"> Fecha de Actualizaci\u00f3n: <strong>08\/04\/2020<\/strong><\/span><br \/><span class=\"fa fa-calendar\" style=\"font-family: arial, helvetica, sans-serif; color: #000000;\"> Fecha de Validaci\u00f3n: <strong>08\/04\/2020<\/strong><\/span><br \/><span class=\"fa fa-pencil-square-o\" style=\"font-family: arial, helvetica, sans-serif; color: #000000;\"> Unidad(es) Administrativa(s) que genera(n) o posee(n) la Informaci\u00f3n:\u00a0<\/span><span style=\"font-family: arial, helvetica, sans-serif; color: #000000;\"><strong>\u00c1reas y\/o Coordinaciones Administrativas de: SEGOB, CESP, COESPO, IET, AGEC Y SIPINNA.<\/strong><\/span><\/p>\n<hr \/>\n<p><a href=\"https:\/\/drive.google.com\/uc?export=download&amp;id=1uMLYonC19dA9tk18cSOTJw2kWV0g-qr2\" target=\"_blank\" rel=\"noopener noreferrer\"><button type=\"button\" class=\"btn btn-large btn-success\"><em class=\"fa fa-file-excel-o\"> Descargar Excel<\/em><\/button> <\/a> <a href=\"https:\/\/drive.google.com\/open?id=1uMLYonC19dA9tk18cSOTJw2kWV0g-qr2\" target=\"_blank\" rel=\"noopener noreferrer\"> <button type=\"button\" class=\"btn btn-large btn-danger\"><em class=\"fa fa-eye\"> Ver Online<\/em><\/button> <\/a> <span style=\"padding-left: 20px;\"> <span class=\"fa fa-hand-o-left\"><\/span> Descargue y\/o visualice aqu\u00ed<\/span><\/p>\n<hr \/>\n<\/div>\n<p>[\/et_pb_tab][et_pb_tab title=&#8221;2019&#8243; _builder_version=&#8221;4.22.1&#8243; _module_preset=&#8221;default&#8221; global_colors_info=&#8221;{}&#8221;]<\/p>\n<div id=\"19\" class=\"tab-pane active\">\n<p style=\"text-align: justify;\"><span class=\"fa fa-refresh\" style=\"font-family: arial, helvetica, sans-serif; color: #000000;\"> Periodo de actualizaci\u00f3n:<strong>\u00a0Anual<\/strong><\/span><br \/><span class=\"fa fa-calendar\" style=\"font-family: arial, helvetica, sans-serif; color: #000000;\"> Fecha de actualizaci\u00f3n: <strong>05\/04\/2019<\/strong><\/span><br \/><span class=\"fa fa-calendar\" style=\"font-family: arial, helvetica, sans-serif; color: #000000;\"> Fecha de validaci\u00f3n: <strong>05\/04\/2019<\/strong><\/span><br \/><span class=\"fa fa-pencil-square-o\" style=\"font-family: arial, helvetica, sans-serif; color: #000000;\"> Unidad(es) Administrativa(s) que genera(n) o posee(n) la informaci\u00f3n:\u00a0<\/span><span style=\"font-family: arial, helvetica, sans-serif; color: #000000;\"><strong>\u00c1reas y\/o Coordinaciones Administrativas de: SEGOB, CESP, COESPO, IET, AGEC Y SIPINNA.<\/strong><\/span><\/p>\n<hr \/>\n<p><a href=\"https:\/\/drive.google.com\/uc?export=download&amp;id=1yrtO0J42NGJsOVtWwXZTtsEa4KUNIpXu\" target=\"_blank\" rel=\"noopener noreferrer\"><button type=\"button\" class=\"btn btn-large btn-success\"><em class=\"fa fa-file-excel-o\"> Descargar Excel<\/em><\/button> <\/a> <a href=\"https:\/\/drive.google.com\/open?id=1yrtO0J42NGJsOVtWwXZTtsEa4KUNIpXu\" target=\"_blank\" rel=\"noopener noreferrer\"> <button type=\"button\" class=\"btn btn-large btn-danger\"><em class=\"fa fa-eye\"> Ver Online<\/em><\/button> <\/a> <span style=\"padding-left: 20px;\"> <span class=\"fa fa-hand-o-left\"><\/span> Descargue y\/o visualice aqu\u00ed<\/span><\/p>\n<hr \/>\n<\/div>\n<p>[\/et_pb_tab][et_pb_tab title=&#8221;2018&#8243; _builder_version=&#8221;4.22.1&#8243; _module_preset=&#8221;default&#8221; global_colors_info=&#8221;{}&#8221;]<\/p>\n<div id=\"18\" class=\"tab-pane active\">\n<p style=\"text-align: justify;\"><span class=\"fa fa-refresh\" style=\"font-family: arial, helvetica, sans-serif; color: #000000;\"> Per\u00edodo de Actualizaci\u00f3n:<strong>\u00a0Anual<\/strong><\/span><br \/><span class=\"fa fa-calendar\" style=\"font-family: arial, helvetica, sans-serif; color: #000000;\"> Fecha de Actualizaci\u00f3n:\u00a0<strong>06\/04\/2018<\/strong><\/span><br \/><span class=\"fa fa-calendar\" style=\"font-family: arial, helvetica, sans-serif; color: #000000;\"> Fecha de Validaci\u00f3n:\u00a0<strong>06\/04\/2018<\/strong><\/span><br \/><span class=\"fa fa-pencil-square-o\" style=\"font-family: arial, helvetica, sans-serif; color: #000000;\"> Unidad(es) Administrativa(s) que genera(n) o posee(n) la Informaci\u00f3n:\u00a0<\/span><span style=\"font-family: arial, helvetica, sans-serif; color: #000000;\"><strong>Archivo General del Estado de Campeche (AGEC)<\/strong><\/span><\/p>\n<hr \/>\n<p><a href=\"https:\/\/drive.google.com\/uc?export=download&amp;id=1Bwc5u0PatlMFNBtsKlbxRsfTKxnndPOs\" target=\"_blank\" rel=\"noopener noreferrer\"><button type=\"button\" class=\"btn btn-large btn-success\"><em class=\"fa fa-file-excel-o\"> Descargar Excel<\/em><\/button> <\/a> <a href=\"https:\/\/drive.google.com\/open?id=1Bwc5u0PatlMFNBtsKlbxRsfTKxnndPOs\" target=\"_blank\" rel=\"noopener noreferrer\"> <button type=\"button\" class=\"btn btn-large btn-danger\"><em class=\"fa fa-eye\"> Ver Online<\/em><\/button> <\/a> <span style=\"padding-left: 20px;\"> <span class=\"fa fa-hand-o-left\"><\/span> Descargue y\/o visualice aqu\u00ed<\/span><\/p>\n<hr \/>\n<\/div>\n<p>[\/et_pb_tab][et_pb_tab title=&#8221;2017&#8243; _builder_version=&#8221;4.22.1&#8243; _module_preset=&#8221;default&#8221; global_colors_info=&#8221;{}&#8221;]<\/p>\n<div id=\"17\" class=\"tab-pane active\">\n<p style=\"text-align: justify;\"><span class=\"fa fa-refresh\" style=\"font-family: arial, helvetica, sans-serif; color: #000000;\"> Per\u00edodo de Actualizaci\u00f3n:<strong>&nbsp;Anual<\/strong><\/span><br \/><span class=\"fa fa-calendar\" style=\"font-family: arial, helvetica, sans-serif; color: #000000;\"> Fecha de Actualizaci\u00f3n:&nbsp;<strong>12\/01\/2018<\/strong><\/span><br \/><span class=\"fa fa-calendar\" style=\"font-family: arial, helvetica, sans-serif; color: #000000;\"> Fecha de Validaci\u00f3n:&nbsp;<strong>12\/01\/2018<\/strong><\/span><br \/><span class=\"fa fa-pencil-square-o\" style=\"font-family: arial, helvetica, sans-serif; color: #000000;\"> Unidad(es) Administrativa(s) que genera(n) o posee(n) la Informaci\u00f3n:&nbsp;<\/span><span style=\"font-family: arial, helvetica, sans-serif; color: #000000;\"><strong>Archivo General del Estado de Campeche (AGEC)<\/strong><\/span><\/p>\n<hr>\n<p><a href=\"https:\/\/drive.google.com\/uc?export=download&amp;id=1zEyeSmXOx17vVEZpeSIdDorV3KSjr-Vk\" target=\"_blank\" rel=\"noopener noreferrer\"><button type=\"button\" class=\"btn btn-large btn-success\"><em class=\"fa fa-file-excel-o\"> Descargar Excel<\/em><\/button> <\/a> <a href=\"https:\/\/drive.google.com\/open?id=1zEyeSmXOx17vVEZpeSIdDorV3KSjr-Vk\" target=\"_blank\" rel=\"noopener noreferrer\"> <button type=\"button\" class=\"btn btn-large btn-danger\"><em class=\"fa fa-eye\"> Ver Online<\/em><\/button> <\/a> <span style=\"padding-left: 20px;\"> <span class=\"fa fa-hand-o-left\"><\/span> Descargue y\/o visualice aqu\u00ed<\/span><\/p>\n<hr>\n<\/div>\n<p>[\/et_pb_tab][\/et_pb_tabs][\/et_pb_column][\/et_pb_row][\/et_pb_section][et_pb_section fb_built=&#8221;1&#8243; _builder_version=&#8221;4.22.1&#8243; _module_preset=&#8221;default&#8221; custom_padding=&#8221;4px|||||&#8221; global_colors_info=&#8221;{}&#8221;][et_pb_row _builder_version=&#8221;4.22.1&#8243; _module_preset=&#8221;default&#8221; global_colors_info=&#8221;{}&#8221;][et_pb_column type=&#8221;4_4&#8243; _builder_version=&#8221;4.22.1&#8243; _module_preset=&#8221;default&#8221; global_colors_info=&#8221;{}&#8221;][et_pb_text _builder_version=&#8221;4.23.1&#8243; _module_preset=&#8221;default&#8221; hover_enabled=&#8221;0&#8243; global_colors_info=&#8221;{}&#8221; sticky_enabled=&#8221;0&#8243;]<\/p>\n<table class=\"table table-hover\" style=\"width: 100%; border: 1px solid #cecaca;\" align=\"center\">\n<thead>\n<tr style=\"border-width: 1px; border-color: #691c32; background-color: #bca986;\">\n<td colspan=\"2\" style=\"text-align: center;\"><span style=\"color: #ffffff;\"><strong>Sistema de Indicadores<\/strong><\/span><\/td>\n<\/tr>\n<tr style=\"border-width: 1px; border-color: #691c32; background-color: #bca986;\">\n<td style=\"text-align: center;\"><strong><span style=\"color: #ffffff;\">Descripci\u00f3n<\/span><\/strong><\/td>\n<td style=\"text-align: center;\"><span style=\"color: #ffffff;\"><strong>Sitio Web<\/strong><\/span><\/td>\n<\/tr>\n<\/thead>\n<tbody>\n<tr style=\"border-color: #cecaca; border-width: 1px;\" align=\"center\">\n<td style=\"border: 1px solid #cecaca; vertical-align: middle;\"><span style=\"color: #666666; font-family: Arial, Helvetica, sans-serif; font-size: 14px; text-align: center;\">Portal del Sistema de Indicadores<\/span><\/td>\n<td style=\"border: 1px solid #cecaca; text-align: center;\" align=\"center\" valign=\"middle\"><a href=\"http:\/\/www.sistemas.contraloria.campeche.gob.mx\/SEI\/Reportes\/wfReportes2016.aspx?anio=2018\" target=\"_blank\" rel=\"noopener noreferrer\" class=\"jcepopup noicon\" data-mediabox=\"1\"><span style=\"color: #808080;\"><img loading=\"lazy\" decoding=\"async\" src=\"https:\/\/agec.campeche.gob.mx\/wp-content\/uploads\/icon_1.png\" alt=\"icon 1\" width=\"38\" height=\"38\" \/><\/span><\/a><\/td>\n<\/tr>\n<\/tbody>\n<\/table>\n<p>[\/et_pb_text][et_pb_text _builder_version=&#8221;4.23.1&#8243; _module_preset=&#8221;default&#8221; hover_enabled=&#8221;0&#8243; global_colors_info=&#8221;{}&#8221; sticky_enabled=&#8221;0&#8243;]<\/p>\n<table class=\"table table-hover\" style=\"width: 100%; border: 1px solid #cecaca;\" align=\"center\">\n<thead>\n<tr style=\"border-width: 1px; border-color: #691c32; background-color: #bca986;\">\n<td colspan=\"2\" style=\"text-align: center;\"><span style=\"color: #ffffff;\"><strong>Sistema de Indicadores<\/strong><\/span><\/td>\n<\/tr>\n<tr style=\"border-width: 1px; border-color: #691c32; background-color: #bca986;\">\n<td style=\"text-align: center;\"><strong><span style=\"color: #ffffff;\">Descripci\u00f3n<\/span><\/strong><\/td>\n<td style=\"text-align: center;\"><span style=\"color: #ffffff;\"><strong>Sitio Web<\/strong><\/span><\/td>\n<\/tr>\n<\/thead>\n<tbody>\n<tr style=\"border-color: #cecaca; border-width: 1px;\" align=\"center\">\n<td style=\"border: 1px solid #cecaca; vertical-align: middle;\"><span style=\"color: #666666; font-family: Arial, Helvetica, sans-serif; font-size: 14px; text-align: center;\">Informe 2021<\/span><\/td>\n<td style=\"border: 1px solid #cecaca; text-align: center;\" align=\"center\" valign=\"middle\"><a href=\"http:\/\/www.sistemas.contraloria.campeche.gob.mx\/SEI\/Reportes\/wfReportes2016.aspx?anio=2021\" target=\"_blank\" rel=\"noopener noreferrer\" class=\"jcepopup noicon\" style=\"text-align: center;\" data-mediabox=\"1\"><span style=\"color: #808080;\"><img loading=\"lazy\" decoding=\"async\" src=\"https:\/\/agec.campeche.gob.mx\/wp-content\/uploads\/icon_1.png\" alt=\"icon 1\" width=\"38\" height=\"38\" \/><\/span><\/a><\/td>\n<\/tr>\n<tr style=\"border-color: #cecaca; border-width: 1px;\" align=\"center\">\n<td style=\"border: 1px solid #cecaca; vertical-align: middle;\"><span style=\"color: #666666; font-family: Arial, Helvetica, sans-serif; font-size: 14px; text-align: center;\">Informe 2020<\/span><\/td>\n<td style=\"border: 1px solid #cecaca; text-align: center;\" align=\"center\" valign=\"middle\"><a href=\"http:\/\/www.sistemas.contraloria.campeche.gob.mx\/SEI\/Reportes\/wfReportes2016.aspx?anio=2020#tab_c\" target=\"_blank\" rel=\"noopener noreferrer\" class=\"jcepopup noicon\" style=\"text-align: center;\" data-mediabox=\"1\"><span style=\"color: #808080;\"><img loading=\"lazy\" decoding=\"async\" src=\"https:\/\/agec.campeche.gob.mx\/wp-content\/uploads\/icon_1.png\" alt=\"icon 1\" width=\"38\" height=\"38\" \/><\/span><\/a><\/td>\n<\/tr>\n<tr style=\"border-color: #cecaca; border-width: 1px;\" align=\"center\">\n<td style=\"border: 1px solid #cecaca; vertical-align: middle;\"><span style=\"color: #666666; font-family: Arial, Helvetica, sans-serif; font-size: 14px; text-align: center;\">Informe 2019<\/span><\/td>\n<td style=\"border: 1px solid #cecaca; text-align: center;\" align=\"center\" valign=\"middle\"><a href=\"http:\/\/www.sistemas.contraloria.campeche.gob.mx\/SEI\/Reportes\/wfReportes2016.aspx?anio=2019#tab_c\" target=\"_blank\" rel=\"noopener noreferrer\" class=\"jcepopup noicon\" style=\"text-align: center;\" data-mediabox=\"1\"><span style=\"color: #808080;\"><img loading=\"lazy\" decoding=\"async\" src=\"https:\/\/agec.campeche.gob.mx\/wp-content\/uploads\/icon_1.png\" alt=\"icon 1\" width=\"38\" height=\"38\" \/><\/span><\/a><\/td>\n<\/tr>\n<tr style=\"border-color: #cecaca; border-width: 1px;\" align=\"center\">\n<td style=\"border: 1px solid #cecaca; vertical-align: middle;\"><span style=\"color: #666666; font-family: Arial, Helvetica, sans-serif; font-size: 14px; text-align: center;\">Informe 2018<\/span><\/td>\n<td style=\"border: 1px solid #cecaca; text-align: center;\" align=\"center\" valign=\"middle\"><a href=\"http:\/\/www.sistemas.contraloria.campeche.gob.mx\/SEI\/Reportes\/wfReportes2016.aspx?anio=2018\" target=\"_blank\" rel=\"noopener noreferrer\" class=\"jcepopup noicon\" style=\"text-align: center;\" data-mediabox=\"1\"><span style=\"color: #808080;\"><img loading=\"lazy\" decoding=\"async\" src=\"https:\/\/agec.campeche.gob.mx\/wp-content\/uploads\/icon_1.png\" alt=\"icon 1\" width=\"38\" height=\"38\" \/><\/span><\/a><\/td>\n<\/tr>\n<tr style=\"border-color: #cecaca; border-width: 1px;\" align=\"center\">\n<td style=\"border: 1px solid #cecaca; vertical-align: middle;\"><span style=\"color: #666666; font-family: Arial, Helvetica, sans-serif; font-size: 14px; text-align: center;\">Informe 2017<\/span><\/td>\n<td style=\"border: 1px solid #cecaca; text-align: center;\" align=\"center\" valign=\"middle\"><a href=\"http:\/\/www.sistemas.contraloria.campeche.gob.mx\/SEI\/Reportes\/wfReportes2016.aspx?anio=2017\" target=\"_blank\" rel=\"noopener noreferrer\" class=\"jcepopup noicon\" data-mediabox=\"1\"><span style=\"color: #808080;\"><img loading=\"lazy\" decoding=\"async\" src=\"https:\/\/agec.campeche.gob.mx\/wp-content\/uploads\/icon_1.png\" alt=\"icon 1\" width=\"38\" height=\"38\" \/><\/span><\/a><\/td>\n<\/tr>\n<tr style=\"border-color: #cecaca; border-width: 1px;\" align=\"center\">\n<td style=\"border: 1px solid #cecaca; vertical-align: middle;\"><span style=\"color: #666666; font-family: Arial, Helvetica, sans-serif; font-size: 14px; text-align: center;\">Informe 2016<\/span><\/td>\n<td style=\"border: 1px solid #cecaca; text-align: center;\" align=\"center\" valign=\"middle\"><a href=\"http:\/\/www.sistemas.contraloria.campeche.gob.mx\/SEI\/Reportes\/wfReportes2016.aspx?anio=2016\" target=\"_blank\" rel=\"noopener noreferrer\" class=\"jcepopup noicon\" data-mediabox=\"1\"><span style=\"color: #808080;\"><img loading=\"lazy\" decoding=\"async\" src=\"https:\/\/agec.campeche.gob.mx\/wp-content\/uploads\/icon_1.png\" alt=\"icon 1\" width=\"38\" height=\"38\" \/><\/span><\/a><\/td>\n<\/tr>\n<\/tbody>\n<\/table>\n<p>[\/et_pb_text][\/et_pb_column][\/et_pb_row][\/et_pb_section]<\/p>\n","protected":false},"excerpt":{"rendered":"<p>IV. Las Metas y Objetivos de las \u00c1reas de conformidad con sus Programas Operativos Para el cumplimiento de esta fracci\u00f3n se deber\u00e1 entender como meta la cuantificaci\u00f3n y\/o expresi\u00f3n num\u00e9rica del o los objetivos y\/o indicadores que planea o busca alcanzar el Sujeto Obligado a trav\u00e9s de cada una de las \u00c1reas o Unidades responsables [&hellip;]<\/p>\n","protected":false},"author":1,"featured_media":0,"parent":0,"menu_order":0,"comment_status":"closed","ping_status":"closed","template":"","meta":{"_acf_changed":false,"_et_pb_use_builder":"on","_et_pb_old_content":"","_et_gb_content_width":"","inline_featured_image":false,"footnotes":""},"class_list":["post-1808","page","type-page","status-publish","hentry"],"acf":[],"_links":{"self":[{"href":"https:\/\/agec.campeche.gob.mx\/index.php?rest_route=\/wp\/v2\/pages\/1808","targetHints":{"allow":["GET"]}}],"collection":[{"href":"https:\/\/agec.campeche.gob.mx\/index.php?rest_route=\/wp\/v2\/pages"}],"about":[{"href":"https:\/\/agec.campeche.gob.mx\/index.php?rest_route=\/wp\/v2\/types\/page"}],"author":[{"embeddable":true,"href":"https:\/\/agec.campeche.gob.mx\/index.php?rest_route=\/wp\/v2\/users\/1"}],"replies":[{"embeddable":true,"href":"https:\/\/agec.campeche.gob.mx\/index.php?rest_route=%2Fwp%2Fv2%2Fcomments&post=1808"}],"version-history":[{"count":4,"href":"https:\/\/agec.campeche.gob.mx\/index.php?rest_route=\/wp\/v2\/pages\/1808\/revisions"}],"predecessor-version":[{"id":2651,"href":"https:\/\/agec.campeche.gob.mx\/index.php?rest_route=\/wp\/v2\/pages\/1808\/revisions\/2651"}],"wp:attachment":[{"href":"https:\/\/agec.campeche.gob.mx\/index.php?rest_route=%2Fwp%2Fv2%2Fmedia&parent=1808"}],"curies":[{"name":"wp","href":"https:\/\/api.w.org\/{rel}","templated":true}]}}