{"id":1815,"date":"2023-12-04T14:47:05","date_gmt":"2023-12-04T20:47:05","guid":{"rendered":"https:\/\/agec.campeche.gob.mx\/?page_id=1815"},"modified":"2023-12-04T14:47:05","modified_gmt":"2023-12-04T20:47:05","slug":"fraccion-v","status":"publish","type":"page","link":"https:\/\/agec.campeche.gob.mx\/?page_id=1815","title":{"rendered":"Fraccion V"},"content":{"rendered":"<p>[et_pb_section fb_built=&#8221;1&#8243; _builder_version=&#8221;4.22.1&#8243; _module_preset=&#8221;default&#8221; global_colors_info=&#8221;{}&#8221;][et_pb_row _builder_version=&#8221;4.22.1&#8243; _module_preset=&#8221;default&#8221; global_colors_info=&#8221;{}&#8221;][et_pb_column type=&#8221;4_4&#8243; _builder_version=&#8221;4.22.1&#8243; _module_preset=&#8221;default&#8221; global_colors_info=&#8221;{}&#8221;][et_pb_text _builder_version=&#8221;4.22.1&#8243; _module_preset=&#8221;default&#8221; global_colors_info=&#8221;{}&#8221;]<\/p>\n<h1><span>V. Los Indicadores relacionados con temas de Inter\u00e9s P\u00fablico o Trascendencia Social que conforme a sus funciones, deban establecer.<\/span><\/h1>\n<p>[\/et_pb_text][et_pb_text _builder_version=&#8221;4.22.1&#8243; _module_preset=&#8221;default&#8221; header_text_color=&#8221;#000000&#8243; global_colors_info=&#8221;{}&#8221;]<\/p>\n<p style=\"text-align: justify;\"><span>Se entiende por temas de Inter\u00e9s P\u00fablico o Trascendencia Social, de acuerdo con lo establecido en el Art\u00edculo 3, Fracci\u00f3n XII de la Ley General, aquellos temas que son relevantes o beneficiosos para la sociedad y cuya divulgaci\u00f3n resulta \u00fatil para que el p\u00fablico comprenda las actividades que llevan a cabo los Sujetos Obligados.<\/span><\/p>\n<p>[\/et_pb_text][et_pb_tabs _builder_version=&#8221;4.22.1&#8243; _module_preset=&#8221;default&#8221; global_colors_info=&#8221;{}&#8221;][et_pb_tab title=&#8221;2021&#8243; _builder_version=&#8221;4.22.1&#8243; _module_preset=&#8221;default&#8221; global_colors_info=&#8221;{}&#8221;]<\/p>\n<div id=\"21\" class=\"tab-pane active\">\n<p style=\"text-align: justify;\"><span class=\"fa fa-refresh\" style=\"font-family: arial, helvetica, sans-serif; color: #000000;\"> Periodo de Actualizaci\u00f3n:<strong>&nbsp;Trimestral<\/strong><\/span><br \/><span class=\"fa fa-calendar\" style=\"font-family: arial, helvetica, sans-serif; color: #000000;\"> Fecha de Actualizaci\u00f3n: <strong style=\"font-family: arial, helvetica, sans-serif;\">07\/01\/2022<\/strong><\/span><br \/><span class=\"fa fa-calendar\" style=\"font-family: arial, helvetica, sans-serif; color: #000000;\"> Fecha de Validaci\u00f3n: <strong style=\"font-family: arial, helvetica, sans-serif;\">07\/01\/2022<\/strong><\/span><br \/><span class=\"fa fa-pencil-square-o\" style=\"font-family: arial, helvetica, sans-serif; color: #000000;\"> Unidad(es) Administrativa(s) que genera(n) o posee(n) la Informaci\u00f3n:&nbsp;<\/span><span style=\"font-family: arial, helvetica, sans-serif; color: #000000;\"><strong>\u00c1reas y\/o Coordinaciones Administrativas de: SEGOB, CESP, COESPO, IET, AGEC, SIPINNA, COMBUSPERCAM.<\/strong><\/span><\/p>\n<hr>\n<p>&nbsp;<a href=\"https:\/\/drive.google.com\/uc?export=download&amp;id=1dfztiwgyOA02Ob7srNz3d5WxGXDu2Q5N\" target=\"_blank\" rel=\"noopener noreferrer\"><button type=\"button\" class=\"btn btn-large btn-success\"><em class=\"fa fa-file-excel-o\"> Descargar Excel<\/em><\/button> <\/a> <a href=\"https:\/\/drive.google.com\/open?id=1dfztiwgyOA02Ob7srNz3d5WxGXDu2Q5N\" target=\"_blank\" rel=\"noopener noreferrer\" class=\"jcepopup noicon\" data-mediabox=\"1\"> <button type=\"button\" class=\"btn btn-large btn-danger\"><em class=\"fa fa-eye\"> Ver Online<\/em><\/button> <\/a> <span style=\"padding-left: 20px;\"> <span class=\"fa fa-hand-o-left\"><\/span> Descargue y\/o visualice aqu\u00ed<\/span><\/p>\n<hr>\n<\/div>\n<p>[\/et_pb_tab][et_pb_tab title=&#8221;2020&#8243; _builder_version=&#8221;4.22.1&#8243; _module_preset=&#8221;default&#8221; global_colors_info=&#8221;{}&#8221;]<\/p>\n<div id=\"20\" class=\"tab-pane active\">\n<p style=\"text-align: justify;\"><span class=\"fa fa-refresh\" style=\"font-family: arial, helvetica, sans-serif; color: #000000;\"> Periodo de Actualizaci\u00f3n:<strong>\u00a0Trimestral<\/strong><\/span><br \/><span class=\"fa fa-calendar\" style=\"font-family: arial, helvetica, sans-serif; color: #000000;\"> Fecha de Actualizaci\u00f3n: <strong style=\"font-family: arial, helvetica, sans-serif;\">11\/01\/2021<\/strong><\/span><br \/><span class=\"fa fa-calendar\" style=\"font-family: arial, helvetica, sans-serif; color: #000000;\"> Fecha de Validaci\u00f3n: <strong style=\"font-family: arial, helvetica, sans-serif;\">11\/01\/2021<\/strong><\/span><br \/><span class=\"fa fa-pencil-square-o\" style=\"font-family: arial, helvetica, sans-serif; color: #000000;\"> Unidad(es) Administrativa(s) que genera(n) o posee(n) la Informaci\u00f3n:\u00a0<\/span><span style=\"font-family: arial, helvetica, sans-serif; color: #000000;\"><strong>\u00c1reas y\/o Coordinaciones Administrativas de: SEGOB, CESP, COESPO, IET, AGEC Y SIPINNA.<\/strong><\/span><\/p>\n<hr \/>\n<p>\u00a0<a href=\"https:\/\/drive.google.com\/uc?export=download&amp;id=1-2jlQ6JNdcbZFS--XMMNyt1FpGfgsFcS\" target=\"_blank\" rel=\"noopener noreferrer\"><button type=\"button\" class=\"btn btn-large btn-success\"><em class=\"fa fa-file-excel-o\"> Descargar Excel<\/em><\/button> <\/a> <a href=\"https:\/\/drive.google.com\/open?id=1-2jlQ6JNdcbZFS--XMMNyt1FpGfgsFcS\" target=\"_blank\" rel=\"noopener noreferrer\" class=\"jcepopup noicon\" data-mediabox=\"1\"> <button type=\"button\" class=\"btn btn-large btn-danger\"><em class=\"fa fa-eye\"> Ver Online<\/em><\/button> <\/a> <span style=\"padding-left: 20px;\"> <span class=\"fa fa-hand-o-left\"><\/span> Descargue y\/o visualice aqu\u00ed<\/span><\/p>\n<hr \/>\n<\/div>\n<p>[\/et_pb_tab][et_pb_tab title=&#8221;2019&#8243; _builder_version=&#8221;4.22.1&#8243; _module_preset=&#8221;default&#8221; global_colors_info=&#8221;{}&#8221;]<\/p>\n<div id=\"19\" class=\"tab-pane active\">\n<p style=\"text-align: justify;\"><span class=\"fa fa-refresh\" style=\"font-family: arial, helvetica, sans-serif; color: #000000;\"> Periodo de Actualizaci\u00f3n:<strong>&nbsp;Trimestral<\/strong><\/span><br \/><span class=\"fa fa-calendar\" style=\"font-family: arial, helvetica, sans-serif; color: #000000;\"> Fecha de Actualizaci\u00f3n: <strong style=\"font-family: arial, helvetica, sans-serif;\">10\/01\/2020<\/strong><\/span><br \/><span class=\"fa fa-calendar\" style=\"font-family: arial, helvetica, sans-serif; color: #000000;\"> Fecha de Validaci\u00f3n: <strong style=\"font-family: arial, helvetica, sans-serif;\">10\/01\/2020<\/strong><\/span><br \/><span class=\"fa fa-pencil-square-o\" style=\"font-family: arial, helvetica, sans-serif; color: #000000;\"> Unidad(es) Administrativa(s) que genera(n) o posee(n) la Informaci\u00f3n:&nbsp;<\/span><span style=\"font-family: arial, helvetica, sans-serif; color: #000000;\"><strong>\u00c1reas y\/o Coordinaciones Administrativas de: SEGOB, CESP, COESPO, IET, AGEC Y SIPINNA.<\/strong><\/span><\/p>\n<hr>\n<p>&nbsp;<a href=\"https:\/\/drive.google.com\/uc?export=download&amp;id=1ueU0MBSk2adtIOdZojSwbTb0lPKpJE5F\" target=\"_blank\" rel=\"noopener noreferrer\"><button type=\"button\" class=\"btn btn-large btn-success\"><em class=\"fa fa-file-excel-o\"> Descargar Excel<\/em><\/button> <\/a> <a href=\"https:\/\/drive.google.com\/open?id=1ueU0MBSk2adtIOdZojSwbTb0lPKpJE5F\" target=\"_blank\" rel=\"noopener noreferrer\" class=\"jcepopup noicon\" data-mediabox=\"1\"> <button type=\"button\" class=\"btn btn-large btn-danger\"><em class=\"fa fa-eye\"> Ver Online<\/em><\/button> <\/a> <span style=\"padding-left: 20px;\"> <span class=\"fa fa-hand-o-left\"><\/span> Descargue y\/o visualice aqu\u00ed<\/span><\/p>\n<hr>\n<\/div>\n<p>[\/et_pb_tab][et_pb_tab title=&#8221;2018&#8243; _builder_version=&#8221;4.22.1&#8243; _module_preset=&#8221;default&#8221; global_colors_info=&#8221;{}&#8221;]<\/p>\n<div id=\"18\" class=\"tab-pane active\">\n<p style=\"text-align: justify;\"><span class=\"fa fa-refresh\" style=\"font-family: arial, helvetica, sans-serif; color: #000000;\"> Per\u00edodo de Actualizaci\u00f3n: <strong>Trimestral<\/strong><\/span><br \/><span class=\"fa fa-calendar\" style=\"font-family: arial, helvetica, sans-serif; color: #000000;\"> Fecha de Actualizaci\u00f3n: <strong style=\"font-family: arial, helvetica, sans-serif;\">05\/04\/2019<\/strong><\/span><br \/><span class=\"fa fa-calendar\" style=\"font-family: arial, helvetica, sans-serif; color: #000000;\"> Fecha de Validaci\u00f3n: <strong style=\"font-family: arial, helvetica, sans-serif;\">05\/04\/2019<\/strong><\/span><br \/><span class=\"fa fa-pencil-square-o\" style=\"font-family: arial, helvetica, sans-serif; color: #000000;\"> Unidad(es) Administrativa(s) que genera(n) o posee(n) la Informaci\u00f3n:&nbsp;<\/span><span style=\"font-family: arial, helvetica, sans-serif; color: #000000;\"><strong>Archivo General del Estado de Campeche (AGEC)<\/strong><\/span><\/p>\n<hr>\n<p>&nbsp;<a href=\"https:\/\/drive.google.com\/uc?export=download&amp;id=15NMvK75dUowO1ag9VLkASxqSV3EApdja\" target=\"_blank\" rel=\"noopener\"><button type=\"button\" class=\"btn btn-large btn-success\"><em class=\"fa fa-file-excel-o\"> Descargar Excel<\/em><\/button> <\/a> <a href=\"https:\/\/drive.google.com\/open?id=15NMvK75dUowO1ag9VLkASxqSV3EApdja\" target=\"_blank\" class=\"jcepopup noicon\" rel=\"noopener noreferrer\"> <button type=\"button\" class=\"btn btn-large btn-danger\"><em class=\"fa fa-eye\"> Ver Online<\/em><\/button> <\/a> <span style=\"padding-left: 20px;\"> <span class=\"fa fa-hand-o-left\"><\/span> Descargue y\/o visualice aqu\u00ed<\/span><\/p>\n<hr>\n<\/div>\n<p>[\/et_pb_tab][et_pb_tab title=&#8221;2017&#8243; _builder_version=&#8221;4.22.1&#8243; _module_preset=&#8221;default&#8221; global_colors_info=&#8221;{}&#8221;]<\/p>\n<div id=\"17\" class=\"tab-pane active\">\n<p><span class=\"fa fa-refresh\" style=\"font-family: arial, helvetica, sans-serif; color: #333333;\"> Per\u00edodo de Actualizaci\u00f3n:&nbsp;<span style=\"color: #000000;\"><strong>Anual<\/strong><\/span><\/span><br \/><span class=\"fa fa-calendar\" style=\"font-family: arial, helvetica, sans-serif; color: #333333;\"> Fecha de Actualizaci\u00f3n: <span style=\"color: #000000;\"><strong>12\/01\/2018<\/strong><\/span><\/span><br \/><span class=\"fa fa-calendar\" style=\"font-family: arial, helvetica, sans-serif; color: #333333;\"> Fecha de Validaci\u00f3n:<strong>&nbsp;<span style=\"color: #000000;\">12\/01\/2018<\/span><\/strong><\/span><br \/><span class=\"fa fa-pencil-square-o\" style=\"font-family: arial, helvetica, sans-serif; color: #333333;\"> Unidad(es) Administrativa(s) que genera(n) o posee(n) la Informaci\u00f3n: <strong style=\"font-family: arial, helvetica, sans-serif; text-align: justify;\">Archivo General del Estado de Campeche (AGEC)<\/strong><\/span><\/p>\n<hr>\n<p>&nbsp;<a href=\"https:\/\/drive.google.com\/uc?export=download&amp;id=1MYGJw7Zmig4fP-gkBdaWBceYgbtz6wXv\" target=\"_blank\" rel=\"noopener\"><button type=\"button\" class=\"btn btn-large btn-success\"><em class=\"fa fa-file-excel-o\"> Descargar Excel<\/em><\/button> <\/a> <a href=\"https:\/\/drive.google.com\/open?id=1MYGJw7Zmig4fP-gkBdaWBceYgbtz6wXv\" target=\"_blank\" class=\"jcepopup noicon\" rel=\"noopener noreferrer\"> <button type=\"button\" class=\"btn btn-large btn-danger\"><em class=\"fa fa-eye\"> Ver Online<\/em><\/button> <\/a> <span style=\"padding-left: 20px;\"> <span class=\"fa fa-hand-o-left\"><\/span> Descargue y\/o visualice aqu\u00ed<\/span><\/p>\n<hr>\n<\/div>\n<p>[\/et_pb_tab][\/et_pb_tabs][\/et_pb_column][\/et_pb_row][\/et_pb_section]<\/p>\n","protected":false},"excerpt":{"rendered":"<p>V. Los Indicadores relacionados con temas de Inter\u00e9s P\u00fablico o Trascendencia Social que conforme a sus funciones, deban establecer.Se entiende por temas de Inter\u00e9s P\u00fablico o Trascendencia Social, de acuerdo con lo establecido en el Art\u00edculo 3, Fracci\u00f3n XII de la Ley General, aquellos temas que son relevantes o beneficiosos para la sociedad y cuya [&hellip;]<\/p>\n","protected":false},"author":1,"featured_media":0,"parent":0,"menu_order":0,"comment_status":"closed","ping_status":"closed","template":"","meta":{"_acf_changed":false,"_et_pb_use_builder":"on","_et_pb_old_content":"","_et_gb_content_width":"","inline_featured_image":false,"footnotes":""},"class_list":["post-1815","page","type-page","status-publish","hentry"],"acf":[],"_links":{"self":[{"href":"https:\/\/agec.campeche.gob.mx\/index.php?rest_route=\/wp\/v2\/pages\/1815","targetHints":{"allow":["GET"]}}],"collection":[{"href":"https:\/\/agec.campeche.gob.mx\/index.php?rest_route=\/wp\/v2\/pages"}],"about":[{"href":"https:\/\/agec.campeche.gob.mx\/index.php?rest_route=\/wp\/v2\/types\/page"}],"author":[{"embeddable":true,"href":"https:\/\/agec.campeche.gob.mx\/index.php?rest_route=\/wp\/v2\/users\/1"}],"replies":[{"embeddable":true,"href":"https:\/\/agec.campeche.gob.mx\/index.php?rest_route=%2Fwp%2Fv2%2Fcomments&post=1815"}],"version-history":[{"count":3,"href":"https:\/\/agec.campeche.gob.mx\/index.php?rest_route=\/wp\/v2\/pages\/1815\/revisions"}],"predecessor-version":[{"id":1819,"href":"https:\/\/agec.campeche.gob.mx\/index.php?rest_route=\/wp\/v2\/pages\/1815\/revisions\/1819"}],"wp:attachment":[{"href":"https:\/\/agec.campeche.gob.mx\/index.php?rest_route=%2Fwp%2Fv2%2Fmedia&parent=1815"}],"curies":[{"name":"wp","href":"https:\/\/api.w.org\/{rel}","templated":true}]}}