{"id":1822,"date":"2023-12-04T15:18:59","date_gmt":"2023-12-04T21:18:59","guid":{"rendered":"https:\/\/agec.campeche.gob.mx\/?page_id=1822"},"modified":"2024-03-01T13:23:45","modified_gmt":"2024-03-01T19:23:45","slug":"fraccion-vi","status":"publish","type":"page","link":"https:\/\/agec.campeche.gob.mx\/?page_id=1822","title":{"rendered":"Fraccion VI"},"content":{"rendered":"<p>[et_pb_section fb_built=&#8221;1&#8243; _builder_version=&#8221;4.22.1&#8243; _module_preset=&#8221;default&#8221; global_colors_info=&#8221;{}&#8221;][et_pb_row _builder_version=&#8221;4.22.1&#8243; _module_preset=&#8221;default&#8221; global_colors_info=&#8221;{}&#8221;][et_pb_column type=&#8221;4_4&#8243; _builder_version=&#8221;4.22.1&#8243; _module_preset=&#8221;default&#8221; global_colors_info=&#8221;{}&#8221;][et_pb_text _builder_version=&#8221;4.22.1&#8243; _module_preset=&#8221;default&#8221; global_colors_info=&#8221;{}&#8221;]<\/p>\n<h1><span>VI. Los Indicadores que permitan rendir cuenta de sus Objetivos y Resultados.<\/span><\/h1>\n<p>[\/et_pb_text][et_pb_text _builder_version=&#8221;4.22.1&#8243; _module_preset=&#8221;default&#8221; text_text_color=&#8221;#000000&#8243; global_colors_info=&#8221;{}&#8221;]<\/p>\n<p style=\"text-align: justify;\"><span>Los Sujetos Obligados que se regulen por la Ley General de Contabilidad Gubernamental asi\u0301 como por las disposiciones que emita el Consejo Nacional de Armonizaci\u00f3n Contable publicar\u00e1n la informaci\u00f3n de los Indicadores de Desempe\u00f1o observando lo establecido en los\u00a0<em>Lineamientos para la Construcci\u00f3n y Dise\u00f1o de Indicadores de Desempe\u00f1o mediante la Metodolog\u00eda de Marco L\u00f3gico<\/em> emitidos por el Consejo antes citado, publicados en el Diario Oficial de la Federaci\u00f3n el 16 de Mayo de 2013 o sus subsecuentes modificaciones y podr\u00e1n hacer uso de las Gu\u00edas para la construcci\u00f3n de la MIR y para el Dise\u00f1o de Indicadores que se encuentran disponibles en las p\u00e1ginas de Internet de la Secretar\u00eda de Hacienda y Cr\u00e9dito P\u00fablico y el CONEVAL.<\/span><\/p>\n<div class=\"tabbable\"><\/div>\n<p>[\/et_pb_text][et_pb_tabs _builder_version=&#8221;4.22.1&#8243; _module_preset=&#8221;default&#8221; global_colors_info=&#8221;{}&#8221;][et_pb_tab title=&#8221;2021&#8243; _builder_version=&#8221;4.22.1&#8243; _module_preset=&#8221;default&#8221; global_colors_info=&#8221;{}&#8221;]<\/p>\n<div id=\"21\" class=\"tab-pane active\">\n<p style=\"text-align: justify;\"><span class=\"fa fa-refresh\" style=\"font-family: arial, helvetica, sans-serif; color: #000000;\"> Per\u00edodo de Actualizaci\u00f3n:<strong>\u00a0Trimestral<\/strong><\/span><br \/><span class=\"fa fa-calendar\" style=\"font-family: arial, helvetica, sans-serif; color: #000000;\"> Fecha de Actualizaci\u00f3n: <strong style=\"font-family: arial, helvetica, sans-serif;\">07\/01\/2022<\/strong><\/span><br \/><span class=\"fa fa-calendar\" style=\"font-family: arial, helvetica, sans-serif; color: #000000;\"> Fecha de Validaci\u00f3n: <strong style=\"font-family: arial, helvetica, sans-serif;\">07\/01\/2022<\/strong><\/span><br \/><span class=\"fa fa-pencil-square-o\" style=\"font-family: arial, helvetica, sans-serif; color: #000000;\"> Unidad(es) Administrativa(s) que genera(n) o posee(n) la Informaci\u00f3n:\u00a0<\/span><span style=\"font-family: arial, helvetica, sans-serif; color: #000000;\"><strong>\u00c1reas y\/o Coordinaciones Administrativas de: SEGOB, CESP, COESPO, IET, AGEC, SIPINNA, COMBUSPERCAM.<\/strong><\/span><\/p>\n<hr \/>\n<p>\u00a0<a href=\"https:\/\/drive.google.com\/uc?export=download&amp;id=1-fs9LhYl6-pjzi7BjXTdtMRYcWU18e0X\" target=\"_blank\" rel=\"noopener noreferrer\"><button type=\"button\" class=\"btn btn-large btn-success\"><em class=\"fa fa-file-excel-o\"> Descargar Excel<\/em><\/button> <\/a> <a href=\"https:\/\/drive.google.com\/open?id=1-fs9LhYl6-pjzi7BjXTdtMRYcWU18e0X\" target=\"_blank\" rel=\"noopener noreferrer\"> <button type=\"button\" class=\"btn btn-large btn-danger\"><em class=\"fa fa-eye\"> Ver Online<\/em><\/button> <\/a> <span style=\"padding-left: 20px;\"> <span class=\"fa fa-hand-o-left\"><\/span> Descargue y\/o visualice aqu\u00ed<\/span><\/p>\n<hr \/>\n<\/div>\n<p>[\/et_pb_tab][et_pb_tab title=&#8221;2020&#8243; _builder_version=&#8221;4.22.1&#8243; _module_preset=&#8221;default&#8221; global_colors_info=&#8221;{}&#8221;]<\/p>\n<div id=\"20\" class=\"tab-pane active\">\n<p style=\"text-align: justify;\"><span class=\"fa fa-refresh\" style=\"font-family: arial, helvetica, sans-serif; color: #000000;\"> Per\u00edodo de Actualizaci\u00f3n:<strong>&nbsp;Trimestral<\/strong><\/span><br \/><span class=\"fa fa-calendar\" style=\"font-family: arial, helvetica, sans-serif; color: #000000;\"> Fecha de Actualizaci\u00f3n: <strong style=\"font-family: arial, helvetica, sans-serif;\">11\/01\/2021<\/strong><\/span><br \/><span class=\"fa fa-calendar\" style=\"font-family: arial, helvetica, sans-serif; color: #000000;\"> Fecha de Validaci\u00f3n: <strong style=\"font-family: arial, helvetica, sans-serif;\">11\/01\/2021<\/strong><\/span><br \/><span class=\"fa fa-pencil-square-o\" style=\"font-family: arial, helvetica, sans-serif; color: #000000;\"> Unidad(es) Administrativa(s) que genera(n) o posee(n) la Informaci\u00f3n:&nbsp;<\/span><span style=\"font-family: arial, helvetica, sans-serif; color: #000000;\"><strong>\u00c1reas y\/o Coordinaciones Administrativas de: SEGOB, CESP, COESPO, IET, AGEC, SIPINNA.<\/strong><\/span><\/p>\n<hr>\n<p>&nbsp;<a href=\"https:\/\/drive.google.com\/uc?export=download&amp;id=1gqZHj46rmSZ4QyGOVUg1BkmStEE0O82x\" target=\"_blank\" rel=\"noopener noreferrer\"><button type=\"button\" class=\"btn btn-large btn-success\"><em class=\"fa fa-file-excel-o\"> Descargar Excel<\/em><\/button> <\/a> <a href=\"https:\/\/drive.google.com\/open?id=1gqZHj46rmSZ4QyGOVUg1BkmStEE0O82x\" target=\"_blank\" rel=\"noopener noreferrer\"> <button type=\"button\" class=\"btn btn-large btn-danger\"><em class=\"fa fa-eye\"> Ver Online<\/em><\/button> <\/a> <span style=\"padding-left: 20px;\"> <span class=\"fa fa-hand-o-left\"><\/span> Descargue y\/o visualice aqu\u00ed<\/span><\/p>\n<hr>\n<\/div>\n<p>[\/et_pb_tab][et_pb_tab title=&#8221;2019&#8243; _builder_version=&#8221;4.22.1&#8243; _module_preset=&#8221;default&#8221; global_colors_info=&#8221;{}&#8221;]<\/p>\n<div id=\"19\" class=\"tab-pane\">\n<p style=\"text-align: justify;\"><span class=\"fa fa-refresh\" style=\"font-family: arial, helvetica, sans-serif; color: #000000;\"> Per\u00edodo de Actualizaci\u00f3n:<strong>&nbsp;Trimestral<\/strong><\/span><br \/><span class=\"fa fa-calendar\" style=\"font-family: arial, helvetica, sans-serif; color: #000000;\"> Fecha de Actualizaci\u00f3n: <strong style=\"font-family: arial, helvetica, sans-serif;\">10\/01\/2020<\/strong><\/span><br \/><span class=\"fa fa-calendar\" style=\"font-family: arial, helvetica, sans-serif; color: #000000;\"> Fecha de Validaci\u00f3n: <strong style=\"font-family: arial, helvetica, sans-serif;\">10\/01\/2020<\/strong><\/span><br \/><span class=\"fa fa-pencil-square-o\" style=\"font-family: arial, helvetica, sans-serif; color: #000000;\"> Unidad(es) Administrativa(s) que genera(n) o posee(n) la Informaci\u00f3n:&nbsp;<\/span><span style=\"font-family: arial, helvetica, sans-serif; color: #000000;\"><strong>\u00c1reas y\/o Coordinaciones Administrativas de: SEGOB, CESP, COESPO, IET, AGEC, SIPINNA.<\/strong><\/span><\/p>\n<hr>\n<p>&nbsp;<a href=\"https:\/\/drive.google.com\/uc?export=download&amp;id=1LnkQcIIlcR5UOot9V809CC1YlbgAmL64\" target=\"_blank\" rel=\"noopener noreferrer\"><button type=\"button\" class=\"btn btn-large btn-success\"><em class=\"fa fa-file-excel-o\"> Descargar Excel<\/em><\/button> <\/a> <a href=\"https:\/\/drive.google.com\/open?id=1LnkQcIIlcR5UOot9V809CC1YlbgAmL64\" target=\"_blank\" rel=\"noopener noreferrer\"> <button type=\"button\" class=\"btn btn-large btn-danger\"><em class=\"fa fa-eye\"> Ver Online<\/em><\/button> <\/a> <span style=\"padding-left: 20px;\"> <span class=\"fa fa-hand-o-left\"><\/span> Descargue y\/o visualice aqu\u00ed<\/span><\/p>\n<hr>\n<\/div>\n<p>[\/et_pb_tab][et_pb_tab title=&#8221;2018&#8243; _builder_version=&#8221;4.22.1&#8243; _module_preset=&#8221;default&#8221; global_colors_info=&#8221;{}&#8221;]<\/p>\n<div id=\"18\" class=\"tab-pane\">\n<p><span class=\"fa fa-refresh\" style=\"font-family: arial, helvetica, sans-serif; color: #333333;\"> Per\u00edodo de Actualizaci\u00f3n:&nbsp;<span style=\"color: #000000;\"><strong>Trimestral<\/strong><\/span><\/span><br \/><span class=\"fa fa-calendar\" style=\"font-family: arial, helvetica, sans-serif; color: #333333;\"> Fecha de Actualizaci\u00f3n: <strong style=\"font-family: arial, helvetica, sans-serif;\">05\/04\/2019<\/strong><\/span><br \/><span class=\"fa fa-calendar\" style=\"font-family: arial, helvetica, sans-serif; color: #333333;\"> Fecha de Validaci\u00f3n:<strong> <strong style=\"font-family: arial, helvetica, sans-serif;\">05\/04\/2019<\/strong><\/strong><\/span><br \/><span class=\"fa fa-pencil-square-o\" style=\"font-family: arial, helvetica, sans-serif; color: #333333;\"> Unidad(es) Administrativa(s) que genera(n) o posee(n) la Informaci\u00f3n:&nbsp;<\/span><span style=\"color: #000000;\"><strong><span style=\"font-family: arial, helvetica, sans-serif;\">Archivo General del Estado de Campeche (AGEC)<\/span><\/strong><\/span><span style=\"font-size: 8pt; line-height: 107%; font-family: 'Open Sans', serif;\"><\/span><\/p>\n<hr>\n<p>&nbsp;<a href=\"https:\/\/drive.google.com\/uc?export=download&amp;id=1fIieHBTdMJG8Mvc3yTfx-j_BhA3bHkBR\" target=\"_blank\" rel=\"noopener noreferrer\"><button type=\"button\" class=\"btn btn-large btn-success\"><em class=\"fa fa-file-excel-o\"> Descargar Excel<\/em><\/button> <\/a> <a href=\"https:\/\/drive.google.com\/open?id=1fIieHBTdMJG8Mvc3yTfx-j_BhA3bHkBR\" target=\"_blank\" rel=\"noopener noreferrer\"> <button type=\"button\" class=\"btn btn-large btn-danger\"><em class=\"fa fa-eye\"> Ver Online<\/em><\/button> <\/a> <span style=\"padding-left: 20px;\"> <span class=\"fa fa-hand-o-left\"><\/span> Descargue y\/o visualice aqu\u00ed<\/span><\/p>\n<hr>\n<\/div>\n<p>[\/et_pb_tab][et_pb_tab title=&#8221;2017&#8243; _builder_version=&#8221;4.22.1&#8243; _module_preset=&#8221;default&#8221; global_colors_info=&#8221;{}&#8221;]<\/p>\n<div id=\"17\" class=\"tab-pane\">\n<p><span class=\"fa fa-refresh\" style=\"font-family: arial, helvetica, sans-serif; color: #000000;\"> Per\u00edodo de Actualizaci\u00f3n: <strong>Anual<\/strong><\/span><br \/><span class=\"fa fa-calendar\" style=\"font-family: arial, helvetica, sans-serif; color: #000000;\"> Fecha de Actualizaci\u00f3n: <strong>12\/01\/2018<\/strong><\/span><br \/><span class=\"fa fa-calendar\" style=\"font-family: arial, helvetica, sans-serif; color: #000000;\"> Fecha de Validaci\u00f3n:&nbsp;<strong>12\/01\/2018<\/strong><\/span><br \/><span class=\"fa fa-pencil-square-o\" style=\"font-family: arial, helvetica, sans-serif; color: #000000;\"> Unidad(es) Administrativa(s) que genera(n) o posee(n) la Informaci\u00f3n: <span><strong><span style=\"font-family: arial, helvetica, sans-serif;\">Archivo General del Estado de Campeche (AGEC)<\/span><\/strong><\/span><span style=\"font-size: 8pt; line-height: 11.4133px; font-family: 'Open Sans', serif;\"><\/span><\/span><span style=\"font-size: 8pt; line-height: 107%; font-family: 'Azo Sans Bold', serif;\"><\/span><span style=\"font-family: arial, helvetica, sans-serif; color: #000000;\"><\/span><\/p>\n<hr>\n<p>&nbsp;<a href=\"https:\/\/drive.google.com\/uc?export=download&amp;id=1m6IcSrsjPgqIo3voxW_iP9TGMoYWVHQ8\" target=\"_blank\" rel=\"noopener noreferrer\"><button type=\"button\" class=\"btn btn-large btn-success\"><em class=\"fa fa-file-excel-o\"> Descargar Excel<\/em><\/button> <\/a> <a href=\"https:\/\/drive.google.com\/open?id=1m6IcSrsjPgqIo3voxW_iP9TGMoYWVHQ8\" target=\"_blank\" rel=\"noopener noreferrer\" class=\"jcepopup noicon\" data-mediabox=\"1\"> <button type=\"button\" class=\"btn btn-large btn-danger\"><em class=\"fa fa-eye\"> Ver Online<\/em><\/button> <\/a> <span style=\"padding-left: 20px;\"> <span class=\"fa fa-hand-o-left\"><\/span> Descargue y\/o visualice aqu\u00ed<\/span><\/p>\n<hr>\n<\/div>\n<p>[\/et_pb_tab][\/et_pb_tabs][et_pb_text _builder_version=&#8221;4.23.1&#8243; _module_preset=&#8221;default&#8221; hover_enabled=&#8221;0&#8243; global_colors_info=&#8221;{}&#8221; sticky_enabled=&#8221;0&#8243;]<\/p>\n<table class=\"table table-hover\" style=\"width: 100%; border: 1px solid #cecaca;\" align=\"center\">\n<thead>\n<tr style=\"border-width: 1px; border-color: #691c32; background-color: #bca986;\">\n<td colspan=\"2\" style=\"text-align: center;\"><span style=\"color: #ffffff;\"><strong>Sistema de Indicadores<\/strong><\/span><\/td>\n<\/tr>\n<tr style=\"border-width: 1px; border-color: #691c32; background-color: #bca986;\">\n<td style=\"text-align: center;\"><strong><span style=\"color: #ffffff;\">Descripci\u00f3n<\/span><\/strong><\/td>\n<td style=\"text-align: center;\"><span style=\"color: #ffffff;\"><strong>Sitio Web<\/strong><\/span><\/td>\n<\/tr>\n<\/thead>\n<tbody>\n<tr style=\"border-color: #cecaca; border-width: 1px;\" align=\"center\">\n<td style=\"border: 1px solid #cecaca; vertical-align: middle;\"><span style=\"color: #666666; font-family: Arial, Helvetica, sans-serif; font-size: 14px; text-align: center;\">\u00a0Avances F\u00edsicos y Financieros de los Programas Presupuestarios<\/span><\/td>\n<td style=\"border: 1px solid #cecaca; text-align: center;\" align=\"center\" valign=\"middle\"><a href=\"http:\/\/www.sistemas.contraloria.campeche.gob.mx\/SEI\/Reportes\/wfReportes2016.aspx?anio=2018\" target=\"_blank\" rel=\"noopener noreferrer\" class=\"jcepopup noicon\" data-mediabox=\"1\"><span style=\"color: #808080;\"><img loading=\"lazy\" decoding=\"async\" src=\"https:\/\/agec.campeche.gob.mx\/wp-content\/uploads\/icon_1.png\" alt=\"icon 1\" width=\"38\" height=\"38\" \/><\/span><\/a><\/td>\n<\/tr>\n<\/tbody>\n<\/table>\n<p>[\/et_pb_text][et_pb_text _builder_version=&#8221;4.23.1&#8243; _module_preset=&#8221;default&#8221; hover_enabled=&#8221;0&#8243; global_colors_info=&#8221;{}&#8221; sticky_enabled=&#8221;0&#8243;]<\/p>\n<table class=\"table table-hover\" style=\"width: 100%; border: 1px solid #cecaca;\" align=\"center\">\n<thead>\n<tr style=\"border-width: 1px; border-color: #bca986; background-color: #bca986;\">\n<td colspan=\"2\" style=\"text-align: center;\"><span style=\"color: #ffffff;\"><strong>Sistema de Evaluacion de Indicadores<\/strong><\/span><\/td>\n<\/tr>\n<tr style=\"border-width: 1px; border-color: #bca986; background-color: #bca986;\">\n<td style=\"text-align: center;\"><strong><span style=\"color: #ffffff;\">Descripci\u00f3n<\/span><\/strong><\/td>\n<td style=\"text-align: center;\"><span style=\"color: #ffffff;\"><strong>Sitio Web<\/strong><\/span><\/td>\n<\/tr>\n<\/thead>\n<tbody>\n<tr style=\"border-color: #cecaca; border-width: 1px;\" align=\"center\">\n<td style=\"border: 1px solid #cecaca; vertical-align: middle;\"><span style=\"color: #666666; font-family: Arial, Helvetica, sans-serif; font-size: 14px; text-align: center;\">\u00a0Resultado de los Indicadores<\/span><\/td>\n<td style=\"border: 1px solid #cecaca; text-align: center;\" align=\"center\" valign=\"middle\"><a href=\"http:\/\/www.sistemas.contraloria.campeche.gob.mx\/SEI\/Reportes\/wfReportes2016.aspx?anio=2018\" target=\"_blank\" rel=\"noopener noreferrer\" class=\"jcepopup noicon\" data-mediabox=\"1\"><span style=\"color: #808080;\"><img loading=\"lazy\" decoding=\"async\" src=\"https:\/\/agec.campeche.gob.mx\/wp-content\/uploads\/icon_1.png\" alt=\"icon 1\" width=\"38\" height=\"38\" \/><\/span><\/a><\/td>\n<\/tr>\n<\/tbody>\n<\/table>\n<p>[\/et_pb_text][\/et_pb_column][\/et_pb_row][\/et_pb_section]<\/p>\n","protected":false},"excerpt":{"rendered":"<p>VI. Los Indicadores que permitan rendir cuenta de sus Objetivos y Resultados.Los Sujetos Obligados que se regulen por la Ley General de Contabilidad Gubernamental asi\u0301 como por las disposiciones que emita el Consejo Nacional de Armonizaci\u00f3n Contable publicar\u00e1n la informaci\u00f3n de los Indicadores de Desempe\u00f1o observando lo establecido en los\u00a0Lineamientos para la Construcci\u00f3n y Dise\u00f1o [&hellip;]<\/p>\n","protected":false},"author":1,"featured_media":0,"parent":0,"menu_order":0,"comment_status":"closed","ping_status":"closed","template":"","meta":{"_acf_changed":false,"_et_pb_use_builder":"on","_et_pb_old_content":"","_et_gb_content_width":"","inline_featured_image":false,"footnotes":""},"class_list":["post-1822","page","type-page","status-publish","hentry"],"acf":[],"_links":{"self":[{"href":"https:\/\/agec.campeche.gob.mx\/index.php?rest_route=\/wp\/v2\/pages\/1822","targetHints":{"allow":["GET"]}}],"collection":[{"href":"https:\/\/agec.campeche.gob.mx\/index.php?rest_route=\/wp\/v2\/pages"}],"about":[{"href":"https:\/\/agec.campeche.gob.mx\/index.php?rest_route=\/wp\/v2\/types\/page"}],"author":[{"embeddable":true,"href":"https:\/\/agec.campeche.gob.mx\/index.php?rest_route=\/wp\/v2\/users\/1"}],"replies":[{"embeddable":true,"href":"https:\/\/agec.campeche.gob.mx\/index.php?rest_route=%2Fwp%2Fv2%2Fcomments&post=1822"}],"version-history":[{"count":9,"href":"https:\/\/agec.campeche.gob.mx\/index.php?rest_route=\/wp\/v2\/pages\/1822\/revisions"}],"predecessor-version":[{"id":2652,"href":"https:\/\/agec.campeche.gob.mx\/index.php?rest_route=\/wp\/v2\/pages\/1822\/revisions\/2652"}],"wp:attachment":[{"href":"https:\/\/agec.campeche.gob.mx\/index.php?rest_route=%2Fwp%2Fv2%2Fmedia&parent=1822"}],"curies":[{"name":"wp","href":"https:\/\/api.w.org\/{rel}","templated":true}]}}