{"id":1870,"date":"2024-01-15T12:52:49","date_gmt":"2024-01-15T18:52:49","guid":{"rendered":"https:\/\/agec.campeche.gob.mx\/?page_id=1870"},"modified":"2025-08-08T12:17:03","modified_gmt":"2025-08-08T18:17:03","slug":"obligaciones-especificas","status":"publish","type":"page","link":"https:\/\/agec.campeche.gob.mx\/?page_id=1870","title":{"rendered":"Obligaciones Especif\u00edcas"},"content":{"rendered":"<p>[et_pb_section fb_built=&#8221;1&#8243; _builder_version=&#8221;4.23.1&#8243; _module_preset=&#8221;default&#8221; global_colors_info=&#8221;{}&#8221;][et_pb_row _builder_version=&#8221;4.23.1&#8243; _module_preset=&#8221;default&#8221; global_colors_info=&#8221;{}&#8221;][et_pb_column type=&#8221;4_4&#8243; _builder_version=&#8221;4.23.1&#8243; _module_preset=&#8221;default&#8221; global_colors_info=&#8221;{}&#8221;][et_pb_text _builder_version=&#8221;4.23.1&#8243; _module_preset=&#8221;default&#8221; text_text_color=&#8221;#691C32&#8243; header_text_color=&#8221;#691C32&#8243; global_colors_info=&#8221;{}&#8221;]<\/p>\n<h1 style=\"text-align: justify;\"><span>Obligaciones Espec\u00edficas del Archivo General del Estado de Campeche\u00a0<\/span><\/h1>\n<p>[\/et_pb_text][et_pb_text _builder_version=&#8221;4.23.1&#8243; _module_preset=&#8221;default&#8221; text_text_color=&#8221;#000000&#8243; global_colors_info=&#8221;{}&#8221;]<\/p>\n<p style=\"text-align: justify;\"><span>Constituyen la informaci\u00f3n que producen s\u00f3lo determinados Sujetos Obligados a partir de su figura Legal, Atribuciones, Facultades y\/o su Objeto Social. Adem\u00e1s de lo se\u00f1alado en el Articulo anterior de la presente Ley, los Sujetos Obligados del Poder Ejecutivo del Estado deberan poner a disposici\u00f3n del p\u00fablico y actualizar la siguiente informaci\u00f3n:<\/span><\/p>\n<p>[\/et_pb_text][et_pb_text _builder_version=&#8221;4.27.4&#8243; _module_preset=&#8221;default&#8221; hover_enabled=&#8221;0&#8243; global_colors_info=&#8221;{}&#8221; sticky_enabled=&#8221;0&#8243;]<\/p>\n<table class=\"table table-hover\" style=\"width: 100%; border: 1px solid #cecaca;\" align=\"center\">\n<thead>\n<tr style=\"border-width: 1px; border-color: #691C32; background-color: #691c32;\">\n<td style=\"text-align: center;\"><span style=\"color: #ffffff; font-size: 10pt; font-family: arial, helvetica, sans-serif;\"><strong>Fracci\u00f3n<\/strong><\/span><\/td>\n<td style=\"text-align: center;\"><span style=\"color: #ffffff; font-size: 10pt; font-family: arial, helvetica, sans-serif;\"><strong>Inciso<\/strong><\/span><\/td>\n<td style=\"text-align: center;\"><span style=\"color: #ffffff; font-size: 10pt; font-family: arial, helvetica, sans-serif;\"><strong>Obligaci\u00f3n<\/strong><\/span><\/td>\n<td style=\"text-align: center;\">\u00a0<span style=\"color: #ffffff; font-size: 10pt; font-family: arial, helvetica, sans-serif;\"><strong>Aplicabilidad<\/strong><\/span><\/td>\n<td style=\"text-align: center;\">\u00a0<span style=\"font-size: 10pt; font-family: arial, helvetica, sans-serif;\"><strong><span style=\"color: #ffffff;\">Periodicidad<\/span><\/strong><\/span><\/td>\n<\/tr>\n<\/thead>\n<tbody>\n<tr style=\"border-color: #cecaca; border-width: 1px;\" align=\"center\">\n<td style=\"border: 1px solid #cecaca; vertical-align: middle; text-align: justify;\"><span style=\"font-family: arial, helvetica, sans-serif; color: #000000;\"><strong style=\"font-family: arial, helvetica, sans-serif;\"><strong>Art\u00edculo 71 LGTAIP.\u00a0<\/strong><\/strong>Adem\u00e1s de lo se\u00f1alado en el art\u00edculo anterior de la presente Ley, los Sujetos Obligados de los Poderes Ejecutivos Federal, de las Entidades Federativas y Municipales, deber\u00e1n poner a disposici\u00f3n del\u00a0p\u00fablico y actualizar la siguiente informaci\u00f3n:<\/span><\/td>\n<td style=\"border: 1px solid #cecaca; text-align: center;\">&nbsp;<\/p>\n<p><span style=\"color: #000000;\"><strong style=\"font-family: arial, helvetica, sans-serif;\">f)<\/strong><\/span><\/td>\n<td style=\"border: 1px solid #cecaca; text-align: justify;\"><span style=\"font-family: arial, helvetica, sans-serif;\"><a href=\"https:\/\/agec.campeche.gob.mx\/?page_id=1873\" target=\"_blank\" class=\"jcepopup noicon\" style=\"text-align: justify; color: #000000;\" rel=\"noopener noreferrer\">La informaci\u00f3n detallada que contengan los Planes de Desarrollo Urbano, Ordenamiento Territorial y Ecol\u00f3gico, los tipos y usos de suelo, licencias de uso y construcci\u00f3n otorgadas\u00a0por los Gobiernos Municipales<\/a>.<\/span><\/td>\n<td style=\"border: 1px solid #cecaca;\">&nbsp;<\/p>\n<p><img decoding=\"async\" src=\"wp-content\/uploads\/1485224995_denied-1.png\" alt=\"1485224995 denied\" style=\"text-align: -webkit-center; display: block; margin-right: auto; margin-left: auto;\" \/><\/td>\n<td style=\"border: 1px solid #cecaca; text-align: center;\" align=\"center\" valign=\"middle\">&nbsp;<\/p>\n<p><span style=\"color: #333333; font-family: arial, helvetica, sans-serif; text-align: center;\">Anual<\/span><\/td>\n<\/tr>\n<tr style=\"border-color: #cecaca; border-width: 1px;\" align=\"center\">\n<td rowspan=\"6\" style=\"border: 1px solid #cecaca; vertical-align: middle; text-align: justify;\"><span style=\"font-family: arial, helvetica, sans-serif;\"><span style=\"font-family: helvetica; color: #000000;\"><span style=\"text-align: center;\"><strong>Art\u00edculo 75 LTAIPEC<\/strong>. Adem\u00e1s de lo se\u00f1alado en el Art\u00edculo anterior de la presente Ley, los Sujetos Obligados del Poder Ejecutivo del Estado deber\u00e1n poner a disposici\u00f3n del p\u00fablico y actualizar la siguiente informaci\u00f3n:\u00a0<\/span><span style=\"text-align: center;\">el \u00d3rgano Ejecutorio del Distrito Federal y\u00a0<\/span><span style=\"text-align: center;\">los Municipios.<\/span><\/span><span style=\"color: #000000;\"><strong style=\"text-align: center;\"><span style=\"font-family: helvetica;\"><br \/>\n<\/span><\/strong><\/span><\/span><span style=\"color: #000000;\"><strong style=\"text-align: center;\"><span style=\"font-family: helvetica;\"><br \/>\n<\/span><\/strong><\/span><span style=\"color: #000000;\"><strong style=\"text-align: center;\"><span style=\"font-family: helvetica;\"><br \/>\n<\/span><\/strong><\/span><span style=\"color: #000000;\"><strong style=\"text-align: center;\"><span style=\"font-family: helvetica;\"><br \/>\n<\/span><\/strong><\/span><\/td>\n<td style=\"border: 1px solid #cecaca; text-align: center;\"><span style=\"color: #333333; font-family: arial, helvetica, sans-serif;\"><strong>I)<\/strong><\/span><\/td>\n<td style=\"border: 1px solid #cecaca; text-align: justify;\"><span style=\"font-family: arial, helvetica, sans-serif; color: #000000;\"><a href=\"https:\/\/agec.campeche.gob.mx\/?page_id=1876\" target=\"_blank\" class=\"jcepopup noicon\" style=\"color: #000000;\" rel=\"noopener noreferrer\">El Plan Estatal de Desarrollo<\/a>.<\/span><\/td>\n<td style=\"border: 1px solid #cecaca;\"><img decoding=\"async\" src=\"wp-content\/uploads\/1485223305_check-1.png\" alt=\"1485223305 check\" style=\"text-align: -webkit-center; display: block; margin-right: auto; margin-left: auto;\" \/><\/td>\n<td style=\"border: 1px solid #cecaca; text-align: center;\" align=\"center\" valign=\"middle\"><span style=\"color: #000000; font-family: arial, helvetica, sans-serif;\">Anual<\/span><\/td>\n<\/tr>\n<tr style=\"border-color: #cecaca; border-width: 1px;\" align=\"center\">\n<td style=\"border: 1px solid #cecaca; text-align: center;\"><span style=\"color: #333333; font-family: arial, helvetica, sans-serif;\"><strong>II)<\/strong><\/span><\/td>\n<td style=\"border: 1px solid #cecaca; text-align: justify;\"><span style=\"color: #000000; font-family: arial, helvetica, sans-serif;\"><a href=\"https:\/\/agec.campeche.gob.mx\/?page_id=1927\" target=\"_blank\" class=\"jcepopup noicon\" style=\"color: #000000;\" rel=\"noopener noreferrer\">El Presupuesto de Egresos y las F\u00f3rmulas de distribuci\u00f3n de los Recursos otorgados<\/a>.<\/span><\/td>\n<td style=\"border: 1px solid #cecaca;\"><img decoding=\"async\" src=\"wp-content\/uploads\/1485223305_check-1.png\" alt=\"1485223305 check\" style=\"display: block; margin-left: auto; margin-right: auto;\" \/><\/td>\n<td style=\"border: 1px solid #cecaca; text-align: center;\" align=\"center\" valign=\"middle\"><span style=\"text-align: center; color: #000000; font-family: arial, helvetica, sans-serif;\">Anual<\/span><\/td>\n<\/tr>\n<tr style=\"border-color: #cecaca; border-width: 1px;\" align=\"center\">\n<td style=\"border: 1px solid #cecaca; text-align: center;\"><span style=\"color: #000000; font-family: arial, helvetica, sans-serif;\"><strong>III)<\/strong><\/span><\/td>\n<td style=\"border: 1px solid #cecaca; text-align: justify;\"><span style=\"font-family: arial, helvetica, sans-serif; color: #000000;\"><a href=\"https:\/\/agec.campeche.gob.mx\/?page_id=1990\" target=\"_blank\" class=\"jcepopup noicon\" style=\"color: #000000;\" rel=\"noopener noreferrer\">El Listado de Expropiaciones Decretadas y Ejecutadas<\/a>.<\/span><\/td>\n<td style=\"border: 1px solid #cecaca;\"><span style=\"color: #000000;\"><img decoding=\"async\" src=\"wp-content\/uploads\/1485223305_check-1.png\" alt=\"1485223305 check\" style=\"text-align: -webkit-center; display: block; margin-right: auto; margin-left: auto;\" \/><\/span><\/td>\n<td style=\"border: 1px solid #cecaca; text-align: center;\" align=\"center\" valign=\"middle\"><span style=\"text-align: center; color: #000000; font-family: arial, helvetica, sans-serif;\">Trimestral<\/span><\/td>\n<\/tr>\n<tr style=\"border-color: #cecaca; border-width: 1px;\" align=\"center\">\n<td style=\"border: 1px solid #cecaca; text-align: center;\"><span style=\"color: #000000; font-family: arial, helvetica, sans-serif;\"><strong>IV)<\/strong><\/span><\/td>\n<td style=\"border: 1px solid #cecaca; text-align: justify;\"><span style=\"color: #000000; font-family: arial, helvetica, sans-serif;\"><a href=\"https:\/\/agec.campeche.gob.mx\/?page_id=2029\" target=\"_blank\" class=\"jcepopup noicon\" style=\"color: #000000;\" rel=\"noopener noreferrer\">El Nombre, Denominaci\u00f3n o Raz\u00f3n Social y Clave del Registro Federal de los Contribuyentes a los que se les hubiera cancelado o condonado alg\u00fan cr\u00e9dito fiscal, as\u00ed como los montos respectivos<\/a>.<\/span><\/td>\n<td style=\"border: 1px solid #cecaca; vertical-align: middle;\"><img decoding=\"async\" src=\"wp-content\/uploads\/1485224995_denied-1.png\" alt=\"1485224995 denied\" style=\"text-align: -webkit-center; display: block; margin-right: auto; margin-left: auto;\" \/><\/td>\n<td style=\"border: 1px solid #cecaca; text-align: center; vertical-align: middle;\" align=\"center\" valign=\"middle\"><span style=\"text-align: center; color: #000000; font-family: arial, helvetica, sans-serif;\">Trimestral<\/span><\/td>\n<\/tr>\n<tr style=\"border-color: #cecaca; border-width: 1px;\" align=\"center\">\n<td style=\"border: 1px solid #cecaca; text-align: center;\"><span style=\"color: #000000; font-family: arial, helvetica, sans-serif;\"><strong>V)<\/strong><\/span><\/td>\n<td style=\"border: 1px solid #cecaca; text-align: justify;\"><span style=\"font-family: arial, helvetica, sans-serif; color: #000000;\"><a href=\"https:\/\/agec.campeche.gob.mx\/?page_id=2034\" target=\"_blank\" class=\"jcepopup noicon\" style=\"color: #000000;\" rel=\"noopener noreferrer\">Los nombres de las personas a qui\u00e9nes se les habilit\u00f3 para ejercer como Corredores y Notarios P\u00fablicos<\/a>.<\/span><\/td>\n<td style=\"border: 1px solid #cecaca; vertical-align: middle;\"><img decoding=\"async\" src=\"wp-content\/uploads\/1485223305_check-1.png\" alt=\"1485223305 check\" style=\"text-align: -webkit-center; display: block; margin-right: auto; margin-left: auto;\" \/><\/td>\n<td style=\"border: 1px solid #cecaca; text-align: center; vertical-align: middle;\" align=\"center\" valign=\"middle\"><span style=\"text-align: center; color: #000000; font-family: arial, helvetica, sans-serif;\">Trimestral<\/span><\/td>\n<\/tr>\n<tr style=\"border-color: #cecaca; border-width: 1px;\" align=\"center\">\n<td style=\"border: 1px solid #cecaca; text-align: center;\"><span style=\"color: #000000; font-family: arial, helvetica, sans-serif;\"><strong style=\"text-align: center;\">VI)<\/strong><\/span><\/td>\n<td style=\"border: 1px solid #cecaca; text-align: justify;\"><span style=\"color: #000000; font-family: arial, helvetica, sans-serif;\"><a href=\"https:\/\/agec.campeche.gob.mx\/?page_id=2092\" target=\"_blank\" class=\"jcepopup noicon\" style=\"text-align: justify; color: #000000;\" rel=\"noopener noreferrer\">Las Disposiciones Administrativas, directamente o a trav\u00e9s de la Autoridad competente, con el plazo de anticipaci\u00f3n que prevean las disposiciones aplicables al Sujeto Obligado de que se trate<\/a>.<\/span><\/td>\n<td style=\"border: 1px solid #cecaca; vertical-align: middle;\"><img decoding=\"async\" src=\"wp-content\/uploads\/1485223305_check-1.png\" alt=\"1485223305 check\" style=\"text-align: -webkit-center; display: block; margin-right: auto; margin-left: auto;\" \/><\/td>\n<td style=\"border: 1px solid #cecaca; text-align: center; vertical-align: middle;\" align=\"center\" valign=\"middle\"><span style=\"text-align: center; color: #000000; font-family: arial, helvetica, sans-serif;\">Trimestral<\/span><\/td>\n<\/tr>\n<\/tbody>\n<\/table>\n<p>[\/et_pb_text][\/et_pb_column][\/et_pb_row][\/et_pb_section]<\/p>\n","protected":false},"excerpt":{"rendered":"<p>Obligaciones Espec\u00edficas del Archivo General del Estado de Campeche\u00a0Constituyen la informaci\u00f3n que producen s\u00f3lo determinados Sujetos Obligados a partir de su figura Legal, Atribuciones, Facultades y\/o su Objeto Social. Adem\u00e1s de lo se\u00f1alado en el Articulo anterior de la presente Ley, los Sujetos Obligados del Poder Ejecutivo del Estado deberan poner a disposici\u00f3n del p\u00fablico [&hellip;]<\/p>\n","protected":false},"author":1,"featured_media":0,"parent":0,"menu_order":0,"comment_status":"closed","ping_status":"closed","template":"","meta":{"_acf_changed":false,"_et_pb_use_builder":"on","_et_pb_old_content":"","_et_gb_content_width":"","inline_featured_image":false,"footnotes":""},"class_list":["post-1870","page","type-page","status-publish","hentry"],"acf":[],"_links":{"self":[{"href":"https:\/\/agec.campeche.gob.mx\/index.php?rest_route=\/wp\/v2\/pages\/1870","targetHints":{"allow":["GET"]}}],"collection":[{"href":"https:\/\/agec.campeche.gob.mx\/index.php?rest_route=\/wp\/v2\/pages"}],"about":[{"href":"https:\/\/agec.campeche.gob.mx\/index.php?rest_route=\/wp\/v2\/types\/page"}],"author":[{"embeddable":true,"href":"https:\/\/agec.campeche.gob.mx\/index.php?rest_route=\/wp\/v2\/users\/1"}],"replies":[{"embeddable":true,"href":"https:\/\/agec.campeche.gob.mx\/index.php?rest_route=%2Fwp%2Fv2%2Fcomments&post=1870"}],"version-history":[{"count":11,"href":"https:\/\/agec.campeche.gob.mx\/index.php?rest_route=\/wp\/v2\/pages\/1870\/revisions"}],"predecessor-version":[{"id":2772,"href":"https:\/\/agec.campeche.gob.mx\/index.php?rest_route=\/wp\/v2\/pages\/1870\/revisions\/2772"}],"wp:attachment":[{"href":"https:\/\/agec.campeche.gob.mx\/index.php?rest_route=%2Fwp%2Fv2%2Fmedia&parent=1870"}],"curies":[{"name":"wp","href":"https:\/\/api.w.org\/{rel}","templated":true}]}}