{"id":1873,"date":"2024-01-15T11:54:01","date_gmt":"2024-01-15T17:54:01","guid":{"rendered":"https:\/\/agec.campeche.gob.mx\/?page_id=1873"},"modified":"2024-01-15T11:54:01","modified_gmt":"2024-01-15T17:54:01","slug":"fraccion-71-f","status":"publish","type":"page","link":"https:\/\/agec.campeche.gob.mx\/?page_id=1873","title":{"rendered":"Fraccion 71-F"},"content":{"rendered":"<p>[et_pb_section fb_built=&#8221;1&#8243; theme_builder_area=&#8221;post_content&#8221; _builder_version=&#8221;4.23.1&#8243; _module_preset=&#8221;default&#8221;][et_pb_row _builder_version=&#8221;4.23.1&#8243; _module_preset=&#8221;default&#8221; theme_builder_area=&#8221;post_content&#8221;][et_pb_column _builder_version=&#8221;4.23.1&#8243; _module_preset=&#8221;default&#8221; type=&#8221;4_4&#8243; theme_builder_area=&#8221;post_content&#8221;][et_pb_text _builder_version=&#8221;4.23.1&#8243; _module_preset=&#8221;default&#8221; theme_builder_area=&#8221;post_content&#8221; hover_enabled=&#8221;0&#8243; sticky_enabled=&#8221;0&#8243;]<\/p>\n<h1 style=\"text-align: justify;\"><span>I-F. La informaci\u00f3n detallada que contengan los planes de desarrollo urbano, ordenamiento territorial y\u00a0ecol\u00f3gico, los tipos de uso del suelo, licencias de uso y construcci\u00f3n otorgadas por los gobiernos municipales<\/span><\/h1>\n<p>[\/et_pb_text][et_pb_text _builder_version=&#8221;4.23.1&#8243; _module_preset=&#8221;default&#8221; theme_builder_area=&#8221;post_content&#8221; hover_enabled=&#8221;0&#8243; sticky_enabled=&#8221;0&#8243; header_text_color=&#8221;#000000&#8243; text_text_color=&#8221;#000000&#8243;]<\/p>\n<p style=\"text-align: justify;\"><span>Los Programas Nacionales, Regionales, Estatales y Municipales de desarrollo urbano y de vivienda, ordenamiento territorial y\u00a0ecol\u00f3gico son instrumentos p\u00fablicos que buscan ordenar y desarrollar el territorio mexicano.<\/span><br \/><span>La publicaci\u00f3n de toda la informaci\u00f3n relacionada con la planeaci\u00f3n, coordinaci\u00f3n, administraci\u00f3n y ejecuci\u00f3n de los proyectos\u00a0y programas de desarrollo territorial en general, es de vital importancia para todas las personas que pueden ser\u00a0beneficiadas y\/o afectadas, directa o indirectamente a trav\u00e9s de estas pol\u00edticas p\u00fablicas. El publicar esta informaci\u00f3n constituye\u00a0aspectos sumamente importantes en la vida local y nacional en tanto que se dan cambios generados en el contexto territorial\u00a0sin que la ciudadan\u00eda reconozca los planes urbanos, de ordenamiento territorial y las licencias de uso de suelo respectivas.<\/span><\/p>\n<p>[\/et_pb_text][et_pb_text _builder_version=&#8221;4.23.1&#8243; _module_preset=&#8221;default&#8221; theme_builder_area=&#8221;post_content&#8221; hover_enabled=&#8221;0&#8243; sticky_enabled=&#8221;0&#8243;]<\/p>\n<h2 style=\"text-align: center;\"><span>NO APLICA<\/span><\/h2>\n<p style=\"text-align: justify;\"><strong><span>Este tipo de informaci\u00f3n no es generada por la Secretar\u00eda General de Gobierno ni sus Organismos Desconcentrados (COESPO, CESP, SIPINNA, AGEC, IET) por no tener facultades, competencias y atribuciones otorgadas en el Art\u00edculo 21 de la Ley Org\u00e1nica de la Administraci\u00f3n P\u00fablica del Estado de Campeche ni el en el Reglamento Interior de la Secretar\u00eda General de Gobierno de la Administraci\u00f3n P\u00fablica del Estado de Campeche; as\u00ed como en los siguientes Ordenamientos Legales: Acuerdo de Creaci\u00f3n y Reglamento Interior de COESPO, Reglamento Interior del CESP, Ley de los Derechos de Ni\u00f1as, Ni\u00f1os y Adolescentes del Estado de Campeche (SIPINNA), Ley del Archivo del Estado de Campeche (AGEC), Reglamento Interior y Ley de Transporte del Estado de Campeche (IET), respectivamente.<\/span><\/strong><\/p>\n<p>[\/et_pb_text][\/et_pb_column][\/et_pb_row][\/et_pb_section]<\/p>\n","protected":false},"excerpt":{"rendered":"<p>I-F. La informaci\u00f3n detallada que contengan los planes de desarrollo urbano, ordenamiento territorial y\u00a0ecol\u00f3gico, los tipos de uso del suelo, licencias de uso y construcci\u00f3n otorgadas por los gobiernos municipalesLos Programas Nacionales, Regionales, Estatales y Municipales de desarrollo urbano y de vivienda, ordenamiento territorial y\u00a0ecol\u00f3gico son instrumentos p\u00fablicos que buscan ordenar y desarrollar el territorio [&hellip;]<\/p>\n","protected":false},"author":1,"featured_media":0,"parent":0,"menu_order":0,"comment_status":"closed","ping_status":"closed","template":"","meta":{"_acf_changed":false,"_et_pb_use_builder":"on","_et_pb_old_content":"","_et_gb_content_width":"","inline_featured_image":false,"footnotes":""},"class_list":["post-1873","page","type-page","status-publish","hentry"],"acf":[],"_links":{"self":[{"href":"https:\/\/agec.campeche.gob.mx\/index.php?rest_route=\/wp\/v2\/pages\/1873","targetHints":{"allow":["GET"]}}],"collection":[{"href":"https:\/\/agec.campeche.gob.mx\/index.php?rest_route=\/wp\/v2\/pages"}],"about":[{"href":"https:\/\/agec.campeche.gob.mx\/index.php?rest_route=\/wp\/v2\/types\/page"}],"author":[{"embeddable":true,"href":"https:\/\/agec.campeche.gob.mx\/index.php?rest_route=\/wp\/v2\/users\/1"}],"replies":[{"embeddable":true,"href":"https:\/\/agec.campeche.gob.mx\/index.php?rest_route=%2Fwp%2Fv2%2Fcomments&post=1873"}],"version-history":[{"count":2,"href":"https:\/\/agec.campeche.gob.mx\/index.php?rest_route=\/wp\/v2\/pages\/1873\/revisions"}],"predecessor-version":[{"id":1875,"href":"https:\/\/agec.campeche.gob.mx\/index.php?rest_route=\/wp\/v2\/pages\/1873\/revisions\/1875"}],"wp:attachment":[{"href":"https:\/\/agec.campeche.gob.mx\/index.php?rest_route=%2Fwp%2Fv2%2Fmedia&parent=1873"}],"curies":[{"name":"wp","href":"https:\/\/api.w.org\/{rel}","templated":true}]}}