{"id":1876,"date":"2024-01-15T12:47:52","date_gmt":"2024-01-15T18:47:52","guid":{"rendered":"https:\/\/agec.campeche.gob.mx\/?page_id=1876"},"modified":"2024-01-15T12:47:58","modified_gmt":"2024-01-15T18:47:58","slug":"fraccion-71-a","status":"publish","type":"page","link":"https:\/\/agec.campeche.gob.mx\/?page_id=1876","title":{"rendered":"Fraccion 71-A"},"content":{"rendered":"<p>[et_pb_section fb_built=&#8221;1&#8243; _builder_version=&#8221;4.23.1&#8243; _module_preset=&#8221;default&#8221; global_colors_info=&#8221;{}&#8221;][et_pb_row _builder_version=&#8221;4.23.1&#8243; _module_preset=&#8221;default&#8221; global_colors_info=&#8221;{}&#8221;][et_pb_column type=&#8221;4_4&#8243; _builder_version=&#8221;4.23.1&#8243; _module_preset=&#8221;default&#8221; global_colors_info=&#8221;{}&#8221;][et_pb_text _builder_version=&#8221;4.23.1&#8243; _module_preset=&#8221;default&#8221; global_colors_info=&#8221;{}&#8221;]<\/p>\n<h1 style=\"text-align: justify;\"><span>I-A. El Plan Nacional de Desarrollo, los Planes Estatales de Desarrollo o el Programa General de Desarrollo del Distrito Federal, seg\u00fan corresponda.<\/span><\/h1>\n<p>[\/et_pb_text][et_pb_text _builder_version=&#8221;4.23.1&#8243; _module_preset=&#8221;default&#8221; text_text_color=&#8221;#000000&#8243; global_colors_info=&#8221;{}&#8221;]<\/p>\n<p style=\"text-align: justify;\"><span>La Constituci\u00f3n Pol\u00edtica de los Estados Unidos Mexicanos establece en su Art\u00edculo 26, Inciso A, que \u201cel Estado organizar\u00e1 un sistema de Planeaci\u00f3n Democr\u00e1tica del Desarrollo Nacional que imprima solidez, dinamismo, competitividad, permanencia y equidad al crecimiento de la econom\u00eda para la Independencia y la Democratizaci\u00f3n Pol\u00edtica, Social y Cultural de la Naci\u00f3n\u201d, as\u00ed como que el proyecto de Naci\u00f3n delineado en la Constituci\u00f3n Pol\u00edtica debe ser la base de los objetivos de la planeaci\u00f3n en M\u00e9xico.<\/span><br \/><span>Los instrumentos que permiten visibilizar la Pol\u00edtica P\u00fablica para el Desarrollo Nacional, Estatal y Municipal, son los planes\u00a0elaborados por los Poderes Ejecutivos de los \u00d3rdenes de Gobierno, los cuales deben ser congruentes y realizarse y\u00a0desarrollarse de manera coordinada.<\/span><\/p>\n<p>[\/et_pb_text][et_pb_tabs _builder_version=&#8221;4.23.1&#8243; _module_preset=&#8221;default&#8221; hover_enabled=&#8221;0&#8243; global_colors_info=&#8221;{}&#8221; sticky_enabled=&#8221;0&#8243;][et_pb_tab title=&#8221;2021&#8243; _builder_version=&#8221;4.23.1&#8243; _module_preset=&#8221;default&#8221; global_colors_info=&#8221;{}&#8221;]<\/p>\n<table class=\"table table-hover\" style=\"width: 100%; border: 1px solid #cecaca;\" align=\"center\">\n<thead>\n<tr style=\"border-color: #dd1313; border-width: 1px; background-color: #5e5e5f;\">\n<td style=\"text-align: center;\"><span style=\"color: #ffffff;\"><strong>Inciso<\/strong><\/span><\/td>\n<td style=\"text-align: center;\">\u00a0<span style=\"color: #ffffff;\"><strong>Aplicabilidad<\/strong><\/span><\/td>\n<td style=\"text-align: center;\">\u00a0<strong><span style=\"color: #ffffff;\">Periodicidad<\/span><\/strong><\/td>\n<\/tr>\n<\/thead>\n<tbody>\n<tr style=\"border-color: #cecaca; border-width: 1px;\" align=\"center\">\n<td style=\"border: 1px solid #cecaca;\"><a href=\"https:\/\/agec.campeche.gob.mx\/?page_id=1879\" target=\"_blank\" class=\"jcepopup noicon\" rel=\"noopener noreferrer\">1a) Plan Nacional de Desarrollo<\/a><\/td>\n<td style=\"border: 1px solid #cecaca;\"><img decoding=\"async\" src=\"https:\/\/agec.campeche.gob.mx\/wp-content\/uploads\/1485918237_Tick_Mark_Dark.png\" alt=\"1485918237 Tick Mark Dark\" style=\"display: block; margin-left: auto; margin-right: auto;\" \/><\/td>\n<td style=\"border: 1px solid #cecaca; text-align: center;\" align=\"center\" valign=\"middle\"><span style=\"color: #333333;\">Anual<\/span><\/td>\n<\/tr>\n<tr style=\"border-color: #cecaca; border-width: 1px;\" align=\"center\">\n<td style=\"border: 1px solid #cecaca;\"><a href=\"https:\/\/agec.campeche.gob.mx\/?page_id=1884\"_blank\" class=\"jcepopup noicon\" rel=\"noopener noreferrer\">2a)\u00a0Plan Estatal de Desarrollo<\/a><\/td>\n<td style=\"border: 1px solid #cecaca;\"><img decoding=\"async\" src=\"https:\/\/agec.campeche.gob.mx\/wp-content\/uploads\/1485918237_Tick_Mark_Dark.png\" alt=\"1485918237 Tick Mark Dark\" style=\"display: block; margin-left: auto; margin-right: auto;\" \/><\/td>\n<td style=\"border: 1px solid #cecaca; text-align: center;\" align=\"center\" valign=\"middle\"><span style=\"color: #333333;\">Anual<\/span><\/td>\n<\/tr>\n<\/tbody>\n<\/table>\n<p>[\/et_pb_tab][et_pb_tab title=&#8221;2020&#8243; _builder_version=&#8221;4.23.1&#8243; _module_preset=&#8221;default&#8221; global_colors_info=&#8221;{}&#8221;]<\/p>\n<table class=\"table table-hover\" style=\"width: 100%; border: 1px solid #cecaca;\" align=\"center\">\n<thead>\n<tr style=\"border-color: #dd1313; border-width: 1px; background-color: #5e5e5f;\">\n<td style=\"text-align: center;\"><span style=\"color: #ffffff;\"><strong>Inciso<\/strong><\/span><\/td>\n<td style=\"text-align: center;\">\u00a0<span style=\"color: #ffffff;\"><strong>Aplicabilidad<\/strong><\/span><\/td>\n<td style=\"text-align: center;\">\u00a0<strong><span style=\"color: #ffffff;\">Periodicidad<\/span><\/strong><\/td>\n<\/tr>\n<\/thead>\n<tbody>\n<tr style=\"border-color: #cecaca; border-width: 1px;\" align=\"center\">\n<td style=\"border: 1px solid #cecaca;\"><a href=\"https:\/\/agec.campeche.gob.mx\/?page_id=1889\" target=\"_blank\" class=\"jcepopup noicon\" rel=\"noopener noreferrer\">1a) Plan Nacional de Desarrollo<\/a><\/td>\n<td style=\"border: 1px solid #cecaca;\"><img decoding=\"async\" src=\"https:\/\/agec.campeche.gob.mx\/wp-content\/uploads\/1485918237_Tick_Mark_Dark.png\" alt=\"1485918237 Tick Mark Dark\" style=\"display: block; margin-left: auto; margin-right: auto;\" \/><\/td>\n<td style=\"border: 1px solid #cecaca; text-align: center;\" align=\"center\" valign=\"middle\"><span style=\"color: #333333;\">Anual<\/span><\/td>\n<\/tr>\n<tr style=\"border-color: #cecaca; border-width: 1px;\" align=\"center\">\n<td style=\"border: 1px solid #cecaca;\"><a href=\"https:\/\/agec.campeche.gob.mx\/?page_id=1893\" target=\"_blank\" class=\"jcepopup noicon\" rel=\"noopener noreferrer\">2a)\u00a0Plan Estatal de Desarrollo<\/a><\/td>\n<td style=\"border: 1px solid #cecaca;\"><img decoding=\"async\" src=\"https:\/\/agec.campeche.gob.mx\/wp-content\/uploads\/1485918237_Tick_Mark_Dark.png\" alt=\"1485918237 Tick Mark Dark\" style=\"display: block; margin-left: auto; margin-right: auto;\" \/><\/td>\n<td style=\"border: 1px solid #cecaca; text-align: center;\" align=\"center\" valign=\"middle\"><span style=\"color: #333333;\">Anual<\/span><\/td>\n<\/tr>\n<\/tbody>\n<\/table>\n<p>[\/et_pb_tab][et_pb_tab title=&#8221;2019&#8243; _builder_version=&#8221;4.23.1&#8243; _module_preset=&#8221;default&#8221; global_colors_info=&#8221;{}&#8221;]<\/p>\n<table class=\"table table-hover\" style=\"width: 100%; border: 1px solid #cecaca;\" align=\"center\">\n<thead>\n<tr style=\"border-color: #dd1313; border-width: 1px; background-color: #5e5e5f;\">\n<td style=\"text-align: center;\"><span style=\"color: #ffffff;\"><strong>Inciso<\/strong><\/span><\/td>\n<td style=\"text-align: center;\">\u00a0<span style=\"color: #ffffff;\"><strong>Aplicabilidad<\/strong><\/span><\/td>\n<td style=\"text-align: center;\">\u00a0<strong><span style=\"color: #ffffff;\">Periodicidad<\/span><\/strong><\/td>\n<\/tr>\n<\/thead>\n<tbody>\n<tr style=\"border-color: #cecaca; border-width: 1px;\" align=\"center\">\n<td style=\"border: 1px solid #cecaca;\"><a href=\"https:\/\/agec.campeche.gob.mx\/?page_id=1900\"_blank\" class=\"jcepopup noicon\" rel=\"noopener noreferrer\">1a) Plan Nacional de Desarrollo<\/a><\/td>\n<td style=\"border: 1px solid #cecaca;\"><img decoding=\"async\" src=\"https:\/\/agec.campeche.gob.mx\/wp-content\/uploads\/1485918237_Tick_Mark_Dark.png\" alt=\"1485918237 Tick Mark Dark\" style=\"display: block; margin-left: auto; margin-right: auto;\" \/><\/td>\n<td style=\"border: 1px solid #cecaca; text-align: center;\" align=\"center\" valign=\"middle\"><span style=\"color: #333333;\">Anual<\/span><\/td>\n<\/tr>\n<tr style=\"border-color: #cecaca; border-width: 1px;\" align=\"center\">\n<td style=\"border: 1px solid #cecaca;\"><a href=\"https:\/\/agec.campeche.gob.mx\/?page_id=1899\" target=\"_blank\" class=\"jcepopup noicon\" rel=\"noopener noreferrer\">2a)\u00a0Plan Estatal de Desarrollo<\/a><\/td>\n<td style=\"border: 1px solid #cecaca;\"><img decoding=\"async\" src=\"https:\/\/agec.campeche.gob.mx\/wp-content\/uploads\/1485918237_Tick_Mark_Dark.png\" alt=\"1485918237 Tick Mark Dark\" style=\"display: block; margin-left: auto; margin-right: auto;\" \/><\/td>\n<td style=\"border: 1px solid #cecaca; text-align: center;\" align=\"center\" valign=\"middle\"><span style=\"color: #333333;\">Anual<\/span><\/td>\n<\/tr>\n<\/tbody>\n<\/table>\n<p>[\/et_pb_tab][et_pb_tab title=&#8221;2018&#8243; _builder_version=&#8221;4.23.1&#8243; _module_preset=&#8221;default&#8221; hover_enabled=&#8221;0&#8243; global_colors_info=&#8221;{}&#8221; sticky_enabled=&#8221;0&#8243;]<\/p>\n<table class=\"table table-hover\" style=\"width: 100%; border: 1px solid #cecaca;\" align=\"center\">\n<thead>\n<tr style=\"border-color: #dd1313; border-width: 1px; background-color: #5e5e5f;\">\n<td style=\"text-align: center;\"><span style=\"color: #ffffff;\"><strong>Inciso<\/strong><\/span><\/td>\n<td style=\"text-align: center;\">\u00a0<span style=\"color: #ffffff;\"><strong>Aplicabilidad<\/strong><\/span><\/td>\n<td style=\"text-align: center;\">\u00a0<strong><span style=\"color: #ffffff;\">Periodicidad<\/span><\/strong><\/td>\n<\/tr>\n<\/thead>\n<tbody>\n<tr style=\"border-color: #cecaca; border-width: 1px;\" align=\"center\">\n<td style=\"border: 1px solid #cecaca;\"><a href=\"https:\/\/agec.campeche.gob.mx\/?page_id=1912\" target=\"_blank\" class=\"jcepopup noicon\" rel=\"noopener noreferrer\">1) Plan Nacional de Desarrollo<\/a><\/td>\n<td style=\"border: 1px solid #cecaca;\"><img decoding=\"async\" src=\"https:\/\/agec.campeche.gob.mx\/wp-content\/uploads\/1485918237_Tick_Mark_Dark.png\" alt=\"1485918237 Tick Mark Dark\" style=\"display: block; margin-left: auto; margin-right: auto;\" \/><\/td>\n<td style=\"border: 1px solid #cecaca; text-align: center;\" align=\"center\" valign=\"middle\"><span style=\"color: #333333;\">Anual<\/span><\/td>\n<\/tr>\n<tr style=\"border-color: #cecaca; border-width: 1px;\" align=\"center\">\n<td style=\"border: 1px solid #cecaca;\"><a href=\"https:\/\/agec.campeche.gob.mx\/?page_id=1911\" target=\"_blank\" class=\"jcepopup noicon\" rel=\"noopener noreferrer\">2) Plan Estatal de Desarrollo<\/a><\/td>\n<td style=\"border: 1px solid #cecaca;\"><img decoding=\"async\" src=\"https:\/\/agec.campeche.gob.mx\/wp-content\/uploads\/1485918237_Tick_Mark_Dark.png\" alt=\"1485918237 Tick Mark Dark\" style=\"display: block; margin-left: auto; margin-right: auto;\" \/><\/td>\n<td style=\"border: 1px solid #cecaca; text-align: center;\" align=\"center\" valign=\"middle\"><span style=\"color: #333333;\">Anual<\/span><\/td>\n<\/tr>\n<\/tbody>\n<\/table>\n<p>[\/et_pb_tab][et_pb_tab title=&#8221;2017&#8243; _builder_version=&#8221;4.23.1&#8243; _module_preset=&#8221;default&#8221; hover_enabled=&#8221;0&#8243; global_colors_info=&#8221;{}&#8221; sticky_enabled=&#8221;0&#8243;]<span class=\"fa fa-refresh\"><span>\u00a0<\/span>Periodo de Actualizaci\u00f3n:<span>\u00a0<\/span><strong>Anual<\/strong><\/span><br \/>\n<span class=\"fa fa-calendar\"><span>\u00a0<\/span>Fecha de Actualizaci\u00f3n:\u00a0<strong>12\/01\/2018<\/strong><\/span><br \/>\n<span class=\"fa fa-calendar\"><span>\u00a0<\/span>Fecha de Validaci\u00f3n:\u00a0<strong>12\/01\/2018<\/strong><\/span><br \/>\n<span class=\"fa fa-pencil-square-o\"><span>\u00a0<\/span>Unidad(es) Administrativa(s) que genera(n) o posee(n) la Informaci\u00f3n:<span>\u00a0<\/span><strong>Unidad de Transparencia de la Secretar\u00eda General de Gobierno<\/strong><\/span><\/p>\n<p>&nbsp;<a href=\"https:\/\/agec.campeche.gob.mx\/wp-content\/uploads\/Formato-LTAIPEC_Art_75_Fr_I.xls\" target=\"_blank\" rel=\"noopener noreferrer\"><button type=\"button\" class=\"btn btn-large btn-success\"><em class=\"fa fa-file-excel-o\"> Descargar Excel<\/em><\/button> <\/a> <a href=\"https:\/\/agec.campeche.gob.mx\/wp-content\/uploads\/Formato-LTAIPEC_Art_75_Fr_I.xls\" target=\"_blank\" rel=\"noopener noreferrer\"> <button type=\"button\" class=\"btn btn-large btn-danger\"><em class=\"fa fa-eye\"> Ver Online<\/em><\/button> <\/a> <span style=\"padding-left: 20px;\"> <span class=\"fa fa-hand-o-left\"><\/span> Descargue y\/o visualice aqu\u00ed<\/span><\/p>\n<p>[\/et_pb_tab][\/et_pb_tabs][\/et_pb_column][\/et_pb_row][\/et_pb_section]<\/p>\n","protected":false},"excerpt":{"rendered":"<p>I-A. El Plan Nacional de Desarrollo, los Planes Estatales de Desarrollo o el Programa General de Desarrollo del Distrito Federal, seg\u00fan corresponda.La Constituci\u00f3n Pol\u00edtica de los Estados Unidos Mexicanos establece en su Art\u00edculo 26, Inciso A, que \u201cel Estado organizar\u00e1 un sistema de Planeaci\u00f3n Democr\u00e1tica del Desarrollo Nacional que imprima solidez, dinamismo, competitividad, permanencia y [&hellip;]<\/p>\n","protected":false},"author":1,"featured_media":0,"parent":0,"menu_order":0,"comment_status":"closed","ping_status":"closed","template":"","meta":{"_acf_changed":false,"_et_pb_use_builder":"on","_et_pb_old_content":"","_et_gb_content_width":"","inline_featured_image":false,"footnotes":""},"class_list":["post-1876","page","type-page","status-publish","hentry"],"acf":[],"_links":{"self":[{"href":"https:\/\/agec.campeche.gob.mx\/index.php?rest_route=\/wp\/v2\/pages\/1876","targetHints":{"allow":["GET"]}}],"collection":[{"href":"https:\/\/agec.campeche.gob.mx\/index.php?rest_route=\/wp\/v2\/pages"}],"about":[{"href":"https:\/\/agec.campeche.gob.mx\/index.php?rest_route=\/wp\/v2\/types\/page"}],"author":[{"embeddable":true,"href":"https:\/\/agec.campeche.gob.mx\/index.php?rest_route=\/wp\/v2\/users\/1"}],"replies":[{"embeddable":true,"href":"https:\/\/agec.campeche.gob.mx\/index.php?rest_route=%2Fwp%2Fv2%2Fcomments&post=1876"}],"version-history":[{"count":8,"href":"https:\/\/agec.campeche.gob.mx\/index.php?rest_route=\/wp\/v2\/pages\/1876\/revisions"}],"predecessor-version":[{"id":1923,"href":"https:\/\/agec.campeche.gob.mx\/index.php?rest_route=\/wp\/v2\/pages\/1876\/revisions\/1923"}],"wp:attachment":[{"href":"https:\/\/agec.campeche.gob.mx\/index.php?rest_route=%2Fwp%2Fv2%2Fmedia&parent=1876"}],"curies":[{"name":"wp","href":"https:\/\/api.w.org\/{rel}","templated":true}]}}