{"id":2034,"date":"2024-01-17T12:38:11","date_gmt":"2024-01-17T18:38:11","guid":{"rendered":"https:\/\/agec.campeche.gob.mx\/?page_id=2034"},"modified":"2024-01-17T12:43:18","modified_gmt":"2024-01-17T18:43:18","slug":"fraccion-71-e","status":"publish","type":"page","link":"https:\/\/agec.campeche.gob.mx\/?page_id=2034","title":{"rendered":"Fraccion 71-E"},"content":{"rendered":"<p>[et_pb_section fb_built=&#8221;1&#8243; _builder_version=&#8221;4.23.1&#8243; _module_preset=&#8221;default&#8221; global_colors_info=&#8221;{}&#8221;][et_pb_row _builder_version=&#8221;4.23.1&#8243; _module_preset=&#8221;default&#8221; global_colors_info=&#8221;{}&#8221;][et_pb_column type=&#8221;4_4&#8243; _builder_version=&#8221;4.23.1&#8243; _module_preset=&#8221;default&#8221; global_colors_info=&#8221;{}&#8221;][et_pb_text _builder_version=&#8221;4.23.1&#8243; _module_preset=&#8221;default&#8221; global_colors_info=&#8221;{}&#8221;]<\/p>\n<h1 style=\"text-align: justify;\">I-E. Los nombres de las personas a qui\u00e9nes se les habilit\u00f3 para ejercer como Corredores y Notarios P\u00fablicos, as\u00ed como sus datos de contacto, la informaci\u00f3n relacionada con el proceso de otorgamiento de la Patente y\u00a0las Sanciones que se les hubieran aplicado<\/h1>\n<p>[\/et_pb_text][et_pb_text _builder_version=&#8221;4.23.1&#8243; _module_preset=&#8221;default&#8221; text_text_color=&#8221;#000000&#8243; global_colors_info=&#8221;{}&#8221;]<\/p>\n<p style=\"text-align: justify;\"><span>El ejercicio de la Funci\u00f3n Notarial y de Corredur\u00eda P\u00fablica representa una designaci\u00f3n y delegaci\u00f3n de la funci\u00f3n p\u00fablica a\u00a0determinadas personas que est\u00e1n en posibilidad de cobrar un gravamen a la formalidad.<\/span><br \/><span>La Patente Notarial y la habilitaci\u00f3n de Corredor P\u00fablico es la autorizaci\u00f3n que otorga el Poder Ejecutivo del Gobierno de cada Entidad Federativa para que un profesional del Derecho, investido de Fe P\u00fablica por el Estado, elabore instrumentos p\u00fablicos\u00a0que gozan de la presunci\u00f3n legal de verdad y ejerza las funciones\u00a0establecidas en la normatividad en la materia.<\/span><\/p>\n<p>[\/et_pb_text][et_pb_tabs _builder_version=&#8221;4.23.1&#8243; _module_preset=&#8221;default&#8221; hover_enabled=&#8221;0&#8243; global_colors_info=&#8221;{}&#8221; sticky_enabled=&#8221;0&#8243;][et_pb_tab title=&#8221;2021&#8243; _builder_version=&#8221;4.23.1&#8243; _module_preset=&#8221;default&#8221; global_colors_info=&#8221;{}&#8221;]<\/p>\n<table class=\"table table-hover\" style=\"width: 100%; border: 1px solid #cecaca;\" align=\"center\">\n<thead><\/thead>\n<thead>\n<tr style=\"border-color: #dd1313; border-width: 1px; background-color: #5e5e5f;\">\n<td style=\"text-align: center;\"><span style=\"color: #ffffff;\"><strong>Inciso<\/strong><\/span><\/td>\n<td style=\"text-align: center;\">\u00a0<span style=\"color: #ffffff;\"><strong>Aplicabilidad<\/strong><\/span><\/td>\n<td style=\"text-align: center;\">\u00a0<strong><span style=\"color: #ffffff;\">Periodicidad<\/span><\/strong><\/td>\n<\/tr>\n<\/thead>\n<tbody>\n<tr style=\"border-color: #cecaca; border-width: 1px;\" align=\"center\">\n<td style=\"border: 1px solid #cecaca; text-align: justify;\"><a href=\"https:\/\/agec.campeche.gob.mx\/?page_id=2033\" target=\"_blank\" class=\"jcepopup noicon\" rel=\"noopener noreferrer\">1e) Hiperv\u00ednculo a la informaci\u00f3n de los Corredores y Notarios P\u00fablicos<\/a><a href=\"http:\/\/agec.campeche.gob.mx\/index.php\/32-75-e\/231-fraccion-i-e-hipervinculo-corredores-y-notarios-2020\" target=\"_blank\" class=\"jcepopup noicon\" rel=\"noopener noreferrer\"><br \/><\/a><\/td>\n<td style=\"border: 1px solid #cecaca;\"><img decoding=\"async\" src=\"https:\/\/agec.campeche.gob.mx\/wp-content\/uploads\/1485918237_Tick_Mark_Dark.png\" alt=\"1485918237 Tick Mark Dark\" style=\"display: block; margin-left: auto; margin-right: auto;\" \/><\/td>\n<td style=\"border: 1px solid #cecaca; text-align: center;\" align=\"center\" valign=\"middle\"><span style=\"color: #333333;\">Trimestral<\/span><\/td>\n<\/tr>\n<tr style=\"border-color: #cecaca; border-width: 1px;\" align=\"center\">\n<td style=\"border: 1px solid #cecaca; text-align: justify;\"><a href=\"https:\/\/agec.campeche.gob.mx\/?page_id=2037\" target=\"_blank\" class=\"jcepopup noicon\" rel=\"noopener noreferrer\">2e) Corredores y Notarios P\u00fablicos<\/a><\/td>\n<td style=\"border: 1px solid #cecaca;\"><img decoding=\"async\" src=\"https:\/\/agec.campeche.gob.mx\/wp-content\/uploads\/1485918237_Tick_Mark_Dark.png\" alt=\"1485918237 Tick Mark Dark\" style=\"display: block; margin-left: auto; margin-right: auto;\" \/><\/td>\n<td style=\"border: 1px solid #cecaca; text-align: center;\" align=\"center\" valign=\"middle\"><span style=\"color: #333333;\">Trimestral<\/span><\/td>\n<\/tr>\n<tr style=\"border-color: #cecaca; border-width: 1px;\" align=\"center\">\n<td style=\"border: 1px solid #cecaca; text-align: justify;\"><a href=\"https:\/\/agec.campeche.gob.mx\/?page_id=2038\" target=\"_blank\" class=\"jcepopup noicon\" rel=\"noopener noreferrer\">3e) Sanciones Aplicadas<\/a><\/td>\n<td style=\"border: 1px solid #cecaca;\"><img decoding=\"async\" src=\"https:\/\/agec.campeche.gob.mx\/wp-content\/uploads\/1485918237_Tick_Mark_Dark.png\" alt=\"1485918237 Tick Mark Dark\" style=\"display: block; margin-left: auto; margin-right: auto;\" \/><\/td>\n<td style=\"border: 1px solid #cecaca; text-align: center;\" align=\"center\" valign=\"middle\"><span style=\"color: #333333;\">Trimestral<\/span><\/td>\n<\/tr>\n<\/tbody>\n<\/table>\n<p>[\/et_pb_tab][et_pb_tab title=&#8221;2020&#8243; _builder_version=&#8221;4.23.1&#8243; _module_preset=&#8221;default&#8221; global_colors_info=&#8221;{}&#8221;]<\/p>\n<table class=\"table table-hover\" style=\"width: 100%; border: 1px solid #cecaca;\" align=\"center\">\n<thead><\/thead>\n<thead>\n<tr style=\"border-color: #dd1313; border-width: 1px; background-color: #5e5e5f;\">\n<td style=\"text-align: center;\"><span style=\"color: #ffffff;\"><strong>Inciso<\/strong><\/span><\/td>\n<td style=\"text-align: center;\">\u00a0<span style=\"color: #ffffff;\"><strong>Aplicabilidad<\/strong><\/span><\/td>\n<td style=\"text-align: center;\">\u00a0<strong><span style=\"color: #ffffff;\">Periodicidad<\/span><\/strong><\/td>\n<\/tr>\n<\/thead>\n<tbody>\n<tr style=\"border-color: #cecaca; border-width: 1px;\" align=\"center\">\n<td style=\"border: 1px solid #cecaca; text-align: justify;\"><a href=\"https:\/\/agec.campeche.gob.mx\/?page_id=2049\" target=\"_blank\" class=\"jcepopup noicon\" rel=\"noopener noreferrer\">1e) Hiperv\u00ednculo a la informaci\u00f3n de los Corredores y Notarios P\u00fablicos<\/a><a href=\"http:\/\/agec.campeche.gob.mx\/index.php\/32-75-e\/231-fraccion-i-e-hipervinculo-corredores-y-notarios-2020\" target=\"_blank\" class=\"jcepopup noicon\" rel=\"noopener noreferrer\"><br \/>\n<\/a><\/td>\n<td style=\"border: 1px solid #cecaca;\"><img decoding=\"async\" src=\"https:\/\/agec.campeche.gob.mx\/wp-content\/uploads\/1485918237_Tick_Mark_Dark.png\" alt=\"1485918237 Tick Mark Dark\" style=\"display: block; margin-left: auto; margin-right: auto;\" \/><\/td>\n<td style=\"border: 1px solid #cecaca; text-align: center;\" align=\"center\" valign=\"middle\"><span style=\"color: #333333;\">Trimestral<\/span><\/td>\n<\/tr>\n<tr style=\"border-color: #cecaca; border-width: 1px;\" align=\"center\">\n<td style=\"border: 1px solid #cecaca; text-align: justify;\"><a href=\"https:\/\/agec.campeche.gob.mx\/?page_id=2048\" target=\"_blank\" class=\"jcepopup noicon\" rel=\"noopener noreferrer\">2e) Corredores y Notarios P\u00fablicos<\/a><\/td>\n<td style=\"border: 1px solid #cecaca;\"><img decoding=\"async\" src=\"https:\/\/agec.campeche.gob.mx\/wp-content\/uploads\/1485918237_Tick_Mark_Dark.png\" alt=\"1485918237 Tick Mark Dark\" style=\"display: block; margin-left: auto; margin-right: auto;\" \/><\/td>\n<td style=\"border: 1px solid #cecaca; text-align: center;\" align=\"center\" valign=\"middle\"><span style=\"color: #333333;\">Trimestral<\/span><\/td>\n<\/tr>\n<tr style=\"border-color: #cecaca; border-width: 1px;\" align=\"center\">\n<td style=\"border: 1px solid #cecaca; text-align: justify;\"><a href=\"https:\/\/agec.campeche.gob.mx\/?page_id=2054\" target=\"_blank\" class=\"jcepopup noicon\" rel=\"noopener noreferrer\">3e) Sanciones Aplicadas<\/a><\/td>\n<td style=\"border: 1px solid #cecaca;\"><img decoding=\"async\" src=\"https:\/\/agec.campeche.gob.mx\/wp-content\/uploads\/1485918237_Tick_Mark_Dark.png\" alt=\"1485918237 Tick Mark Dark\" style=\"display: block; margin-left: auto; margin-right: auto;\" \/><\/td>\n<td style=\"border: 1px solid #cecaca; text-align: center;\" align=\"center\" valign=\"middle\"><span style=\"color: #333333;\">Trimestral<\/span><\/td>\n<\/tr>\n<\/tbody>\n<\/table>\n<p>[\/et_pb_tab][et_pb_tab title=&#8221;2019&#8243; _builder_version=&#8221;4.23.1&#8243; _module_preset=&#8221;default&#8221; global_colors_info=&#8221;{}&#8221;]<\/p>\n<table class=\"table table-hover\" style=\"width: 100%; border: 1px solid #cecaca;\" align=\"center\">\n<thead><\/thead>\n<thead>\n<tr style=\"border-color: #dd1313; border-width: 1px; background-color: #5e5e5f;\">\n<td style=\"text-align: center;\"><span style=\"color: #ffffff;\"><strong>Inciso<\/strong><\/span><\/td>\n<td style=\"text-align: center;\">\u00a0<span style=\"color: #ffffff;\"><strong>Aplicabilidad<\/strong><\/span><\/td>\n<td style=\"text-align: center;\">\u00a0<strong><span style=\"color: #ffffff;\">Periodicidad<\/span><\/strong><\/td>\n<\/tr>\n<\/thead>\n<tbody>\n<tr style=\"border-color: #cecaca; border-width: 1px;\" align=\"center\">\n<td style=\"border: 1px solid #cecaca; text-align: justify;\"><a href=\"https:\/\/agec.campeche.gob.mx\/?page_id=2061\" target=\"_blank\" class=\"jcepopup noicon\" rel=\"noopener noreferrer\">1e) Hiperv\u00ednculo a la informaci\u00f3n de los Corredores y Notarios P\u00fablicos<\/a><a href=\"http:\/\/agec.campeche.gob.mx\/index.php\/32-75-e\/231-fraccion-i-e-hipervinculo-corredores-y-notarios-2020\" target=\"_blank\" class=\"jcepopup noicon\" rel=\"noopener noreferrer\"><br \/><\/a><\/td>\n<td style=\"border: 1px solid #cecaca;\"><img decoding=\"async\" src=\"https:\/\/agec.campeche.gob.mx\/wp-content\/uploads\/1485918237_Tick_Mark_Dark.png\" alt=\"1485918237 Tick Mark Dark\" style=\"display: block; margin-left: auto; margin-right: auto;\" \/><\/td>\n<td style=\"border: 1px solid #cecaca; text-align: center;\" align=\"center\" valign=\"middle\"><span style=\"color: #333333;\">Trimestral<\/span><\/td>\n<\/tr>\n<tr style=\"border-color: #cecaca; border-width: 1px;\" align=\"center\">\n<td style=\"border: 1px solid #cecaca; text-align: justify;\"><a href=\"https:\/\/agec.campeche.gob.mx\/?page_id=2059\" target=\"_blank\" class=\"jcepopup noicon\" rel=\"noopener noreferrer\">2e) Corredores y Notarios P\u00fablicos<\/a><\/td>\n<td style=\"border: 1px solid #cecaca;\"><img decoding=\"async\" src=\"https:\/\/agec.campeche.gob.mx\/wp-content\/uploads\/1485918237_Tick_Mark_Dark.png\" alt=\"1485918237 Tick Mark Dark\" style=\"display: block; margin-left: auto; margin-right: auto;\" \/><\/td>\n<td style=\"border: 1px solid #cecaca; text-align: center;\" align=\"center\" valign=\"middle\"><span style=\"color: #333333;\">Trimestral<\/span><\/td>\n<\/tr>\n<tr style=\"border-color: #cecaca; border-width: 1px;\" align=\"center\">\n<td style=\"border: 1px solid #cecaca; text-align: justify;\"><a href=\"https:\/\/agec.campeche.gob.mx\/?page_id=2060\" target=\"_blank\" class=\"jcepopup noicon\" rel=\"noopener noreferrer\">3e) Sanciones Aplicadas<\/a><\/td>\n<td style=\"border: 1px solid #cecaca;\"><img decoding=\"async\" src=\"https:\/\/agec.campeche.gob.mx\/wp-content\/uploads\/1485918237_Tick_Mark_Dark.png\" alt=\"1485918237 Tick Mark Dark\" style=\"display: block; margin-left: auto; margin-right: auto;\" \/><\/td>\n<td style=\"border: 1px solid #cecaca; text-align: center;\" align=\"center\" valign=\"middle\"><span style=\"color: #333333;\">Trimestral<\/span><\/td>\n<\/tr>\n<\/tbody>\n<\/table>\n<p>[\/et_pb_tab][et_pb_tab title=&#8221;2018&#8243; _builder_version=&#8221;4.23.1&#8243; _module_preset=&#8221;default&#8221; global_colors_info=&#8221;{}&#8221;]<\/p>\n<table class=\"table table-hover\" style=\"width: 100%; border: 1px solid #cecaca;\" align=\"center\">\n<thead><\/thead>\n<thead>\n<tr style=\"border-color: #dd1313; border-width: 1px; background-color: #5e5e5f;\">\n<td style=\"text-align: center;\"><span style=\"color: #ffffff;\"><strong>Inciso<\/strong><\/span><\/td>\n<td style=\"text-align: center;\">\u00a0<span style=\"color: #ffffff;\"><strong>Aplicabilidad<\/strong><\/span><\/td>\n<td style=\"text-align: center;\">\u00a0<strong><span style=\"color: #ffffff;\">Periodicidad<\/span><\/strong><\/td>\n<\/tr>\n<\/thead>\n<tbody>\n<tr style=\"border-color: #cecaca; border-width: 1px;\" align=\"center\">\n<td style=\"border: 1px solid #cecaca; text-align: justify;\"><a href=\"https:\/\/agec.campeche.gob.mx\/?page_id=2068\" target=\"_blank\" class=\"jcepopup noicon\" rel=\"noopener noreferrer\">1e) Hiperv\u00ednculo a la informaci\u00f3n de los Corredores y Notarios P\u00fablicos<\/a><a href=\"http:\/\/agec.campeche.gob.mx\/index.php\/32-75-e\/231-fraccion-i-e-hipervinculo-corredores-y-notarios-2020\" target=\"_blank\" class=\"jcepopup noicon\" rel=\"noopener noreferrer\"><br \/><\/a><\/td>\n<td style=\"border: 1px solid #cecaca;\"><img decoding=\"async\" src=\"https:\/\/agec.campeche.gob.mx\/wp-content\/uploads\/1485918237_Tick_Mark_Dark.png\" alt=\"1485918237 Tick Mark Dark\" style=\"display: block; margin-left: auto; margin-right: auto;\" \/><\/td>\n<td style=\"border: 1px solid #cecaca; text-align: center;\" align=\"center\" valign=\"middle\"><span style=\"color: #333333;\">Trimestral<\/span><\/td>\n<\/tr>\n<tr style=\"border-color: #cecaca; border-width: 1px;\" align=\"center\">\n<td style=\"border: 1px solid #cecaca; text-align: justify;\"><a href=\"https:\/\/agec.campeche.gob.mx\/?page_id=2069\" target=\"_blank\" class=\"jcepopup noicon\" rel=\"noopener noreferrer\">2e) Corredores y Notarios P\u00fablicos<\/a><\/td>\n<td style=\"border: 1px solid #cecaca;\"><img decoding=\"async\" src=\"https:\/\/agec.campeche.gob.mx\/wp-content\/uploads\/1485918237_Tick_Mark_Dark.png\" alt=\"1485918237 Tick Mark Dark\" style=\"display: block; margin-left: auto; margin-right: auto;\" \/><\/td>\n<td style=\"border: 1px solid #cecaca; text-align: center;\" align=\"center\" valign=\"middle\"><span style=\"color: #333333;\">Trimestral<\/span><\/td>\n<\/tr>\n<tr style=\"border-color: #cecaca; border-width: 1px;\" align=\"center\">\n<td style=\"border: 1px solid #cecaca; text-align: justify;\"><a href=\"https:\/\/agec.campeche.gob.mx\/?page_id=2071\" target=\"_blank\" class=\"jcepopup noicon\" rel=\"noopener noreferrer\">3e) Sanciones Aplicadas<\/a><\/td>\n<td style=\"border: 1px solid #cecaca;\"><img decoding=\"async\" src=\"https:\/\/agec.campeche.gob.mx\/wp-content\/uploads\/1485918237_Tick_Mark_Dark.png\" alt=\"1485918237 Tick Mark Dark\" style=\"display: block; margin-left: auto; margin-right: auto;\" \/><\/td>\n<td style=\"border: 1px solid #cecaca; text-align: center;\" align=\"center\" valign=\"middle\"><span style=\"color: #333333;\">Trimestral<\/span><\/td>\n<\/tr>\n<\/tbody>\n<\/table>\n<p>[\/et_pb_tab][et_pb_tab title=&#8221;2017&#8243; _builder_version=&#8221;4.23.1&#8243; _module_preset=&#8221;default&#8221; hover_enabled=&#8221;0&#8243; global_colors_info=&#8221;{}&#8221; sticky_enabled=&#8221;0&#8243;]<\/p>\n<table class=\"table table-hover\" style=\"width: 100%; border: 1px solid #cecaca;\" align=\"center\">\n<thead><\/thead>\n<thead>\n<tr style=\"border-color: #dd1313; border-width: 1px; background-color: #5e5e5f;\">\n<td style=\"text-align: center;\"><span style=\"color: #ffffff;\"><strong>Inciso<\/strong><\/span><\/td>\n<td style=\"text-align: center;\">\u00a0<span style=\"color: #ffffff;\"><strong>Aplicabilidad<\/strong><\/span><\/td>\n<td style=\"text-align: center;\">\u00a0<strong><span style=\"color: #ffffff;\">Periodicidad<\/span><\/strong><\/td>\n<\/tr>\n<\/thead>\n<tbody>\n<tr style=\"border-color: #cecaca; border-width: 1px;\" align=\"center\">\n<td style=\"border: 1px solid #cecaca; text-align: justify;\"><a href=\"https:\/\/agec.campeche.gob.mx\/?page_id=2081\" target=\"_blank\" rel=\"noopener noreferrer\" class=\"jcepopup noicon\">a) Corredores y Notarios P\u00fablicos<\/a><\/td>\n<td style=\"border: 1px solid #cecaca;\"><img decoding=\"async\" src=\"https:\/\/agec.campeche.gob.mx\/wp-content\/uploads\/1485918237_Tick_Mark_Dark.png\" alt=\"1485918237 Tick Mark Dark\" style=\"display: block; margin-left: auto; margin-right: auto;\" \/><\/td>\n<td style=\"border: 1px solid #cecaca; text-align: center;\" align=\"center\" valign=\"middle\"><span style=\"color: #333333;\">Trimestral<\/span><\/td>\n<\/tr>\n<tr style=\"border-color: #cecaca; border-width: 1px;\" align=\"center\">\n<td style=\"border: 1px solid #cecaca; text-align: justify;\"><a href=\"https:\/\/agec.campeche.gob.mx\/?page_id=2080\" _blank=\"\" rel=\"noopener noreferrer\" class=\"jcepopup noicon\">b) Leyenda: La Publicaci\u00f3n y Actualizaci\u00f3n de la Informaci\u00f3n esta a cargo de<\/a><\/td>\n<td style=\"border: 1px solid #cecaca;\"><img decoding=\"async\" src=\"https:\/\/agec.campeche.gob.mx\/wp-content\/uploads\/1485918237_Tick_Mark_Dark.png\" alt=\"1485918237 Tick Mark Dark\" style=\"display: block; margin-left: auto; margin-right: auto;\" \/><\/td>\n<td style=\"border: 1px solid #cecaca; text-align: center;\" align=\"center\" valign=\"middle\"><span style=\"color: #333333;\">Trimestral<\/span><\/td>\n<\/tr>\n<tr style=\"border-color: #cecaca; border-width: 1px;\" align=\"center\">\n<td style=\"border: 1px solid #cecaca; text-align: justify;\"><a href=\"https:\/\/agec.campeche.gob.mx\/?page_id=2080\"_blank\" rel=\"noopener noreferrer\" class=\"jcepopup noicon\">c) Sanciones Aplicadas<\/a><\/td>\n<td style=\"border: 1px solid #cecaca;\"><img decoding=\"async\" src=\"https:\/\/agec.campeche.gob.mx\/wp-content\/uploads\/1485918237_Tick_Mark_Dark.png\" alt=\"1485918237 Tick Mark Dark\" style=\"display: block; margin-left: auto; margin-right: auto;\" \/><\/td>\n<td style=\"border: 1px solid #cecaca; text-align: center;\" align=\"center\" valign=\"middle\"><span style=\"color: #333333;\">Trimestral<\/span><\/td>\n<\/tr>\n<\/tbody>\n<\/table>\n<p>[\/et_pb_tab][\/et_pb_tabs][\/et_pb_column][\/et_pb_row][\/et_pb_section]<\/p>\n","protected":false},"excerpt":{"rendered":"<p>I-E. Los nombres de las personas a qui\u00e9nes se les habilit\u00f3 para ejercer como Corredores y Notarios P\u00fablicos, as\u00ed como sus datos de contacto, la informaci\u00f3n relacionada con el proceso de otorgamiento de la Patente y\u00a0las Sanciones que se les hubieran aplicadoEl ejercicio de la Funci\u00f3n Notarial y de Corredur\u00eda P\u00fablica representa una designaci\u00f3n y [&hellip;]<\/p>\n","protected":false},"author":1,"featured_media":0,"parent":0,"menu_order":0,"comment_status":"closed","ping_status":"closed","template":"","meta":{"_acf_changed":false,"_et_pb_use_builder":"on","_et_pb_old_content":"","_et_gb_content_width":"","inline_featured_image":false,"footnotes":""},"class_list":["post-2034","page","type-page","status-publish","hentry"],"acf":[],"_links":{"self":[{"href":"https:\/\/agec.campeche.gob.mx\/index.php?rest_route=\/wp\/v2\/pages\/2034","targetHints":{"allow":["GET"]}}],"collection":[{"href":"https:\/\/agec.campeche.gob.mx\/index.php?rest_route=\/wp\/v2\/pages"}],"about":[{"href":"https:\/\/agec.campeche.gob.mx\/index.php?rest_route=\/wp\/v2\/types\/page"}],"author":[{"embeddable":true,"href":"https:\/\/agec.campeche.gob.mx\/index.php?rest_route=\/wp\/v2\/users\/1"}],"replies":[{"embeddable":true,"href":"https:\/\/agec.campeche.gob.mx\/index.php?rest_route=%2Fwp%2Fv2%2Fcomments&post=2034"}],"version-history":[{"count":4,"href":"https:\/\/agec.campeche.gob.mx\/index.php?rest_route=\/wp\/v2\/pages\/2034\/revisions"}],"predecessor-version":[{"id":2091,"href":"https:\/\/agec.campeche.gob.mx\/index.php?rest_route=\/wp\/v2\/pages\/2034\/revisions\/2091"}],"wp:attachment":[{"href":"https:\/\/agec.campeche.gob.mx\/index.php?rest_route=%2Fwp%2Fv2%2Fmedia&parent=2034"}],"curies":[{"name":"wp","href":"https:\/\/api.w.org\/{rel}","templated":true}]}}