{"id":2069,"date":"2024-01-17T12:32:38","date_gmt":"2024-01-17T18:32:38","guid":{"rendered":"https:\/\/agec.campeche.gob.mx\/?page_id=2069"},"modified":"2024-01-17T12:32:38","modified_gmt":"2024-01-17T18:32:38","slug":"71-e-corredores-y-notarios","status":"publish","type":"page","link":"https:\/\/agec.campeche.gob.mx\/?page_id=2069","title":{"rendered":"71-E Corredores y Notarios"},"content":{"rendered":"<p>[et_pb_section fb_built=&#8221;1&#8243; theme_builder_area=&#8221;post_content&#8221; _builder_version=&#8221;4.23.1&#8243; _module_preset=&#8221;default&#8221;][et_pb_row _builder_version=&#8221;4.23.1&#8243; _module_preset=&#8221;default&#8221; theme_builder_area=&#8221;post_content&#8221;][et_pb_column _builder_version=&#8221;4.23.1&#8243; _module_preset=&#8221;default&#8221; type=&#8221;4_4&#8243; theme_builder_area=&#8221;post_content&#8221;][et_pb_text _builder_version=&#8221;4.23.1&#8243; _module_preset=&#8221;default&#8221; theme_builder_area=&#8221;post_content&#8221; hover_enabled=&#8221;0&#8243; sticky_enabled=&#8221;0&#8243;]<\/p>\n<h1><span>2e). Corredores y Notarios P\u00fablicos<\/span><\/h1>\n<p>[\/et_pb_text][et_pb_text _builder_version=&#8221;4.23.1&#8243; _module_preset=&#8221;default&#8221; theme_builder_area=&#8221;post_content&#8221; hover_enabled=&#8221;0&#8243; sticky_enabled=&#8221;0&#8243;]El ejercicio de la Funci\u00f3n Notarial y de Corredur\u00eda P\u00fablica representa una designaci\u00f3n y delegaci\u00f3n de la funci\u00f3n p\u00fablica a determinadas personas que est\u00e1n en posibilidad de cobrar un gravamen a la formalidad. La Patente Notarial y la habilitaci\u00f3n de Corredor P\u00fablico es la autorizaci\u00f3n que otorga el Poder Ejecutivo del Gobierno de cada Entidad Federativa para que un profesional del Derecho, investido de Fe P\u00fablica por el Estado, elabore instrumentos p\u00fablicos que gozan de la presunci\u00f3n legal de verdad y ejerza las funciones establecidas en la Normatividad en la materia.<\/p>\n<p> Per\u00edodo de Actualizaci\u00f3n: Trimestral<br \/>\n Fecha de Actualizaci\u00f3n: 08\/01\/2019<br \/>\n Fecha de Validaci\u00f3n: 08\/01\/2019<br \/>\n Unidad(es) Administrativa(s) que genera(n) o posee(n) la Informaci\u00f3n: Direcci\u00f3n de Control Notarial de la Secretar\u00eda General de Gobierno[\/et_pb_text][et_pb_text _builder_version=&#8221;4.23.1&#8243; _module_preset=&#8221;default&#8221; theme_builder_area=&#8221;post_content&#8221; hover_enabled=&#8221;0&#8243; sticky_enabled=&#8221;0&#8243;]<\/p>\n<p>&nbsp;<a href=\"https:\/\/drive.google.com\/uc?export=download&amp;id=1sWMKE2MJyT9J0YSuA7Wd9LP8WmEZWFsE\" target=\"_blank\" rel=\"noopener\"><button type=\"button\" class=\"btn btn-large btn-success\"><em class=\"fa fa-file-excel-o\"> Descargar Excel<\/em><\/button> <\/a> <a href=\"https:\/\/drive.google.com\/open?id=1sWMKE2MJyT9J0YSuA7Wd9LP8WmEZWFsE\" target=\"_blank\" rel=\"noopener\"> <button type=\"button\" class=\"btn btn-large btn-danger\"><em class=\"fa fa-eye\"> Ver Online<\/em><\/button> <\/a> <span style=\"padding-left: 20px;\"> <span class=\"fa fa-hand-o-left\"><\/span> Descargue y\/o visualice aqu\u00ed<\/span><\/p>\n<p>[\/et_pb_text][\/et_pb_column][\/et_pb_row][\/et_pb_section]<\/p>\n","protected":false},"excerpt":{"rendered":"<p>2e). Corredores y Notarios P\u00fablicosEl ejercicio de la Funci\u00f3n Notarial y de Corredur\u00eda P\u00fablica representa una designaci\u00f3n y delegaci\u00f3n de la funci\u00f3n p\u00fablica a determinadas personas que est\u00e1n en posibilidad de cobrar un gravamen a la formalidad. La Patente Notarial y la habilitaci\u00f3n de Corredor P\u00fablico es la autorizaci\u00f3n que otorga el Poder Ejecutivo del [&hellip;]<\/p>\n","protected":false},"author":1,"featured_media":0,"parent":0,"menu_order":0,"comment_status":"closed","ping_status":"closed","template":"","meta":{"_acf_changed":false,"_et_pb_use_builder":"on","_et_pb_old_content":"","_et_gb_content_width":"","inline_featured_image":false,"footnotes":""},"class_list":["post-2069","page","type-page","status-publish","hentry"],"acf":[],"_links":{"self":[{"href":"https:\/\/agec.campeche.gob.mx\/index.php?rest_route=\/wp\/v2\/pages\/2069","targetHints":{"allow":["GET"]}}],"collection":[{"href":"https:\/\/agec.campeche.gob.mx\/index.php?rest_route=\/wp\/v2\/pages"}],"about":[{"href":"https:\/\/agec.campeche.gob.mx\/index.php?rest_route=\/wp\/v2\/types\/page"}],"author":[{"embeddable":true,"href":"https:\/\/agec.campeche.gob.mx\/index.php?rest_route=\/wp\/v2\/users\/1"}],"replies":[{"embeddable":true,"href":"https:\/\/agec.campeche.gob.mx\/index.php?rest_route=%2Fwp%2Fv2%2Fcomments&post=2069"}],"version-history":[{"count":2,"href":"https:\/\/agec.campeche.gob.mx\/index.php?rest_route=\/wp\/v2\/pages\/2069\/revisions"}],"predecessor-version":[{"id":2077,"href":"https:\/\/agec.campeche.gob.mx\/index.php?rest_route=\/wp\/v2\/pages\/2069\/revisions\/2077"}],"wp:attachment":[{"href":"https:\/\/agec.campeche.gob.mx\/index.php?rest_route=%2Fwp%2Fv2%2Fmedia&parent=2069"}],"curies":[{"name":"wp","href":"https:\/\/api.w.org\/{rel}","templated":true}]}}