{"id":2098,"date":"2024-01-17T13:33:41","date_gmt":"2024-01-17T19:33:41","guid":{"rendered":"https:\/\/agec.campeche.gob.mx\/?page_id=2098"},"modified":"2024-01-17T13:33:41","modified_gmt":"2024-01-17T19:33:41","slug":"fraccion-viii","status":"publish","type":"page","link":"https:\/\/agec.campeche.gob.mx\/?page_id=2098","title":{"rendered":"Fraccion VIII"},"content":{"rendered":"<p>[et_pb_section fb_built=&#8221;1&#8243; theme_builder_area=&#8221;post_content&#8221; _builder_version=&#8221;4.23.1&#8243; _module_preset=&#8221;default&#8221;][et_pb_row _builder_version=&#8221;4.23.1&#8243; _module_preset=&#8221;default&#8221; theme_builder_area=&#8221;post_content&#8221;][et_pb_column _builder_version=&#8221;4.23.1&#8243; _module_preset=&#8221;default&#8221; type=&#8221;4_4&#8243; theme_builder_area=&#8221;post_content&#8221;][et_pb_text _builder_version=&#8221;4.23.1&#8243; _module_preset=&#8221;default&#8221; theme_builder_area=&#8221;post_content&#8221; hover_enabled=&#8221;0&#8243; sticky_enabled=&#8221;0&#8243;]<\/p>\n<h1><span>VIII. La Remuneraci\u00f3n Bruta y Neta de todos los Servidores P\u00fablicos de Base o de Confianza, de todas las Percepciones, incluyendo Sueldos, Prestaciones, Gratificaciones, Primas, Comisiones, Dietas, Bonos, Est\u00edmulos, Ingresos y Sistemas de Compensaci\u00f3n, se\u00f1alando la periodicidad de dicha remuneraci\u00f3n.<\/span><\/h1>\n<p>[\/et_pb_text][et_pb_text _builder_version=&#8221;4.23.1&#8243; _module_preset=&#8221;default&#8221; theme_builder_area=&#8221;post_content&#8221; hover_enabled=&#8221;0&#8243; sticky_enabled=&#8221;0&#8243;]<\/p>\n<p style=\"text-align: justify;\"><span>Lo anterior permite a cada Sujeto Obligado identificar claramente cu\u00e1l informaci\u00f3n deber\u00e1 publicar en este rubro a fin de cumplir con el principio de m\u00e1xima publicidad y proporcionar, a trav\u00e9s de su sitio de Transparencia y de la Plataforma Nacional, la informaci\u00f3n de todos(as) los(as) Servidores(as) P\u00fablicos(as) de Base, de Confianza, Integrantes, Miembros del Sujeto Obligado y\/o toda persona que desempe\u00f1e un empleo, cargo o comisi\u00f3n y\/o ejerza actos de autoridad, relativa a la remuneraci\u00f3n mensual bruta y neta de conformidad con el tabulador de sueldos y salarios aplicable a cada Sujeto Obligado.<\/span><\/p>\n<p>[\/et_pb_text][et_pb_tabs _builder_version=&#8221;4.23.1&#8243; _module_preset=&#8221;default&#8221; theme_builder_area=&#8221;post_content&#8221; hover_enabled=&#8221;0&#8243; sticky_enabled=&#8221;0&#8243;][et_pb_tab title=&#8221;2021&#8243; _builder_version=&#8221;4.23.1&#8243; _module_preset=&#8221;default&#8221; theme_builder_area=&#8221;post_content&#8221; hover_enabled=&#8221;0&#8243; sticky_enabled=&#8221;0&#8243;]<\/p>\n<table class=\"table table-hover\" style=\"width: 100%; border: 1px solid #cecaca;\" align=\"center\">\n<thead>\n<tr style=\"border-color: #dd1313; border-width: 1px; background-color: #5e5e5f;\">\n<td style=\"text-align: center;\"><span style=\"color: #ffffff;\"><strong>Inciso<\/strong><\/span><\/td>\n<td style=\"text-align: center;\">&nbsp;<span style=\"color: #ffffff;\"><strong>Aplicabilidad<\/strong><\/span><\/td>\n<td style=\"text-align: center;\">&nbsp;<strong><span style=\"color: #ffffff;\">Periodicidad<\/span><\/strong><\/td>\n<\/tr>\n<\/thead>\n<tbody>\n<tr style=\"border-color: #cecaca; border-width: 1px;\" align=\"center\">\n<td style=\"border: 1px solid #cecaca;\"><a href=\"https:\/\/agec.campeche.gob.mx\/?page_id=2101\"_blank\" class=\"jcepopup noicon\" rel=\"noopener noreferrer\">a) Remuneraci\u00f3n Bruta y Neta<\/a><\/td>\n<td style=\"border: 1px solid #cecaca;\"><img decoding=\"async\" src=\"https:\/\/agec.campeche.gob.mx\/wp-content\/uploads\/1485918237_Tick_Mark_Dark.png\" alt=\"1485918237 Tick Mark Dark\" style=\"display: block; margin-left: auto; margin-right: auto;\"><\/td>\n<td style=\"border: 1px solid #cecaca; text-align: center;\" align=\"center\" valign=\"middle\"><span style=\"color: #333333;\">Trimestral<\/span><\/td>\n<\/tr>\n<tr style=\"border-color: #cecaca; border-width: 1px;\" align=\"center\">\n<td style=\"border: 1px solid #cecaca;\"><a href=\"https:\/\/agec.campeche.gob.mx\/?page_id=2100\"_blank\" class=\"jcepopup noicon\" rel=\"noopener noreferrer\">b) Tabulador de Sueldos y Salarios<\/a><\/td>\n<td style=\"border: 1px solid #cecaca;\"><img decoding=\"async\" src=\"https:\/\/agec.campeche.gob.mx\/wp-content\/uploads\/1485918237_Tick_Mark_Dark.png\" alt=\"1485918237 Tick Mark Dark\" style=\"display: block; margin-left: auto; margin-right: auto;\"><\/td>\n<td style=\"border: 1px solid #cecaca; text-align: center;\" align=\"center\" valign=\"middle\"><span style=\"color: #333333;\">Trimestral<\/span><\/td>\n<\/tr>\n<\/tbody>\n<\/table>\n<p>[\/et_pb_tab][et_pb_tab title=&#8221;2020&#8243; _builder_version=&#8221;4.23.1&#8243; _module_preset=&#8221;default&#8221; theme_builder_area=&#8221;post_content&#8221; hover_enabled=&#8221;0&#8243; sticky_enabled=&#8221;0&#8243;]<span class=\"fa fa-refresh\"><span>\u00a0<\/span>Periodo de Actualizaci\u00f3n:<strong>\u00a0Semestral<\/strong><\/span><br \/>\n<span class=\"fa fa-calendar\"><span>\u00a0<\/span>Fecha de Actualizaci\u00f3n:<span>\u00a0<\/span><strong>11\/01\/2021<\/strong><\/span><br \/>\n<span class=\"fa fa-calendar\"><span>\u00a0<\/span>Fecha de Validaci\u00f3n:<span>\u00a0<\/span><strong>11\/01\/2021<\/strong><\/span><br \/>\n<span class=\"fa fa-pencil-square-o\"><span>\u00a0<\/span>Unidad(es) Administrativa(s) que genera(n) o posee(n) la Informaci\u00f3n:\u00a0<\/span><span><strong>\u00c1reas y\/o Coordinaciones Administrativas de: SEGOB, COESPO, CESP, SIPINNA, AGEC, IET.<\/strong><\/span><\/p>\n<p><span><\/span><\/p>\n<p><a href=\"https:\/\/drive.google.com\/uc?export=download&amp;id=1MT3R8rn3v0XW-DaVxEUxEZm1JgnBV3VN\" target=\"_blank\" rel=\"noopener noreferrer\"><button type=\"button\" class=\"btn btn-large btn-success\"><em class=\"fa fa-file-excel-o\"> Descargar Excel<\/em><\/button> <\/a> <a href=\"https:\/\/drive.google.com\/open?id=1MT3R8rn3v0XW-DaVxEUxEZm1JgnBV3VN\" target=\"_blank\" rel=\"noopener noreferrer\"> <button type=\"button\" class=\"btn btn-large btn-danger\"><em class=\"fa fa-eye\"> Ver Online<\/em><\/button> <\/a> <span style=\"padding-left: 20px;\"> <span class=\"fa fa-hand-o-left\"><\/span> Descargue y\/o visualice aqu\u00ed<\/span><\/p>\n<p>[\/et_pb_tab][et_pb_tab title=&#8221;2019&#8243; _builder_version=&#8221;4.23.1&#8243; _module_preset=&#8221;default&#8221; theme_builder_area=&#8221;post_content&#8221; hover_enabled=&#8221;0&#8243; sticky_enabled=&#8221;0&#8243;]<span class=\"fa fa-refresh\"><span>\u00a0<\/span>Periodo de Actualizaci\u00f3n:<strong>\u00a0Semestral<\/strong><\/span><br \/>\n<span class=\"fa fa-calendar\"><span>\u00a0<\/span>Fecha de Actualizaci\u00f3n:<span>\u00a0<\/span><strong>10\/01\/2020<\/strong><\/span><br \/>\n<span class=\"fa fa-calendar\"><span>\u00a0<\/span>Fecha de Validaci\u00f3n:<span>\u00a0<\/span><strong>10\/01\/2020<\/strong><\/span><br \/>\n<span class=\"fa fa-pencil-square-o\"><span>\u00a0<\/span>Unidad(es) Administrativa(s) que genera(n) o posee(n) la informaci\u00f3n:\u00a0<\/span><span><strong>\u00c1reas y\/o Coordinaciones Administrativas de: SEGOB, COESPO, CESP, SIPINNA, AGEC, IET.<\/strong><\/span><\/p>\n<p><a href=\"https:\/\/drive.google.com\/uc?export=download&amp;id=1XHyZc9ylGXhGFifyTZ9E2XK3fJOdKUBK\" target=\"_blank\" rel=\"noopener noreferrer\"><button type=\"button\" class=\"btn btn-large btn-success\"><em class=\"fa fa-file-excel-o\"> Descargar Excel<\/em><\/button> <\/a> <a href=\"https:\/\/drive.google.com\/open?id=1XHyZc9ylGXhGFifyTZ9E2XK3fJOdKUBK\" target=\"_blank\" rel=\"noopener noreferrer\"> <button type=\"button\" class=\"btn btn-large btn-danger\"><em class=\"fa fa-eye\"> Ver Online<\/em><\/button> <\/a> <span style=\"padding-left: 20px;\"> <span class=\"fa fa-hand-o-left\"><\/span> Descargue y\/o visualice aqu\u00ed<\/span><\/p>\n<p>[\/et_pb_tab][et_pb_tab title=&#8221;2018&#8243; _builder_version=&#8221;4.23.1&#8243; _module_preset=&#8221;default&#8221; theme_builder_area=&#8221;post_content&#8221; hover_enabled=&#8221;0&#8243; sticky_enabled=&#8221;0&#8243;]<span class=\"fa fa-refresh\"><span>\u00a0<\/span>Per\u00edodo de Actualizaci\u00f3n:\u00a0<span><strong>Semestral<\/strong><\/span><\/span><br \/>\n<span class=\"fa fa-calendar\"><span>\u00a0<\/span>Fecha de Actualizaci\u00f3n:<span>\u00a0<\/span><strong>08\/01\/2019<\/strong><\/span><br \/>\n<span class=\"fa fa-calendar\"><span>\u00a0<\/span>Fecha de Validaci\u00f3n:<strong><span>\u00a0<\/span>08\/01\/2019<\/strong><\/span><br \/>\n<span class=\"fa fa-pencil-square-o\"><span>\u00a0<\/span>Unidad(es) Administrativa(s) que genera(n) o posee(n) la Informaci\u00f3n:<span>\u00a0<\/span><b>Archivo General del Estado de Campeche (AGEC)<\/b><\/span><\/p>\n<p>&nbsp;<a href=\"https:\/\/drive.google.com\/uc?export=download&amp;id=1-nzLze8Fu9Oi81V9hreYHDk6io8rpg3z\" target=\"_blank\" rel=\"noopener noreferrer\"><button type=\"button\" class=\"btn btn-large btn-success\"><em class=\"fa fa-file-excel-o\"> Descargar Excel<\/em><\/button> <\/a> <a href=\"https:\/\/drive.google.com\/open?id=1-nzLze8Fu9Oi81V9hreYHDk6io8rpg3z\" target=\"_blank\" rel=\"noopener noreferrer\"> <button type=\"button\" class=\"btn btn-large btn-danger\"><em class=\"fa fa-eye\"> Ver Online<\/em><\/button> <\/a> <span style=\"padding-left: 20px;\"> <span class=\"fa fa-hand-o-left\"><\/span> Descargue y\/o visualice aqu\u00ed<\/span><\/p>\n<p>[\/et_pb_tab][et_pb_tab title=&#8221;2017&#8243; _builder_version=&#8221;4.23.1&#8243; _module_preset=&#8221;default&#8221; theme_builder_area=&#8221;post_content&#8221; hover_enabled=&#8221;0&#8243; sticky_enabled=&#8221;0&#8243;]<span class=\"fa fa-refresh\"><span>\u00a0<\/span>Per\u00edodo de Actualizaci\u00f3n:<span>\u00a0<\/span><strong>Trimestral<\/strong><\/span><br \/>\n<span class=\"fa fa-calendar\"><span>\u00a0<\/span>Fecha de Actualizaci\u00f3n:<span>\u00a0<\/span><strong>12\/01\/2018<\/strong><\/span><br \/>\n<span class=\"fa fa-calendar\"><span>\u00a0<\/span>Fecha de Validaci\u00f3n:\u00a0<strong>12\/01\/2018<\/strong><\/span><br \/>\n<span class=\"fa fa-pencil-square-o\"><span>\u00a0<\/span>Unidad(es) Administrativa(s) que genera(n) o posee(n) la Informaci\u00f3n:<span>\u00a0<\/span><b>Archivo General del Estado de Campeche (AGEC)<\/b><\/span><\/p>\n<p>&nbsp;<a href=\"https:\/\/drive.google.com\/uc?export=download&amp;id=1Cjzi982U-qgy5zNLNzYxkIqvBv64uOAJ\" target=\"_blank\" rel=\"noopener noreferrer\"><button type=\"button\" class=\"btn btn-large btn-success\"><em class=\"fa fa-file-excel-o\"> Descargar Excel<\/em><\/button> <\/a> <a href=\"https:\/\/drive.google.com\/open?id=1Cjzi982U-qgy5zNLNzYxkIqvBv64uOAJ\" target=\"_blank\" rel=\"noopener noreferrer\"> <button type=\"button\" class=\"btn btn-large btn-danger\"><em class=\"fa fa-eye\"> Ver Online<\/em><\/button> <\/a> <span style=\"padding-left: 20px;\"> <span class=\"fa fa-hand-o-left\"><\/span> Descargue y\/o visualice aqu\u00ed<\/span><\/p>\n<p>[\/et_pb_tab][\/et_pb_tabs][\/et_pb_column][\/et_pb_row][\/et_pb_section]<\/p>\n","protected":false},"excerpt":{"rendered":"<p>VIII. La Remuneraci\u00f3n Bruta y Neta de todos los Servidores P\u00fablicos de Base o de Confianza, de todas las Percepciones, incluyendo Sueldos, Prestaciones, Gratificaciones, Primas, Comisiones, Dietas, Bonos, Est\u00edmulos, Ingresos y Sistemas de Compensaci\u00f3n, se\u00f1alando la periodicidad de dicha remuneraci\u00f3n.Lo anterior permite a cada Sujeto Obligado identificar claramente cu\u00e1l informaci\u00f3n deber\u00e1 publicar en este rubro [&hellip;]<\/p>\n","protected":false},"author":1,"featured_media":0,"parent":0,"menu_order":0,"comment_status":"closed","ping_status":"closed","template":"","meta":{"_acf_changed":false,"_et_pb_use_builder":"on","_et_pb_old_content":"","_et_gb_content_width":"","inline_featured_image":false,"footnotes":""},"class_list":["post-2098","page","type-page","status-publish","hentry"],"acf":[],"_links":{"self":[{"href":"https:\/\/agec.campeche.gob.mx\/index.php?rest_route=\/wp\/v2\/pages\/2098","targetHints":{"allow":["GET"]}}],"collection":[{"href":"https:\/\/agec.campeche.gob.mx\/index.php?rest_route=\/wp\/v2\/pages"}],"about":[{"href":"https:\/\/agec.campeche.gob.mx\/index.php?rest_route=\/wp\/v2\/types\/page"}],"author":[{"embeddable":true,"href":"https:\/\/agec.campeche.gob.mx\/index.php?rest_route=\/wp\/v2\/users\/1"}],"replies":[{"embeddable":true,"href":"https:\/\/agec.campeche.gob.mx\/index.php?rest_route=%2Fwp%2Fv2%2Fcomments&post=2098"}],"version-history":[{"count":2,"href":"https:\/\/agec.campeche.gob.mx\/index.php?rest_route=\/wp\/v2\/pages\/2098\/revisions"}],"predecessor-version":[{"id":2108,"href":"https:\/\/agec.campeche.gob.mx\/index.php?rest_route=\/wp\/v2\/pages\/2098\/revisions\/2108"}],"wp:attachment":[{"href":"https:\/\/agec.campeche.gob.mx\/index.php?rest_route=%2Fwp%2Fv2%2Fmedia&parent=2098"}],"curies":[{"name":"wp","href":"https:\/\/api.w.org\/{rel}","templated":true}]}}