{"id":2100,"date":"2024-01-17T13:14:48","date_gmt":"2024-01-17T19:14:48","guid":{"rendered":"https:\/\/agec.campeche.gob.mx\/?page_id=2100"},"modified":"2024-01-17T13:14:48","modified_gmt":"2024-01-17T19:14:48","slug":"fraccion-viii-b_2021-2","status":"publish","type":"page","link":"https:\/\/agec.campeche.gob.mx\/?page_id=2100","title":{"rendered":"Fraccion VIII-B_2021"},"content":{"rendered":"<p>[et_pb_section fb_built=&#8221;1&#8243; theme_builder_area=&#8221;post_content&#8221; _builder_version=&#8221;4.23.1&#8243; _module_preset=&#8221;default&#8221;][et_pb_row _builder_version=&#8221;4.23.1&#8243; _module_preset=&#8221;default&#8221; theme_builder_area=&#8221;post_content&#8221;][et_pb_column _builder_version=&#8221;4.23.1&#8243; _module_preset=&#8221;default&#8221; type=&#8221;4_4&#8243; theme_builder_area=&#8221;post_content&#8221;][et_pb_text _builder_version=&#8221;4.23.1&#8243; _module_preset=&#8221;default&#8221; theme_builder_area=&#8221;post_content&#8221; hover_enabled=&#8221;0&#8243; sticky_enabled=&#8221;0&#8243;]<\/p>\n<h2 style=\"text-align: justify;\"><span>VIII. La Remuneraci\u00f3n Bruta y Neta de todos los Servidores P\u00fablicos de Base o de Confianza, de todas las Percepciones, incluyendo Sueldos, Prestaciones, Gratificaciones, Primas, Comisiones, Dietas, Bonos, Est\u00edmulos, Ingresos y Sistemas de Compensaci\u00f3n, se\u00f1alando la periodicidad de dicha remuneraci\u00f3n.<\/span><\/h2>\n<p style=\"text-align: justify;\"><span>Lo anterior permite a cada Sujeto Obligado identificar claramente cu\u00e1l informaci\u00f3n deber\u00e1 publicar en este rubro a fin de cumplir con el principio de m\u00e1xima publicidad y proporcionar, a trav\u00e9s de su sitio de Transparencia y de la Plataforma Nacional, la informaci\u00f3n de todos(as) los(as) Servidores(as) P\u00fablicos(as) de Base, de Confianza, Integrantes, Miembros del Sujeto Obligado y\/o toda persona que desempe\u00f1e un empleo, cargo o comisi\u00f3n y\/o ejerza actos de autoridad, relativa a la remuneraci\u00f3n mensual bruta y neta de conformidad con el tabulador de sueldos y salarios aplicable a cada Sujeto Obligado.<\/span><\/p>\n<p><span class=\"fa fa-refresh\"><span>\u00a0<\/span>Periodo de Actualizaci\u00f3n:<strong>\u00a0Trimestral<\/strong><\/span><br \/><span class=\"fa fa-calendar\"><span>\u00a0<\/span>Fecha de Actualizaci\u00f3n:<span>\u00a0<\/span><strong>07\/01\/2022<\/strong><\/span><br \/><span class=\"fa fa-calendar\"><span>\u00a0<\/span>Fecha de Validaci\u00f3n:<span>\u00a0<\/span><strong>07\/01\/2022<\/strong><\/span><br \/><span class=\"fa fa-pencil-square-o\"><span>\u00a0<\/span>Unidad(es) Administrativa(s) que genera(n) o posee(n) la Informaci\u00f3n:\u00a0<\/span><span><strong>\u00c1reas y\/o Coordinaciones Administrativas de: SEGOB, CESP, COESPO, IET, AGEC, SIPINNA, COMBUSPERCAM.<\/strong><\/span>\u00a0<\/p>\n<p><a href=\"https:\/\/drive.google.com\/uc?export=download&amp;id=1wUr_dRBfCWTN61OfHTpIth8WCazxdszj\" target=\"_blank\" rel=\"noopener\"><button type=\"button\" class=\"btn btn-large btn-success\"><em class=\"fa fa-file-excel-o\"> Descargar Excel<\/em><\/button> <\/a> <a href=\"https:\/\/drive.google.com\/open?id=1wUr_dRBfCWTN61OfHTpIth8WCazxdszj\" target=\"_blank\" rel=\"noopener\"> <button type=\"button\" class=\"btn btn-large btn-danger\"><em class=\"fa fa-eye\"> Ver Online<\/em><\/button> <\/a> <span style=\"padding-left: 20px;\"> <span class=\"fa fa-hand-o-left\"><\/span> Descargue y\/o visualice aqu\u00ed<\/span><\/p>\n<p>[\/et_pb_text][\/et_pb_column][\/et_pb_row][\/et_pb_section]<\/p>\n","protected":false},"excerpt":{"rendered":"<p>VIII. La Remuneraci\u00f3n Bruta y Neta de todos los Servidores P\u00fablicos de Base o de Confianza, de todas las Percepciones, incluyendo Sueldos, Prestaciones, Gratificaciones, Primas, Comisiones, Dietas, Bonos, Est\u00edmulos, Ingresos y Sistemas de Compensaci\u00f3n, se\u00f1alando la periodicidad de dicha remuneraci\u00f3n. Lo anterior permite a cada Sujeto Obligado identificar claramente cu\u00e1l informaci\u00f3n deber\u00e1 publicar en este [&hellip;]<\/p>\n","protected":false},"author":1,"featured_media":0,"parent":0,"menu_order":0,"comment_status":"closed","ping_status":"closed","template":"","meta":{"_acf_changed":false,"_et_pb_use_builder":"on","_et_pb_old_content":"","_et_gb_content_width":"","inline_featured_image":false,"footnotes":""},"class_list":["post-2100","page","type-page","status-publish","hentry"],"acf":[],"_links":{"self":[{"href":"https:\/\/agec.campeche.gob.mx\/index.php?rest_route=\/wp\/v2\/pages\/2100","targetHints":{"allow":["GET"]}}],"collection":[{"href":"https:\/\/agec.campeche.gob.mx\/index.php?rest_route=\/wp\/v2\/pages"}],"about":[{"href":"https:\/\/agec.campeche.gob.mx\/index.php?rest_route=\/wp\/v2\/types\/page"}],"author":[{"embeddable":true,"href":"https:\/\/agec.campeche.gob.mx\/index.php?rest_route=\/wp\/v2\/users\/1"}],"replies":[{"embeddable":true,"href":"https:\/\/agec.campeche.gob.mx\/index.php?rest_route=%2Fwp%2Fv2%2Fcomments&post=2100"}],"version-history":[{"count":2,"href":"https:\/\/agec.campeche.gob.mx\/index.php?rest_route=\/wp\/v2\/pages\/2100\/revisions"}],"predecessor-version":[{"id":2105,"href":"https:\/\/agec.campeche.gob.mx\/index.php?rest_route=\/wp\/v2\/pages\/2100\/revisions\/2105"}],"wp:attachment":[{"href":"https:\/\/agec.campeche.gob.mx\/index.php?rest_route=%2Fwp%2Fv2%2Fmedia&parent=2100"}],"curies":[{"name":"wp","href":"https:\/\/api.w.org\/{rel}","templated":true}]}}