{"id":2123,"date":"2024-01-17T14:52:26","date_gmt":"2024-01-17T20:52:26","guid":{"rendered":"https:\/\/agec.campeche.gob.mx\/?page_id=2123"},"modified":"2024-01-17T14:52:26","modified_gmt":"2024-01-17T20:52:26","slug":"fraccion-x","status":"publish","type":"page","link":"https:\/\/agec.campeche.gob.mx\/?page_id=2123","title":{"rendered":"Fraccion X"},"content":{"rendered":"<p>[et_pb_section fb_built=&#8221;1&#8243; theme_builder_area=&#8221;post_content&#8221; _builder_version=&#8221;4.23.1&#8243; _module_preset=&#8221;default&#8221;][et_pb_row _builder_version=&#8221;4.23.1&#8243; _module_preset=&#8221;default&#8221; theme_builder_area=&#8221;post_content&#8221;][et_pb_column _builder_version=&#8221;4.23.1&#8243; _module_preset=&#8221;default&#8221; type=&#8221;4_4&#8243; theme_builder_area=&#8221;post_content&#8221;][et_pb_text _builder_version=&#8221;4.23.1&#8243; _module_preset=&#8221;default&#8221; theme_builder_area=&#8221;post_content&#8221; hover_enabled=&#8221;0&#8243; sticky_enabled=&#8221;0&#8243;]<\/p>\n<h2 style=\"text-align: justify;\"><span>X. El N\u00famero Total de las Plazas y del Personal de Base y Confianza, especificando el Total de las Vacantes, por Nivel de Puesto, para cada Unidad Administrativa.<\/span><\/h2>\n<p style=\"text-align: justify;\"><span>En este apartado los Sujetos Obligados publicar\u00e1n informaci\u00f3n con base en su Estructura Org\u00e1nica Vigente, Aprobada y Registrada por el \u00d3rgano Competente. Desde cada nivel de estructura se deber\u00e1 incluir el listado de las \u00e1reas que le est\u00e1n subordinadas jer\u00e1rquicamente y desde cada \u00e1rea se desplegar\u00e1 el listado con el Total de Plazas tanto de Base como de Confianza, sean de car\u00e1cter Permanente o Eventual, de tal forma que se se\u00f1ale cu\u00e1les est\u00e1n ocupadas y cu\u00e1les vacantes, as\u00ed como los totales.<\/span><\/p>\n<p>[\/et_pb_text][et_pb_text _builder_version=&#8221;4.23.1&#8243; _module_preset=&#8221;default&#8221; theme_builder_area=&#8221;post_content&#8221; hover_enabled=&#8221;0&#8243; sticky_enabled=&#8221;0&#8243;]<\/p>\n<table border=\"1\" class=\"table table-hover\" style=\"width: 100%; border-width: 1px; border-color: #b3b3b3;\">\n<thead>\n<tr>\n<th style=\"background-color: #484747; text-align: center;\"><strong><span style=\"color: #ffffff;\">Inciso<\/span><\/strong><\/th>\n<th style=\"background-color: #484747; text-align: center;\"><strong><span style=\"color: #ffffff;\">\u00a0Aplicabilidad<\/span><\/strong><\/th>\n<th style=\"background-color: #484747; text-align: center;\"><strong><span style=\"color: #ffffff;\">\u00a0Periodicidad<\/span><\/strong><\/th>\n<\/tr>\n<\/thead>\n<tbody>\n<tr>\n<td><a href=\"https:\/\/agec.campeche.gob.mx\/?page_id=2126\" target=\"_blank\" class=\"jcepopup noicon\" data-mediabox-group=\"noreferrer\" rel=\"noopener noreferrer\">a) Plazas vacantes del personal de base y confianza<\/a><\/td>\n<td><img decoding=\"async\" src=\"https:\/\/agec.campeche.gob.mx\/wp-content\/uploads\/1485918237_Tick_Mark_Dark.png\" alt=\"1485918237 Tick Mark Dark\" style=\"display: block; margin-right: auto; margin-left: auto;\" \/><\/td>\n<td style=\"text-align: center;\" valign=\"middle\"><span style=\"color: #333333;\">Trimestral<\/span><\/td>\n<\/tr>\n<tr>\n<td><a href=\"https:\/\/agec.campeche.gob.mx\/?page_id=2125\" target=\"_blank\" rel=\"noopener noreferrer\">b) Total de plazas vacantes y ocupadas del personal de base y confianza<\/a><\/td>\n<td><img decoding=\"async\" src=\"https:\/\/agec.campeche.gob.mx\/wp-content\/uploads\/1485918237_Tick_Mark_Dark.png\" alt=\"1485918237 Tick Mark Dark\" style=\"display: block; margin-right: auto; margin-left: auto;\" \/><\/td>\n<td style=\"text-align: center;\" valign=\"middle\"><span style=\"color: #333333;\">Trimestral<\/span><\/td>\n<\/tr>\n<\/tbody>\n<\/table>\n<p>[\/et_pb_text][\/et_pb_column][\/et_pb_row][\/et_pb_section]<\/p>\n","protected":false},"excerpt":{"rendered":"<p>X. El N\u00famero Total de las Plazas y del Personal de Base y Confianza, especificando el Total de las Vacantes, por Nivel de Puesto, para cada Unidad Administrativa. En este apartado los Sujetos Obligados publicar\u00e1n informaci\u00f3n con base en su Estructura Org\u00e1nica Vigente, Aprobada y Registrada por el \u00d3rgano Competente. Desde cada nivel de estructura [&hellip;]<\/p>\n","protected":false},"author":1,"featured_media":0,"parent":0,"menu_order":0,"comment_status":"closed","ping_status":"closed","template":"","meta":{"_acf_changed":false,"_et_pb_use_builder":"on","_et_pb_old_content":"","_et_gb_content_width":"","inline_featured_image":false,"footnotes":""},"class_list":["post-2123","page","type-page","status-publish","hentry"],"acf":[],"_links":{"self":[{"href":"https:\/\/agec.campeche.gob.mx\/index.php?rest_route=\/wp\/v2\/pages\/2123","targetHints":{"allow":["GET"]}}],"collection":[{"href":"https:\/\/agec.campeche.gob.mx\/index.php?rest_route=\/wp\/v2\/pages"}],"about":[{"href":"https:\/\/agec.campeche.gob.mx\/index.php?rest_route=\/wp\/v2\/types\/page"}],"author":[{"embeddable":true,"href":"https:\/\/agec.campeche.gob.mx\/index.php?rest_route=\/wp\/v2\/users\/1"}],"replies":[{"embeddable":true,"href":"https:\/\/agec.campeche.gob.mx\/index.php?rest_route=%2Fwp%2Fv2%2Fcomments&post=2123"}],"version-history":[{"count":2,"href":"https:\/\/agec.campeche.gob.mx\/index.php?rest_route=\/wp\/v2\/pages\/2123\/revisions"}],"predecessor-version":[{"id":2134,"href":"https:\/\/agec.campeche.gob.mx\/index.php?rest_route=\/wp\/v2\/pages\/2123\/revisions\/2134"}],"wp:attachment":[{"href":"https:\/\/agec.campeche.gob.mx\/index.php?rest_route=%2Fwp%2Fv2%2Fmedia&parent=2123"}],"curies":[{"name":"wp","href":"https:\/\/api.w.org\/{rel}","templated":true}]}}