{"id":2126,"date":"2024-01-17T14:07:24","date_gmt":"2024-01-17T20:07:24","guid":{"rendered":"https:\/\/agec.campeche.gob.mx\/?page_id=2126"},"modified":"2024-01-17T14:07:24","modified_gmt":"2024-01-17T20:07:24","slug":"fraccion-x-a","status":"publish","type":"page","link":"https:\/\/agec.campeche.gob.mx\/?page_id=2126","title":{"rendered":"Fraccion X-A"},"content":{"rendered":"<p>[et_pb_section fb_built=&#8221;1&#8243; theme_builder_area=&#8221;post_content&#8221; _builder_version=&#8221;4.23.1&#8243; _module_preset=&#8221;default&#8221;][et_pb_row _builder_version=&#8221;4.23.1&#8243; _module_preset=&#8221;default&#8221; theme_builder_area=&#8221;post_content&#8221;][et_pb_column _builder_version=&#8221;4.23.1&#8243; _module_preset=&#8221;default&#8221; type=&#8221;4_4&#8243; theme_builder_area=&#8221;post_content&#8221;][et_pb_text _builder_version=&#8221;4.23.1&#8243; _module_preset=&#8221;default&#8221; theme_builder_area=&#8221;post_content&#8221; hover_enabled=&#8221;0&#8243; sticky_enabled=&#8221;0&#8243;]<\/p>\n<h2 style=\"text-align: justify;\"><span>X-A. Plazas Vacantes\u00a0del Personal de Base y Confianza.<\/span><\/h2>\n<p style=\"text-align: justify;\"><span>En este apartado los Sujetos Obligados publicar\u00e1n informaci\u00f3n con base en su Estructura Org\u00e1nica Vigente, Aprobada y Registrada por el \u00d3rgano Competente. Desde cada nivel de estructura se deber\u00e1 incluir el listado de las \u00e1reas que le est\u00e1n subordinadas jer\u00e1rquicamente y desde cada \u00e1rea se desplegar\u00e1 el listado con el Total de Plazas tanto de Base como de Confianza, sean de Car\u00e1cter Permanente o Eventual, de tal forma que se se\u00f1ale cu\u00e1les est\u00e1n ocupadas y cu\u00e1les vacantes, as\u00ed como los totales.<\/span><\/p>\n<p>[\/et_pb_text][et_pb_tabs _builder_version=&#8221;4.23.1&#8243; _module_preset=&#8221;default&#8221; theme_builder_area=&#8221;post_content&#8221; hover_enabled=&#8221;0&#8243; sticky_enabled=&#8221;0&#8243;][et_pb_tab title=&#8221;2021&#8243; _builder_version=&#8221;4.23.1&#8243; _module_preset=&#8221;default&#8221; theme_builder_area=&#8221;post_content&#8221; hover_enabled=&#8221;0&#8243; sticky_enabled=&#8221;0&#8243;]<span class=\"fa fa-refresh\"><span>\u00a0<\/span>Per\u00edodo de Actualizaci\u00f3n:<strong>\u00a0Trimestral<\/strong><\/span><br \/>\n<span class=\"fa fa-calendar\"><span>\u00a0<\/span>Fecha de Actualizaci\u00f3n:<span>\u00a0<\/span><strong>07\/01\/2022<\/strong><\/span><br \/>\n<span class=\"fa fa-calendar\"><span>\u00a0<\/span>Fecha de Validaci\u00f3n:<span>\u00a0<\/span><strong>07\/01\/2022<\/strong><\/span><br \/>\n<span class=\"fa fa-pencil-square-o\"><span>\u00a0<\/span>Unidad(es) Administrativa(s) que genera(n) o posee(n) la Informaci\u00f3n:\u00a0<\/span><span><strong>\u00c1reas y\/o Coordinaciones Administrativas de: SEGOB, CESP, COESPO, IET, AGEC, SIPINNA, COMBUSPERCAM.<\/strong><\/span><\/p>\n<p>&nbsp;<a href=\"https:\/\/drive.google.com\/uc?export=download&amp;id=1-4YG7pA1djwoSOFaB1tVpgirHDPdGDsu\" target=\"_blank\" rel=\"noopener noreferrer\"><button type=\"button\" class=\"btn btn-large btn-success\"><em class=\"fa fa-file-excel-o\"> Descargar Excel<\/em><\/button> <\/a> <a href=\"https:\/\/drive.google.com\/open?id=1-4YG7pA1djwoSOFaB1tVpgirHDPdGDsu\" target=\"_blank\" rel=\"noopener noreferrer\"> <button type=\"button\" class=\"btn btn-large btn-danger\"><em class=\"fa fa-eye\"> Ver Online<\/em><\/button> <\/a> <span style=\"padding-left: 20px;\"> <span class=\"fa fa-hand-o-left\"><\/span> Descargue y\/o visualice aqu\u00ed<\/span><\/p>\n<p>[\/et_pb_tab][et_pb_tab title=&#8221;2020&#8243; _builder_version=&#8221;4.23.1&#8243; _module_preset=&#8221;default&#8221; theme_builder_area=&#8221;post_content&#8221; hover_enabled=&#8221;0&#8243; sticky_enabled=&#8221;0&#8243;]<span class=\"fa fa-refresh\">Per\u00edodo de Actualizaci\u00f3n:<strong>\u00a0Trimestral<\/strong><\/span><br \/>\n<span class=\"fa fa-calendar\"><span>\u00a0<\/span>Fecha de Actualizaci\u00f3n:<span>\u00a0<\/span><strong>11\/01\/2021<\/strong><\/span><br \/>\n<span class=\"fa fa-calendar\"><span>\u00a0<\/span>Fecha de Validaci\u00f3n:<span>\u00a0<\/span><strong>11\/01\/2021<\/strong><\/span><br \/>\n<span class=\"fa fa-pencil-square-o\"><span>\u00a0<\/span>Unidad(es) Administrativa(s) que genera(n) o posee(n) la Informaci\u00f3n:\u00a0<\/span><span><strong>\u00c1reas y\/o Coordinaciones Administrativas de: SEGOB, CESP, COESPO, IET, AGEC, SIPINNA.<\/strong><\/span><\/p>\n<p>&nbsp;<a href=\"https:\/\/drive.google.com\/uc?export=download&amp;id=1MKwij9mzoB93OC1UlmW4INuUW88kLPqw\" target=\"_blank\" rel=\"noopener noreferrer\"><button type=\"button\" class=\"btn btn-large btn-success\"><em class=\"fa fa-file-excel-o\"> Descargar Excel<\/em><\/button> <\/a> <a href=\"https:\/\/drive.google.com\/open?id=1MKwij9mzoB93OC1UlmW4INuUW88kLPqw\" target=\"_blank\" rel=\"noopener noreferrer\"> <button type=\"button\" class=\"btn btn-large btn-danger\"><em class=\"fa fa-eye\"> Ver Online<\/em><\/button> <\/a> <span style=\"padding-left: 20px;\"> <span class=\"fa fa-hand-o-left\"><\/span> Descargue y\/o visualice aqu\u00ed<\/span><\/p>\n<p>[\/et_pb_tab][et_pb_tab title=&#8221;2019&#8243; _builder_version=&#8221;4.23.1&#8243; _module_preset=&#8221;default&#8221; theme_builder_area=&#8221;post_content&#8221; hover_enabled=&#8221;0&#8243; sticky_enabled=&#8221;0&#8243;]<span class=\"fa fa-refresh\"><span>\u00a0<\/span>Per\u00edodo de Actualizaci\u00f3n:<strong>\u00a0Trimestral<\/strong><\/span><br \/>\n<span class=\"fa fa-calendar\"><span>\u00a0<\/span>Fecha de Actualizaci\u00f3n:<span>\u00a0<\/span><strong>10\/01\/2020<\/strong><\/span><br \/>\n<span class=\"fa fa-calendar\"><span>\u00a0<\/span>Fecha de Validaci\u00f3n:<span>\u00a0<\/span><strong>10\/01\/2020<\/strong><\/span><br \/>\n<span class=\"fa fa-pencil-square-o\"><span>\u00a0<\/span>Unidad(es) Administrativa(s) que genera(n) o posee(n) la Informaci\u00f3n:\u00a0<\/span><span><strong>\u00c1reas y\/o Coordinaciones Administrativas de: SEGOB, CESP, COESPO, IET, AGEC, SIPINNA.<\/strong><\/span><\/p>\n<p><span><\/span><\/p>\n<p>&nbsp;<a href=\"https:\/\/drive.google.com\/uc?export=download&amp;id=1l9iFVZEkhmFMY3C5ONtsmvDTh_YabE19\" target=\"_blank\" rel=\"noopener noreferrer\"><button type=\"button\" class=\"btn btn-large btn-success\"><em class=\"fa fa-file-excel-o\"> Descargar Excel<\/em><\/button> <\/a> <a href=\"https:\/\/drive.google.com\/open?id=1l9iFVZEkhmFMY3C5ONtsmvDTh_YabE19\" target=\"_blank\" rel=\"noopener noreferrer\"> <button type=\"button\" class=\"btn btn-large btn-danger\"><em class=\"fa fa-eye\"> Ver Online<\/em><\/button> <\/a> <span style=\"padding-left: 20px;\"> <span class=\"fa fa-hand-o-left\"><\/span> Descargue y\/o visualice aqu\u00ed<\/span><\/p>\n<p>[\/et_pb_tab][et_pb_tab title=&#8221;2018&#8243; _builder_version=&#8221;4.23.1&#8243; _module_preset=&#8221;default&#8221; theme_builder_area=&#8221;post_content&#8221; hover_enabled=&#8221;0&#8243; sticky_enabled=&#8221;0&#8243;]<span class=\"fa fa-refresh\"><span>\u00a0<\/span>Per\u00edodo de Actualizaci\u00f3n:\u00a0<span><strong>Trimestral<\/strong><\/span><\/span><br \/>\n<span class=\"fa fa-calendar\"><span>\u00a0<\/span>Fecha de Actualizaci\u00f3n:<span>\u00a0<\/span><strong>08\/01\/2019<\/strong><\/span><br \/>\n<span class=\"fa fa-calendar\"><span>\u00a0<\/span>Fecha de Validaci\u00f3n:<strong><span>\u00a0<\/span>08\/01\/2019<\/strong><\/span><br \/>\n<span class=\"fa fa-pencil-square-o\"><span>\u00a0<\/span>Unidad(es) Administrativa(s) que genera(n) o posee(n) la Informaci\u00f3n:<span>\u00a0<\/span><b>Archivo General del Estado de Campeche (AGE)<\/b><\/span><\/p>\n<p>&nbsp;<a href=\"https:\/\/drive.google.com\/uc?export=download&amp;id=1sdl_hYG2PSFx0qFSwaKmqpx3P-L-AWn0\" target=\"_blank\" rel=\"noopener noreferrer\"><button type=\"button\" class=\"btn btn-large btn-success\"><em class=\"fa fa-file-excel-o\"> Descargar Excel<\/em><\/button> <\/a> <a href=\"https:\/\/drive.google.com\/open?id=1sdl_hYG2PSFx0qFSwaKmqpx3P-L-AWn0\" target=\"_blank\" rel=\"noopener noreferrer\"> <button type=\"button\" class=\"btn btn-large btn-danger\"><em class=\"fa fa-eye\"> Ver Online<\/em><\/button> <\/a> <span style=\"padding-left: 20px;\"> <span class=\"fa fa-hand-o-left\"><\/span> Descargue y\/o visualice aqu\u00ed<\/span><\/p>\n<p>[\/et_pb_tab][et_pb_tab title=&#8221;2017&#8243; _builder_version=&#8221;4.23.1&#8243; _module_preset=&#8221;default&#8221; theme_builder_area=&#8221;post_content&#8221; hover_enabled=&#8221;0&#8243; sticky_enabled=&#8221;0&#8243;]<span class=\"fa fa-refresh\"><span>\u00a0<\/span>Per\u00edodo de Actualizaci\u00f3n:\u00a0<strong>Trimestral<\/strong><\/span><br \/>\n<span class=\"fa fa-calendar\"><span>\u00a0<\/span>Fecha de Actualizaci\u00f3n:\u00a0<strong>12\/01\/2018<\/strong><\/span><br \/>\n<span class=\"fa fa-calendar\"><span>\u00a0<\/span>Fecha de Validaci\u00f3n:\u00a0<strong>12\/01\/2018<\/strong><\/span><br \/>\n<span class=\"fa fa-pencil-square-o\"><span>\u00a0<\/span>Unidad(es) Administrativa(s) que genera(n) o posee(n) la Informaci\u00f3n:<span>\u00a0<\/span><b>Archivo General del Estado de Campeche (AGE)<\/b><\/span><\/p>\n<p>&nbsp;<a href=\"https:\/\/drive.google.com\/uc?export=download&amp;id=1Hss8ZTXhuBErNXQZHtYlwdCYDuA4B7Yj\" target=\"_blank\" rel=\"noopener noreferrer\"><button type=\"button\" class=\"btn btn-large btn-success\"><em class=\"fa fa-file-excel-o\"> Descargar Excel<\/em><\/button> <\/a> <a href=\"https:\/\/drive.google.com\/open?id=1Hss8ZTXhuBErNXQZHtYlwdCYDuA4B7Yj\" target=\"_blank\" rel=\"noopener noreferrer\"> <button type=\"button\" class=\"btn btn-large btn-danger\"><em class=\"fa fa-eye\"> Ver Online<\/em><\/button> <\/a> <span style=\"padding-left: 20px;\"> <span class=\"fa fa-hand-o-left\"><\/span> Descargue y\/o visualice aqu\u00ed<\/span><\/p>\n<p>[\/et_pb_tab][\/et_pb_tabs][\/et_pb_column][\/et_pb_row][\/et_pb_section]<\/p>\n","protected":false},"excerpt":{"rendered":"<p>X-A. Plazas Vacantes\u00a0del Personal de Base y Confianza. En este apartado los Sujetos Obligados publicar\u00e1n informaci\u00f3n con base en su Estructura Org\u00e1nica Vigente, Aprobada y Registrada por el \u00d3rgano Competente. Desde cada nivel de estructura se deber\u00e1 incluir el listado de las \u00e1reas que le est\u00e1n subordinadas jer\u00e1rquicamente y desde cada \u00e1rea se desplegar\u00e1 el [&hellip;]<\/p>\n","protected":false},"author":1,"featured_media":0,"parent":0,"menu_order":0,"comment_status":"closed","ping_status":"closed","template":"","meta":{"_acf_changed":false,"_et_pb_use_builder":"on","_et_pb_old_content":"","_et_gb_content_width":"","inline_featured_image":false,"footnotes":""},"class_list":["post-2126","page","type-page","status-publish","hentry"],"acf":[],"_links":{"self":[{"href":"https:\/\/agec.campeche.gob.mx\/index.php?rest_route=\/wp\/v2\/pages\/2126","targetHints":{"allow":["GET"]}}],"collection":[{"href":"https:\/\/agec.campeche.gob.mx\/index.php?rest_route=\/wp\/v2\/pages"}],"about":[{"href":"https:\/\/agec.campeche.gob.mx\/index.php?rest_route=\/wp\/v2\/types\/page"}],"author":[{"embeddable":true,"href":"https:\/\/agec.campeche.gob.mx\/index.php?rest_route=\/wp\/v2\/users\/1"}],"replies":[{"embeddable":true,"href":"https:\/\/agec.campeche.gob.mx\/index.php?rest_route=%2Fwp%2Fv2%2Fcomments&post=2126"}],"version-history":[{"count":2,"href":"https:\/\/agec.campeche.gob.mx\/index.php?rest_route=\/wp\/v2\/pages\/2126\/revisions"}],"predecessor-version":[{"id":2129,"href":"https:\/\/agec.campeche.gob.mx\/index.php?rest_route=\/wp\/v2\/pages\/2126\/revisions\/2129"}],"wp:attachment":[{"href":"https:\/\/agec.campeche.gob.mx\/index.php?rest_route=%2Fwp%2Fv2%2Fmedia&parent=2126"}],"curies":[{"name":"wp","href":"https:\/\/api.w.org\/{rel}","templated":true}]}}