{"id":2138,"date":"2024-01-17T15:31:03","date_gmt":"2024-01-17T21:31:03","guid":{"rendered":"https:\/\/agec.campeche.gob.mx\/?page_id=2138"},"modified":"2024-01-17T15:32:15","modified_gmt":"2024-01-17T21:32:15","slug":"fraccion-xi-2","status":"publish","type":"page","link":"https:\/\/agec.campeche.gob.mx\/?page_id=2138","title":{"rendered":"Fraccion XII"},"content":{"rendered":"\n[et_pb_section fb_built=&#8221;1&#8243; theme_builder_area=&#8221;post_content&#8221; _builder_version=&#8221;4.23.1&#8243; _module_preset=&#8221;default&#8221;][et_pb_row _builder_version=&#8221;4.23.1&#8243; _module_preset=&#8221;default&#8221; theme_builder_area=&#8221;post_content&#8221;][et_pb_column _builder_version=&#8221;4.23.1&#8243; _module_preset=&#8221;default&#8221; type=&#8221;4_4&#8243; theme_builder_area=&#8221;post_content&#8221;][et_pb_text _builder_version=&#8221;4.23.1&#8243; _module_preset=&#8221;default&#8221; theme_builder_area=&#8221;post_content&#8221; hover_enabled=&#8221;0&#8243; sticky_enabled=&#8221;0&#8243;]<h2 style=\"text-align: justify;\"><span>XII. La informaci\u00f3n en Versi\u00f3n P\u00fablica de las Declaraciones Patrimoniales, de los Servidores P\u00fablicos que as\u00ed lo determinen, en los sistemas habilitados para ello de acuerdo a la Normatividad aplicable.<\/span><\/h2>\n<p style=\"text-align: justify;\"><span>Los Sujetos Obligados deber\u00e1n publicar la Versi\u00f3n P\u00fablica de la Declaraci\u00f3n de Situaci\u00f3n Patrimonial de los(as) Servidores(as) P\u00fablicos(as), Integrantes, Miembros del Sujeto Obligado y\/o toda persona que desempe\u00f1e un empleo, cargo o comisi\u00f3n y\/o ejerza actos de autoridad, y que tiene la obligaci\u00f3n de presentar Declaraci\u00f3n de Situaci\u00f3n Patrimonial en sus tres modalidades: Inicio, Modificaci\u00f3n y de Conclusi\u00f3n, de conformidad con la Normatividad que resulte aplicable en la materia.<\/span><\/p>[\/et_pb_text][et_pb_text _builder_version=&#8221;4.23.1&#8243; _module_preset=&#8221;default&#8221; theme_builder_area=&#8221;post_content&#8221; hover_enabled=&#8221;0&#8243; sticky_enabled=&#8221;0&#8243;]<h2 style=\"text-align: center;\"><span>NO APLICA<\/span><\/h2>\n<p style=\"text-align: justify;\"><strong><span>Este tipo de informaci\u00f3n no es generada por la Secretar\u00eda General de Gobierno (SGG) ni sus Organismos Desconcentrados: Consejo Estatal de Poblaci\u00f3n (COESPO), Consejo Estatal de Seguridad P\u00fablica (CESP), Secretariado Ejecutivo del Sistema Integral de Protecci\u00f3n de Ni\u00f1as, Ni\u00f1os y Adolescentes (SIPINNA), Archivo General del Estado de Campeche(AGEC), Instituto Estatal de Transporte (IET),\u00a0<\/span><\/strong><strong><span>por no tener facultades, competencias y atribuciones otorgadas en el Art\u00edculo 21 de la Ley Org\u00e1nica de la Administraci\u00f3n P\u00fablica del Estado de Campeche ni el en el Reglamento Interior de la Secretar\u00eda General de Gobierno\u00a0de la Administraci\u00f3n P\u00fablica del Estado de Campeche; as\u00ed como en los siguientes Ordenamientos Legales: Acuerdo de Creaci\u00f3n y Reglamento Interior de COESPO, Reglamento Interior del CESP, Ley de los Derechos de Ni\u00f1as, Ni\u00f1os y Adolescentes del Estado de Campeche (SIPINNA), Ley de Archivos del Estado de Campeche (AGEC), Reglamento Interior y Ley de Transporte del Estado de Campeche (IET), respectivamente.<\/span><\/strong><\/p>\n<p style=\"text-align: justify;\"><strong><span>Le corresponde a la Secretar\u00eda de la Contralor\u00eda con fundamento en el Art\u00edculo 24 Fracci\u00f3n XVII de la Ley Org\u00e1nica de la Administraci\u00f3n P\u00fablica del Estado de Campeche.<\/span><\/strong><\/p>[\/et_pb_text][\/et_pb_column][\/et_pb_row][\/et_pb_section]\n","protected":false},"excerpt":{"rendered":"<p>XII. La informaci\u00f3n en Versi\u00f3n P\u00fablica de las Declaraciones Patrimoniales, de los Servidores P\u00fablicos que as\u00ed lo determinen, en los sistemas habilitados para ello de acuerdo a la Normatividad aplicable. Los Sujetos Obligados deber\u00e1n publicar la Versi\u00f3n P\u00fablica de la Declaraci\u00f3n de Situaci\u00f3n Patrimonial de los(as) Servidores(as) P\u00fablicos(as), Integrantes, Miembros del Sujeto Obligado y\/o toda [&hellip;]<\/p>\n","protected":false},"author":1,"featured_media":0,"parent":0,"menu_order":0,"comment_status":"closed","ping_status":"closed","template":"","meta":{"_acf_changed":false,"_et_pb_use_builder":"on","_et_pb_old_content":"","_et_gb_content_width":"","inline_featured_image":false,"footnotes":""},"class_list":["post-2138","page","type-page","status-publish","hentry"],"acf":[],"_links":{"self":[{"href":"https:\/\/agec.campeche.gob.mx\/index.php?rest_route=\/wp\/v2\/pages\/2138","targetHints":{"allow":["GET"]}}],"collection":[{"href":"https:\/\/agec.campeche.gob.mx\/index.php?rest_route=\/wp\/v2\/pages"}],"about":[{"href":"https:\/\/agec.campeche.gob.mx\/index.php?rest_route=\/wp\/v2\/types\/page"}],"author":[{"embeddable":true,"href":"https:\/\/agec.campeche.gob.mx\/index.php?rest_route=\/wp\/v2\/users\/1"}],"replies":[{"embeddable":true,"href":"https:\/\/agec.campeche.gob.mx\/index.php?rest_route=%2Fwp%2Fv2%2Fcomments&post=2138"}],"version-history":[{"count":3,"href":"https:\/\/agec.campeche.gob.mx\/index.php?rest_route=\/wp\/v2\/pages\/2138\/revisions"}],"predecessor-version":[{"id":2141,"href":"https:\/\/agec.campeche.gob.mx\/index.php?rest_route=\/wp\/v2\/pages\/2138\/revisions\/2141"}],"wp:attachment":[{"href":"https:\/\/agec.campeche.gob.mx\/index.php?rest_route=%2Fwp%2Fv2%2Fmedia&parent=2138"}],"curies":[{"name":"wp","href":"https:\/\/api.w.org\/{rel}","templated":true}]}}