{"id":2150,"date":"2024-01-17T15:46:50","date_gmt":"2024-01-17T21:46:50","guid":{"rendered":"https:\/\/agec.campeche.gob.mx\/?page_id=2150"},"modified":"2024-01-17T15:46:50","modified_gmt":"2024-01-17T21:46:50","slug":"fraccion-xv","status":"publish","type":"page","link":"https:\/\/agec.campeche.gob.mx\/?page_id=2150","title":{"rendered":"Fraccion XV"},"content":{"rendered":"<p>[et_pb_section fb_built=&#8221;1&#8243; theme_builder_area=&#8221;post_content&#8221; _builder_version=&#8221;4.23.1&#8243; _module_preset=&#8221;default&#8221;][et_pb_row _builder_version=&#8221;4.23.1&#8243; _module_preset=&#8221;default&#8221; theme_builder_area=&#8221;post_content&#8221;][et_pb_column _builder_version=&#8221;4.23.1&#8243; _module_preset=&#8221;default&#8221; type=&#8221;4_4&#8243; theme_builder_area=&#8221;post_content&#8221;][et_pb_text _builder_version=&#8221;4.23.1&#8243; _module_preset=&#8221;default&#8221; theme_builder_area=&#8221;post_content&#8221; hover_enabled=&#8221;0&#8243; sticky_enabled=&#8221;0&#8243;]<\/p>\n<h2 style=\"text-align: justify;\"><span>XV. La Informaci\u00f3n de los Programas de Subsidios, Est\u00edmulos y Apoyos, en el que se deber\u00e1 informar respecto de los Programas de Transferencia, de Servicios, de Infraestructura Social y de Subsidio.<\/span><\/h2>\n<p style=\"text-align: justify;\"><span>Para dar cumplimiento a esta fracci\u00f3n, el Sujeto Obligado deber\u00e1 organizar y publicar la informaci\u00f3n relativa a todos los programas que desarrolla o regula y que impliquen Subsidios, Est\u00edmulos y Apoyos en efectivo o en especie. Se trata de los programas que de acuerdo con la correspondiente Normatividad, los Sujetos Obligados dirijan a la Poblaci\u00f3n para incidir en su bienestar y hacer efectivos sus derechos.<\/span><\/p>\n<p>[\/et_pb_text][et_pb_text _builder_version=&#8221;4.23.1&#8243; _module_preset=&#8221;default&#8221; theme_builder_area=&#8221;post_content&#8221; hover_enabled=&#8221;0&#8243; sticky_enabled=&#8221;0&#8243;]<\/p>\n<h2 style=\"text-align: center;\"><span>NO APLICA<\/span><\/h2>\n<p style=\"text-align: justify;\"><strong><span>Este tipo de informaci\u00f3n no es generada por la Secretar\u00eda General de Gobierno (SGG) ni sus Organismos Desconcentrados: Consejo Estatal de Poblaci\u00f3n (COESPO), Consejo Estatal de Seguridad P\u00fablica (CESP), Secretariado Ejecutivo del Sistema Integral de Protecci\u00f3n de Ni\u00f1as, Ni\u00f1os y Adolescentes (SIPINNA), Archivo General del Estado de Campeche (AGEC), Instituto Estatal de Transporte (IET),\u00a0<\/span><\/strong><strong><span>por no tener facultades, competencias y atribuciones otorgadas en el Art\u00edculo 21 de la Ley Org\u00e1nica de la Administraci\u00f3n P\u00fablica del Estado de Campeche ni el en el Reglamento Interior de la Secretar\u00eda General de Gobierno de la Administraci\u00f3n P\u00fablica del Estado de Campeche; as\u00ed como en los siguientes Ordenamientos Legales: Acuerdo de Creaci\u00f3n y Reglamento Interior de COESPO, Reglamento Interior del CESP, Ley de los Derechos de Ni\u00f1as, Ni\u00f1os y Adolescentes del Estado de Campeche (SIPINNA), Ley de Archivos del Estado de Campeche (AGEC), Reglamento Interior y Ley de Transporte del Estado de Campeche (IET), respectivamente.<\/span><\/strong><\/p>\n<p style=\"text-align: justify;\"><strong><span>Le corresponde a Secretar\u00eda de Salud con fundamento en el Art\u00edculo 28, as\u00ed como a la Secretar\u00eda de Desarrollo Social y Humano (SEDESYH), Art\u00edculo 29, ambas de la Ley Org\u00e1nica de la Administraci\u00f3n P\u00fablica del Estado de Campeche (LOAPEC).<\/span><\/strong><\/p>\n<p>[\/et_pb_text][\/et_pb_column][\/et_pb_row][\/et_pb_section]<\/p>\n","protected":false},"excerpt":{"rendered":"<p>XV. La Informaci\u00f3n de los Programas de Subsidios, Est\u00edmulos y Apoyos, en el que se deber\u00e1 informar respecto de los Programas de Transferencia, de Servicios, de Infraestructura Social y de Subsidio. Para dar cumplimiento a esta fracci\u00f3n, el Sujeto Obligado deber\u00e1 organizar y publicar la informaci\u00f3n relativa a todos los programas que desarrolla o regula [&hellip;]<\/p>\n","protected":false},"author":1,"featured_media":0,"parent":0,"menu_order":0,"comment_status":"closed","ping_status":"closed","template":"","meta":{"_acf_changed":false,"_et_pb_use_builder":"on","_et_pb_old_content":"","_et_gb_content_width":"","inline_featured_image":false,"footnotes":""},"class_list":["post-2150","page","type-page","status-publish","hentry"],"acf":[],"_links":{"self":[{"href":"https:\/\/agec.campeche.gob.mx\/index.php?rest_route=\/wp\/v2\/pages\/2150","targetHints":{"allow":["GET"]}}],"collection":[{"href":"https:\/\/agec.campeche.gob.mx\/index.php?rest_route=\/wp\/v2\/pages"}],"about":[{"href":"https:\/\/agec.campeche.gob.mx\/index.php?rest_route=\/wp\/v2\/types\/page"}],"author":[{"embeddable":true,"href":"https:\/\/agec.campeche.gob.mx\/index.php?rest_route=\/wp\/v2\/users\/1"}],"replies":[{"embeddable":true,"href":"https:\/\/agec.campeche.gob.mx\/index.php?rest_route=%2Fwp%2Fv2%2Fcomments&post=2150"}],"version-history":[{"count":2,"href":"https:\/\/agec.campeche.gob.mx\/index.php?rest_route=\/wp\/v2\/pages\/2150\/revisions"}],"predecessor-version":[{"id":2152,"href":"https:\/\/agec.campeche.gob.mx\/index.php?rest_route=\/wp\/v2\/pages\/2150\/revisions\/2152"}],"wp:attachment":[{"href":"https:\/\/agec.campeche.gob.mx\/index.php?rest_route=%2Fwp%2Fv2%2Fmedia&parent=2150"}],"curies":[{"name":"wp","href":"https:\/\/api.w.org\/{rel}","templated":true}]}}