{"id":2154,"date":"2024-01-17T15:49:38","date_gmt":"2024-01-17T21:49:38","guid":{"rendered":"https:\/\/agec.campeche.gob.mx\/?page_id=2154"},"modified":"2024-01-17T15:49:51","modified_gmt":"2024-01-17T21:49:51","slug":"fraccion-xvi","status":"publish","type":"page","link":"https:\/\/agec.campeche.gob.mx\/?page_id=2154","title":{"rendered":"Fraccion XVI"},"content":{"rendered":"<p>[et_pb_section fb_built=&#8221;1&#8243; theme_builder_area=&#8221;post_content&#8221; _builder_version=&#8221;4.23.1&#8243; _module_preset=&#8221;default&#8221;][et_pb_row _builder_version=&#8221;4.23.1&#8243; _module_preset=&#8221;default&#8221; theme_builder_area=&#8221;post_content&#8221;][et_pb_column _builder_version=&#8221;4.23.1&#8243; _module_preset=&#8221;default&#8221; type=&#8221;4_4&#8243; theme_builder_area=&#8221;post_content&#8221;][et_pb_text _builder_version=&#8221;4.23.1&#8243; _module_preset=&#8221;default&#8221; theme_builder_area=&#8221;post_content&#8221; hover_enabled=&#8221;0&#8243; sticky_enabled=&#8221;0&#8243;]<\/p>\n<h2 style=\"text-align: justify;\"><span>XVI.Las Condiciones Generales de Trabajo, Contratos o Convenios que regulen las relaciones laborales del Personal de Base o de Confianza, as\u00ed como los Recursos P\u00fablicos Econ\u00f3micos, en Especie o Donativos, que sean entregados a los Sindicatos y ejerzan como Recursos P\u00fablicos.<\/span><\/h2>\n<p style=\"text-align: justify;\"><span>En cumplimiento a la presente fracci\u00f3n, los Sujetos Obligados deber\u00e1n publicar informaci\u00f3n organizada en dos secciones: la primera relativa a la Normatividad que regula las relaciones laborales con el personal que en \u00e9l trabaja, incluidos los Contratos Colectivos de Trabajo del Personal de Base y los Contratos del Personal de Confianza; especificando el Tipo de Personal (Base o Confianza), la Normatividad Laboral Aplicable, las Condiciones Generales de Trabajo as\u00ed como la fecha de su publicaci\u00f3n y \u00faltima modificaci\u00f3n, la denominaci\u00f3n del contrato, convenio u otro documento que regule la relaci\u00f3n laboral, publicando el documento completo. La segunda deber\u00e1 especificar cu\u00e1les son los Recursos P\u00fablicos Econ\u00f3micos \u2013en Especie o Donativos\u2013 que ha entregado a los Sindicatos, el Ejercicio y Per\u00edodo que se informa, mencionando la fecha de entrega de los recursos, el tipo de Recurso P\u00fablico (efectivo, en especie, materiales, donativos), Monto, Objeto de la Donaci\u00f3n, Descripci\u00f3n de los Recursos en Especie y Nombre del Sindicato al que se le entreg\u00f3 el recurso.<\/span><\/p>\n<p>[\/et_pb_text][et_pb_text _builder_version=&#8221;4.23.1&#8243; _module_preset=&#8221;default&#8221; theme_builder_area=&#8221;post_content&#8221; hover_enabled=&#8221;0&#8243; sticky_enabled=&#8221;0&#8243;]<\/p>\n<div class=\"rt-mainbody-wrapper rt-grid-9 \">\n<div class=\"rt-component-block rt-block\">\n<div id=\"rt-mainbody\">\n<div class=\"component-content\">\n<article class=\"item-page\" itemscope=\"\" itemtype=\"http:\/\/schema.org\/Article\">\n<div itemprop=\"articleBody\">\n<div>\n<h2 style=\"text-align: center;\"><span>NO APLICA<\/span><\/h2>\n<p style=\"text-align: justify;\"><strong><span>Este tipo de informaci\u00f3n no es generada por la Secretar\u00eda General de Gobierno (SGG) ni sus Organismos Desconcentrados: Consejo Estatal de Poblaci\u00f3n (COESPO), Consejo Estatal de Seguridad P\u00fablica (CESP), Secretariado Ejecutivo del Sistema Integral de Protecci\u00f3n de Ni\u00f1as, Ni\u00f1os y Adolescentes (SIPINNA), Archivo General del Estado de Campeche (AGEC), Instituto Estatal de Transporte (IET),\u00a0<\/span><\/strong><strong><span>por no tener facultades, competencias y atribuciones otorgadas en el Art\u00edculo 21 de la Ley Org\u00e1nica de la Administraci\u00f3n P\u00fablica del Estado de Campeche ni el en el Reglamento Interior de la Secretar\u00eda General de Gobierno de la Administraci\u00f3n P\u00fablica del Estado de Campeche; as\u00ed como en los siguientes Ordenamientos Legales: Acuerdo de Creaci\u00f3n y Reglamento Interior de COESPO, Reglamento Interior del CESP, Ley de los Derechos de Ni\u00f1as, Ni\u00f1os y Adolescentes del Estado de Campeche (SIPINNA), Ley de Archivos del Estado de Campeche (AGEC), Reglamento Interior y Ley de Transporte del Estado de Campeche (IET), respectivamente.<\/span><\/strong><\/p>\n<p style=\"text-align: justify;\"><strong><span>Le corresponde a la Secretar\u00eda de Administraci\u00f3n e Innovaci\u00f3n Gubernamental (SAIG), en t\u00e9rminos del Art\u00edculo 23, Fracci\u00f3n II de la Ley Org\u00e1nica de la Administraci\u00f3n P\u00fablica del Estado de Campeche (LOAPEC).<\/span><\/strong><\/p>\n<\/div>\n<\/div>\n<\/article>\n<\/div>\n<\/div>\n<\/div>\n<\/div>\n<p>[\/et_pb_text][\/et_pb_column][\/et_pb_row][\/et_pb_section]<\/p>\n","protected":false},"excerpt":{"rendered":"<p>XVI.Las Condiciones Generales de Trabajo, Contratos o Convenios que regulen las relaciones laborales del Personal de Base o de Confianza, as\u00ed como los Recursos P\u00fablicos Econ\u00f3micos, en Especie o Donativos, que sean entregados a los Sindicatos y ejerzan como Recursos P\u00fablicos. En cumplimiento a la presente fracci\u00f3n, los Sujetos Obligados deber\u00e1n publicar informaci\u00f3n organizada en [&hellip;]<\/p>\n","protected":false},"author":1,"featured_media":0,"parent":0,"menu_order":0,"comment_status":"closed","ping_status":"closed","template":"","meta":{"_acf_changed":false,"_et_pb_use_builder":"on","_et_pb_old_content":"","_et_gb_content_width":"","inline_featured_image":false,"footnotes":""},"class_list":["post-2154","page","type-page","status-publish","hentry"],"acf":[],"_links":{"self":[{"href":"https:\/\/agec.campeche.gob.mx\/index.php?rest_route=\/wp\/v2\/pages\/2154","targetHints":{"allow":["GET"]}}],"collection":[{"href":"https:\/\/agec.campeche.gob.mx\/index.php?rest_route=\/wp\/v2\/pages"}],"about":[{"href":"https:\/\/agec.campeche.gob.mx\/index.php?rest_route=\/wp\/v2\/types\/page"}],"author":[{"embeddable":true,"href":"https:\/\/agec.campeche.gob.mx\/index.php?rest_route=\/wp\/v2\/users\/1"}],"replies":[{"embeddable":true,"href":"https:\/\/agec.campeche.gob.mx\/index.php?rest_route=%2Fwp%2Fv2%2Fcomments&post=2154"}],"version-history":[{"count":2,"href":"https:\/\/agec.campeche.gob.mx\/index.php?rest_route=\/wp\/v2\/pages\/2154\/revisions"}],"predecessor-version":[{"id":2156,"href":"https:\/\/agec.campeche.gob.mx\/index.php?rest_route=\/wp\/v2\/pages\/2154\/revisions\/2156"}],"wp:attachment":[{"href":"https:\/\/agec.campeche.gob.mx\/index.php?rest_route=%2Fwp%2Fv2%2Fmedia&parent=2154"}],"curies":[{"name":"wp","href":"https:\/\/api.w.org\/{rel}","templated":true}]}}