{"id":2167,"date":"2024-01-17T21:21:42","date_gmt":"2024-01-18T03:21:42","guid":{"rendered":"https:\/\/agec.campeche.gob.mx\/?page_id=2167"},"modified":"2024-01-17T21:21:42","modified_gmt":"2024-01-18T03:21:42","slug":"fraccion-xix","status":"publish","type":"page","link":"https:\/\/agec.campeche.gob.mx\/?page_id=2167","title":{"rendered":"Fraccion XIX"},"content":{"rendered":"<p>[et_pb_section fb_built=&#8221;1&#8243; theme_builder_area=&#8221;post_content&#8221; _builder_version=&#8221;4.23.1&#8243; _module_preset=&#8221;default&#8221;][et_pb_row _builder_version=&#8221;4.23.1&#8243; _module_preset=&#8221;default&#8221; theme_builder_area=&#8221;post_content&#8221;][et_pb_column _builder_version=&#8221;4.23.1&#8243; _module_preset=&#8221;default&#8221; type=&#8221;4_4&#8243; theme_builder_area=&#8221;post_content&#8221;][et_pb_text _builder_version=&#8221;4.23.1&#8243; _module_preset=&#8221;default&#8221; theme_builder_area=&#8221;post_content&#8221; hover_enabled=&#8221;0&#8243; sticky_enabled=&#8221;0&#8243;]<\/p>\n<h1 style=\"text-align: justify;\"><span>XIX. Los Servicios que ofrecen se\u00f1alando los requisitos para acceder a ellos.<\/span><\/h1>\n<p style=\"text-align: justify;\"><span>En cumplimiento de la presente fracci\u00f3n los Sujetos Obligados deber\u00e1n publicar la informaci\u00f3n necesaria para que los particulares conozcan y gocen de los servicios p\u00fablicos que prestan, entendi\u00e9ndose \u00e9stos como las actividades realizadas por la Administraci\u00f3n P\u00fablica para satisfacer necesidades de la poblaci\u00f3n, sea directamente, mediante Permisionario, Concesionario o Empresas Productivas del Estado, siempre conforme a las Leyes y Reglamentos vigentes.<\/span><\/p>\n<p>[\/et_pb_text][et_pb_tabs _builder_version=&#8221;4.23.1&#8243; _module_preset=&#8221;default&#8221; theme_builder_area=&#8221;post_content&#8221; hover_enabled=&#8221;0&#8243; sticky_enabled=&#8221;0&#8243;][et_pb_tab title=&#8221;2021&#8243; _builder_version=&#8221;4.23.1&#8243; _module_preset=&#8221;default&#8221; theme_builder_area=&#8221;post_content&#8221; hover_enabled=&#8221;0&#8243; sticky_enabled=&#8221;0&#8243;]<span class=\"fa fa-refresh\"><span>\u00a0<\/span>Per\u00edodo de Actualizaci\u00f3n:\u00a0<strong>Trimestral<\/strong><\/span><br \/>\n<span class=\"fa fa-calendar\"><span>\u00a0<\/span>Fecha de Actualizaci\u00f3n:<span>\u00a0<\/span><strong>15\/10\/2021<\/strong><\/span><br \/>\n<span class=\"fa fa-calendar\"><span>\u00a0<\/span>Fecha de Validaci\u00f3n:<strong><span>\u00a0<\/span>15\/10\/2021<\/strong><\/span><br \/>\n<span class=\"fa fa-pencil-square-o\"><span>\u00a0Unidad(es) Administrativa(s) que genera(n) o posee(n) la Informaci\u00f3n:\u00a0<strong>Unidad de Transparencia de la Secretaria General de Gobierno<\/strong><\/span><\/span><span><strong>.<\/strong><\/span><\/p>\n<p>&nbsp;<a href=\"https:\/\/drive.google.com\/uc?export=download&amp;id=1eqPiUDQexnP2k9yH-gd2bBPALLUZaSkt\" target=\"_blank\" rel=\"noopener noreferrer\"><button type=\"button\" class=\"btn btn-large btn-success\"><em class=\"fa fa-file-excel-o\"> Descargar Excel<\/em><\/button> <\/a> <a href=\"https:\/\/drive.google.com\/open?id=1eqPiUDQexnP2k9yH-gd2bBPALLUZaSkt\" target=\"_blank\" rel=\"noopener noreferrer\"> <button type=\"button\" class=\"btn btn-large btn-danger\"><em class=\"fa fa-eye\"> Ver Online<\/em><\/button> <\/a> <span style=\"padding-left: 20px;\"> <span class=\"fa fa-hand-o-left\"><\/span> Descargue y\/o visualice aqu\u00ed<\/span><\/p>\n<p>[\/et_pb_tab][et_pb_tab title=&#8221;2020&#8243; _builder_version=&#8221;4.23.1&#8243; _module_preset=&#8221;default&#8221; theme_builder_area=&#8221;post_content&#8221; hover_enabled=&#8221;0&#8243; sticky_enabled=&#8221;0&#8243;]<span class=\"fa fa-refresh\"><span>\u00a0<\/span>Per\u00edodo de Actualizaci\u00f3n:\u00a0<strong>Trimestral<\/strong><\/span><br \/>\n<span class=\"fa fa-calendar\"><span>\u00a0<\/span>Fecha de Actualizaci\u00f3n:<span>\u00a0<\/span><strong>11\/01\/2021<\/strong><\/span><br \/>\n<span class=\"fa fa-calendar\"><span>\u00a0<\/span>Fecha de Validaci\u00f3n:<strong><span>\u00a0<\/span>11\/01\/2021<\/strong><\/span><br \/>\n<span class=\"fa fa-pencil-square-o\"><span>\u00a0Unidad(es) Administrativa(s) que genera(n) o posee(n) la Informaci\u00f3n:\u00a0<strong>Unidad de Transparencia de la Secretaria General de Gobierno<\/strong><\/span><\/span><span><strong>.<\/strong><\/span><span><\/span><\/p>\n<p>&nbsp;<a href=\"https:\/\/drive.google.com\/uc?export=download&amp;id=1wIb1Pa9hyEFgvBQH-eYb2cCumqSI76Be\" target=\"_blank\" rel=\"noopener noreferrer\"><button type=\"button\" class=\"btn btn-large btn-success\"><em class=\"fa fa-file-excel-o\"> Descargar Excel<\/em><\/button> <\/a> <a href=\"https:\/\/drive.google.com\/open?id=1wIb1Pa9hyEFgvBQH-eYb2cCumqSI76Be\" target=\"_blank\" rel=\"noopener noreferrer\"> <button type=\"button\" class=\"btn btn-large btn-danger\"><em class=\"fa fa-eye\"> Ver Online<\/em><\/button> <\/a> <span style=\"padding-left: 20px;\"> <span class=\"fa fa-hand-o-left\"><\/span> Descargue y\/o visualice aqu\u00ed<\/span><\/p>\n<p>[\/et_pb_tab][et_pb_tab title=&#8221;2019&#8243; _builder_version=&#8221;4.23.1&#8243; _module_preset=&#8221;default&#8221; theme_builder_area=&#8221;post_content&#8221; hover_enabled=&#8221;0&#8243; sticky_enabled=&#8221;0&#8243;]<span class=\"fa fa-refresh\"><span>\u00a0<\/span>Per\u00edodo de Actualizaci\u00f3n:\u00a0<strong>Trimestral<\/strong><\/span><br \/>\n<span class=\"fa fa-calendar\"><span>\u00a0<\/span>Fecha de Actualizaci\u00f3n:<span>\u00a0<\/span><strong>10\/01\/2020<\/strong><\/span><br \/>\n<span class=\"fa fa-calendar\"><span>\u00a0<\/span>Fecha de Validaci\u00f3n:<strong><span>\u00a0<\/span>10\/01\/2020<\/strong><\/span><br \/>\n<span class=\"fa fa-pencil-square-o\"><span>\u00a0Unidad(es) Administrativa(s) que genera(n) o posee(n) la Informaci\u00f3n:\u00a0<strong>Unidad de Transparencia de la Secretaria General de Gobierno<\/strong><\/span><\/span><span><strong>.<\/strong><\/span><\/p>\n<p>&nbsp;<a href=\"https:\/\/drive.google.com\/uc?export=download&amp;id=1nRvGUu1wqGbQPSgATv_-_gOrNX7U3zL8\" target=\"_blank\" rel=\"noopener noreferrer\"><button type=\"button\" class=\"btn btn-large btn-success\"><em class=\"fa fa-file-excel-o\"> Descargar Excel<\/em><\/button> <\/a> <a href=\"https:\/\/drive.google.com\/open?id=1nRvGUu1wqGbQPSgATv_-_gOrNX7U3zL8\" target=\"_blank\" rel=\"noopener noreferrer\"> <button type=\"button\" class=\"btn btn-large btn-danger\"><em class=\"fa fa-eye\"> Ver Online<\/em><\/button> <\/a> <span style=\"padding-left: 20px;\"> <span class=\"fa fa-hand-o-left\"><\/span> Descargue y\/o visualice aqu\u00ed<\/span><\/p>\n<p>[\/et_pb_tab][et_pb_tab title=&#8221;2018&#8243; _builder_version=&#8221;4.23.1&#8243; _module_preset=&#8221;default&#8221; theme_builder_area=&#8221;post_content&#8221; title_last_edited=&#8221;on|desktop&#8221; hover_enabled=&#8221;0&#8243; sticky_enabled=&#8221;0&#8243; title_tablet=&#8221;2018&#8243; title_phone=&#8221;2018&#8243;]<\/p>\n<p><span class=\"fa fa-refresh\"><span>\u00a0<\/span>Per\u00edodo de Actualizaci\u00f3n:\u00a0<span><strong>Trimestral<\/strong><\/span><\/span><br \/><span class=\"fa fa-calendar\"><span>\u00a0<\/span>Fecha de Actualizaci\u00f3n:<span>\u00a0<\/span><strong>08\/01\/2019<\/strong><\/span><br \/><span class=\"fa fa-calendar\"><span>\u00a0<\/span>Fecha de Validaci\u00f3n:<strong><span>\u00a0<\/span>08\/01\/2019<\/strong><\/span><br \/><span class=\"fa fa-pencil-square-o\"><span>\u00a0<\/span>Unidad(es) Administrativa(s) que genera(n) o posee(n) la Informaci\u00f3n:<span>\u00a0<\/span><strong><span>Unidad de Transparencia de la Secretaria General de Gobierno<\/span><\/strong><\/span> <a href=\"https:\/\/drive.google.com\/uc?export=download&amp;id=1nRvGUu1wqGbQPSgATv_-_gOrNX7U3zL8\" target=\"_blank\" rel=\"noopener noreferrer\"><button type=\"button\" class=\"btn btn-large btn-success\"><em class=\"fa fa-file-excel-o\"> Descargar Excel<\/em><\/button> <\/a> <a href=\"https:\/\/drive.google.com\/open?id=1nRvGUu1wqGbQPSgATv_-_gOrNX7U3zL8\" target=\"_blank\" rel=\"noopener noreferrer\"> <button type=\"button\" class=\"btn btn-large btn-danger\"><em class=\"fa fa-eye\"> Ver Online<\/em><\/button> <\/a> <span style=\"padding-left: 20px;\"> <span class=\"fa fa-hand-o-left\"><\/span> Descargue y\/o visualice aqu\u00ed<\/span><\/p>\n<p>[\/et_pb_tab][et_pb_tab title=&#8221;2017&#8243; _builder_version=&#8221;4.23.1&#8243; _module_preset=&#8221;default&#8221; theme_builder_area=&#8221;post_content&#8221; title_last_edited=&#8221;off|desktop&#8221; hover_enabled=&#8221;0&#8243; sticky_enabled=&#8221;0&#8243;]<span class=\"fa fa-refresh\"><span>\u00a0<\/span>Per\u00edodo de Actualizaci\u00f3n:<strong><span>\u00a0<\/span>Trimestral<\/strong><\/span><br \/>\n<span class=\"fa fa-calendar\"><span>\u00a0<\/span>Fecha de Actualizaci\u00f3n:<span>\u00a0<\/span><strong>12\/01\/2018<\/strong>\u00a0<\/span><br \/>\n<span class=\"fa fa-calendar\"><span>\u00a0<\/span>Fecha de Validaci\u00f3n:<span>\u00a0<\/span><strong>12\/02\/2018<\/strong><\/span><br \/>\n<span class=\"fa fa-pencil-square-o\"><span>\u00a0<\/span>Unidad(es) Administrativa(s) que genera(n) o posee(n) la Informaci\u00f3n:\u00a0<\/span><span><strong>Unidad de Transparencia de la Secretaria General de Gobierno.<\/strong><\/span><\/p>\n<p>&nbsp;<a href=\"https:\/\/drive.google.com\/uc?export=download&amp;id=1JAxUGxf9Bqy1n45Yb1p4u-q7LtD3S7mj\" target=\"_blank\" rel=\"noopener\"><button type=\"button\" class=\"btn btn-large btn-success\"><em class=\"fa fa-file-excel-o\"> Descargar Excel<\/em><\/button> <\/a> <a href=\"https:\/\/drive.google.com\/open?id=1JAxUGxf9Bqy1n45Yb1p4u-q7LtD3S7mj\" target=\"_blank\" class=\"jcepopup noicon\" rel=\"noopener noreferrer\"> <button type=\"button\" class=\"btn btn-large btn-danger\"><em class=\"fa fa-file-pdf-o\"> Visualizar PDF<\/em><\/button> <\/a> <span style=\"padding-left: 20px;\"> <span class=\"fa fa-hand-o-left\"><\/span> Descargue y\/o visualice aqu\u00ed<\/span><\/p>\n<p>[\/et_pb_tab][\/et_pb_tabs][\/et_pb_column][\/et_pb_row][\/et_pb_section]<\/p>\n","protected":false},"excerpt":{"rendered":"<p>XIX. Los Servicios que ofrecen se\u00f1alando los requisitos para acceder a ellos. En cumplimiento de la presente fracci\u00f3n los Sujetos Obligados deber\u00e1n publicar la informaci\u00f3n necesaria para que los particulares conozcan y gocen de los servicios p\u00fablicos que prestan, entendi\u00e9ndose \u00e9stos como las actividades realizadas por la Administraci\u00f3n P\u00fablica para satisfacer necesidades de la poblaci\u00f3n, [&hellip;]<\/p>\n","protected":false},"author":1,"featured_media":0,"parent":0,"menu_order":0,"comment_status":"closed","ping_status":"closed","template":"","meta":{"_acf_changed":false,"_et_pb_use_builder":"on","_et_pb_old_content":"","_et_gb_content_width":"","inline_featured_image":false,"footnotes":""},"class_list":["post-2167","page","type-page","status-publish","hentry"],"acf":[],"_links":{"self":[{"href":"https:\/\/agec.campeche.gob.mx\/index.php?rest_route=\/wp\/v2\/pages\/2167","targetHints":{"allow":["GET"]}}],"collection":[{"href":"https:\/\/agec.campeche.gob.mx\/index.php?rest_route=\/wp\/v2\/pages"}],"about":[{"href":"https:\/\/agec.campeche.gob.mx\/index.php?rest_route=\/wp\/v2\/types\/page"}],"author":[{"embeddable":true,"href":"https:\/\/agec.campeche.gob.mx\/index.php?rest_route=\/wp\/v2\/users\/1"}],"replies":[{"embeddable":true,"href":"https:\/\/agec.campeche.gob.mx\/index.php?rest_route=%2Fwp%2Fv2%2Fcomments&post=2167"}],"version-history":[{"count":2,"href":"https:\/\/agec.campeche.gob.mx\/index.php?rest_route=\/wp\/v2\/pages\/2167\/revisions"}],"predecessor-version":[{"id":2170,"href":"https:\/\/agec.campeche.gob.mx\/index.php?rest_route=\/wp\/v2\/pages\/2167\/revisions\/2170"}],"wp:attachment":[{"href":"https:\/\/agec.campeche.gob.mx\/index.php?rest_route=%2Fwp%2Fv2%2Fmedia&parent=2167"}],"curies":[{"name":"wp","href":"https:\/\/api.w.org\/{rel}","templated":true}]}}