{"id":2174,"date":"2024-01-17T21:40:41","date_gmt":"2024-01-18T03:40:41","guid":{"rendered":"https:\/\/agec.campeche.gob.mx\/?page_id=2174"},"modified":"2024-01-17T21:40:41","modified_gmt":"2024-01-18T03:40:41","slug":"fraccion-xxi","status":"publish","type":"page","link":"https:\/\/agec.campeche.gob.mx\/?page_id=2174","title":{"rendered":"Fraccion XXI"},"content":{"rendered":"<p>[et_pb_section fb_built=&#8221;1&#8243; theme_builder_area=&#8221;post_content&#8221; _builder_version=&#8221;4.23.1&#8243; _module_preset=&#8221;default&#8221;][et_pb_row _builder_version=&#8221;4.23.1&#8243; _module_preset=&#8221;default&#8221; theme_builder_area=&#8221;post_content&#8221;][et_pb_column _builder_version=&#8221;4.23.1&#8243; _module_preset=&#8221;default&#8221; type=&#8221;4_4&#8243; theme_builder_area=&#8221;post_content&#8221;][et_pb_text _builder_version=&#8221;4.23.1&#8243; _module_preset=&#8221;default&#8221; theme_builder_area=&#8221;post_content&#8221; hover_enabled=&#8221;0&#8243; sticky_enabled=&#8221;0&#8243;]<\/p>\n<h2 style=\"text-align: justify;\"><span>XXI. La Informaci\u00f3n Financiera sobre el Presupuesto Asignado, as\u00ed como los Informes del Ejercicio Trimestral del Gasto, en t\u00e9rminos de la Ley General de Contabilidad Gubernamental y dem\u00e1s Normatividad Aplicable<\/span><\/h2>\n<p style=\"text-align: justify;\"><span>La informaci\u00f3n que publicar\u00e1n los Sujetos Obligados en cumplimiento de esta fracci\u00f3n se organizar\u00e1 de conformidad con los siguientes rubros: Presupuesto asignado anual, Ejercicio de los Egresos Presupuestarios, Cuenta P\u00fablica.<\/span><\/p>\n<p>[\/et_pb_text][et_pb_text _builder_version=&#8221;4.23.1&#8243; _module_preset=&#8221;default&#8221; theme_builder_area=&#8221;post_content&#8221; hover_enabled=&#8221;0&#8243; sticky_enabled=&#8221;0&#8243;]<\/p>\n<table border=\"1\" class=\"table table-hover\" style=\"width: 100%; border-width: 1px; border-color: #b3b3b3;\">\n<thead>\n<tr>\n<th style=\"background-color: #484747; text-align: center;\"><strong><span style=\"color: #ffffff;\">Inciso<\/span><\/strong><\/th>\n<th style=\"background-color: #484747; text-align: center;\"><strong><span style=\"color: #ffffff;\">&nbsp;Aplicabilidad<\/span><\/strong><\/th>\n<th style=\"background-color: #484747; text-align: center;\"><strong><span style=\"color: #ffffff;\">&nbsp;Periodicidad<\/span><\/strong><\/th>\n<\/tr>\n<\/thead>\n<tbody>\n<tr>\n<td><a href=\"https:\/\/agec.campeche.gob.mx\/?page_id=2179\" target=\"_blank\" class=\"jcepopup noicon\" rel=\"noopener noreferrer\">a) Presupuesto Asignado Anual<br \/><\/a><\/td>\n<td><img decoding=\"async\" src=\"https:\/\/agec.campeche.gob.mx\/wp-content\/uploads\/1485918237_Tick_Mark_Dark.png\" alt=\"1485918237 Tick Mark Dark\" style=\"display: block; margin-right: auto; margin-left: auto;\"><\/td>\n<td style=\"text-align: center; vertical-align: middle;\"><span style=\"color: #000000; font-family: arial, helvetica, sans-serif;\">Anual<\/span><\/td>\n<\/tr>\n<tr>\n<td><a href=\"https:\/\/agec.campeche.gob.mx\/?page_id=2177\" target=\"_blank\" class=\"jcepopup noicon\" rel=\"noopener noreferrer\">b) Ejercicio de los Egresos Presupuestarios<\/a><\/td>\n<td><img decoding=\"async\" src=\"https:\/\/agec.campeche.gob.mx\/wp-content\/uploads\/1485918237_Tick_Mark_Dark.png\" alt=\"1485918237 Tick Mark Dark\" style=\"display: block; margin-right: auto; margin-left: auto;\"><\/td>\n<td style=\"text-align: center; vertical-align: middle;\"><span style=\"color: #000000; font-family: arial, helvetica, sans-serif;\">Trimestral<\/span><\/td>\n<\/tr>\n<tr>\n<td><a href=\"https:\/\/agec.campeche.gob.mx\/?page_id=2178\" target=\"_blank\" class=\"jcepopup noicon\" rel=\"noopener noreferrer\">c)&nbsp;Cuenta P\u00fablica<\/a><\/td>\n<td><img decoding=\"async\" src=\"https:\/\/agec.campeche.gob.mx\/wp-content\/uploads\/1485224995_denied.png\" alt=\"1485918245 Close Icon Dark\" style=\"display: block; margin-left: auto; margin-right: auto;\"><\/td>\n<td style=\"text-align: center; vertical-align: middle;\"><span style=\"text-align: center; color: #000000; font-family: arial, helvetica, sans-serif;\">Anual<\/span><\/td>\n<\/tr>\n<\/tbody>\n<\/table>\n<p>[\/et_pb_text][\/et_pb_column][\/et_pb_row][\/et_pb_section]<\/p>\n","protected":false},"excerpt":{"rendered":"<p>XXI. La Informaci\u00f3n Financiera sobre el Presupuesto Asignado, as\u00ed como los Informes del Ejercicio Trimestral del Gasto, en t\u00e9rminos de la Ley General de Contabilidad Gubernamental y dem\u00e1s Normatividad Aplicable La informaci\u00f3n que publicar\u00e1n los Sujetos Obligados en cumplimiento de esta fracci\u00f3n se organizar\u00e1 de conformidad con los siguientes rubros: Presupuesto asignado anual, Ejercicio de [&hellip;]<\/p>\n","protected":false},"author":1,"featured_media":0,"parent":0,"menu_order":0,"comment_status":"closed","ping_status":"closed","template":"","meta":{"_acf_changed":false,"_et_pb_use_builder":"on","_et_pb_old_content":"","_et_gb_content_width":"","inline_featured_image":false,"footnotes":""},"class_list":["post-2174","page","type-page","status-publish","hentry"],"acf":[],"_links":{"self":[{"href":"https:\/\/agec.campeche.gob.mx\/index.php?rest_route=\/wp\/v2\/pages\/2174","targetHints":{"allow":["GET"]}}],"collection":[{"href":"https:\/\/agec.campeche.gob.mx\/index.php?rest_route=\/wp\/v2\/pages"}],"about":[{"href":"https:\/\/agec.campeche.gob.mx\/index.php?rest_route=\/wp\/v2\/types\/page"}],"author":[{"embeddable":true,"href":"https:\/\/agec.campeche.gob.mx\/index.php?rest_route=\/wp\/v2\/users\/1"}],"replies":[{"embeddable":true,"href":"https:\/\/agec.campeche.gob.mx\/index.php?rest_route=%2Fwp%2Fv2%2Fcomments&post=2174"}],"version-history":[{"count":2,"href":"https:\/\/agec.campeche.gob.mx\/index.php?rest_route=\/wp\/v2\/pages\/2174\/revisions"}],"predecessor-version":[{"id":2186,"href":"https:\/\/agec.campeche.gob.mx\/index.php?rest_route=\/wp\/v2\/pages\/2174\/revisions\/2186"}],"wp:attachment":[{"href":"https:\/\/agec.campeche.gob.mx\/index.php?rest_route=%2Fwp%2Fv2%2Fmedia&parent=2174"}],"curies":[{"name":"wp","href":"https:\/\/api.w.org\/{rel}","templated":true}]}}