{"id":2178,"date":"2024-01-17T21:39:36","date_gmt":"2024-01-18T03:39:36","guid":{"rendered":"https:\/\/agec.campeche.gob.mx\/?page_id=2178"},"modified":"2024-01-17T21:39:36","modified_gmt":"2024-01-18T03:39:36","slug":"fraccion-xxi-c","status":"publish","type":"page","link":"https:\/\/agec.campeche.gob.mx\/?page_id=2178","title":{"rendered":"Fraccion XXI-C"},"content":{"rendered":"<p>[et_pb_section fb_built=&#8221;1&#8243; theme_builder_area=&#8221;post_content&#8221; _builder_version=&#8221;4.23.1&#8243; _module_preset=&#8221;default&#8221;][et_pb_row _builder_version=&#8221;4.23.1&#8243; _module_preset=&#8221;default&#8221; theme_builder_area=&#8221;post_content&#8221;][et_pb_column _builder_version=&#8221;4.23.1&#8243; _module_preset=&#8221;default&#8221; type=&#8221;4_4&#8243; theme_builder_area=&#8221;post_content&#8221;][et_pb_text _builder_version=&#8221;4.23.1&#8243; _module_preset=&#8221;default&#8221; theme_builder_area=&#8221;post_content&#8221; hover_enabled=&#8221;0&#8243; sticky_enabled=&#8221;0&#8243;]<\/p>\n<h2><span>XXI-C. Cuenta P\u00fablica<\/span><\/h2>\n<p><span>La informaci\u00f3n que publicar\u00e1n los Sujetos Obligados en cumplimiento de esta fracci\u00f3n se organizar\u00e1 de conformidad con los siguientes rubros: Presupuesto asignado anual, Ejercicio de los Egresos Presupuestarios, Cuenta P\u00fablica.<\/span><br \/>\n[\/et_pb_text][et_pb_tabs _builder_version=&#8221;4.23.1&#8243; _module_preset=&#8221;default&#8221; theme_builder_area=&#8221;post_content&#8221; hover_enabled=&#8221;0&#8243; sticky_enabled=&#8221;0&#8243;][et_pb_tab title=&#8221;2021&#8243; _builder_version=&#8221;4.23.1&#8243; _module_preset=&#8221;default&#8221; theme_builder_area=&#8221;post_content&#8221; hover_enabled=&#8221;0&#8243; sticky_enabled=&#8221;0&#8243;]<span class=\"fa fa-refresh\"><span>\u00a0<\/span>Periodo de Actualizaci\u00f3n:<strong>\u00a0Anual<\/strong><\/span><br \/>\n<span class=\"fa fa-calendar\"><span>\u00a0<\/span>Fecha de Actualizaci\u00f3n:<span>\u00a0<\/span><strong>07\/04\/2021<\/strong><\/span><br \/>\n<span class=\"fa fa-calendar\"><span>\u00a0<\/span>Fecha de Validaci\u00f3n:<span>\u00a0<\/span><strong>07\/04\/2021<\/strong><\/span><br \/>\n<span class=\"fa fa-pencil-square-o\"><span>\u00a0<\/span>Unidad(es) Administrativa(s) que genera(n) o posee(n) la Informaci\u00f3n:\u00a0<\/span><span><strong>\u00c1reas y\/o Coordinaciones Administrativas de: SEGOB, CESP, COESPO, IET, AGEC, SIPINNA, COMBUSPERCAM.<\/strong><\/span><\/p>\n<p>&nbsp;<a href=\"https:\/\/drive.google.com\/uc?export=download&amp;id=1iNonDxHjK6MJ0_fKyArv_Z2QbrnRi2mc\" target=\"_blank\" rel=\"noopener noreferrer\"><button type=\"button\" class=\"btn btn-large btn-success\"><em class=\"fa fa-file-excel-o\"> Descargar Excel<\/em><\/button> <\/a> <a href=\"https:\/\/drive.google.com\/open?id=1iNonDxHjK6MJ0_fKyArv_Z2QbrnRi2mc\" target=\"_blank\" rel=\"noopener noreferrer\"> <button type=\"button\" class=\"btn btn-large btn-danger\"><em class=\"fa fa-eye\"> Ver Online<\/em><\/button> <\/a> <span style=\"padding-left: 20px;\"> <span class=\"fa fa-hand-o-left\"><\/span> Descargue y\/o visualice aqu\u00ed<\/span><\/p>\n<p>[\/et_pb_tab][et_pb_tab title=&#8221;2020&#8243; _builder_version=&#8221;4.23.1&#8243; _module_preset=&#8221;default&#8221; theme_builder_area=&#8221;post_content&#8221; hover_enabled=&#8221;0&#8243; sticky_enabled=&#8221;0&#8243;]<span class=\"fa fa-refresh\"><span>\u00a0<\/span>Periodo de Actualizaci\u00f3n:<strong>\u00a0Anual<\/strong><\/span><br \/>\n<span class=\"fa fa-calendar\"><span>\u00a0<\/span>Fecha de Actualizaci\u00f3n:<span>\u00a0<\/span><strong>08\/04\/2020<\/strong><\/span><br \/>\n<span class=\"fa fa-calendar\"><span>\u00a0<\/span>Fecha de Validaci\u00f3n:<span>\u00a0<\/span><strong>08\/04\/2020<\/strong><\/span><br \/>\n<span class=\"fa fa-pencil-square-o\"><span>\u00a0<\/span>Unidad(es) Administrativa(s) que genera(n) o posee(n) la Informaci\u00f3n:\u00a0<\/span><span><strong>\u00c1reas y\/o Coordinaciones Administrativas de: SEGOB, CESP, COESPO, IET, AGEC, SIPINNA.<\/strong><\/span><\/p>\n<p>&nbsp;<a href=\"https:\/\/drive.google.com\/uc?export=download&amp;id=1RyvR7Kb8_i78NLe9DsbyzCvhgvKtUZR-\" target=\"_blank\" rel=\"noopener noreferrer\"><button type=\"button\" class=\"btn btn-large btn-success\"><em class=\"fa fa-file-excel-o\"> Descargar Excel<\/em><\/button> <\/a> <a href=\"https:\/\/drive.google.com\/open?id=1RyvR7Kb8_i78NLe9DsbyzCvhgvKtUZR-\" target=\"_blank\" rel=\"noopener noreferrer\"> <button type=\"button\" class=\"btn btn-large btn-danger\"><em class=\"fa fa-eye\"> Ver Online<\/em><\/button> <\/a> <span style=\"padding-left: 20px;\"> <span class=\"fa fa-hand-o-left\"><\/span> Descargue y\/o visualice aqu\u00ed<\/span><\/p>\n<p>[\/et_pb_tab][et_pb_tab title=&#8221;2019&#8243; _builder_version=&#8221;4.23.1&#8243; _module_preset=&#8221;default&#8221; theme_builder_area=&#8221;post_content&#8221; hover_enabled=&#8221;0&#8243; sticky_enabled=&#8221;0&#8243;]<span class=\"fa fa-refresh\"><span>\u00a0<\/span>Periodo de Actualizaci\u00f3n:<strong>\u00a0Anual<\/strong><\/span><br \/>\n<span class=\"fa fa-calendar\"><span>\u00a0<\/span>Fecha de Actualizaci\u00f3n:<span>\u00a0<\/span><strong>05\/04\/2019<\/strong><\/span><br \/>\n<span class=\"fa fa-calendar\"><span>\u00a0<\/span>Fecha de Validaci\u00f3n:<span>\u00a0<\/span><strong>05\/04\/2019<\/strong><\/span><br \/>\n<span class=\"fa fa-pencil-square-o\"><span>\u00a0<\/span>Unidad(es) Administrativa(s) que genera(n) o posee(n) la Informaci\u00f3n:\u00a0<\/span><span><strong>\u00c1reas y\/o Coordinaciones Administrativas de: SEGOB, CESP, COESPO, IET, AGEC, SIPINNA.<\/strong><\/span><\/p>\n<p>&nbsp;<a href=\"https:\/\/drive.google.com\/uc?export=download&amp;id=1RyvR7Kb8_i78NLe9DsbyzCvhgvKtUZR-\" target=\"_blank\" rel=\"noopener noreferrer\"><button type=\"button\" class=\"btn btn-large btn-success\"><em class=\"fa fa-file-excel-o\"> Descargar Excel<\/em><\/button> <\/a> <a href=\"https:\/\/drive.google.com\/open?id=1RyvR7Kb8_i78NLe9DsbyzCvhgvKtUZR-\" target=\"_blank\" rel=\"noopener noreferrer\"> <button type=\"button\" class=\"btn btn-large btn-danger\"><em class=\"fa fa-eye\"> Ver Online<\/em><\/button> <\/a> <span style=\"padding-left: 20px;\"> <span class=\"fa fa-hand-o-left\"><\/span> Descargue y\/o visualice aqu\u00ed<\/span><\/p>\n<p>[\/et_pb_tab][et_pb_tab title=&#8221;2018&#8243; _builder_version=&#8221;4.23.1&#8243; _module_preset=&#8221;default&#8221; theme_builder_area=&#8221;post_content&#8221; hover_enabled=&#8221;0&#8243; sticky_enabled=&#8221;0&#8243;]<span class=\"fa fa-refresh\">Per\u00edodo de Actualizaci\u00f3n:<span>\u00a0<\/span><strong>Anual<\/strong><\/span><br \/>\n<span class=\"fa fa-calendar\"><span>\u00a0<\/span>Fecha de Actualizaci\u00f3n:<span>\u00a0<\/span><strong>08\/01\/2019<\/strong><\/span><br \/>\n<span class=\"fa fa-calendar\"><span>\u00a0<\/span>Fecha de Validaci\u00f3n:<span>\u00a0<\/span><strong>08\/01\/2019<\/strong><\/span><br \/>\n<span class=\"fa fa-pencil-square-o\"><span>\u00a0<\/span>Unidad(es) Administrativa(s) que genera(n) o posee(n) la informaci\u00f3n:<strong>\u00a0<\/strong><\/span><span><strong>Archivo General del Estado (AGEC)<\/strong><\/span><\/p>\n<p>&nbsp;<a href=\"https:\/\/drive.google.com\/uc?export=download&amp;id=1Y0Knvf6z_FhrIU217_ZsAXTvQwnHGv92\" target=\"_blank\" rel=\"noopener noreferrer\"><button type=\"button\" class=\"btn btn-large btn-success\"><em class=\"fa fa-file-excel-o\"> Descargar Excel<\/em><\/button> <\/a> <a href=\"https:\/\/drive.google.com\/open?id=1Y0Knvf6z_FhrIU217_ZsAXTvQwnHGv92\" target=\"_blank\" rel=\"noopener noreferrer\"> <button type=\"button\" class=\"btn btn-large btn-danger\"><em class=\"fa fa-eye\"> Ver Online<\/em><\/button> <\/a> <span style=\"padding-left: 20px;\"> <span class=\"fa fa-hand-o-left\"><\/span> Descargue y\/o visualice aqu\u00ed<\/span><\/p>\n<p>[\/et_pb_tab][et_pb_tab title=&#8221;2017&#8243; _builder_version=&#8221;4.23.1&#8243; _module_preset=&#8221;default&#8221; theme_builder_area=&#8221;post_content&#8221; hover_enabled=&#8221;0&#8243; sticky_enabled=&#8221;0&#8243;]<span class=\"fa fa-refresh\"><span>\u00a0<\/span>Per\u00edodo de Actualizaci\u00f3n:<span>\u00a0<\/span><strong>Anual<\/strong><\/span><br \/>\n<span class=\"fa fa-calendar\"><span>\u00a0<\/span>Fecha de Actualizaci\u00f3n:\u00a0<strong>12\/01\/2018<\/strong><\/span><br \/>\n<span class=\"fa fa-calendar\"><span>\u00a0<\/span>Fecha de Validaci\u00f3n:\u00a0<strong>12\/01\/2018<\/strong><\/span><br \/>\n<span class=\"fa fa-pencil-square-o\"><span>\u00a0<\/span>Unidad(es) Administrativa(s) que genera(n) o posee(n) la Informaci\u00f3n:<strong>\u00a0<\/strong><\/span><span><strong>Archivo General del Estado (AGEC)<\/strong><\/span><\/p>\n<p>&nbsp;<a href=\"https:\/\/drive.google.com\/uc?export=download&amp;id=1M3sFu294H8a2RWnHKii3jhxKXqfrloye\" target=\"_blank\" rel=\"noopener noreferrer\"><button type=\"button\" class=\"btn btn-large btn-success\"><em class=\"fa fa-file-excel-o\"> Descargar Excel<\/em><\/button> <\/a> <a href=\"https:\/\/drive.google.com\/open?id=1M3sFu294H8a2RWnHKii3jhxKXqfrloye\" target=\"_blank\" rel=\"noopener noreferrer\"> <button type=\"button\" class=\"btn btn-large btn-danger\"><em class=\"fa fa-eye\"> Ver Online<\/em><\/button> <\/a> <span style=\"padding-left: 20px;\"> <span class=\"fa fa-hand-o-left\"><\/span> Descargue y\/o visualice aqu\u00ed<\/span><\/p>\n<p>[\/et_pb_tab][\/et_pb_tabs][et_pb_text _builder_version=&#8221;4.23.1&#8243; _module_preset=&#8221;default&#8221; theme_builder_area=&#8221;post_content&#8221; hover_enabled=&#8221;0&#8243; sticky_enabled=&#8221;0&#8243;]<\/p>\n<h2 style=\"text-align: center;\"><span>NO APLICA<\/span><\/h2>\n<p style=\"text-align: justify;\"><strong><span>Este tipo de informaci\u00f3n no es generada por la Secretar\u00eda General de Gobierno (SGG) ni sus Organismos Desconcentrados: Consejo Estatal de Poblaci\u00f3n (COESPO), Consejo Estatal de Seguridad P\u00fablica (CESP), Secretariado Ejecutivo del Sistema Integral de Protecci\u00f3n de Ni\u00f1as, Ni\u00f1os y Adolescentes (SIPINNA), Archivo General del Estado (AGEC), Instituto Estatal de Transporte (IET),\u00a0<\/span><\/strong><strong><span>por no tener facultades, competencias y atribuciones otorgadas en el Art\u00edculo 21 de la Ley Org\u00e1nica de la Administraci\u00f3n P\u00fablica del Estado de Campeche ni el en el Reglamento Interior de la Secretar\u00eda General de Gobierno de la Administraci\u00f3n P\u00fablica del Estado de Campeche; as\u00ed como en los siguientes Ordenamientos Legales: Acuerdo de Creaci\u00f3n y Reglamento Interior de COESPO, Reglamento Interior del CESP, Ley de los Derechos de Ni\u00f1as, Ni\u00f1os y Adolescentes del Estado de Campeche (SIPINNA), Ley de Archivos del Estado de Campeche (AGEC), Reglamento Interior y Ley de Transporte del Estado de Campeche (IET), respectivamente.<\/span><\/strong><\/p>\n<p style=\"text-align: justify;\"><span><strong>La Facultad le corresponde a la Secretar\u00eda de Finanzas del Gobierno del Estado de Campeche (SEFIN), conforme al Art\u00edculo 22 Fracci\u00f3n XVII de la Ley Org\u00e1nica de la Administraci\u00f3n P\u00fablica del Estao de Campeche. Para acceder \u00a0a la informacion correspondiente ir al siguente\u00a0<a href=\"http:\/\/www.transparencia.finanzas.campeche.gob.mx\/index.php\/70-XXI\/70-XXI-C\" target=\"_blank\" rel=\"noopener noreferrer\">enlace<\/a><\/strong><\/span><\/p>\n<p>[\/et_pb_text][\/et_pb_column][\/et_pb_row][\/et_pb_section]<\/p>\n","protected":false},"excerpt":{"rendered":"<p>XXI-C. Cuenta P\u00fablica La informaci\u00f3n que publicar\u00e1n los Sujetos Obligados en cumplimiento de esta fracci\u00f3n se organizar\u00e1 de conformidad con los siguientes rubros: Presupuesto asignado anual, Ejercicio de los Egresos Presupuestarios, Cuenta P\u00fablica. \u00a0Periodo de Actualizaci\u00f3n:\u00a0Anual \u00a0Fecha de Actualizaci\u00f3n:\u00a007\/04\/2021 \u00a0Fecha de Validaci\u00f3n:\u00a007\/04\/2021 \u00a0Unidad(es) Administrativa(s) que genera(n) o posee(n) la Informaci\u00f3n:\u00a0\u00c1reas y\/o Coordinaciones Administrativas de: SEGOB, [&hellip;]<\/p>\n","protected":false},"author":1,"featured_media":0,"parent":0,"menu_order":0,"comment_status":"closed","ping_status":"closed","template":"","meta":{"_acf_changed":false,"_et_pb_use_builder":"on","_et_pb_old_content":"","_et_gb_content_width":"","inline_featured_image":false,"footnotes":""},"class_list":["post-2178","page","type-page","status-publish","hentry"],"acf":[],"_links":{"self":[{"href":"https:\/\/agec.campeche.gob.mx\/index.php?rest_route=\/wp\/v2\/pages\/2178","targetHints":{"allow":["GET"]}}],"collection":[{"href":"https:\/\/agec.campeche.gob.mx\/index.php?rest_route=\/wp\/v2\/pages"}],"about":[{"href":"https:\/\/agec.campeche.gob.mx\/index.php?rest_route=\/wp\/v2\/types\/page"}],"author":[{"embeddable":true,"href":"https:\/\/agec.campeche.gob.mx\/index.php?rest_route=\/wp\/v2\/users\/1"}],"replies":[{"embeddable":true,"href":"https:\/\/agec.campeche.gob.mx\/index.php?rest_route=%2Fwp%2Fv2%2Fcomments&post=2178"}],"version-history":[{"count":2,"href":"https:\/\/agec.campeche.gob.mx\/index.php?rest_route=\/wp\/v2\/pages\/2178\/revisions"}],"predecessor-version":[{"id":2185,"href":"https:\/\/agec.campeche.gob.mx\/index.php?rest_route=\/wp\/v2\/pages\/2178\/revisions\/2185"}],"wp:attachment":[{"href":"https:\/\/agec.campeche.gob.mx\/index.php?rest_route=%2Fwp%2Fv2%2Fmedia&parent=2178"}],"curies":[{"name":"wp","href":"https:\/\/api.w.org\/{rel}","templated":true}]}}