{"id":2193,"date":"2024-01-17T21:57:01","date_gmt":"2024-01-18T03:57:01","guid":{"rendered":"https:\/\/agec.campeche.gob.mx\/?page_id=2193"},"modified":"2024-01-17T21:58:22","modified_gmt":"2024-01-18T03:58:22","slug":"fraccion-xxiii-2","status":"publish","type":"page","link":"https:\/\/agec.campeche.gob.mx\/?page_id=2193","title":{"rendered":"Fraccion XXIV"},"content":{"rendered":"\n[et_pb_section fb_built=&#8221;1&#8243; theme_builder_area=&#8221;post_content&#8221; _builder_version=&#8221;4.23.1&#8243; _module_preset=&#8221;default&#8221;][et_pb_row _builder_version=&#8221;4.23.1&#8243; _module_preset=&#8221;default&#8221; theme_builder_area=&#8221;post_content&#8221;][et_pb_column _builder_version=&#8221;4.23.1&#8243; _module_preset=&#8221;default&#8221; type=&#8221;4_4&#8243; theme_builder_area=&#8221;post_content&#8221;][et_pb_text _builder_version=&#8221;4.23.1&#8243; _module_preset=&#8221;default&#8221; theme_builder_area=&#8221;post_content&#8221; hover_enabled=&#8221;0&#8243; sticky_enabled=&#8221;0&#8243;]<h2 style=\"text-align: justify;\"><span>XXIII. Los montos destinados a gastos relativos a Comunicaci\u00f3n Social y Publicidad Oficial desglosada por tipo de medio, proveedores, n\u00famero de contrato y concepto o campa\u00f1a.<\/span><\/h2>\n<p style=\"text-align: justify;\"><span>Los Sujetos Obligados deber\u00e1n publicar y actualizar la informaci\u00f3n tanto de los programas de comunicaci\u00f3n social o equivalente que de acuerdo con la Normatividad aplicable deban elaborar, como la de los Recursos P\u00fablicos erogados o utilizados para realizar las actividades relacionadas con la comunicaci\u00f3n y la publicidad institucionales a trav\u00e9s de los distintos medios de comunicaci\u00f3n: espectaculares, Internet, radio, televisi\u00f3n, cine, medios impresos, digitales, entre otros. Se trata de todas aquellas asignaciones destinadas a cubrir los gastos de realizaci\u00f3n y difusi\u00f3n de mensajes y campa\u00f1as para informar a la poblaci\u00f3n sobre los programas, servicios p\u00fablicos y el quehacer gubernamental en general; as\u00ed como la publicidad comercial de los productos y servicios que generan ingresos para los Sujetos Obligados.<\/span><\/p>[\/et_pb_text][et_pb_text _builder_version=&#8221;4.23.1&#8243; _module_preset=&#8221;default&#8221; theme_builder_area=&#8221;post_content&#8221; hover_enabled=&#8221;0&#8243; sticky_enabled=&#8221;0&#8243;]<h2 style=\"text-align: center;\"><span>NO APLICA<\/span><\/h2>\n<p style=\"text-align: justify;\"><strong><span>Este tipo de informaci\u00f3n no es generada por la Secretar\u00eda General de Gobierno (SGG) ni sus Organismos Desconcentrados: Consejo Estatal de Poblaci\u00f3n (COESPO), Consejo Estatal de Seguridad P\u00fablica (CESP), Secretariado Ejecutivo del Sistema Integral de Protecci\u00f3n de Ni\u00f1as, Ni\u00f1os y Adolescentes (SIPINNA), Archivo General del Estado de Campeche (AGEC), Instituto Estatal de Transporte (IET),\u00a0<\/span><\/strong><strong><span>por no tener facultades, competencias y atribuciones otorgadas en el Art\u00edculo 21 de la Ley Org\u00e1nica de la Administraci\u00f3n P\u00fablica del Estado de Campeche ni el en el Reglamento Interior de la Secretar\u00eda General de Gobierno de la Administraci\u00f3n P\u00fablica del Estado de Campeche; as\u00ed como en los siguientes Ordenamientos Legales: Acuerdo de Creaci\u00f3n y Reglamento Interior de COESPO, Reglamento Interior del CESP, Ley de los Derechos de Ni\u00f1as, Ni\u00f1os y Adolescentes del Estado de Campeche (SIPINNA), Ley de Archivos del Estado de Campeche (AGEC), Reglamento Interior y Ley de Transporte del Estado de Campeche (IET), respectivamente.<\/span><\/strong><\/p>\n<p><strong><span>Le corresponde a la Unidad de Comunicaci\u00f3n Social en t\u00e9rminos del Art\u00edculo 44 de la Ley Org\u00e1nica de la Administraci\u00f3n P\u00fablica del Estado de Campeche (LOAPEC).<\/span><\/strong><\/p>[\/et_pb_text][\/et_pb_column][\/et_pb_row][\/et_pb_section]\n","protected":false},"excerpt":{"rendered":"<p>XXIII. Los montos destinados a gastos relativos a Comunicaci\u00f3n Social y Publicidad Oficial desglosada por tipo de medio, proveedores, n\u00famero de contrato y concepto o campa\u00f1a. Los Sujetos Obligados deber\u00e1n publicar y actualizar la informaci\u00f3n tanto de los programas de comunicaci\u00f3n social o equivalente que de acuerdo con la Normatividad aplicable deban elaborar, como la [&hellip;]<\/p>\n","protected":false},"author":1,"featured_media":0,"parent":0,"menu_order":0,"comment_status":"closed","ping_status":"closed","template":"","meta":{"_acf_changed":false,"_et_pb_use_builder":"on","_et_pb_old_content":"","_et_gb_content_width":"","inline_featured_image":false,"footnotes":""},"class_list":["post-2193","page","type-page","status-publish","hentry"],"acf":[],"_links":{"self":[{"href":"https:\/\/agec.campeche.gob.mx\/index.php?rest_route=\/wp\/v2\/pages\/2193","targetHints":{"allow":["GET"]}}],"collection":[{"href":"https:\/\/agec.campeche.gob.mx\/index.php?rest_route=\/wp\/v2\/pages"}],"about":[{"href":"https:\/\/agec.campeche.gob.mx\/index.php?rest_route=\/wp\/v2\/types\/page"}],"author":[{"embeddable":true,"href":"https:\/\/agec.campeche.gob.mx\/index.php?rest_route=\/wp\/v2\/users\/1"}],"replies":[{"embeddable":true,"href":"https:\/\/agec.campeche.gob.mx\/index.php?rest_route=%2Fwp%2Fv2%2Fcomments&post=2193"}],"version-history":[{"count":3,"href":"https:\/\/agec.campeche.gob.mx\/index.php?rest_route=\/wp\/v2\/pages\/2193\/revisions"}],"predecessor-version":[{"id":2196,"href":"https:\/\/agec.campeche.gob.mx\/index.php?rest_route=\/wp\/v2\/pages\/2193\/revisions\/2196"}],"wp:attachment":[{"href":"https:\/\/agec.campeche.gob.mx\/index.php?rest_route=%2Fwp%2Fv2%2Fmedia&parent=2193"}],"curies":[{"name":"wp","href":"https:\/\/api.w.org\/{rel}","templated":true}]}}