{"id":2197,"date":"2024-01-17T22:00:26","date_gmt":"2024-01-18T04:00:26","guid":{"rendered":"https:\/\/agec.campeche.gob.mx\/?page_id=2197"},"modified":"2024-01-17T22:00:26","modified_gmt":"2024-01-18T04:00:26","slug":"xxvi","status":"publish","type":"page","link":"https:\/\/agec.campeche.gob.mx\/?page_id=2197","title":{"rendered":"XXVI"},"content":{"rendered":"<p>[et_pb_section fb_built=&#8221;1&#8243; theme_builder_area=&#8221;post_content&#8221; _builder_version=&#8221;4.23.1&#8243; _module_preset=&#8221;default&#8221;][et_pb_row _builder_version=&#8221;4.23.1&#8243; _module_preset=&#8221;default&#8221; theme_builder_area=&#8221;post_content&#8221;][et_pb_column _builder_version=&#8221;4.23.1&#8243; _module_preset=&#8221;default&#8221; type=&#8221;4_4&#8243; theme_builder_area=&#8221;post_content&#8221;][et_pb_text _builder_version=&#8221;4.23.1&#8243; _module_preset=&#8221;default&#8221; theme_builder_area=&#8221;post_content&#8221; hover_enabled=&#8221;0&#8243; sticky_enabled=&#8221;0&#8243;]<\/p>\n<h2 style=\"text-align: justify;\"><span>XXV. El Resultado de la Dictaminaci\u00f3n de los Estados Financieros.<\/span><\/h2>\n<p style=\"text-align: justify;\"><span>Todos los Sujetos Obligados publicar\u00e1n el informe de Resultados de los Dict\u00e1menes realizados a sus Estados Financieros por las empresas auditoras contratadas para tal fin. La Dictaminaci\u00f3n de los Estados Financieros deber\u00e1 realizarla un Contador P\u00fablico registrado en t\u00e9rminos de las disposiciones que establezcan el C\u00f3digo Fiscal de la Federaci\u00f3n y los C\u00f3digos u Ordenamientos Fiscales de las Entidades Federativas.<\/span><\/p>\n<p>[\/et_pb_text][et_pb_text _builder_version=&#8221;4.23.1&#8243; _module_preset=&#8221;default&#8221; theme_builder_area=&#8221;post_content&#8221; hover_enabled=&#8221;0&#8243; sticky_enabled=&#8221;0&#8243;]<\/p>\n<h2 style=\"text-align: center;\"><span>NO APLICA<\/span><\/h2>\n<p style=\"text-align: justify;\"><strong><span>Este tipo de informaci\u00f3n no es generada por la Secretar\u00eda General de Gobierno (SGG) ni sus Organismos Desconcentrados: Consejo Estatal de Poblaci\u00f3n (COESPO), Consejo Estatal de Seguridad P\u00fablica (CESP), Secretariado Ejecutivo del Sistema Integral de Protecci\u00f3n de Ni\u00f1as, Ni\u00f1os y Adolescentes (SIPINNA), Archivo General del Estado de Campeche (AGEC), Instituto Estatal de Transporte (IET),\u00a0<\/span><\/strong><strong><span>por no tener facultades, competencias y atribuciones otorgadas en el Art\u00edculo 21 de la Ley Org\u00e1nica de la Administraci\u00f3n P\u00fablica del Estado de Campeche ni el en el Reglamento Interior de la Secretar\u00eda General de Gobierno de la Administraci\u00f3n P\u00fablica del Estado de Campeche; as\u00ed como en los siguientes Ordenamientos Legales: Acuerdo de Creaci\u00f3n y Reglamento Interior de COESPO, Reglamento Interior del CESP, Ley de los Derechos de Ni\u00f1as, Ni\u00f1os y Adolescentes del Estado de Campeche (SIPINNA), Ley de Archivos del Estado de Campeche (AGEC), Reglamento Interior y Ley de Transporte del Estado de Campeche (IET), respectivamente.<\/span><\/strong><\/p>\n<p><strong><span>Le corresponde a la Secretar\u00eda de Finanzas (SEFIN) a trav\u00e9s de la Direcci\u00f3n de Contabilidad Gubernamental en Coordinaci\u00f3n con la Auditor\u00eda Superior del Estado de Campeche (ASECAM) con fundamento en lo que establece Art\u00edculo 22 de la Ley Org\u00e1nica de la Administraci\u00f3n P\u00fablica del Estado de Campeche (LOAPEC).<\/span><\/strong><\/p>\n<p>[\/et_pb_text][\/et_pb_column][\/et_pb_row][\/et_pb_section]<\/p>\n","protected":false},"excerpt":{"rendered":"<p>XXV. El Resultado de la Dictaminaci\u00f3n de los Estados Financieros. Todos los Sujetos Obligados publicar\u00e1n el informe de Resultados de los Dict\u00e1menes realizados a sus Estados Financieros por las empresas auditoras contratadas para tal fin. La Dictaminaci\u00f3n de los Estados Financieros deber\u00e1 realizarla un Contador P\u00fablico registrado en t\u00e9rminos de las disposiciones que establezcan el [&hellip;]<\/p>\n","protected":false},"author":1,"featured_media":0,"parent":0,"menu_order":0,"comment_status":"closed","ping_status":"closed","template":"","meta":{"_acf_changed":false,"_et_pb_use_builder":"on","_et_pb_old_content":"","_et_gb_content_width":"","inline_featured_image":false,"footnotes":""},"class_list":["post-2197","page","type-page","status-publish","hentry"],"acf":[],"_links":{"self":[{"href":"https:\/\/agec.campeche.gob.mx\/index.php?rest_route=\/wp\/v2\/pages\/2197","targetHints":{"allow":["GET"]}}],"collection":[{"href":"https:\/\/agec.campeche.gob.mx\/index.php?rest_route=\/wp\/v2\/pages"}],"about":[{"href":"https:\/\/agec.campeche.gob.mx\/index.php?rest_route=\/wp\/v2\/types\/page"}],"author":[{"embeddable":true,"href":"https:\/\/agec.campeche.gob.mx\/index.php?rest_route=\/wp\/v2\/users\/1"}],"replies":[{"embeddable":true,"href":"https:\/\/agec.campeche.gob.mx\/index.php?rest_route=%2Fwp%2Fv2%2Fcomments&post=2197"}],"version-history":[{"count":2,"href":"https:\/\/agec.campeche.gob.mx\/index.php?rest_route=\/wp\/v2\/pages\/2197\/revisions"}],"predecessor-version":[{"id":2199,"href":"https:\/\/agec.campeche.gob.mx\/index.php?rest_route=\/wp\/v2\/pages\/2197\/revisions\/2199"}],"wp:attachment":[{"href":"https:\/\/agec.campeche.gob.mx\/index.php?rest_route=%2Fwp%2Fv2%2Fmedia&parent=2197"}],"curies":[{"name":"wp","href":"https:\/\/api.w.org\/{rel}","templated":true}]}}