{"id":2206,"date":"2024-01-17T22:05:14","date_gmt":"2024-01-18T04:05:14","guid":{"rendered":"https:\/\/agec.campeche.gob.mx\/?page_id=2206"},"modified":"2024-01-17T22:05:14","modified_gmt":"2024-01-18T04:05:14","slug":"fraccion-xxviii","status":"publish","type":"page","link":"https:\/\/agec.campeche.gob.mx\/?page_id=2206","title":{"rendered":"Fraccion XXVIII"},"content":{"rendered":"<p>[et_pb_section fb_built=&#8221;1&#8243; theme_builder_area=&#8221;post_content&#8221; _builder_version=&#8221;4.23.1&#8243; _module_preset=&#8221;default&#8221;][et_pb_row _builder_version=&#8221;4.23.1&#8243; _module_preset=&#8221;default&#8221; theme_builder_area=&#8221;post_content&#8221;][et_pb_column _builder_version=&#8221;4.23.1&#8243; _module_preset=&#8221;default&#8221; type=&#8221;4_4&#8243; theme_builder_area=&#8221;post_content&#8221;][et_pb_text _builder_version=&#8221;4.23.1&#8243; _module_preset=&#8221;default&#8221; theme_builder_area=&#8221;post_content&#8221; hover_enabled=&#8221;0&#8243; sticky_enabled=&#8221;0&#8243;]<\/p>\n<h2 style=\"text-align: justify;\"><span>XXVIII. La Informaci\u00f3n sobre los Resultados sobre procedimientos de Adjudicaci\u00f3n Directa, Invitaci\u00f3n Restringida y Licitaci\u00f3n de cualquier naturaleza, incluyendo la Versi\u00f3n P\u00fablica del Expediente respectivo y de los Contratos celebrados.<\/span><\/h2>\n<p style=\"text-align: justify;\"><span>En este apartado se dispone cu\u00e1les son los contenidos y la forma en que los Sujetos Obligados deber\u00e1n publicar y actualizar la informaci\u00f3n que generen, relativa a los resultados de los procedimientos de Licitaci\u00f3n P\u00fablica, Invitaci\u00f3n Restringida y Adjudicaci\u00f3n Directa, as\u00ed como los equivalentes que realizan en t\u00e9rminos de la Ley de Adquisiciones, Arrendamientos y Servicios del Sector P\u00fablico y la Ley de Obras P\u00fablicas y Servicios Relacionados con las Mismas \u2013ambas reglamentarias del Art\u00edculo 134 de la Constituci\u00f3n Pol\u00edtica de los Estados Unidos Mexicanos\u2013; las que resulten aplicables en materia de adquisiciones, arrendamiento de Bienes Muebles, Prestaci\u00f3n de Servicios y Contrataciones de Obras P\u00fablicas, y los servicios relacionados con las mismas de las Entidades Federativas; los Ordenamientos Legales que regulen a los Poderes Legislativo y Judicial y a los Organismos Aut\u00f3nomos; as\u00ed como la Ley Federal de Presupuesto y Responsabilidad Hacendaria.<\/span><\/p>\n<p>[\/et_pb_text][et_pb_text _builder_version=&#8221;4.23.1&#8243; _module_preset=&#8221;default&#8221; theme_builder_area=&#8221;post_content&#8221; hover_enabled=&#8221;0&#8243; sticky_enabled=&#8221;0&#8243;]<\/p>\n<h2 style=\"text-align: center;\"><span>NO APLICA<\/span><\/h2>\n<p style=\"text-align: justify;\"><strong><span>Este tipo de informaci\u00f3n no es generada por la Secretar\u00eda General de Gobierno (SGG) ni sus Organismos Desconcentrados: Consejo Estatal de Poblaci\u00f3n (COESPO), Consejo Estatal de Seguridad P\u00fablica (CESP), Secretariado Ejecutivo del Sistema Integral de Protecci\u00f3n de Ni\u00f1as, Ni\u00f1os y Adolescentes (SIPINNA), Archivo General del Estado (AGE), Instituto Estatal de Transporte (IET),\u00a0<\/span><\/strong><strong><span>por no tener facultades, competencias y atribuciones otorgadas en el Art\u00edculo 21 de la Ley Org\u00e1nica de la Administraci\u00f3n P\u00fablica del Estado de Campeche ni el en el Reglamento Interior de la Secretar\u00eda General de Gobierno de la Administraci\u00f3n P\u00fablica del Estado de Campeche; as\u00ed como en los siguientes Ordenamientos Legales: Acuerdo de Creaci\u00f3n y Reglamento Interior de COESPO, Reglamento Interior del CESP, Ley de los Derechos de Ni\u00f1as, Ni\u00f1os y Adolescentes del Estado de Campeche (SIPINNA), Ley de Archivos del Estado de Campeche (AGE), Reglamento Interior y Ley de Transporte del Estado de Campeche (IET), respectivamente.<\/span><\/strong><\/p>\n<p><strong><span>Le corresponde a la Secretar\u00eda de Administraci\u00f3n e Innovaci\u00f3n Gubernamental (SAIG) y a la Secretar\u00eda de Desarrollo Urbano y Obras P\u00fablicas (SEDUOPI) respectivamente, con fundamento en los Art\u00edculos 23 fracci\u00f3n XI, 35 fracci\u00f3n II de la Ley Org\u00e1nica de la Administraci\u00f3n P\u00fablica del Estado de Campeche.<\/span><\/strong><\/p>\n<p>[\/et_pb_text][\/et_pb_column][\/et_pb_row][\/et_pb_section]<\/p>\n","protected":false},"excerpt":{"rendered":"<p>XXVIII. La Informaci\u00f3n sobre los Resultados sobre procedimientos de Adjudicaci\u00f3n Directa, Invitaci\u00f3n Restringida y Licitaci\u00f3n de cualquier naturaleza, incluyendo la Versi\u00f3n P\u00fablica del Expediente respectivo y de los Contratos celebrados. En este apartado se dispone cu\u00e1les son los contenidos y la forma en que los Sujetos Obligados deber\u00e1n publicar y actualizar la informaci\u00f3n que generen, [&hellip;]<\/p>\n","protected":false},"author":1,"featured_media":0,"parent":0,"menu_order":0,"comment_status":"closed","ping_status":"closed","template":"","meta":{"_acf_changed":false,"_et_pb_use_builder":"on","_et_pb_old_content":"","_et_gb_content_width":"","inline_featured_image":false,"footnotes":""},"class_list":["post-2206","page","type-page","status-publish","hentry"],"acf":[],"_links":{"self":[{"href":"https:\/\/agec.campeche.gob.mx\/index.php?rest_route=\/wp\/v2\/pages\/2206","targetHints":{"allow":["GET"]}}],"collection":[{"href":"https:\/\/agec.campeche.gob.mx\/index.php?rest_route=\/wp\/v2\/pages"}],"about":[{"href":"https:\/\/agec.campeche.gob.mx\/index.php?rest_route=\/wp\/v2\/types\/page"}],"author":[{"embeddable":true,"href":"https:\/\/agec.campeche.gob.mx\/index.php?rest_route=\/wp\/v2\/users\/1"}],"replies":[{"embeddable":true,"href":"https:\/\/agec.campeche.gob.mx\/index.php?rest_route=%2Fwp%2Fv2%2Fcomments&post=2206"}],"version-history":[{"count":2,"href":"https:\/\/agec.campeche.gob.mx\/index.php?rest_route=\/wp\/v2\/pages\/2206\/revisions"}],"predecessor-version":[{"id":2208,"href":"https:\/\/agec.campeche.gob.mx\/index.php?rest_route=\/wp\/v2\/pages\/2206\/revisions\/2208"}],"wp:attachment":[{"href":"https:\/\/agec.campeche.gob.mx\/index.php?rest_route=%2Fwp%2Fv2%2Fmedia&parent=2206"}],"curies":[{"name":"wp","href":"https:\/\/api.w.org\/{rel}","templated":true}]}}