{"id":2296,"date":"2024-01-17T23:30:03","date_gmt":"2024-01-18T05:30:03","guid":{"rendered":"https:\/\/agec.campeche.gob.mx\/?page_id=2296"},"modified":"2024-01-17T23:36:51","modified_gmt":"2024-01-18T05:36:51","slug":"fraccion-xxxvii","status":"publish","type":"page","link":"https:\/\/agec.campeche.gob.mx\/?page_id=2296","title":{"rendered":"Fraccion XXXVII"},"content":{"rendered":"<p>[et_pb_section fb_built=&#8221;1&#8243; _builder_version=&#8221;4.23.1&#8243; _module_preset=&#8221;default&#8221; global_colors_info=&#8221;{}&#8221;][et_pb_row _builder_version=&#8221;4.23.1&#8243; _module_preset=&#8221;default&#8221; global_colors_info=&#8221;{}&#8221;][et_pb_column type=&#8221;4_4&#8243; _builder_version=&#8221;4.23.1&#8243; _module_preset=&#8221;default&#8221; global_colors_info=&#8221;{}&#8221;][et_pb_text _builder_version=&#8221;4.23.1&#8243; _module_preset=&#8221;default&#8221; global_colors_info=&#8221;{}&#8221;]<\/p>\n<h1 style=\"text-align: justify;\"><span>XXXVII. Los Mecanismos de Participaci\u00f3n Ciudadana.<\/span><\/h1>\n<p style=\"text-align: justify;\"><span>Todos los Sujetos Obligados publicar\u00e1n el conjunto de acciones que pretenden impulsar el desarrollo local y la democracia participativa, tales como actividades, acciones, informes, concursos, comit\u00e9s, sesiones, encuestas, consultas, foros, eventos, experiencias y dem\u00e1s mecanismos de participaci\u00f3n ciudadana de los que dispongan, incluidos aquellos que utilicen como medio las Tecnolog\u00edas de la Informaci\u00f3n y Comunicaci\u00f3n, como los sitios de Internet (o Portales Institucionales) de conformidad con la normatividad aplicable, procurando atender las mejores pr\u00e1cticas a nivel internacional, con el objetivo de disminuir las barreras de entrada a la consulta, participaci\u00f3n y colaboraci\u00f3n.<\/span><\/p>\n<p>[\/et_pb_text][et_pb_tabs _builder_version=&#8221;4.23.1&#8243; _module_preset=&#8221;default&#8221; hover_enabled=&#8221;0&#8243; global_colors_info=&#8221;{}&#8221; sticky_enabled=&#8221;0&#8243;][et_pb_tab title=&#8221;2021&#8243; _builder_version=&#8221;4.23.1&#8243; _module_preset=&#8221;default&#8221; global_colors_info=&#8221;{}&#8221;]<\/p>\n<table class=\"table table-hover\" style=\"width: 100%; border: 1px solid #cecaca;\" align=\"center\">\n<thead>\n<tr style=\"border-color: #dd1313; border-width: 1px; background-color: #5e5e5f;\">\n<td style=\"text-align: center;\"><span style=\"color: #ffffff;\"><strong>Inciso<\/strong><\/span><\/td>\n<td style=\"text-align: center;\">\u00a0<span style=\"color: #ffffff;\"><strong>Aplicabilidad<\/strong><\/span><\/td>\n<td style=\"text-align: center;\">\u00a0<strong><span style=\"color: #ffffff;\">Periodicidad<\/span><\/strong><\/td>\n<\/tr>\n<\/thead>\n<tbody>\n<tr style=\"border-color: #cecaca; border-width: 1px;\" align=\"center\">\n<td style=\"border: 1px solid #cecaca;\"><a href=\"https:\/\/agec.campeche.gob.mx\/?page_id=2297\" target=\"_blank\" class=\"jcepopup noicon\" rel=\"noopener noreferrer\">a) Mecanismos de Participaci\u00f3n Ciudadana<\/a><\/td>\n<td style=\"border: 1px solid #cecaca;\"><img decoding=\"async\" src=\"https:\/\/agec.campeche.gob.mx\/wp-content\/uploads\/1485918237_Tick_Mark_Dark.png\" alt=\"1485918237 Tick Mark Dark\" style=\"display: block; margin-left: auto; margin-right: auto;\" \/><\/td>\n<td style=\"border: 1px solid #cecaca; text-align: center;\" align=\"center\" valign=\"middle\"><span style=\"color: #333333;\">Trimestral<\/span><\/td>\n<\/tr>\n<tr style=\"border-color: #cecaca; border-width: 1px;\" align=\"center\">\n<td style=\"border: 1px solid #cecaca;\"><a href=\"https:\/\/agec.campeche.gob.mx\/?page_id=2298\" target=\"_blank\" class=\"jcepopup noicon\" rel=\"noopener noreferrer\">b) Resultado de los Mecanismos de Participaci\u00f3n<\/a><\/td>\n<td style=\"border: 1px solid #cecaca;\"><img decoding=\"async\" src=\"https:\/\/agec.campeche.gob.mx\/wp-content\/uploads\/1485918237_Tick_Mark_Dark.png\" style=\"display: block; margin-left: auto; margin-right: auto;\" \/><\/td>\n<td style=\"border: 1px solid #cecaca; text-align: center;\" align=\"center\" valign=\"middle\"><span style=\"color: #333333;\">Trimestral<\/span><\/td>\n<\/tr>\n<\/tbody>\n<\/table>\n<p>[\/et_pb_tab][et_pb_tab title=&#8221;2020&#8243; _builder_version=&#8221;4.23.1&#8243; _module_preset=&#8221;default&#8221; global_colors_info=&#8221;{}&#8221;]<\/p>\n<table class=\"table table-hover\" style=\"width: 100%; border: 1px solid #cecaca;\" align=\"center\">\n<thead>\n<tr style=\"border-color: #dd1313; border-width: 1px; background-color: #5e5e5f;\">\n<td style=\"text-align: center;\"><span style=\"color: #ffffff;\"><strong>Inciso<\/strong><\/span><\/td>\n<td style=\"text-align: center;\">&nbsp;<span style=\"color: #ffffff;\"><strong>Aplicabilidad<\/strong><\/span><\/td>\n<td style=\"text-align: center;\">&nbsp;<strong><span style=\"color: #ffffff;\">Periodicidad<\/span><\/strong><\/td>\n<\/tr>\n<\/thead>\n<tbody>\n<tr style=\"border-color: #cecaca; border-width: 1px;\" align=\"center\">\n<td style=\"border: 1px solid #cecaca;\"><a href=\"https:\/\/agec.campeche.gob.mx\/?page_id=2297\" target=\"_blank\" class=\"jcepopup noicon\" rel=\"noopener noreferrer\">a) Mecanismos de Participaci\u00f3n Ciudadana<\/a><\/td>\n<td style=\"border: 1px solid #cecaca;\"><img decoding=\"async\" src=\"https:\/\/agec.campeche.gob.mx\/wp-content\/uploads\/1485918237_Tick_Mark_Dark.png\" alt=\"1485918237 Tick Mark Dark\" style=\"display: block; margin-left: auto; margin-right: auto;\"><\/td>\n<td style=\"border: 1px solid #cecaca; text-align: center;\" align=\"center\" valign=\"middle\"><span style=\"color: #333333;\">Trimestral<\/span><\/td>\n<\/tr>\n<tr style=\"border-color: #cecaca; border-width: 1px;\" align=\"center\">\n<td style=\"border: 1px solid #cecaca;\"><a href=\"https:\/\/agec.campeche.gob.mx\/?page_id=2300\" target=\"_blank\" class=\"jcepopup noicon\" rel=\"noopener noreferrer\">b) Resultado de los Mecanismos de Participaci\u00f3n<\/a><\/td>\n<td style=\"border: 1px solid #cecaca;\"><img decoding=\"async\" src=\"https:\/\/agec.campeche.gob.mx\/wp-content\/uploads\/1485918237_Tick_Mark_Dark.png\" style=\"display: block; margin-left: auto; margin-right: auto;\"><\/td>\n<td style=\"border: 1px solid #cecaca; text-align: center;\" align=\"center\" valign=\"middle\"><span style=\"color: #333333;\">Trimestral<\/span><\/td>\n<\/tr>\n<\/tbody>\n<\/table>\n<p>[\/et_pb_tab][et_pb_tab title=&#8221;2019&#8243; _builder_version=&#8221;4.23.1&#8243; _module_preset=&#8221;default&#8221; global_colors_info=&#8221;{}&#8221;]<\/p>\n<table class=\"table table-hover\" style=\"width: 100%; border: 1px solid #cecaca;\" align=\"center\">\n<thead>\n<tr style=\"border-color: #dd1313; border-width: 1px; background-color: #5e5e5f;\">\n<td style=\"text-align: center;\"><span style=\"color: #ffffff;\"><strong>Inciso<\/strong><\/span><\/td>\n<td style=\"text-align: center;\">&nbsp;<span style=\"color: #ffffff;\"><strong>Aplicabilidad<\/strong><\/span><\/td>\n<td style=\"text-align: center;\">&nbsp;<strong><span style=\"color: #ffffff;\">Periodicidad<\/span><\/strong><\/td>\n<\/tr>\n<\/thead>\n<tbody>\n<tr style=\"border-color: #cecaca; border-width: 1px;\" align=\"center\">\n<td style=\"border: 1px solid #cecaca;\"><a href=\"https:\/\/agec.campeche.gob.mx\/?page_id=2301\" target=\"_blank\" class=\"jcepopup noicon\" rel=\"noopener noreferrer\">a) Mecanismos de Participaci\u00f3n Ciudadana<\/a><\/td>\n<td style=\"border: 1px solid #cecaca;\"><img decoding=\"async\" src=\"https:\/\/agec.campeche.gob.mx\/wp-content\/uploads\/1485918237_Tick_Mark_Dark.png\" alt=\"1485918237 Tick Mark Dark\" style=\"display: block; margin-left: auto; margin-right: auto;\"><\/td>\n<td style=\"border: 1px solid #cecaca; text-align: center;\" align=\"center\" valign=\"middle\"><span style=\"color: #333333;\">Trimestral<\/span><\/td>\n<\/tr>\n<tr style=\"border-color: #cecaca; border-width: 1px;\" align=\"center\">\n<td style=\"border: 1px solid #cecaca;\"><a href=\"https:\/\/agec.campeche.gob.mx\/?page_id=2302\" target=\"_blank\" class=\"jcepopup noicon\" rel=\"noopener noreferrer\">b) Resultado de los Mecanismos de Participaci\u00f3n<\/a><\/td>\n<td style=\"border: 1px solid #cecaca;\"><img decoding=\"async\" src=\"https:\/\/agec.campeche.gob.mx\/wp-content\/uploads\/1485918237_Tick_Mark_Dark.png\" style=\"display: block; margin-left: auto; margin-right: auto;\"><\/td>\n<td style=\"border: 1px solid #cecaca; text-align: center;\" align=\"center\" valign=\"middle\"><span style=\"color: #333333;\">Trimestral<\/span><\/td>\n<\/tr>\n<\/tbody>\n<\/table>\n<p>[\/et_pb_tab][et_pb_tab title=&#8221;2018&#8243; _builder_version=&#8221;4.23.1&#8243; _module_preset=&#8221;default&#8221; hover_enabled=&#8221;0&#8243; sticky_enabled=&#8221;0&#8243;]<\/p>\n<table class=\"table table-hover\" style=\"width: 100%; border: 1px solid #cecaca;\" align=\"center\">\n<thead>\n<tr style=\"border-color: #dd1313; border-width: 1px; background-color: #5e5e5f;\">\n<td style=\"text-align: center;\"><span style=\"color: #ffffff;\"><strong>Inciso<\/strong><\/span><\/td>\n<td style=\"text-align: center;\">&nbsp;<span style=\"color: #ffffff;\"><strong>Aplicabilidad<\/strong><\/span><\/td>\n<td style=\"text-align: center;\">&nbsp;<strong><span style=\"color: #ffffff;\">Periodicidad<\/span><\/strong><\/td>\n<\/tr>\n<\/thead>\n<tbody>\n<tr style=\"border-color: #cecaca; border-width: 1px;\" align=\"center\">\n<td style=\"border: 1px solid #cecaca;\"><a href=\"https:\/\/agec.campeche.gob.mx\/?page_id=2303\" target=\"_blank\" class=\"jcepopup noicon\" rel=\"noopener noreferrer\">a) Mecanismos de Participaci\u00f3n Ciudadana<\/a><\/td>\n<td style=\"border: 1px solid #cecaca;\"><img decoding=\"async\" src=\"https:\/\/agec.campeche.gob.mx\/wp-content\/uploads\/1485918237_Tick_Mark_Dark.png\" alt=\"1485918237 Tick Mark Dark\" style=\"display: block; margin-left: auto; margin-right: auto;\"><\/td>\n<td style=\"border: 1px solid #cecaca; text-align: center;\" align=\"center\" valign=\"middle\"><span style=\"color: #333333;\">Trimestral<\/span><\/td>\n<\/tr>\n<tr style=\"border-color: #cecaca; border-width: 1px;\" align=\"center\">\n<td style=\"border: 1px solid #cecaca;\"><a href=\"https:\/\/agec.campeche.gob.mx\/?page_id=2304\" target=\"_blank\" class=\"jcepopup noicon\" rel=\"noopener noreferrer\">b) Resultado de los Mecanismos de Participaci\u00f3n<\/a><\/td>\n<td style=\"border: 1px solid #cecaca;\"><img decoding=\"async\" src=\"https:\/\/agec.campeche.gob.mx\/wp-content\/uploads\/1485918237_Tick_Mark_Dark.png\" style=\"display: block; margin-left: auto; margin-right: auto;\"><\/td>\n<td style=\"border: 1px solid #cecaca; text-align: center;\" align=\"center\" valign=\"middle\"><span style=\"color: #333333;\">Trimestral<\/span><\/td>\n<\/tr>\n<\/tbody>\n<\/table>\n<p>[\/et_pb_tab][et_pb_tab title=&#8221;2017&#8243; _builder_version=&#8221;4.23.1&#8243; _module_preset=&#8221;default&#8221; hover_enabled=&#8221;0&#8243; sticky_enabled=&#8221;0&#8243;]<span class=\"fa fa-refresh\"><span>\u00a0<\/span>Periodo de Actualizacion:<span>\u00a0<\/span><strong>Trimestral<\/strong><\/span><br \/>\n<span class=\"fa fa-calendar\"><span>\u00a0<\/span>Fecha de Actualizaci\u00f3n:<span>\u00a0<\/span><strong>12\/01\/2018<\/strong><\/span><br \/>\n<span class=\"fa fa-calendar\"><span>\u00a0<\/span>Fecha de Validaci\u00f3n:<span>\u00a0<\/span><strong>12\/01\/2018<\/strong><\/span><br \/>\n<span class=\"fa fa-pencil-square-o\"><span>\u00a0<\/span>Unidad(es) Administrativa(s) que genera(n) o posea(n) la Informaci\u00f3n:\u00a0<strong>Subsecretar\u00eda de Vinculaci\u00f3n Interinstitucional de la Secretar\u00eda General de Gobierno<\/strong><\/span><\/p>\n<p>&nbsp;<a href=\"https:\/\/drive.google.com\/uc?export=download&amp;id=18GED-huWQoFB9ctJx-MIf64NSYW79xri\" target=\"_blank\" rel=\"noopener\"><button type=\"button\" class=\"btn btn-large btn-success\"><em class=\"fa fa-file-excel-o\"> Descargar Excel<\/em><\/button> <\/a> <a href=\"https:\/\/drive.google.com\/open?id=18GED-huWQoFB9ctJx-MIf64NSYW79xri\" target=\"_blank\" rel=\"noopener\"> <button type=\"button\" class=\"btn btn-large btn-danger\"><em class=\"fa fa-eye\"> Ver Online<\/em><\/button> <\/a> <span style=\"padding-left: 20px;\"> <span class=\"fa fa-hand-o-left\"><\/span> Descargue y\/o visualice aqu\u00ed<\/span><\/p>\n<p>[\/et_pb_tab][\/et_pb_tabs][\/et_pb_column][\/et_pb_row][\/et_pb_section]<\/p>\n","protected":false},"excerpt":{"rendered":"<p>XXXVII. Los Mecanismos de Participaci\u00f3n Ciudadana. Todos los Sujetos Obligados publicar\u00e1n el conjunto de acciones que pretenden impulsar el desarrollo local y la democracia participativa, tales como actividades, acciones, informes, concursos, comit\u00e9s, sesiones, encuestas, consultas, foros, eventos, experiencias y dem\u00e1s mecanismos de participaci\u00f3n ciudadana de los que dispongan, incluidos aquellos que utilicen como medio las [&hellip;]<\/p>\n","protected":false},"author":1,"featured_media":0,"parent":0,"menu_order":0,"comment_status":"closed","ping_status":"closed","template":"","meta":{"_acf_changed":false,"_et_pb_use_builder":"on","_et_pb_old_content":"","_et_gb_content_width":"","inline_featured_image":false,"footnotes":""},"class_list":["post-2296","page","type-page","status-publish","hentry"],"acf":[],"_links":{"self":[{"href":"https:\/\/agec.campeche.gob.mx\/index.php?rest_route=\/wp\/v2\/pages\/2296","targetHints":{"allow":["GET"]}}],"collection":[{"href":"https:\/\/agec.campeche.gob.mx\/index.php?rest_route=\/wp\/v2\/pages"}],"about":[{"href":"https:\/\/agec.campeche.gob.mx\/index.php?rest_route=\/wp\/v2\/types\/page"}],"author":[{"embeddable":true,"href":"https:\/\/agec.campeche.gob.mx\/index.php?rest_route=\/wp\/v2\/users\/1"}],"replies":[{"embeddable":true,"href":"https:\/\/agec.campeche.gob.mx\/index.php?rest_route=%2Fwp%2Fv2%2Fcomments&post=2296"}],"version-history":[{"count":5,"href":"https:\/\/agec.campeche.gob.mx\/index.php?rest_route=\/wp\/v2\/pages\/2296\/revisions"}],"predecessor-version":[{"id":2329,"href":"https:\/\/agec.campeche.gob.mx\/index.php?rest_route=\/wp\/v2\/pages\/2296\/revisions\/2329"}],"wp:attachment":[{"href":"https:\/\/agec.campeche.gob.mx\/index.php?rest_route=%2Fwp%2Fv2%2Fmedia&parent=2296"}],"curies":[{"name":"wp","href":"https:\/\/api.w.org\/{rel}","templated":true}]}}