{"id":2336,"date":"2024-01-17T23:48:58","date_gmt":"2024-01-18T05:48:58","guid":{"rendered":"https:\/\/agec.campeche.gob.mx\/?page_id=2336"},"modified":"2024-01-17T23:48:58","modified_gmt":"2024-01-18T05:48:58","slug":"fraccion-xxxix-d","status":"publish","type":"page","link":"https:\/\/agec.campeche.gob.mx\/?page_id=2336","title":{"rendered":"Fraccion XXXIX-D"},"content":{"rendered":"<p>[et_pb_section fb_built=&#8221;1&#8243; theme_builder_area=&#8221;post_content&#8221; _builder_version=&#8221;4.23.1&#8243; _module_preset=&#8221;default&#8221;][et_pb_row _builder_version=&#8221;4.23.1&#8243; _module_preset=&#8221;default&#8221; theme_builder_area=&#8221;post_content&#8221;][et_pb_column _builder_version=&#8221;4.23.1&#8243; _module_preset=&#8221;default&#8221; type=&#8221;4_4&#8243; theme_builder_area=&#8221;post_content&#8221;][et_pb_text _builder_version=&#8221;4.23.1&#8243; _module_preset=&#8221;default&#8221; theme_builder_area=&#8221;post_content&#8221; hover_enabled=&#8221;0&#8243; sticky_enabled=&#8221;0&#8243;]<\/p>\n<h1 style=\"text-align: justify;\"><span>XXXIX-D. Las Actas y Resoluciones del Comit\u00e9 de Transparencia de los Sujetos Obligados<\/span><\/h1>\n<p style=\"text-align: justify;\"><span>En esta fracci\u00f3n se publicar\u00e1 informaci\u00f3n de las Resoluciones del Comit\u00e9 de Transparencia, establecidas en el Art\u00edculo 44 de la\u00a0Ley General, las cuales dar\u00e1n cuenta de las funciones de ese Organismo Colegiado. Todos los Sujetos Obligados con excepci\u00f3n\u00a0de los Organismos o Unidades referidas en el Quinto P\u00e1rrafo del Art\u00edculo 43 de la Ley estar\u00e1n supeditados a la Autoridad del\u00a0Comit\u00e9 de Transparencia<\/span><\/p>\n<p>[\/et_pb_text][et_pb_tabs _builder_version=&#8221;4.23.1&#8243; _module_preset=&#8221;default&#8221; theme_builder_area=&#8221;post_content&#8221; hover_enabled=&#8221;0&#8243; sticky_enabled=&#8221;0&#8243;][et_pb_tab title=&#8221;2021&#8243; _builder_version=&#8221;4.23.1&#8243; _module_preset=&#8221;default&#8221; theme_builder_area=&#8221;post_content&#8221; hover_enabled=&#8221;0&#8243; sticky_enabled=&#8221;0&#8243;]<span class=\"fa fa-refresh\"><span>\u00a0<\/span>Per\u00edodo de Actualizaci\u00f3n:<span>\u00a0<\/span><strong>Trimestral<\/strong><\/span><br \/>\n<span class=\"fa fa-calendar\"><span>\u00a0<\/span>Fecha de Actualizaci\u00f3n:<span>\u00a0<\/span><strong>07\/01\/2022<\/strong><\/span><br \/>\n<span class=\"fa fa-calendar\"><span>\u00a0<\/span>Fecha de Validaci\u00f3n:<span>\u00a0<\/span><strong>07\/01\/2022<\/strong><\/span><br \/>\n<span class=\"fa fa-pencil-square-o\"><span>\u00a0<\/span>Unidad(es) Administrativa(s) que genera(n) o posee(n) la Informaci\u00f3n:\u00a0<\/span><span><strong>Unidad de Transparencia de la Secretar\u00eda General de Gobierno<\/strong><\/span><\/p>\n<p>&nbsp;<a href=\"https:\/\/drive.google.com\/uc?export=download&amp;id=1prfb3BVOXQcNyxnBm2C2doOHWSebFiXk\" target=\"_blank\" rel=\"noopener noreferrer\"><button type=\"button\" class=\"btn btn-large btn-success\"><em class=\"fa fa-file-excel-o\"> Descargar Excel<\/em><\/button> <\/a> <a href=\"https:\/\/drive.google.com\/open?id=1prfb3BVOXQcNyxnBm2C2doOHWSebFiXk\" target=\"_blank\" rel=\"noopener noreferrer\"> <button type=\"button\" class=\"btn btn-large btn-danger\"><em class=\"fa fa-eye\"> Ver Online<\/em><\/button> <\/a> <span style=\"padding-left: 20px;\"> <span class=\"fa fa-hand-o-left\"><\/span> Descargue y\/o visualice aqu\u00ed<\/span><\/p>\n<p>[\/et_pb_tab][et_pb_tab title=&#8221;2020&#8243; _builder_version=&#8221;4.23.1&#8243; _module_preset=&#8221;default&#8221; theme_builder_area=&#8221;post_content&#8221; hover_enabled=&#8221;0&#8243; sticky_enabled=&#8221;0&#8243;]<span class=\"fa fa-refresh\"><span>\u00a0<\/span>Per\u00edodo de Actualizaci\u00f3n:<span>\u00a0<\/span><strong>Trimestral<\/strong><\/span><br \/>\n<span class=\"fa fa-calendar\"><span>\u00a0<\/span>Fecha de Actualizaci\u00f3n:<span>\u00a0<\/span><strong>11\/01\/2021<\/strong><\/span><br \/>\n<span class=\"fa fa-calendar\"><span>\u00a0<\/span>Fecha de Validaci\u00f3n:<span>\u00a0<\/span><strong>11\/01\/2021<\/strong><\/span><br \/>\n<span class=\"fa fa-pencil-square-o\"><span>\u00a0<\/span>Unidad(es) Administrativa(s) que genera(n) o posee(n) la Informaci\u00f3n:\u00a0<\/span><span><strong>Unidad de Transparencia de la Secretar\u00eda General de Gobierno<\/strong><\/span><\/p>\n<p>&nbsp;<a href=\"https:\/\/drive.google.com\/uc?export=download&amp;id=1H2Bqj-VN45LC-_DOV6OmAYjSnWpVlUTi\" target=\"_blank\" rel=\"noopener noreferrer\"><button type=\"button\" class=\"btn btn-large btn-success\"><em class=\"fa fa-file-excel-o\"> Descargar Excel<\/em><\/button> <\/a> <a href=\"https:\/\/drive.google.com\/open?id=1H2Bqj-VN45LC-_DOV6OmAYjSnWpVlUTi\" target=\"_blank\" rel=\"noopener noreferrer\"> <button type=\"button\" class=\"btn btn-large btn-danger\"><em class=\"fa fa-eye\"> Ver Online<\/em><\/button> <\/a> <span style=\"padding-left: 20px;\"> <span class=\"fa fa-hand-o-left\"><\/span> Descargue y\/o visualice aqu\u00ed<\/span><\/p>\n<p>[\/et_pb_tab][et_pb_tab title=&#8221;2019&#8243; _builder_version=&#8221;4.23.1&#8243; _module_preset=&#8221;default&#8221; theme_builder_area=&#8221;post_content&#8221; hover_enabled=&#8221;0&#8243; sticky_enabled=&#8221;0&#8243;]<\/p>\n<p><span class=\"fa fa-refresh\"><span>\u00a0<\/span>Per\u00edodo de Actualizaci\u00f3n:<span>\u00a0<\/span><strong>Trimestral<\/strong><\/span><br \/><span class=\"fa fa-calendar\"><span>\u00a0<\/span>Fecha de Actualizaci\u00f3n:<span>\u00a0<\/span><strong>10\/01\/2020<\/strong><\/span><br \/><span class=\"fa fa-calendar\"><span>\u00a0<\/span>Fecha de Validaci\u00f3n:<span>\u00a0<\/span><strong>10\/01\/2020<\/strong><\/span><br \/><span class=\"fa fa-pencil-square-o\"><span>\u00a0<\/span>Unidad(es) Administrativa(s) que genera(n) o posee(n) la Informaci\u00f3n:\u00a0<\/span><span><strong>Unidad de Transparencia de la Secretar\u00eda General de Gobierno<\/strong><\/span><\/p>\n<p>\u00a0<a href=\"https:\/\/drive.google.com\/uc?export=download&amp;id=1Iz1bjkSq9D0eCFhNye_845o3TbuNxJUR\" target=\"_blank\" rel=\"noopener noreferrer\"><button type=\"button\" class=\"btn btn-large btn-success\"><em class=\"fa fa-file-excel-o\"> Descargar Excel<\/em><\/button> <\/a> <a href=\"https:\/\/drive.google.com\/open?id=1Iz1bjkSq9D0eCFhNye_845o3TbuNxJUR\" target=\"_blank\" rel=\"noopener noreferrer\"> <button type=\"button\" class=\"btn btn-large btn-danger\"><em class=\"fa fa-eye\"> Ver Online<\/em><\/button> <\/a> <span style=\"padding-left: 20px;\"> <span class=\"fa fa-hand-o-left\"><\/span> Descargue y\/o visualice aqu\u00ed<\/span><\/p>\n<p>[\/et_pb_tab][et_pb_tab title=&#8221;2018&#8243; _builder_version=&#8221;4.23.1&#8243; _module_preset=&#8221;default&#8221; theme_builder_area=&#8221;post_content&#8221; hover_enabled=&#8221;0&#8243; sticky_enabled=&#8221;0&#8243;]<span class=\"fa fa-refresh\"><span>\u00a0<\/span>Per\u00edodo de Actualizaci\u00f3n:\u00a0<span><strong>Trimestral<\/strong><\/span><\/span><br \/>\n<span class=\"fa fa-calendar\"><span>\u00a0<\/span>Fecha de Actualizaci\u00f3n:<span>\u00a0<\/span><strong>08\/01\/2019<\/strong><\/span><br \/>\n<span class=\"fa fa-calendar\"><span>\u00a0<\/span>Fecha de Validaci\u00f3n:<strong><span>\u00a0<\/span>08\/01\/2019<\/strong><\/span><br \/>\n<span class=\"fa fa-pencil-square-o\"><span>\u00a0<\/span>Unidad(es) Administrativa(s) que genera(n) o posee(n) la Informaci\u00f3n:\u00a0<\/span><span><strong>Unidad de Transparencia de la Secretar\u00eda General de Gobierno.<\/strong><\/span><\/p>\n<p>&nbsp;<a href=\"https:\/\/drive.google.com\/uc?export=download&amp;id=1h6k6iQ3tdvm_8lD5s5Qx2dT9inkwsv0Q\" target=\"_blank\" rel=\"noopener noreferrer\"><button type=\"button\" class=\"btn btn-large btn-success\"><em class=\"fa fa-file-excel-o\"> Descargar Excel<\/em><\/button> <\/a> <a href=\"https:\/\/drive.google.com\/open?id=1h6k6iQ3tdvm_8lD5s5Qx2dT9inkwsv0Q\" target=\"_blank\" rel=\"noopener noreferrer\"> <button type=\"button\" class=\"btn btn-large btn-danger\"><em class=\"fa fa-eye\"> Ver Online<\/em><\/button> <\/a> <span style=\"padding-left: 20px;\"> <span class=\"fa fa-hand-o-left\"><\/span> Descargue y\/o visualice aqu\u00ed<\/span><\/p>\n<p>[\/et_pb_tab][et_pb_tab title=&#8221;2017&#8243; _builder_version=&#8221;4.23.1&#8243; _module_preset=&#8221;default&#8221; theme_builder_area=&#8221;post_content&#8221; hover_enabled=&#8221;0&#8243; sticky_enabled=&#8221;0&#8243;]<span class=\"fa fa-refresh\"><span>\u00a0<\/span>Per\u00edodo de Actualizaci\u00f3n:<span>\u00a0<\/span><strong>Semestral\u00a0<\/strong><\/span><br \/>\n<span class=\"fa fa-calendar\"><span>\u00a0<\/span>Fecha de Actualizaci\u00f3n:\u00a0<strong>12\/01\/2018<\/strong><\/span><br \/>\n<span class=\"fa fa-calendar\"><span>\u00a0<\/span>Fecha de Validaci\u00f3n:\u00a0<strong>12\/01\/2018<\/strong><\/span><br \/>\n<span class=\"fa fa-pencil-square-o\"><span>\u00a0<\/span>Unidad(es) Administrativa(s) que genera(n) o posee(n) la Informaci\u00f3n:\u00a0<\/span><strong><span>Unidad de Transparencia de la Secretar\u00eda General de Gobierno.<\/span><\/strong><\/p>\n<p>&nbsp;<a href=\"https:\/\/drive.google.com\/uc?export=download&amp;id=1IXGPf9K56wAJHmsDhgR7ovkI89_L3BF0\" target=\"_blank\" rel=\"noopener\"><button type=\"button\" class=\"btn btn-large btn-success\"><em class=\"fa fa-file-excel-o\"> Descargar Excel<\/em><\/button> <\/a> <a href=\"https:\/\/drive.google.com\/open?id=1IXGPf9K56wAJHmsDhgR7ovkI89_L3BF0\" target=\"_blank\" rel=\"noopener\"> <button type=\"button\" class=\"btn btn-large btn-danger\"><em class=\"fa fa-eye\"> Ver Online<\/em><\/button> <\/a> <span style=\"padding-left: 20px;\"> <span class=\"fa fa-hand-o-left\"><\/span> Descargue y\/o visualice aqu\u00ed<\/span><\/p>\n<p>[\/et_pb_tab][\/et_pb_tabs][\/et_pb_column][\/et_pb_row][\/et_pb_section]<\/p>\n","protected":false},"excerpt":{"rendered":"<p>XXXIX-D. Las Actas y Resoluciones del Comit\u00e9 de Transparencia de los Sujetos Obligados En esta fracci\u00f3n se publicar\u00e1 informaci\u00f3n de las Resoluciones del Comit\u00e9 de Transparencia, establecidas en el Art\u00edculo 44 de la\u00a0Ley General, las cuales dar\u00e1n cuenta de las funciones de ese Organismo Colegiado. Todos los Sujetos Obligados con excepci\u00f3n\u00a0de los Organismos o Unidades [&hellip;]<\/p>\n","protected":false},"author":1,"featured_media":0,"parent":0,"menu_order":0,"comment_status":"closed","ping_status":"closed","template":"","meta":{"_acf_changed":false,"_et_pb_use_builder":"on","_et_pb_old_content":"","_et_gb_content_width":"","inline_featured_image":false,"footnotes":""},"class_list":["post-2336","page","type-page","status-publish","hentry"],"acf":[],"_links":{"self":[{"href":"https:\/\/agec.campeche.gob.mx\/index.php?rest_route=\/wp\/v2\/pages\/2336","targetHints":{"allow":["GET"]}}],"collection":[{"href":"https:\/\/agec.campeche.gob.mx\/index.php?rest_route=\/wp\/v2\/pages"}],"about":[{"href":"https:\/\/agec.campeche.gob.mx\/index.php?rest_route=\/wp\/v2\/types\/page"}],"author":[{"embeddable":true,"href":"https:\/\/agec.campeche.gob.mx\/index.php?rest_route=\/wp\/v2\/users\/1"}],"replies":[{"embeddable":true,"href":"https:\/\/agec.campeche.gob.mx\/index.php?rest_route=%2Fwp%2Fv2%2Fcomments&post=2336"}],"version-history":[{"count":2,"href":"https:\/\/agec.campeche.gob.mx\/index.php?rest_route=\/wp\/v2\/pages\/2336\/revisions"}],"predecessor-version":[{"id":2346,"href":"https:\/\/agec.campeche.gob.mx\/index.php?rest_route=\/wp\/v2\/pages\/2336\/revisions\/2346"}],"wp:attachment":[{"href":"https:\/\/agec.campeche.gob.mx\/index.php?rest_route=%2Fwp%2Fv2%2Fmedia&parent=2336"}],"curies":[{"name":"wp","href":"https:\/\/api.w.org\/{rel}","templated":true}]}}