{"id":2349,"date":"2024-01-17T23:56:09","date_gmt":"2024-01-18T05:56:09","guid":{"rendered":"https:\/\/agec.campeche.gob.mx\/?page_id=2349"},"modified":"2024-01-17T23:56:09","modified_gmt":"2024-01-18T05:56:09","slug":"fraccion-xl","status":"publish","type":"page","link":"https:\/\/agec.campeche.gob.mx\/?page_id=2349","title":{"rendered":"Fraccion XL"},"content":{"rendered":"<p>[et_pb_section fb_built=&#8221;1&#8243; theme_builder_area=&#8221;post_content&#8221; _builder_version=&#8221;4.23.1&#8243; _module_preset=&#8221;default&#8221;][et_pb_row _builder_version=&#8221;4.23.1&#8243; _module_preset=&#8221;default&#8221; theme_builder_area=&#8221;post_content&#8221;][et_pb_column _builder_version=&#8221;4.23.1&#8243; _module_preset=&#8221;default&#8221; type=&#8221;4_4&#8243; theme_builder_area=&#8221;post_content&#8221;][et_pb_text _builder_version=&#8221;4.23.1&#8243; _module_preset=&#8221;default&#8221; theme_builder_area=&#8221;post_content&#8221; hover_enabled=&#8221;0&#8243; sticky_enabled=&#8221;0&#8243;]<\/p>\n<h1 style=\"text-align: justify;\"><span>XL. Todas las Evaluaciones y Encuestas que hagan los Sujetos Obligados a programas financiados con Recursos P\u00fablicos<\/span><\/h1>\n<p style=\"text-align: justify;\"><span>Los Sujetos Obligados regulados por la Ley General de Contabilidad Gubernamental y por las disposiciones que emita el Consejo Nacional de Armonizaci\u00f3n Contable deber\u00e1n publicar la informaci\u00f3n relacionada con los resultados de las evaluaciones de los programas a su cargo, de conformidad con los plazos y los t\u00e9rminos previstos para tales efectos en el Art\u00edculo 79 de la referida Ley as\u00ed como en la Norma para establecer el formato para la difusi\u00f3n de los resultados de las evaluaciones de los recursos federales ministrados a las Entidades Federativas, aplicables a la Federaci\u00f3n, las Entidades Federativas, los Municipios y, en su caso, las demarcaciones territoriales de la Ciudad de M\u00e9xico, publicada por el Consejo Nacional de Armonizaci\u00f3n Contable, en el Diario Oficial de la Federaci\u00f3n del 4 de abril de 2013, o sus subsecuentes modificaciones.<\/span><\/p>\n<p>[\/et_pb_text][et_pb_text _builder_version=&#8221;4.23.1&#8243; _module_preset=&#8221;default&#8221; theme_builder_area=&#8221;post_content&#8221; hover_enabled=&#8221;0&#8243; sticky_enabled=&#8221;0&#8243;]<\/p>\n<table border=\"1\" class=\"table table-hover\" style=\"width: 100%; border-width: 1px; border-color: #b3b3b3;\">\n<thead>\n<tr>\n<th style=\"background-color: #484747; text-align: center;\"><strong><span style=\"color: #ffffff;\">Fracci\u00f3n<\/span><\/strong><\/th>\n<th style=\"background-color: #484747; text-align: center;\"><strong><span style=\"color: #ffffff;\">&nbsp;Aplicabilidad<\/span><\/strong><\/th>\n<th style=\"background-color: #484747; text-align: center;\"><strong><span style=\"color: #ffffff;\">&nbsp;Periodicidad<\/span><\/strong><\/th>\n<\/tr>\n<\/thead>\n<tbody>\n<tr>\n<td><a href=\"https:\/\/agec.campeche.gob.mx\/?page_id=2350\" target=\"_blank\" rel=\"noopener noreferrer\">a) Evaluaciones y Encuestas a Programas Financiados con Recursos P\u00fablicos<\/a><\/td>\n<td><img decoding=\"async\" src=\"https:\/\/agec.campeche.gob.mx\/wp-content\/uploads\/1485918237_Tick_Mark_Dark.png\" alt=\"1485918237 Tick Mark Dark\" style=\"display: block; margin-right: auto; margin-left: auto;\"><\/td>\n<td style=\"text-align: center;\" valign=\"middle\">Anual<\/td>\n<\/tr>\n<tr>\n<td><a href=\"https:\/\/agec.campeche.gob.mx\/?page_id=2351\" target=\"_blank\" class=\"jcepopup noicon\" rel=\"noopener noreferrer\">b) Encuestas sobre Programas&nbsp;Financiados con Recursos P\u00fablicos<\/a><\/td>\n<td><img decoding=\"async\" src=\"https:\/\/agec.campeche.gob.mx\/wp-content\/uploads\/1485918237_Tick_Mark_Dark.png\" alt=\"1485918237 Tick Mark Dark\" style=\"display: block; margin-right: auto; margin-left: auto;\"><\/td>\n<td style=\"text-align: center;\" valign=\"middle\">Anual<\/td>\n<\/tr>\n<\/tbody>\n<\/table>\n<p>[\/et_pb_text][\/et_pb_column][\/et_pb_row][\/et_pb_section]<\/p>\n","protected":false},"excerpt":{"rendered":"<p>XL. Todas las Evaluaciones y Encuestas que hagan los Sujetos Obligados a programas financiados con Recursos P\u00fablicos Los Sujetos Obligados regulados por la Ley General de Contabilidad Gubernamental y por las disposiciones que emita el Consejo Nacional de Armonizaci\u00f3n Contable deber\u00e1n publicar la informaci\u00f3n relacionada con los resultados de las evaluaciones de los programas a [&hellip;]<\/p>\n","protected":false},"author":1,"featured_media":0,"parent":0,"menu_order":0,"comment_status":"closed","ping_status":"closed","template":"","meta":{"_acf_changed":false,"_et_pb_use_builder":"on","_et_pb_old_content":"","_et_gb_content_width":"","inline_featured_image":false,"footnotes":""},"class_list":["post-2349","page","type-page","status-publish","hentry"],"acf":[],"_links":{"self":[{"href":"https:\/\/agec.campeche.gob.mx\/index.php?rest_route=\/wp\/v2\/pages\/2349","targetHints":{"allow":["GET"]}}],"collection":[{"href":"https:\/\/agec.campeche.gob.mx\/index.php?rest_route=\/wp\/v2\/pages"}],"about":[{"href":"https:\/\/agec.campeche.gob.mx\/index.php?rest_route=\/wp\/v2\/types\/page"}],"author":[{"embeddable":true,"href":"https:\/\/agec.campeche.gob.mx\/index.php?rest_route=\/wp\/v2\/users\/1"}],"replies":[{"embeddable":true,"href":"https:\/\/agec.campeche.gob.mx\/index.php?rest_route=%2Fwp%2Fv2%2Fcomments&post=2349"}],"version-history":[{"count":2,"href":"https:\/\/agec.campeche.gob.mx\/index.php?rest_route=\/wp\/v2\/pages\/2349\/revisions"}],"predecessor-version":[{"id":2357,"href":"https:\/\/agec.campeche.gob.mx\/index.php?rest_route=\/wp\/v2\/pages\/2349\/revisions\/2357"}],"wp:attachment":[{"href":"https:\/\/agec.campeche.gob.mx\/index.php?rest_route=%2Fwp%2Fv2%2Fmedia&parent=2349"}],"curies":[{"name":"wp","href":"https:\/\/api.w.org\/{rel}","templated":true}]}}