{"id":2362,"date":"2024-01-18T00:05:22","date_gmt":"2024-01-18T06:05:22","guid":{"rendered":"https:\/\/agec.campeche.gob.mx\/?page_id=2362"},"modified":"2024-01-18T00:05:22","modified_gmt":"2024-01-18T06:05:22","slug":"fraccion-xlii","status":"publish","type":"page","link":"https:\/\/agec.campeche.gob.mx\/?page_id=2362","title":{"rendered":"Fraccion XLII"},"content":{"rendered":"<p>[et_pb_section fb_built=&#8221;1&#8243; theme_builder_area=&#8221;post_content&#8221; _builder_version=&#8221;4.23.1&#8243; _module_preset=&#8221;default&#8221;][et_pb_row _builder_version=&#8221;4.23.1&#8243; _module_preset=&#8221;default&#8221; theme_builder_area=&#8221;post_content&#8221;][et_pb_column _builder_version=&#8221;4.23.1&#8243; _module_preset=&#8221;default&#8221; type=&#8221;4_4&#8243; theme_builder_area=&#8221;post_content&#8221;][et_pb_text _builder_version=&#8221;4.23.1&#8243; _module_preset=&#8221;default&#8221; theme_builder_area=&#8221;post_content&#8221; hover_enabled=&#8221;0&#8243; sticky_enabled=&#8221;0&#8243;]<\/p>\n<h1 style=\"text-align: justify;\"><span>XLII. El Listado de Jubilados y Pensionados y el Monto que reciben.<\/span><\/h1>\n<p style=\"text-align: justify;\"><span>Todos los Sujetos Obligados deber\u00e1n publicar la leyenda siguiente: &#8220;El listado de jubilados y pensionados es generado y publicado por el Instituto de Seguridad Social encargado de administrar las cuentas para el Retiro de los Jubilados y Pensionados del Sujeto Obligado.&#8221; Adem\u00e1s, los Sujetos Obligados publicar\u00e1n el hiperv\u00ednculo al sitio de Internet en el que los Institutos de Seguridad Social publiquen los Listados de Jubilados y Pensionados de los primeros, as\u00ed como el monto de la porci\u00f3n de su pensi\u00f3n que reciban directamente del Estado Mexicano<\/span><\/p>\n<p>[\/et_pb_text][et_pb_text _builder_version=&#8221;4.23.1&#8243; _module_preset=&#8221;default&#8221; theme_builder_area=&#8221;post_content&#8221; hover_enabled=&#8221;0&#8243; sticky_enabled=&#8221;0&#8243;]<\/p>\n<table border=\"1\" class=\"table table-hover\" style=\"width: 100%; border-width: 1px; border-color: #b3b3b3;\">\n<thead>\n<tr>\n<th style=\"background-color: #484747; text-align: center;\"><strong><span style=\"color: #ffffff;\">Fracci\u00f3n<\/span><\/strong><\/th>\n<th style=\"background-color: #484747; text-align: center;\"><strong><span style=\"color: #ffffff;\">&nbsp;Aplicabilidad<\/span><\/strong><\/th>\n<th style=\"background-color: #484747; text-align: center;\"><strong><span style=\"color: #ffffff;\">&nbsp;Periodicidad<\/span><\/strong><\/th>\n<\/tr>\n<\/thead>\n<tbody>\n<tr>\n<td><a href=\"https:\/\/agec.campeche.gob.mx\/?page_id=2363\" target=\"_blank\" rel=\"noopener\">a) El Listado de Jubilados y Pensionados<\/a><\/td>\n<td><img decoding=\"async\" src=\"https:\/\/agec.campeche.gob.mx\/wp-content\/uploads\/1485918237_Tick_Mark_Dark.png\" alt=\"1485918237 Tick Mark Dark\" style=\"display: block; margin-right: auto; margin-left: auto;\"><\/td>\n<td style=\"text-align: center;\" valign=\"middle\"><span style=\"text-align: center;\">Trimestral<\/span><\/td>\n<\/tr>\n<tr>\n<td><a href=\"https:\/\/agec.campeche.gob.mx\/?page_id=2364\" target=\"_blank\" rel=\"noopener\">b) Listado de Jubilados(as) y Pensionados(as) y el Monto que reciben<\/a><\/td>\n<td><img decoding=\"async\" src=\"https:\/\/agec.campeche.gob.mx\/wp-content\/uploads\/1485918237_Tick_Mark_Dark.png\" alt=\"1485918237 Tick Mark Dark\" style=\"display: block; margin-right: auto; margin-left: auto;\"><\/td>\n<td style=\"text-align: center;\" valign=\"middle\"><span style=\"text-align: center;\">Trimestral<\/span><\/td>\n<\/tr>\n<\/tbody>\n<\/table>\n<p>[\/et_pb_text][\/et_pb_column][\/et_pb_row][\/et_pb_section]<\/p>\n","protected":false},"excerpt":{"rendered":"<p>XLII. El Listado de Jubilados y Pensionados y el Monto que reciben. Todos los Sujetos Obligados deber\u00e1n publicar la leyenda siguiente: &#8220;El listado de jubilados y pensionados es generado y publicado por el Instituto de Seguridad Social encargado de administrar las cuentas para el Retiro de los Jubilados y Pensionados del Sujeto Obligado.&#8221; Adem\u00e1s, los [&hellip;]<\/p>\n","protected":false},"author":1,"featured_media":0,"parent":0,"menu_order":0,"comment_status":"closed","ping_status":"closed","template":"","meta":{"_acf_changed":false,"_et_pb_use_builder":"on","_et_pb_old_content":"","_et_gb_content_width":"","inline_featured_image":false,"footnotes":""},"class_list":["post-2362","page","type-page","status-publish","hentry"],"acf":[],"_links":{"self":[{"href":"https:\/\/agec.campeche.gob.mx\/index.php?rest_route=\/wp\/v2\/pages\/2362","targetHints":{"allow":["GET"]}}],"collection":[{"href":"https:\/\/agec.campeche.gob.mx\/index.php?rest_route=\/wp\/v2\/pages"}],"about":[{"href":"https:\/\/agec.campeche.gob.mx\/index.php?rest_route=\/wp\/v2\/types\/page"}],"author":[{"embeddable":true,"href":"https:\/\/agec.campeche.gob.mx\/index.php?rest_route=\/wp\/v2\/users\/1"}],"replies":[{"embeddable":true,"href":"https:\/\/agec.campeche.gob.mx\/index.php?rest_route=%2Fwp%2Fv2%2Fcomments&post=2362"}],"version-history":[{"count":2,"href":"https:\/\/agec.campeche.gob.mx\/index.php?rest_route=\/wp\/v2\/pages\/2362\/revisions"}],"predecessor-version":[{"id":2370,"href":"https:\/\/agec.campeche.gob.mx\/index.php?rest_route=\/wp\/v2\/pages\/2362\/revisions\/2370"}],"wp:attachment":[{"href":"https:\/\/agec.campeche.gob.mx\/index.php?rest_route=%2Fwp%2Fv2%2Fmedia&parent=2362"}],"curies":[{"name":"wp","href":"https:\/\/api.w.org\/{rel}","templated":true}]}}