{"id":2364,"date":"2024-01-18T00:04:06","date_gmt":"2024-01-18T06:04:06","guid":{"rendered":"https:\/\/agec.campeche.gob.mx\/?page_id=2364"},"modified":"2024-01-18T00:04:15","modified_gmt":"2024-01-18T06:04:15","slug":"fraccion-xlii-b","status":"publish","type":"page","link":"https:\/\/agec.campeche.gob.mx\/?page_id=2364","title":{"rendered":"Fraccion XLII-B"},"content":{"rendered":"<p>[et_pb_section fb_built=&#8221;1&#8243; theme_builder_area=&#8221;post_content&#8221; _builder_version=&#8221;4.23.1&#8243; _module_preset=&#8221;default&#8221;][et_pb_row _builder_version=&#8221;4.23.1&#8243; _module_preset=&#8221;default&#8221; theme_builder_area=&#8221;post_content&#8221;][et_pb_column _builder_version=&#8221;4.23.1&#8243; _module_preset=&#8221;default&#8221; type=&#8221;4_4&#8243; theme_builder_area=&#8221;post_content&#8221;][et_pb_text _builder_version=&#8221;4.23.1&#8243; _module_preset=&#8221;default&#8221; theme_builder_area=&#8221;post_content&#8221; hover_enabled=&#8221;0&#8243; sticky_enabled=&#8221;0&#8243;]<\/p>\n<h1 style=\"text-align: justify;\"><span>XLII-B. El Listado de Jubilados(as) y Pensionados(as) y el Monto que reciben.<\/span><\/h1>\n<p style=\"text-align: justify;\"><span>Todos los Sujetos Obligados deber\u00e1n publicar la leyenda siguiente: &#8220;El listado de Jubilados y Pensionados es generado y publicado por el Instituto de Seguridad Social encargado de administrar las cuentas para el retiro de los Jubilados y Pensionados del Sujeto Obligado.&#8221; Adem\u00e1s, los Sujetos Obligados publicar\u00e1n el hiperv\u00ednculo al sitio de Internet en el que los Institutos de Seguridad Social publiquen los listados de Jubilados y Pensionados de los primeros, as\u00ed como el monto de la porci\u00f3n de su pensi\u00f3n que reciban directamente del Estado Mexicano.<\/span><\/p>\n<p>[\/et_pb_text][et_pb_tabs _builder_version=&#8221;4.23.1&#8243; _module_preset=&#8221;default&#8221; theme_builder_area=&#8221;post_content&#8221; hover_enabled=&#8221;0&#8243; sticky_enabled=&#8221;0&#8243;][et_pb_tab title=&#8221;2021&#8243; _builder_version=&#8221;4.23.1&#8243; _module_preset=&#8221;default&#8221; theme_builder_area=&#8221;post_content&#8221; hover_enabled=&#8221;0&#8243; sticky_enabled=&#8221;0&#8243;]<span class=\"fa fa-refresh\">Per\u00edodo de Actualizaci\u00f3n:\u00a0<span><strong>Trimestral<\/strong><\/span><\/span><br \/>\n<span class=\"fa fa-calendar\"><span>\u00a0<\/span>Fecha de Actualizaci\u00f3n:<span>\u00a0<\/span><strong>07\/01\/2022<\/strong><\/span><br \/>\n<span class=\"fa fa-calendar\"><span>\u00a0<\/span>Fecha de Validaci\u00f3n:<strong><span>\u00a0<\/span>07\/01\/2022<\/strong><\/span><\/p>\n<p>&nbsp;<a href=\"https:\/\/drive.google.com\/uc?export=download&amp;id=1DLrXmrGR985SS1jdWEQlTs8Zw9tClgRM\" target=\"_blank\" rel=\"noopener noreferrer\"><button type=\"button\" class=\"btn btn-large btn-success\"><em class=\"fa fa-file-excel-o\"> Descargar Excel<\/em><\/button> <\/a> <a href=\"https:\/\/drive.google.com\/open?id=1DLrXmrGR985SS1jdWEQlTs8Zw9tClgRM\" target=\"_blank\" rel=\"noopener noreferrer\"> <button type=\"button\" class=\"btn btn-large btn-danger\"><em class=\"fa fa-eye\"> Ver Online<\/em><\/button> <\/a> <span style=\"padding-left: 20px;\"> <span class=\"fa fa-hand-o-left\"><\/span> Descargue y\/o visualice aqu\u00ed<\/span><\/p>\n<p>[\/et_pb_tab][et_pb_tab title=&#8221;2020&#8243; _builder_version=&#8221;4.23.1&#8243; _module_preset=&#8221;default&#8221; theme_builder_area=&#8221;post_content&#8221; hover_enabled=&#8221;0&#8243; sticky_enabled=&#8221;0&#8243;]<span class=\"fa fa-refresh\"><span>\u00a0<\/span>Per\u00edodo de Actualizaci\u00f3n:\u00a0<span><strong>Trimestral<\/strong><\/span><\/span><br \/>\n<span class=\"fa fa-calendar\"><span>\u00a0<\/span>Fecha de Actualizaci\u00f3n:<span>\u00a0<\/span><strong>11\/01\/2021<\/strong><\/span><br \/>\n<span class=\"fa fa-calendar\"><span>\u00a0<\/span>Fecha de Validaci\u00f3n:<strong><span>\u00a0<\/span>11\/01\/2021<\/strong><\/span><\/p>\n<p>&nbsp;<a href=\"https:\/\/drive.google.com\/uc?export=download&amp;id=1lPUWsDtmK2vnDsW_NdawvnjUoJWQRY70\" target=\"_blank\" rel=\"noopener noreferrer\"><button type=\"button\" class=\"btn btn-large btn-success\"><em class=\"fa fa-file-excel-o\"> Descargar Excel<\/em><\/button> <\/a> <a href=\"https:\/\/drive.google.com\/open?id=1lPUWsDtmK2vnDsW_NdawvnjUoJWQRY70\" target=\"_blank\" rel=\"noopener noreferrer\"> <button type=\"button\" class=\"btn btn-large btn-danger\"><em class=\"fa fa-eye\"> Ver Online<\/em><\/button> <\/a> <span style=\"padding-left: 20px;\"> <span class=\"fa fa-hand-o-left\"><\/span> Descargue y\/o visualice aqu\u00ed<\/span><\/p>\n<p>[\/et_pb_tab][et_pb_tab title=&#8221;2019&#8243; _builder_version=&#8221;4.23.1&#8243; _module_preset=&#8221;default&#8221; theme_builder_area=&#8221;post_content&#8221; hover_enabled=&#8221;0&#8243; sticky_enabled=&#8221;0&#8243;]<span class=\"fa fa-refresh\"><span>\u00a0<\/span>Per\u00edodo de Actualizaci\u00f3n:\u00a0<span><strong>Trimestral<\/strong><\/span><\/span><br \/>\n<span class=\"fa fa-calendar\"><span>\u00a0<\/span>Fecha de Actualizaci\u00f3n:<span>\u00a0<\/span><strong>10\/01\/2020<\/strong><\/span><br \/>\n<span class=\"fa fa-calendar\"><span>\u00a0<\/span>Fecha de Validaci\u00f3n:<strong><span>\u00a0<\/span>10\/01\/2020<\/strong><\/span><\/p>\n<p>&nbsp;<a href=\"https:\/\/drive.google.com\/uc?export=download&amp;id=1rWihf2sVL5cUXvu2g_5hFptEvy343plj\" target=\"_blank\" rel=\"noopener noreferrer\"><button type=\"button\" class=\"btn btn-large btn-success\"><em class=\"fa fa-file-excel-o\"> Descargar Excel<\/em><\/button> <\/a> <a href=\"https:\/\/drive.google.com\/open?id=1rWihf2sVL5cUXvu2g_5hFptEvy343plj\" target=\"_blank\" rel=\"noopener noreferrer\"> <button type=\"button\" class=\"btn btn-large btn-danger\"><em class=\"fa fa-eye\"> Ver Online<\/em><\/button> <\/a> <span style=\"padding-left: 20px;\"> <span class=\"fa fa-hand-o-left\"><\/span> Descargue y\/o visualice aqu\u00ed<\/span><\/p>\n<p>[\/et_pb_tab][et_pb_tab title=&#8221;2018&#8243; _builder_version=&#8221;4.23.1&#8243; _module_preset=&#8221;default&#8221; theme_builder_area=&#8221;post_content&#8221; hover_enabled=&#8221;0&#8243; sticky_enabled=&#8221;0&#8243;]<span class=\"fa fa-refresh\"><span>\u00a0<\/span>Per\u00edodo de Actualizaci\u00f3n:\u00a0<span><strong>Trimestral<\/strong><\/span><\/span><br \/>\n<span class=\"fa fa-calendar\"><span>\u00a0<\/span>Fecha de Actualizaci\u00f3n:<span>\u00a0<\/span><span><strong>08\/01\/2019<\/strong><\/span><\/span><br \/>\n<span class=\"fa fa-calendar\"><span>\u00a0<\/span>Fecha de Validaci\u00f3n:<strong><span>\u00a0<\/span><span>08\/01\/2019<\/span><\/strong><\/span><\/p>\n<p>&nbsp;<a href=\"https:\/\/drive.google.com\/uc?export=download&amp;id=1NxSqqG_Zmhj0tiIPFaULQ0s8c1_vwvIK\" target=\"_blank\" rel=\"noopener noreferrer\"><button type=\"button\" class=\"btn btn-large btn-success\"><em class=\"fa fa-file-excel-o\"> Descargar Excel<\/em><\/button> <\/a> <a href=\"https:\/\/drive.google.com\/open?id=1NxSqqG_Zmhj0tiIPFaULQ0s8c1_vwvIK\" target=\"_blank\" rel=\"noopener noreferrer\"> <button type=\"button\" class=\"btn btn-large btn-danger\"><em class=\"fa fa-eye\"> Ver Online<\/em><\/button> <\/a> <span style=\"padding-left: 20px;\"> <span class=\"fa fa-hand-o-left\"><\/span> Descargue y\/o visualice aqu\u00ed<\/span><\/p>\n<p>[\/et_pb_tab][et_pb_tab title=&#8221;2017&#8243; _builder_version=&#8221;4.23.1&#8243; _module_preset=&#8221;default&#8221; theme_builder_area=&#8221;post_content&#8221; hover_enabled=&#8221;0&#8243; sticky_enabled=&#8221;0&#8243;]<span class=\"fa fa-refresh\"><span>\u00a0<\/span>Per\u00edodo de Actualizaci\u00f3n:\u00a0<span><strong>Trimestral<\/strong><\/span><\/span><br \/>\n<span class=\"fa fa-calendar\"><span>\u00a0<\/span>Fecha de Actualizaci\u00f3n:<span>\u00a0<\/span><span><strong>12\/01\/2018<\/strong><\/span><\/span><br \/>\n<span class=\"fa fa-calendar\"><span>\u00a0<\/span>Fecha de Validaci\u00f3n:<strong><span>\u00a0<\/span><span>12\/01\/2018<\/span><\/strong><\/span><\/p>\n<p>&nbsp;<a href=\"https:\/\/drive.google.com\/uc?export=download&amp;id=12buD7m8VFrIaKPSMIqDL6381-Fqz19U1\" target=\"_blank\" rel=\"noopener noreferrer\"><button type=\"button\" class=\"btn btn-large btn-success\"><em class=\"fa fa-file-excel-o\"> Descargar Excel<\/em><\/button> <\/a> <a href=\"https:\/\/drive.google.com\/open?id=12buD7m8VFrIaKPSMIqDL6381-Fqz19U1\" target=\"_blank\" rel=\"noopener noreferrer\"> <button type=\"button\" class=\"btn btn-large btn-danger\"><em class=\"fa fa-eye\"> Ver Online<\/em><\/button> <\/a> <span style=\"padding-left: 20px;\"> <span class=\"fa fa-hand-o-left\"><\/span> Descargue y\/o visualice aqu\u00ed<\/span><\/p>\n<p>[\/et_pb_tab][\/et_pb_tabs][et_pb_text _builder_version=&#8221;4.23.1&#8243; _module_preset=&#8221;default&#8221; theme_builder_area=&#8221;post_content&#8221; hover_enabled=&#8221;0&#8243; sticky_enabled=&#8221;0&#8243;]<\/p>\n<h2 style=\"text-align: center;\"><span>NO APLICA<\/span><\/h2>\n<p style=\"text-align: justify;\"><strong><span>No es generada por la Secretar\u00eda General de Gobierno ni sus Organismos Desconcentrados \u00a0que la conforman (IET, CESP, COESPO, AGEC, SIPINNA); \u00a0la facultad de publicar \u00a0la presente le corresponde conforme a su Normatividad \u00a0al Instituto de Seguridad y Servicios Sociales de los Trabajadores del Estado de Campeche con fundamento en los Art\u00edculos \u00a04 Fracci\u00f3n III, 6 Fracci\u00f3n II, 24 Fracci\u00f3n V, 26 Fracci\u00f3n IV, 58, 59, 60 \u00a0y 61 \u00a0de la Ley del ISSSTECAM.<\/span><\/strong><\/p>\n<p>[\/et_pb_text][\/et_pb_column][\/et_pb_row][\/et_pb_section]<\/p>\n","protected":false},"excerpt":{"rendered":"<p>XLII-B. El Listado de Jubilados(as) y Pensionados(as) y el Monto que reciben. Todos los Sujetos Obligados deber\u00e1n publicar la leyenda siguiente: &#8220;El listado de Jubilados y Pensionados es generado y publicado por el Instituto de Seguridad Social encargado de administrar las cuentas para el retiro de los Jubilados y Pensionados del Sujeto Obligado.&#8221; Adem\u00e1s, los [&hellip;]<\/p>\n","protected":false},"author":1,"featured_media":0,"parent":0,"menu_order":0,"comment_status":"closed","ping_status":"closed","template":"","meta":{"_acf_changed":false,"_et_pb_use_builder":"on","_et_pb_old_content":"","_et_gb_content_width":"","inline_featured_image":false,"footnotes":""},"class_list":["post-2364","page","type-page","status-publish","hentry"],"acf":[],"_links":{"self":[{"href":"https:\/\/agec.campeche.gob.mx\/index.php?rest_route=\/wp\/v2\/pages\/2364","targetHints":{"allow":["GET"]}}],"collection":[{"href":"https:\/\/agec.campeche.gob.mx\/index.php?rest_route=\/wp\/v2\/pages"}],"about":[{"href":"https:\/\/agec.campeche.gob.mx\/index.php?rest_route=\/wp\/v2\/types\/page"}],"author":[{"embeddable":true,"href":"https:\/\/agec.campeche.gob.mx\/index.php?rest_route=\/wp\/v2\/users\/1"}],"replies":[{"embeddable":true,"href":"https:\/\/agec.campeche.gob.mx\/index.php?rest_route=%2Fwp%2Fv2%2Fcomments&post=2364"}],"version-history":[{"count":2,"href":"https:\/\/agec.campeche.gob.mx\/index.php?rest_route=\/wp\/v2\/pages\/2364\/revisions"}],"predecessor-version":[{"id":2369,"href":"https:\/\/agec.campeche.gob.mx\/index.php?rest_route=\/wp\/v2\/pages\/2364\/revisions\/2369"}],"wp:attachment":[{"href":"https:\/\/agec.campeche.gob.mx\/index.php?rest_route=%2Fwp%2Fv2%2Fmedia&parent=2364"}],"curies":[{"name":"wp","href":"https:\/\/api.w.org\/{rel}","templated":true}]}}