{"id":2372,"date":"2024-01-19T10:58:15","date_gmt":"2024-01-19T16:58:15","guid":{"rendered":"https:\/\/agec.campeche.gob.mx\/?page_id=2372"},"modified":"2024-01-19T10:58:15","modified_gmt":"2024-01-19T16:58:15","slug":"fraccion-xliii","status":"publish","type":"page","link":"https:\/\/agec.campeche.gob.mx\/?page_id=2372","title":{"rendered":"Fraccion XLIII"},"content":{"rendered":"\n[et_pb_section fb_built=&#8221;1&#8243; theme_builder_area=&#8221;post_content&#8221; _builder_version=&#8221;4.23.1&#8243; _module_preset=&#8221;default&#8221;][et_pb_row _builder_version=&#8221;4.23.1&#8243; _module_preset=&#8221;default&#8221; theme_builder_area=&#8221;post_content&#8221;][et_pb_column _builder_version=&#8221;4.23.1&#8243; _module_preset=&#8221;default&#8221; type=&#8221;4_4&#8243; theme_builder_area=&#8221;post_content&#8221;][et_pb_text _builder_version=&#8221;4.23.1&#8243; _module_preset=&#8221;default&#8221; theme_builder_area=&#8221;post_content&#8221; hover_enabled=&#8221;0&#8243; sticky_enabled=&#8221;0&#8243;]<h2 style=\"text-align: justify;\"><span>XLIII. Los Ingresos recibidos por cualquier concepto se\u00f1alando el nombre de los responsables de recibirlos, administrarlos y ejercerlos, as\u00ed como su destino, indicando el destino de cada uno de ellos.<\/span><\/h2>\n<p style=\"text-align: justify;\"><span>Los Sujetos Obligados publicar\u00e1n informaci\u00f3n sobre los recursos recibidos por cualquier concepto, de conformidad con la respectiva Ley de Ingresos, incluidos, los obtenidos por Impuestos, Cuotas y Aportaciones de Seguridad Social, Contribuciones de Mejoras, Derechos, Productos, Aprovechamientos, Ventas de Bienes y Servicios, Participaciones y Aportaciones, Transferencias, Asignaciones, Subsidios, Ayudas e Ingresos derivados de Financiamientos, as\u00ed como los Ingresos recaudados con base en las disposiciones locales aplicables en la materia.<\/span><\/p>[\/et_pb_text][et_pb_tabs _builder_version=&#8221;4.23.1&#8243; _module_preset=&#8221;default&#8221; theme_builder_area=&#8221;post_content&#8221; hover_enabled=&#8221;0&#8243; sticky_enabled=&#8221;0&#8243;][et_pb_tab title=&#8221;2018&#8243; _builder_version=&#8221;4.23.1&#8243; _module_preset=&#8221;default&#8221; theme_builder_area=&#8221;post_content&#8221; hover_enabled=&#8221;0&#8243; sticky_enabled=&#8221;0&#8243;]<h2 style=\"text-align: center;\"><span>NO APLICA<\/span><\/h2>\n<p><strong><span>Este tipo de informaci\u00f3n no es generada por la Secretar\u00eda General de Gobierno (SGG) ni sus Organismos Desconcentrados: Consejo Estatal de Poblaci\u00f3n (COESPO), Consejo Estatal de Seguridad P\u00fablica (CESP), Secretariado Ejecutivo del Sistema Integral de Protecci\u00f3n de Ni\u00f1as, Ni\u00f1os y Adolescentes (SIPINNA), Archivo General del Estado de Campeche (AGEC), Instituto Estatal de Transporte (IET),\u00a0<\/span><\/strong><strong><span>por no tener facultades, competencias y atribuciones otorgadas en el Art\u00edculo 21 de la Ley Org\u00e1nica de la Administraci\u00f3n P\u00fablica del Estado de Campeche ni el en el Reglamento Interior de la Secretar\u00eda General de Gobierno de la Administraci\u00f3n P\u00fablica del Estado de Campeche; as\u00ed como en los siguientes Ordenamientos Legales: Acuerdo de Creaci\u00f3n y Reglamento Interior de COESPO, Reglamento Interior del CESP, Ley de los Derechos de Ni\u00f1as, Ni\u00f1os y Adolescentes del Estado de Campeche (SIPINNA), Ley de Archivos del Estado de Campeche (AGEC), Reglamento Interior y Ley de Transporte del Estado de Campeche (IET), respectivamente.<\/span><\/strong><\/p>[\/et_pb_tab][et_pb_tab title=&#8221;2017&#8243; _builder_version=&#8221;4.23.1&#8243; _module_preset=&#8221;default&#8221; theme_builder_area=&#8221;post_content&#8221; hover_enabled=&#8221;0&#8243; sticky_enabled=&#8221;0&#8243;]<table border=\"1\" class=\"table table-hover\" style=\"width: 100%; border-width: 1px; border-color: #b3b3b3;\">\n    <thead>\n    <tr><th style=\"background-color: #484747; text-align: center;\"><strong><span style=\"color: #ffffff;\">Fracci\u00f3n<\/span><\/strong><\/th><th style=\"background-color: #484747; text-align: center;\"><strong><span style=\"color: #ffffff;\">&nbsp;Aplicabilidad<\/span><\/strong><\/th><th style=\"background-color: #484747; text-align: center;\"><strong><span style=\"color: #ffffff;\">&nbsp;Periodicidad<\/span><\/strong><\/th><\/tr>\n    <\/thead>\n    <tbody>\n    <tr>\n    <td><a href=\"https:\/\/agec.campeche.gob.mx\/?page_id=2373\" target=\"_blank\" rel=\"noopener\">a)&nbsp;Ingresos recibidos<\/a><\/td>\n    <td><img decoding=\"async\" src=\"https:\/\/agec.campeche.gob.mx\/wp-content\/uploads\/1485918237_Tick_Mark_Dark.png\" alt=\"1485918237 Tick Mark Dark\" style=\"display: block; margin-right: auto; margin-left: auto;\"><\/td>\n    <td style=\"text-align: center;\" valign=\"middle\">Semestral<\/td>\n    <\/tr>\n    <tr>\n    <td><a href=\"https:\/\/agec.campeche.gob.mx\/?page_id=2376\" target=\"_blank\" rel=\"noopener\">b)&nbsp;Responsables de recibir, administrar y ejercer los Ingresos<\/a><\/td>\n    <td><img decoding=\"async\" src=\"https:\/\/agec.campeche.gob.mx\/wp-content\/uploads\/1485918237_Tick_Mark_Dark.png\" alt=\"1485918237 Tick Mark Dark\" style=\"display: block; margin-right: auto; margin-left: auto;\"><\/td>\n    <td style=\"text-align: center;\" valign=\"middle\">Semestral<\/td>\n    <\/tr>\n    <\/tbody>\n    <\/table>[\/et_pb_tab][\/et_pb_tabs][\/et_pb_column][\/et_pb_row][\/et_pb_section]\n","protected":false},"excerpt":{"rendered":"<p>XLIII. Los Ingresos recibidos por cualquier concepto se\u00f1alando el nombre de los responsables de recibirlos, administrarlos y ejercerlos, as\u00ed como su destino, indicando el destino de cada uno de ellos. Los Sujetos Obligados publicar\u00e1n informaci\u00f3n sobre los recursos recibidos por cualquier concepto, de conformidad con la respectiva Ley de Ingresos, incluidos, los obtenidos por Impuestos, [&hellip;]<\/p>\n","protected":false},"author":1,"featured_media":0,"parent":0,"menu_order":0,"comment_status":"closed","ping_status":"closed","template":"","meta":{"_acf_changed":false,"_et_pb_use_builder":"on","_et_pb_old_content":"","_et_gb_content_width":"","inline_featured_image":false,"footnotes":""},"class_list":["post-2372","page","type-page","status-publish","hentry"],"acf":[],"_links":{"self":[{"href":"https:\/\/agec.campeche.gob.mx\/index.php?rest_route=\/wp\/v2\/pages\/2372","targetHints":{"allow":["GET"]}}],"collection":[{"href":"https:\/\/agec.campeche.gob.mx\/index.php?rest_route=\/wp\/v2\/pages"}],"about":[{"href":"https:\/\/agec.campeche.gob.mx\/index.php?rest_route=\/wp\/v2\/types\/page"}],"author":[{"embeddable":true,"href":"https:\/\/agec.campeche.gob.mx\/index.php?rest_route=\/wp\/v2\/users\/1"}],"replies":[{"embeddable":true,"href":"https:\/\/agec.campeche.gob.mx\/index.php?rest_route=%2Fwp%2Fv2%2Fcomments&post=2372"}],"version-history":[{"count":3,"href":"https:\/\/agec.campeche.gob.mx\/index.php?rest_route=\/wp\/v2\/pages\/2372\/revisions"}],"predecessor-version":[{"id":2621,"href":"https:\/\/agec.campeche.gob.mx\/index.php?rest_route=\/wp\/v2\/pages\/2372\/revisions\/2621"}],"wp:attachment":[{"href":"https:\/\/agec.campeche.gob.mx\/index.php?rest_route=%2Fwp%2Fv2%2Fmedia&parent=2372"}],"curies":[{"name":"wp","href":"https:\/\/api.w.org\/{rel}","templated":true}]}}