{"id":2524,"date":"2024-01-18T08:39:41","date_gmt":"2024-01-18T14:39:41","guid":{"rendered":"https:\/\/agec.campeche.gob.mx\/?page_id=2524"},"modified":"2024-01-18T08:39:41","modified_gmt":"2024-01-18T14:39:41","slug":"ultimo-parrafo","status":"publish","type":"page","link":"https:\/\/agec.campeche.gob.mx\/?page_id=2524","title":{"rendered":"\u00daltimo P\u00e1rrafo"},"content":{"rendered":"<p>[et_pb_section fb_built=&#8221;1&#8243; theme_builder_area=&#8221;post_content&#8221; _builder_version=&#8221;4.23.1&#8243; _module_preset=&#8221;default&#8221;][et_pb_row _builder_version=&#8221;4.23.1&#8243; _module_preset=&#8221;default&#8221; theme_builder_area=&#8221;post_content&#8221;][et_pb_column _builder_version=&#8221;4.23.1&#8243; _module_preset=&#8221;default&#8221; type=&#8221;4_4&#8243; theme_builder_area=&#8221;post_content&#8221;][et_pb_text _builder_version=&#8221;4.23.1&#8243; _module_preset=&#8221;default&#8221; theme_builder_area=&#8221;post_content&#8221; hover_enabled=&#8221;0&#8243; sticky_enabled=&#8221;0&#8243;]<\/p>\n<h1 style=\"text-align: justify;\"><span>\u00daltimo P\u00e1rrafo del Art\u00edculo 70<\/span><\/h1>\n<p style=\"text-align: justify;\"><span>Los Sujetos Obligados deber\u00e1n informar a los Organismos Garantes y verificar que se publiquen en la Plataforma Nacional, cu\u00e1les son los rubros que son aplicables a sus p\u00e1ginas de Internet, con el objeto de que \u00e9stos verifiquen y aprueben, de forma fundada y motivada, la relaci\u00f3n de fracciones aplicables a cada Sujeto Obligado.<\/span><\/p>\n<p><span>En cumplimiento de este \u00faltimo p\u00e1rrafo del Art\u00edculo 70, y con base en lo se\u00f1alado en las Pol\u00edticas Generales de estos Lineamientos T\u00e9cnicos Generales, numeral XIII, en la Tabla de Aplicabilidad de las Obligaciones de Transparencia Comunes gen\u00e9rica incluida en estos Lineamientos, las 48 fracciones del Art\u00edculo 70 se refieren a informaci\u00f3n que todos los sujetos obligados generan, obtienen, adquieren, transforman o poseen ellos.<\/span><\/p>\n<p>[\/et_pb_text][et_pb_tabs _builder_version=&#8221;4.23.1&#8243; _module_preset=&#8221;default&#8221; theme_builder_area=&#8221;post_content&#8221; hover_enabled=&#8221;0&#8243; sticky_enabled=&#8221;0&#8243;][et_pb_tab title=&#8221;2021&#8243; _builder_version=&#8221;4.23.1&#8243; _module_preset=&#8221;default&#8221; theme_builder_area=&#8221;post_content&#8221; hover_enabled=&#8221;0&#8243; sticky_enabled=&#8221;0&#8243;]<span class=\"fa fa-refresh\">Per\u00edodo de Actualizaci\u00f3n:<strong>\u00a0Anual<\/strong><\/span><br \/>\n<span class=\"fa fa-calendar\">Conservar en el sitio de Internet:\u00a0<strong>Informaci\u00f3n Vigente y la generada en el Ejercicio en curso<\/strong><\/span><br \/>\n<span class=\"fa fa-pencil-square-o\">Aplica a:\u00a0<\/span><span><strong>Todos los Sujetos Obligados\u00a0<\/strong><\/span><\/p>\n<p>&nbsp;<a href=\"https:\/\/drive.google.com\/uc?export=download&amp;id=1eBg8XYZmuvsPRf2tr27QIY1HVRL2PIRd\" target=\"_blank\" rel=\"noopener noreferrer\"><button type=\"button\" class=\"btn btn-large btn-success\"><em class=\"fa fa-file-excel-o\"> Descargar Excel<\/em><\/button> <\/a> <a href=\"https:\/\/drive.google.com\/open?id=1eBg8XYZmuvsPRf2tr27QIY1HVRL2PIRd\" target=\"_blank\" rel=\"noopener noreferrer\"> <button type=\"button\" class=\"btn btn-large btn-danger\"><em class=\"fa fa-eye\"> Ver Online<\/em><\/button> <\/a> <span style=\"padding-left: 20px;\"> <span class=\"fa fa-hand-o-left\"><\/span> Descargue y\/o visualice aqu\u00ed<\/span><\/p>\n<p>[\/et_pb_tab][et_pb_tab title=&#8221;2020&#8243; _builder_version=&#8221;4.23.1&#8243; _module_preset=&#8221;default&#8221; theme_builder_area=&#8221;post_content&#8221; hover_enabled=&#8221;0&#8243; sticky_enabled=&#8221;0&#8243;]<span class=\"fa fa-refresh\">Per\u00edodo de Actualizaci\u00f3n:<strong>\u00a0Anual<\/strong><\/span><br \/>\n<span class=\"fa fa-calendar\">Conservar en el sitio de Internet:\u00a0<strong>Informaci\u00f3n Vigente y la generada en el Ejercicio en curso<\/strong><\/span><br \/>\n<span class=\"fa fa-pencil-square-o\">Aplica a:\u00a0<\/span><span><strong>Todos los Sujetos Obligados\u00a0<\/strong><\/span><\/p>\n<p>&nbsp;<a href=\"https:\/\/drive.google.com\/uc?export=download&amp;id=\/14-DPhbHfjESOO-7-lyiUFnBL8lLpEDbi\" target=\"_blank\" rel=\"noopener noreferrer\"><button type=\"button\" class=\"btn btn-large btn-success\"><em class=\"fa fa-file-excel-o\"> Descargar Excel<\/em><\/button> <\/a> <a href=\"https:\/\/drive.google.com\/open?id=14-DPhbHfjESOO-7-lyiUFnBL8lLpEDbi\" target=\"_blank\" rel=\"noopener noreferrer\"> <button type=\"button\" class=\"btn btn-large btn-danger\"><em class=\"fa fa-eye\"> Ver Online<\/em><\/button> <\/a> <span style=\"padding-left: 20px;\"> <span class=\"fa fa-hand-o-left\"><\/span> Descargue y\/o visualice aqu\u00ed<\/span><\/p>\n<p>[\/et_pb_tab][et_pb_tab title=&#8221;2019&#8243; _builder_version=&#8221;4.23.1&#8243; _module_preset=&#8221;default&#8221; theme_builder_area=&#8221;post_content&#8221; hover_enabled=&#8221;0&#8243; sticky_enabled=&#8221;0&#8243;]<span class=\"fa fa-refresh\">Per\u00edodo de Actualizaci\u00f3n:<strong>\u00a0Anual<\/strong><\/span><br \/>\n<span class=\"fa fa-calendar\">Conservar en el sitio de Internet:\u00a0<strong>Informaci\u00f3n Vigente y la generada en el Ejercicio en curso<\/strong><\/span><br \/>\n<span class=\"fa fa-pencil-square-o\">Aplica a:\u00a0<\/span><span><strong>Todos los Sujetos Obligados\u00a0<\/strong><\/span><\/p>\n<p>&nbsp;<a href=\"https:\/\/drive.google.com\/uc?export=download&amp;id=1KUVE8vng7SGxy2tF8VoxkZAkSPv3nBnh\" target=\"_blank\" rel=\"noopener noreferrer\"><button type=\"button\" class=\"btn btn-large btn-success\"><em class=\"fa fa-file-excel-o\"> Descargar Excel<\/em><\/button> <\/a> <a href=\"https:\/\/drive.google.com\/open?id=1KUVE8vng7SGxy2tF8VoxkZAkSPv3nBnh\" target=\"_blank\" rel=\"noopener noreferrer\"> <button type=\"button\" class=\"btn btn-large btn-danger\"><em class=\"fa fa-eye\"> Ver Online<\/em><\/button> <\/a> <span style=\"padding-left: 20px;\"> <span class=\"fa fa-hand-o-left\"><\/span> Descargue y\/o visualice aqu\u00ed<\/span><\/p>\n<p>[\/et_pb_tab][et_pb_tab title=&#8221;2018&#8243; _builder_version=&#8221;4.23.1&#8243; _module_preset=&#8221;default&#8221; theme_builder_area=&#8221;post_content&#8221; hover_enabled=&#8221;0&#8243; sticky_enabled=&#8221;0&#8243;]<span class=\"fa fa-refresh\">Per\u00edodo de Actualizaci\u00f3n:<strong>\u00a0Anual<\/strong><\/span><br \/>\n<span class=\"fa fa-calendar\">Conservar en el sitio de Internet:\u00a0<strong>Informaci\u00f3n Vigente y la generada en el Ejercicio en curso<\/strong><\/span><br \/>\n<span class=\"fa fa-pencil-square-o\">Aplica a:\u00a0<\/span><span><strong>Todos los Sujetos Obligados\u00a0<\/strong><\/span><\/p>\n<p>&nbsp;<a href=\"https:\/\/drive.google.com\/uc?export=download&amp;id=1gw1TUQLZoWkYwl0kHO0rZeeXJ0VMhbWa\" target=\"_blank\" rel=\"noopener noreferrer\"><button type=\"button\" class=\"btn btn-large btn-success\"><em class=\"fa fa-file-excel-o\"> Descargar Excel<\/em><\/button> <\/a> <a href=\"https:\/\/drive.google.com\/open?id=1gw1TUQLZoWkYwl0kHO0rZeeXJ0VMhbWa\" target=\"_blank\" rel=\"noopener noreferrer\"> <button type=\"button\" class=\"btn btn-large btn-danger\"><em class=\"fa fa-eye\"> Ver Online<\/em><\/button> <\/a> <span style=\"padding-left: 20px;\"> <span class=\"fa fa-hand-o-left\"><\/span> Descargue y\/o visualice aqu\u00ed<\/span><\/p>\n<p>[\/et_pb_tab][et_pb_tab title=&#8221;2017&#8243; _builder_version=&#8221;4.23.1&#8243; _module_preset=&#8221;default&#8221; theme_builder_area=&#8221;post_content&#8221; hover_enabled=&#8221;0&#8243; sticky_enabled=&#8221;0&#8243;]<span class=\"fa fa-refresh\">Per\u00edodo de Actualizaci\u00f3n:<strong>\u00a0Anual<\/strong><\/span><br \/>\n<span class=\"fa fa-calendar\">Conservar en el sitio de Internet:\u00a0<strong>Informaci\u00f3n Vigente y la generada en el Ejercicio en curso<\/strong><\/span><br \/>\n<span class=\"fa fa-pencil-square-o\">Aplica a:\u00a0<\/span><span><strong>Todos los Sujetos Obligados\u00a0<\/strong><\/span><\/p>\n<p>&nbsp;<a href=\"https:\/\/drive.google.com\/uc?export=download&amp;id=1zBNK0eeFgQRxmT9wt4uFVEOgAKXPg5nv\" target=\"_blank\" rel=\"noopener noreferrer\"><button type=\"button\" class=\"btn btn-large btn-success\"><em class=\"fa fa-file-excel-o\"> Descargar Excel<\/em><\/button> <\/a> <a href=\"https:\/\/drive.google.com\/open?id=1zBNK0eeFgQRxmT9wt4uFVEOgAKXPg5nv\" target=\"_blank\" rel=\"noopener noreferrer\"> <button type=\"button\" class=\"btn btn-large btn-danger\"><em class=\"fa fa-eye\"> Ver Online<\/em><\/button> <\/a> <span style=\"padding-left: 20px;\"> <span class=\"fa fa-hand-o-left\"><\/span> Descargue y\/o visualice aqu\u00ed<\/span><\/p>\n<p>[\/et_pb_tab][\/et_pb_tabs][\/et_pb_column][\/et_pb_row][\/et_pb_section]<\/p>\n","protected":false},"excerpt":{"rendered":"<p>\u00daltimo P\u00e1rrafo del Art\u00edculo 70 Los Sujetos Obligados deber\u00e1n informar a los Organismos Garantes y verificar que se publiquen en la Plataforma Nacional, cu\u00e1les son los rubros que son aplicables a sus p\u00e1ginas de Internet, con el objeto de que \u00e9stos verifiquen y aprueben, de forma fundada y motivada, la relaci\u00f3n de fracciones aplicables a [&hellip;]<\/p>\n","protected":false},"author":1,"featured_media":0,"parent":0,"menu_order":0,"comment_status":"closed","ping_status":"closed","template":"","meta":{"_acf_changed":false,"_et_pb_use_builder":"on","_et_pb_old_content":"","_et_gb_content_width":"","inline_featured_image":false,"footnotes":""},"class_list":["post-2524","page","type-page","status-publish","hentry"],"acf":[],"_links":{"self":[{"href":"https:\/\/agec.campeche.gob.mx\/index.php?rest_route=\/wp\/v2\/pages\/2524","targetHints":{"allow":["GET"]}}],"collection":[{"href":"https:\/\/agec.campeche.gob.mx\/index.php?rest_route=\/wp\/v2\/pages"}],"about":[{"href":"https:\/\/agec.campeche.gob.mx\/index.php?rest_route=\/wp\/v2\/types\/page"}],"author":[{"embeddable":true,"href":"https:\/\/agec.campeche.gob.mx\/index.php?rest_route=\/wp\/v2\/users\/1"}],"replies":[{"embeddable":true,"href":"https:\/\/agec.campeche.gob.mx\/index.php?rest_route=%2Fwp%2Fv2%2Fcomments&post=2524"}],"version-history":[{"count":2,"href":"https:\/\/agec.campeche.gob.mx\/index.php?rest_route=\/wp\/v2\/pages\/2524\/revisions"}],"predecessor-version":[{"id":2527,"href":"https:\/\/agec.campeche.gob.mx\/index.php?rest_route=\/wp\/v2\/pages\/2524\/revisions\/2527"}],"wp:attachment":[{"href":"https:\/\/agec.campeche.gob.mx\/index.php?rest_route=%2Fwp%2Fv2%2Fmedia&parent=2524"}],"curies":[{"name":"wp","href":"https:\/\/api.w.org\/{rel}","templated":true}]}}