{"id":2529,"date":"2024-01-18T10:04:15","date_gmt":"2024-01-18T16:04:15","guid":{"rendered":"https:\/\/agec.campeche.gob.mx\/?page_id=2529"},"modified":"2024-03-01T13:24:50","modified_gmt":"2024-03-01T19:24:50","slug":"transparencia-de-la-contabilidad-gubernamental","status":"publish","type":"page","link":"https:\/\/agec.campeche.gob.mx\/?page_id=2529","title":{"rendered":"Transparencia de la Contabilidad Gubernamental"},"content":{"rendered":"<p>[et_pb_section fb_built=&#8221;1&#8243; _builder_version=&#8221;4.23.1&#8243; _module_preset=&#8221;default&#8221; global_colors_info=&#8221;{}&#8221;][et_pb_row _builder_version=&#8221;4.23.1&#8243; _module_preset=&#8221;default&#8221; global_colors_info=&#8221;{}&#8221;][et_pb_column type=&#8221;4_4&#8243; _builder_version=&#8221;4.23.1&#8243; _module_preset=&#8221;default&#8221; global_colors_info=&#8221;{}&#8221;][et_pb_image src=&#8221;https:\/\/agec.campeche.gob.mx\/wp-content\/uploads\/Contabilidad_.jpeg&#8221; title_text=&#8221;Contabilidad_&#8221; align=&#8221;center&#8221; _builder_version=&#8221;4.23.1&#8243; _module_preset=&#8221;default&#8221; global_colors_info=&#8221;{}&#8221; disabled_on=&#8221;on|on|on&#8221; disabled=&#8221;on&#8221;][\/et_pb_image][et_pb_text _builder_version=&#8221;4.23.1&#8243; _module_preset=&#8221;default&#8221; hover_enabled=&#8221;0&#8243; global_colors_info=&#8221;{}&#8221; sticky_enabled=&#8221;0&#8243;]<\/p>\n<h1 style=\"text-align: justify;\"><span><strong>PROGRAMA ANUAL DE EVALUACI\u00d3N (PAE)<\/strong><\/span><\/h1>\n<p style=\"text-align: justify;\"><span><\/span><span><a href=\"https:\/\/agec.campeche.gob.mx\/wp-content\/uploads\/Norma-para-establecer-el-formato-de-difusion.pdf\" target=\"_blank\" rel=\"noopener\">Norma para establecer el Formato para la Difusi\u00f3n de los Resultados de las Evaluaciones de los Recursos Federales Ministrados a las Entidades Federativas<\/a><\/span><\/p>\n<p>[\/et_pb_text][et_pb_tabs _builder_version=&#8221;4.23.1&#8243; _module_preset=&#8221;default&#8221; global_colors_info=&#8221;{}&#8221;][et_pb_tab title=&#8221;2021&#8243; _builder_version=&#8221;4.23.1&#8243; _module_preset=&#8221;default&#8221; global_colors_info=&#8221;{}&#8221;]<\/p>\n<div id=\"21\" class=\"tab-pane active\">\n<p><a href=\"https:\/\/agec.campeche.gob.mx\/wp-content\/uploads\/Evaluacin_Consistencia_Resultados-AGEC-2019.pdf\" target=\"_blank\" class=\"jcepopup noicon\" rel=\"noopener noreferrer\">Informe de Evaluaci\u00f3n de Consistencia y Resultados 2019\u00a0 \u00a0Programa 009 Conservaci\u00f3n del Patrimonio Documental del Estado de Campeche<\/a><\/p>\n<p><a href=\"https:\/\/agec.campeche.gob.mx\/wp-content\/uploads\/ANEXO-1-FORMATO-PARA-DIFUSION-DE-RESULTADO-DE-EVALUACIONES-2020.pdf\" target=\"_blank\" class=\"jcepopup noicon\" rel=\"noopener noreferrer\">Anexo 1.- Formato para la Difusi\u00f3n de los Resultados de las Evaluaciones de los Programas y Fondos de Aportaciones Federales, as\u00ed como de los Programas Presupuestarios y otros Programas Ejercidos por la Administraci\u00f3n P\u00fablica del Estado de Campeche.<\/a><\/p>\n<p><span><strong>Norma\u00a0para\u00a0establecer\u00a0la\u00a0Estructura\u00a0de\u00a0Informaci\u00f3n\u00a0de\u00a0Montos\u00a0Pagados\u00a0por\u00a0Ayudas y\u00a0Subsidios.<\/strong><\/span><\/p>\n<p><a href=\"https:\/\/agec.campeche.gob.mx\/wp-content\/uploads\/Formato_Ayudas_y_Subsidios__1er._Trim_2020.pdf\" target=\"_blank\" class=\"jcepopup noicon\" rel=\"noopener noreferrer\">Primer Trimestre<\/a><\/p>\n<p><a href=\"https:\/\/agec.campeche.gob.mx\/wp-content\/uploads\/Formato_Ayudas_y_Subsidios_2do._Trim_2020.pdf\" target=\"_blank\" class=\"jcepopup noicon\" rel=\"noopener noreferrer\">Segundo Trimestre<\/a><\/p>\n<p><a href=\"https:\/\/agec.campeche.gob.mx\/wp-content\/uploads\/Formato_Ayudas_y_Subsidios_3er._Trim_2020.pdf\" target=\"_blank\" class=\"jcepopup noicon\" rel=\"noopener noreferrer\">Tercer Trimestre<\/a><\/p>\n<p><a href=\"https:\/\/agec.campeche.gob.mx\/wp-content\/uploads\/Formato_Ayudas_y_Subsidios_3er._Trim_2020.pdf\" target=\"_blank\" class=\"jcepopup noicon\" rel=\"noopener noreferrer\">Cuarto Trimestre<\/a><\/p>\n<hr \/>\n<\/div>\n<div id=\"20\" class=\"tab-pane active\">\n<p><a href=\"https:\/\/agec.campeche.gob.mx\/wp-content\/uploads\/Evaluacin_Consistencia_Resultados-AGEC-2019.pdf\" target=\"_blank\" class=\"jcepopup noicon\" rel=\"noopener noreferrer\">Informe de Evaluaci\u00f3n de Consistencia y Resultados 2019\u00a0 \u00a0Programa 009 Conservaci\u00f3n del Patrimonio Documental del Estado de Campeche<\/a><\/p>\n<p><a href=\"https:\/\/agec.campeche.gob.mx\/wp-content\/uploads\/Norma-para-establecer-el-formato-de-difusion.pdf\" target=\"_blank\" class=\"jcepopup noicon\" rel=\"noopener noreferrer\">Anexo 1.- Formato para la Difusi\u00f3n de los Resultados de las Evaluaciones de los Programas y Fondos de Aportaciones Federales, as\u00ed como de los Programas Presupuestarios y otros Programas Ejercidos por la Administraci\u00f3n P\u00fablica del Estado de Campeche.<\/a><\/p>\n<p><span><strong>Norma\u00a0para\u00a0establecer\u00a0la\u00a0Estructura\u00a0de\u00a0Informaci\u00f3n\u00a0de\u00a0Montos\u00a0Pagados\u00a0por\u00a0Ayudas y\u00a0Subsidios.<\/strong><\/span><\/p>\n<p><a href=\"https:\/\/agec.campeche.gob.mx\/wp-content\/uploads\/Formato_Ayudas_y_Subsidios__1er._Trim_2020.pdf\" target=\"_blank\" class=\"jcepopup noicon\" rel=\"noopener noreferrer\">Primer Trimestre<\/a><\/p>\n<p><a href=\"https:\/\/agec.campeche.gob.mx\/wp-content\/uploads\/Formato_Ayudas_y_Subsidios_2do._Trim_2020.pdf\" target=\"_blank\" class=\"jcepopup noicon\" rel=\"noopener noreferrer\">Segundo Trimestre<\/a><\/p>\n<p><a href=\"http:\/\/agec.campeche.gob.mx\/images\/Formato_Ayudas_y_Subsidios_3er._Trim_2020.pdf\" target=\"_blank\" class=\"jcepopup noicon\" rel=\"noopener noreferrer\">Tercer Trimestre<\/a><\/p>\n<p><a href=\"https:\/\/agec.campeche.gob.mx\/wp-content\/uploads\/Formato_Ayudas_y_Subsidios_3er._Trim_2020.pdf\" target=\"_blank\" class=\"jcepopup noicon\" rel=\"noopener noreferrer\">Cuarto Trimestre<\/a><\/p>\n<\/div>\n<p>[\/et_pb_tab][et_pb_tab title=&#8221;2020&#8243; _builder_version=&#8221;4.23.1&#8243; _module_preset=&#8221;default&#8221; global_colors_info=&#8221;{}&#8221;]<a href=\"https:\/\/agec.campeche.gob.mx\/wp-content\/uploads\/Evaluacin_Consistencia_Resultados-AGEC-2019.pdf\" target=\"_blank\" class=\"jcepopup noicon\" rel=\"noopener noreferrer\">Informe de Evaluaci\u00f3n de Consistencia y Resultados 2019\u00a0 \u00a0Programa 009 Conservaci\u00f3n del Patrimonio Documental del Estado de Campeche<\/a><\/p>\n<p><a href=\"https:\/\/agec.campeche.gob.mx\/wp-content\/uploads\/ANEXO-1-FORMATO-PARA-DIFUSION-DE-RESULTADO-DE-EVALUACIONES-2020.pdf\" target=\"_blank\" class=\"jcepopup noicon\" rel=\"noopener noreferrer\">Anexo 1.- Formato para la Difusi\u00f3n de los Resultados de las Evaluaciones de los Programas y Fondos de Aportaciones Federales, as\u00ed como de los Programas Presupuestarios y otros Programas Ejercidos por la Administraci\u00f3n P\u00fablica del Estado de Campeche.<\/a><\/p>\n<p><span><strong>Norma\u00a0para\u00a0establecer\u00a0la\u00a0Estructura\u00a0de\u00a0Informaci\u00f3n\u00a0de\u00a0Montos\u00a0Pagados\u00a0por\u00a0Ayudas y\u00a0Subsidios.<\/strong><\/span><\/p>\n<p><a href=\"https:\/\/agec.campeche.gob.mx\/wp-content\/uploads\/Formato_Ayudas_y_Subsidios__1er._Trim_2020.pdf\" target=\"_blank\" class=\"jcepopup noicon\" rel=\"noopener noreferrer\">Primer Trimestre<\/a><\/p>\n<p><a href=\"https:\/\/agec.campeche.gob.mx\/wp-content\/uploads\/Formato_Ayudas_y_Subsidios_2do._Trim_2020.pdf\" target=\"_blank\" class=\"jcepopup noicon\" rel=\"noopener noreferrer\">Segundo Trimestre<\/a><\/p>\n<p><a href=\"https:\/\/agec.campeche.gob.mx\/wp-content\/uploads\/Formato_Ayudas_y_Subsidios_3er._Trim_2020.pdf\" target=\"_blank\" class=\"jcepopup noicon\" rel=\"noopener noreferrer\">Tercer Trimestre<\/a><\/p>\n<p><a href=\"https:\/\/agec.campeche.gob.mx\/wp-content\/uploads\/Formato_Ayudas_y_Subsidios_4to_Trim_2020.pdf\" target=\"_blank\" class=\"jcepopup noicon\" rel=\"noopener noreferrer\">Cuarto Trimestre<\/a>[\/et_pb_tab][et_pb_tab title=&#8221;2019&#8243; _builder_version=&#8221;4.23.1&#8243; _module_preset=&#8221;default&#8221; global_colors_info=&#8221;{}&#8221;]<a href=\"https:\/\/agec.campeche.gob.mx\/wp-content\/uploads\/001_eed_agec_2019.pdf\" target=\"_blank\" class=\"jcepopup noicon\" rel=\"noopener noreferrer\">Informe de Evaluaci\u00f3n de Desempe\u00f1o 2018\u00a0 \u00a0Programa 009 Conservaci\u00f3n del Patrimonio Documental del Estado de Campeche<\/a><\/p>\n<p><a href=\"https:\/\/agec.campeche.gob.mx\/wp-content\/uploads\/Anexo-1_Formato_PAE.pdf\" target=\"_blank\" class=\"jcepopup noicon\" rel=\"noopener noreferrer\">Anexo 1.- Formato para la Difusi\u00f3n de los Resultados de las Evaluaciones de los Programas y Fondos de Aportaciones Federales, as\u00ed como de los Programas Presupuestarios y otros Programas Ejercidos por la Administraci\u00f3n P\u00fablica del Estado de Campeche.<\/a><\/p>\n<p><strong><span>Norma\u00a0para\u00a0establecer\u00a0la\u00a0Estructura\u00a0de\u00a0Informaci\u00f3n\u00a0de\u00a0Montos\u00a0Pagados\u00a0por\u00a0Ayudas y\u00a0Subsidios.<\/span><\/strong><\/p>\n<p><a href=\"https:\/\/agec.campeche.gob.mx\/wp-content\/uploads\/Formato_1er_Trimestre_2019.pdf\" target=\"_blank\" class=\"jcepopup noicon\" rel=\"noopener noreferrer\">Primer Trimestre<\/a><\/p>\n<p><a href=\"https:\/\/agec.campeche.gob.mx\/wp-content\/uploads\/Formato_Subsidios_2do_Trimestre_2019.pdf\" target=\"_blank\" class=\"jcepopup noicon\" rel=\"noopener noreferrer\">Segundo Trimestre<\/a><\/p>\n<p><a href=\"https:\/\/agec.campeche.gob.mx\/wp-content\/uploads\/Formato_Subsidios_3er_Trimestre_2019.pdf\" target=\"_blank\" class=\"jcepopup noicon\" rel=\"noopener noreferrer\">Tercer Trimestre<\/a><\/p>\n<p><a href=\"https:\/\/agec.campeche.gob.mx\/wp-content\/uploads\/Formato_Subsidio_4to_Trim_2019.pdf\" target=\"_blank\" class=\"jcepopup noicon\" rel=\"noopener noreferrer\">Cuarto Trimestre<\/a>[\/et_pb_tab][et_pb_tab title=&#8221;2018&#8243; _builder_version=&#8221;4.23.1&#8243; _module_preset=&#8221;default&#8221; global_colors_info=&#8221;{}&#8221;]<a href=\"https:\/\/agec.campeche.gob.mx\/wp-content\/uploads\/001_eed_agec_2019.pdf\" target=\"_blank\" class=\"jcepopup noicon\" rel=\"noopener noreferrer\">Informe de Evaluaci\u00f3n de Desempe\u00f1o 2018\u00a0 \u00a0Programa 009 Conservaci\u00f3n del Patrimonio Documental del Estado de Campeche<\/a><\/p>\n<p><a href=\"https:\/\/agec.campeche.gob.mx\/wp-content\/uploads\/Anexo-1_Formato_PAE.pdf\" target=\"_blank\" class=\"jcepopup noicon\" rel=\"noopener noreferrer\">Anexo 1.- Formato para la Difusi\u00f3n de los Resultados de las Evaluaciones de los Programas y Fondos de Aportaciones Federales, as\u00ed como de los Programas Presupuestarios y otros Programas Ejercidos por la Administraci\u00f3n P\u00fablica del Estado de Campeche.<\/a><\/p>\n<p><strong><span>Norma\u00a0para\u00a0establecer\u00a0la\u00a0Estructura\u00a0de\u00a0Informaci\u00f3n\u00a0de\u00a0Montos\u00a0Pagados\u00a0por\u00a0Ayudas y\u00a0Subsidios.<\/span><\/strong><\/p>\n<p><a href=\"https:\/\/agec.campeche.gob.mx\/wp-content\/uploads\/Formato_1er_Trimestre_2019.pdf\" target=\"_blank\" class=\"jcepopup noicon\" rel=\"noopener noreferrer\">Primer Trimestre<\/a><\/p>\n<p><a href=\"https:\/\/agec.campeche.gob.mx\/wp-content\/uploads\/Formato_Subsidios_2do_Trimestre_2019.pdf\" target=\"_blank\" class=\"jcepopup noicon\" rel=\"noopener noreferrer\">Segundo Trimestre<\/a><\/p>\n<p><a href=\"https:\/\/agec.campeche.gob.mx\/wp-content\/uploads\/Formato_Subsidios_3er_Trimestre_2019.pdf\" target=\"_blank\" class=\"jcepopup noicon\" rel=\"noopener noreferrer\">Tercer Trimestre<\/a><\/p>\n<p><a href=\"https:\/\/agec.campeche.gob.mx\/wp-content\/uploads\/Formato_Subsidio_4to_Trim_2019.pdf\" target=\"_blank\" class=\"jcepopup noicon\" rel=\"noopener noreferrer\">Cuarto Trimestre<\/a>[\/et_pb_tab][et_pb_tab title=&#8221;2017&#8243; _builder_version=&#8221;4.23.1&#8243; _module_preset=&#8221;default&#8221; global_colors_info=&#8221;{}&#8221;]<span><a href=\"https:\/\/agec.campeche.gob.mx\/wp-content\/uploads\/Cedula-de-Identificacion-2016.pdf\" target=\"_blank\" rel=\"noopener\">C\u00e9dula de Identificaci\u00f3n de Programas A\u00f1o 2016<\/a><\/span><\/p>\n<p><span><a href=\"https:\/\/agec.campeche.gob.mx\/wp-content\/uploads\/001_AGEC_evaluacion_diseno_final-Autoguardado.pdf\" target=\"_blank\" rel=\"noopener\">Programa 003 Seguridad y Certeza Jur\u00eddica Informe de Evaluaci\u00f3n de Dise\u00f1o Archivo General del Estado de Campeche 2016<\/a><\/span><\/p>\n<p><span><a href=\"https:\/\/agec.campeche.gob.mx\/wp-content\/uploads\/Anexo-1-Formato-para-la-Difusin-de-Resultados.pdf\" target=\"_blank\" rel=\"noopener\">Anexo 1 Formato para la Difusi\u00f3n de los Resultados de las Evaluaciones de los Programas y Fondos de Aportaciones Federales<\/a><\/span><\/p>\n<p><span><strong>Mecanismos para el Seguimiento a los Aspectos Suceptibles de Mejora derivados de Informes y Evaluaciones a los Programas Presupuestarios y otros Programas derivados de la Administraci\u00f3n P\u00fablica<\/strong><\/span><\/p>\n<p><span><a href=\"https:\/\/agec.campeche.gob.mx\/wp-content\/uploads\/Anexo_B.pdf\" target=\"_blank\" class=\"jcepopup noicon\" rel=\"noopener noreferrer\">Anexo B.- Documento de Trabajo<\/a><\/span><\/p>\n<p><span><a href=\"https:\/\/agec.campeche.gob.mx\/wp-content\/uploads\/Anexo_C.pdf\" target=\"_blank\" class=\"jcepopup noicon\" rel=\"noopener noreferrer\">Anexo C.- Avance de Documento de Trabajo<\/a><\/span><\/p>\n<p><a href=\"https:\/\/agec.campeche.gob.mx\/wp-content\/uploads\/Anexo_D.pdf\" target=\"_blank\" class=\"jcepopup noicon\" rel=\"noopener noreferrer\"><span>Anexo D.- Documento Institucional<\/span><\/a><\/p>\n<p><span><a href=\"https:\/\/agec.campeche.gob.mx\/wp-content\/uploads\/Anexo_E.pdf\" target=\"_blank\" class=\"jcepopup noicon\" rel=\"noopener noreferrer\">Anexo E.- Avance de Documento Instituciona<\/a>l<\/span><\/p>\n<p><span><a href=\"https:\/\/agec.campeche.gob.mx\/wp-content\/uploads\/Anexo_F.pdf\" target=\"_blank\" class=\"jcepopup noicon\" rel=\"noopener noreferrer\">Anexo F.- Posici\u00f3n Institucional<\/a><\/span><\/p>\n<p><strong><span>Norma\u00a0para\u00a0establecer\u00a0la\u00a0Estructura\u00a0de\u00a0Informaci\u00f3n\u00a0de\u00a0Montos\u00a0Pagados\u00a0por\u00a0Ayudas y\u00a0Subsidios.<\/span><\/strong><\/p>\n<p><a href=\"https:\/\/agec.campeche.gob.mx\/wp-content\/uploads\/1er_Trimestre_2017_AGEC-3.pdf\" target=\"_blank\" class=\"jcepopup noicon\" rel=\"noopener noreferrer\">Primer Trimestre<\/a><\/p>\n<p><a href=\"https:\/\/agec.campeche.gob.mx\/wp-content\/uploads\/2do_Trimestre_2017_AGEC.pdf\" target=\"_blank\" class=\"jcepopup noicon\" rel=\"noopener noreferrer\">Segundo Trimestre<\/a><\/p>\n<p><a href=\"https:\/\/agec.campeche.gob.mx\/wp-content\/uploads\/3er_Trimestre_2017_AGEC.pdf\" target=\"_blank\" class=\"jcepopup noicon\" rel=\"noopener noreferrer\">Tercer Trimestre<\/a><\/p>\n<p><a href=\"https:\/\/agec.campeche.gob.mx\/wp-content\/uploads\/Formato-Ayudas-y-Subsidios-4to.-Trimestre-2017.pdf\" target=\"_blank\" class=\"jcepopup noicon\" rel=\"noopener noreferrer\">Cuarto Trimestre<\/a>[\/et_pb_tab][\/et_pb_tabs][\/et_pb_column][\/et_pb_row][\/et_pb_section]<\/p>\n","protected":false},"excerpt":{"rendered":"<p>PROGRAMA ANUAL DE EVALUACI\u00d3N (PAE) Norma para establecer el Formato para la Difusi\u00f3n de los Resultados de las Evaluaciones de los Recursos Federales Ministrados a las Entidades Federativas Informe de Evaluaci\u00f3n de Consistencia y Resultados 2019\u00a0 \u00a0Programa 009 Conservaci\u00f3n del Patrimonio Documental del Estado de Campeche Anexo 1.- Formato para la Difusi\u00f3n de los Resultados [&hellip;]<\/p>\n","protected":false},"author":1,"featured_media":0,"parent":0,"menu_order":0,"comment_status":"closed","ping_status":"closed","template":"","meta":{"_acf_changed":false,"_et_pb_use_builder":"on","_et_pb_old_content":"","_et_gb_content_width":"","inline_featured_image":false,"footnotes":""},"class_list":["post-2529","page","type-page","status-publish","hentry"],"acf":[],"_links":{"self":[{"href":"https:\/\/agec.campeche.gob.mx\/index.php?rest_route=\/wp\/v2\/pages\/2529","targetHints":{"allow":["GET"]}}],"collection":[{"href":"https:\/\/agec.campeche.gob.mx\/index.php?rest_route=\/wp\/v2\/pages"}],"about":[{"href":"https:\/\/agec.campeche.gob.mx\/index.php?rest_route=\/wp\/v2\/types\/page"}],"author":[{"embeddable":true,"href":"https:\/\/agec.campeche.gob.mx\/index.php?rest_route=\/wp\/v2\/users\/1"}],"replies":[{"embeddable":true,"href":"https:\/\/agec.campeche.gob.mx\/index.php?rest_route=%2Fwp%2Fv2%2Fcomments&post=2529"}],"version-history":[{"count":5,"href":"https:\/\/agec.campeche.gob.mx\/index.php?rest_route=\/wp\/v2\/pages\/2529\/revisions"}],"predecessor-version":[{"id":2655,"href":"https:\/\/agec.campeche.gob.mx\/index.php?rest_route=\/wp\/v2\/pages\/2529\/revisions\/2655"}],"wp:attachment":[{"href":"https:\/\/agec.campeche.gob.mx\/index.php?rest_route=%2Fwp%2Fv2%2Fmedia&parent=2529"}],"curies":[{"name":"wp","href":"https:\/\/api.w.org\/{rel}","templated":true}]}}