{"id":2576,"date":"2024-01-18T14:45:15","date_gmt":"2024-01-18T20:45:15","guid":{"rendered":"https:\/\/agec.campeche.gob.mx\/?page_id=2576"},"modified":"2024-01-18T14:45:15","modified_gmt":"2024-01-18T20:45:15","slug":"fraccion-xxxii","status":"publish","type":"page","link":"https:\/\/agec.campeche.gob.mx\/?page_id=2576","title":{"rendered":"Fraccion XXXII"},"content":{"rendered":"<p>[et_pb_section fb_built=&#8221;1&#8243; theme_builder_area=&#8221;post_content&#8221; _builder_version=&#8221;4.23.1&#8243; _module_preset=&#8221;default&#8221;][et_pb_row _builder_version=&#8221;4.23.1&#8243; _module_preset=&#8221;default&#8221; theme_builder_area=&#8221;post_content&#8221;][et_pb_column _builder_version=&#8221;4.23.1&#8243; _module_preset=&#8221;default&#8221; type=&#8221;4_4&#8243; theme_builder_area=&#8221;post_content&#8221;][et_pb_text _builder_version=&#8221;4.23.1&#8243; _module_preset=&#8221;default&#8221; theme_builder_area=&#8221;post_content&#8221; hover_enabled=&#8221;0&#8243; sticky_enabled=&#8221;0&#8243;]<\/p>\n<div class=\"et_pb_module et_pb_text et_pb_text_0  et_pb_text_align_left et_pb_bg_layout_light\">\n<div class=\"et_pb_text_inner\" style=\"text-align: justify;\">\n<h1><span>XXXVII.Padr\u00f3n de Proveedores y Contratistas<\/span><\/h1>\n<p><span>En esta fracci\u00f3n todos los Sujetos Obligados publicar\u00e1n la informaci\u00f3n de todos los programas distintos a los programas sociales que est\u00e1n publicitados en el Art\u00edculo 70, Fracci\u00f3n XV de la Ley General (Programas de Subsidios, Est\u00edmulos y Apoyos, Programas de Transferencia, de Servicios, de Infraestructura Social).<\/span><\/div>\n<\/div>\n<div class=\"et_pb_module et_pb_text et_pb_text_1  et_pb_text_align_left et_pb_bg_layout_light\">\n<div class=\"et_pb_text_inner\">\n<h2 style=\"text-align: center;\"><span>NO APLICA<\/span><\/h2>\n<p style=\"text-align: justify;\"><strong><span>Este tipo de informaci\u00f3n no es generada por la Secretar\u00eda General de Gobierno (SGG) ni sus Organismos Desconcentrados: Consejo Estatal de Poblaci\u00f3n (COESPO), Consejo Estatal de Seguridad P\u00fablica (CESP), Secretariado Ejecutivo del Sistema Integral de Protecci\u00f3n de Ni\u00f1as, Ni\u00f1os y Adolescentes (SIPINNA), Archivo General del Estado de Campeche (AGEC), Instituto Estatal de Transporte (IET),\u00a0<\/span><\/strong><strong><span>por no tener facultades, competencias y atribuciones otorgadas en el Art\u00edculo 21 de la Ley Org\u00e1nica de la Administraci\u00f3n P\u00fablica del Estado de Campeche ni el en el Reglamento Interior de la Secretar\u00eda General de Gobierno de la Administraci\u00f3n P\u00fablica del Estado de Campeche; as\u00ed como en los siguientes Ordenamientos Legales: Acuerdo de Creaci\u00f3n y Reglamento Interior de COESPO, Reglamento Interior del CESP, Ley de los Derechos de Ni\u00f1as, Ni\u00f1os y Adolescentes del Estado de Campeche (SIPINNA), Ley de Archivos del Estado de Campeche (AGEC), Reglamento Interior y Ley de Transporte del Estado de Campeche (IET), respectivamente.<\/span><\/strong><\/p>\n<\/div>\n<\/div>\n<p>[\/et_pb_text][\/et_pb_column][\/et_pb_row][\/et_pb_section]<\/p>\n","protected":false},"excerpt":{"rendered":"<p>XXXVII.Padr\u00f3n de Proveedores y Contratistas En esta fracci\u00f3n todos los Sujetos Obligados publicar\u00e1n la informaci\u00f3n de todos los programas distintos a los programas sociales que est\u00e1n publicitados en el Art\u00edculo 70, Fracci\u00f3n XV de la Ley General (Programas de Subsidios, Est\u00edmulos y Apoyos, Programas de Transferencia, de Servicios, de Infraestructura Social). NO APLICA Este tipo [&hellip;]<\/p>\n","protected":false},"author":1,"featured_media":0,"parent":0,"menu_order":0,"comment_status":"closed","ping_status":"closed","template":"","meta":{"_acf_changed":false,"_et_pb_use_builder":"on","_et_pb_old_content":"","_et_gb_content_width":"","inline_featured_image":false,"footnotes":""},"class_list":["post-2576","page","type-page","status-publish","hentry"],"acf":[],"_links":{"self":[{"href":"https:\/\/agec.campeche.gob.mx\/index.php?rest_route=\/wp\/v2\/pages\/2576","targetHints":{"allow":["GET"]}}],"collection":[{"href":"https:\/\/agec.campeche.gob.mx\/index.php?rest_route=\/wp\/v2\/pages"}],"about":[{"href":"https:\/\/agec.campeche.gob.mx\/index.php?rest_route=\/wp\/v2\/types\/page"}],"author":[{"embeddable":true,"href":"https:\/\/agec.campeche.gob.mx\/index.php?rest_route=\/wp\/v2\/users\/1"}],"replies":[{"embeddable":true,"href":"https:\/\/agec.campeche.gob.mx\/index.php?rest_route=%2Fwp%2Fv2%2Fcomments&post=2576"}],"version-history":[{"count":2,"href":"https:\/\/agec.campeche.gob.mx\/index.php?rest_route=\/wp\/v2\/pages\/2576\/revisions"}],"predecessor-version":[{"id":2578,"href":"https:\/\/agec.campeche.gob.mx\/index.php?rest_route=\/wp\/v2\/pages\/2576\/revisions\/2578"}],"wp:attachment":[{"href":"https:\/\/agec.campeche.gob.mx\/index.php?rest_route=%2Fwp%2Fv2%2Fmedia&parent=2576"}],"curies":[{"name":"wp","href":"https:\/\/api.w.org\/{rel}","templated":true}]}}